{"id":335,"date":"2021-04-23T16:23:44","date_gmt":"2021-04-23T14:23:44","guid":{"rendered":"http:\/\/omega-bakery.com\/sk\/?post_type=product&#038;p=335"},"modified":"2021-07-09T15:05:13","modified_gmt":"2021-07-09T13:05:13","slug":"kastel-kv","status":"publish","type":"product","link":"https:\/\/omega-bakery.com\/sk\/produkt\/kastel-kv\/","title":{"rendered":"Kastel KV"},"content":{"rendered":"","protected":false},"excerpt":{"rendered":"<p>V\u00fdrobn\u00edk kockov\u00e9ho \u013eadu<\/p>\n<p><strong>Hlavn\u00e9 znaky:<\/strong><\/p>\n<ul>\n<li>Kompletne z nerezovej ocele<\/li>\n<li>Predn\u00e1 cirkul\u00e1cia vzduchu<\/li>\n<li>Jednoduch\u00e1 \u00fadr\u017eba<\/li>\n<li>Vhodn\u00fd do men\u0161\u00edch priestorov<\/li>\n<li>Samotestovacia elektronick\u00e1 kontrola<\/li>\n<li>Zn\u00ed\u017een\u00e1 spotreba vody<\/li>\n<li>Vyr\u00e1ba dut\u00e9 kocky \u013eadu<\/li>\n<li>Vy\u0161\u0161ie dren\u00e1\u017ene trubi\u010dky<\/li>\n<li>Zaru\u010duje vysok\u00fa efektivitu a dlh\u00fa \u017eivotnos\u0165<\/li>\n<li>Vhodn\u00fd na koktejly<\/li>\n<li>Vhodn\u00e9 na r\u00fdchle ochladenie<\/li>\n<\/ul>\n<div>\n<div>\n<div><strong>Kapacita \u013eadu za 24h: \u00a0<\/strong>25 &#8211; 90 kg (pod\u013ea typu)<\/div>\n<div><strong>Pr\u00edkon: \u00a0 <\/strong>250 &#8211; 790 w<strong>\u00a0\u00a0<\/strong><\/div>\n<div><strong>Rozmery (\u0161 x d x v)<\/strong><strong>:<\/strong> \u00a0\u00a0z\u00e1visia od typu<\/div>\n<div><strong>Hmotnos\u0165: <\/strong>\u00a0 35 &#8211; 76\u00a0kg<\/div>\n<\/div>\n<p>&nbsp;<\/p>\n<div>\n<p>Viac inform\u00e1ci\u00ed o tomto v\u00fdrobn\u00edku \u013eadu n\u00e1jdete v prilo\u017eenom let\u00e1ku <a href=\"http:\/\/omega-bakery.com\/sk\/web\/sites\/default\/files\/Kastel%20KV.pdf\" target=\"newtab\" rel=\"noopener\">TU<\/a><\/p>\n<\/div>\n<\/div>\n<p> [&#8230;]<\/p>\n<p><a class=\"btn btn-secondary understrap-read-more-link\" href=\"https:\/\/omega-bakery.com\/sk\/produkt\/kastel-kv\/\">Read More&#8230;<\/a><\/p>\n","protected":false},"featured_media":560,"template":"","meta":[],"yoast_head":"<!-- This site is optimized with the Yoast SEO plugin v17.1 - https:\/\/yoast.com\/wordpress\/plugins\/seo\/ -->\n<title>Kastel KV - Omega Bakery<\/title>\n<meta name=\"robots\" content=\"index, follow, max-snippet:-1, max-image-preview:large, max-video-preview:-1\" \/>\n<link rel=\"canonical\" href=\"https:\/\/omega-bakery.com\/sk\/produkt\/kastel-kv\/\" \/>\n<meta property=\"og:locale\" content=\"sk_SK\" \/>\n<meta property=\"og:type\" content=\"article\" \/>\n<meta property=\"og:title\" content=\"Kastel KV - Omega Bakery\" \/>\n<meta property=\"og:description\" content=\"V\u00fdrobn\u00edk kockov\u00e9ho \u013eadu  Hlavn\u00e9 znaky:   Kompletne z nerezovej ocele  Predn\u00e1 cirkul\u00e1cia vzduchu  Jednoduch\u00e1 \u00fadr\u017eba  Vhodn\u00fd do men\u0161\u00edch priestorov  Samotestovacia elektronick\u00e1 kontrola  Zn\u00ed\u017een\u00e1 spotreba vody  Vyr\u00e1ba dut\u00e9 kocky \u013eadu  Vy\u0161\u0161ie dren\u00e1\u017ene trubi\u010dky  Zaru\u010duje vysok\u00fa efektivitu a dlh\u00fa \u017eivotnos\u0165  Vhodn\u00fd na koktejly  Vhodn\u00e9 na r\u00fdchle ochladenie    Kapacita \u013eadu za 24h: \u00a025 - 90 kg (pod\u013ea typu) Pr\u00edkon: \u00a0 250 - 790 w\u00a0\u00a0 Rozmery (\u0161 x d x v): \u00a0\u00a0z\u00e1visia od typu Hmotnos\u0165: \u00a0 35 - 76\u00a0kg  &nbsp;   Viac inform\u00e1ci\u00ed o tomto v\u00fdrobn\u00edku \u013eadu n\u00e1jdete v prilo\u017eenom let\u00e1ku TU    [...]Read More...\" \/>\n<meta property=\"og:url\" content=\"https:\/\/omega-bakery.com\/sk\/produkt\/kastel-kv\/\" \/>\n<meta property=\"og:site_name\" content=\"Omega Bakery\" \/>\n<meta property=\"article:modified_time\" content=\"2021-07-09T13:05:13+00:00\" \/>\n<meta property=\"og:image\" content=\"http:\/\/omega-bakery.com\/sk\/wp-content\/uploads\/2021\/04\/Kastel-KV.png\" \/>\n\t<meta property=\"og:image:width\" content=\"533\" \/>\n\t<meta property=\"og:image:height\" content=\"700\" \/>\n<meta name=\"twitter:card\" content=\"summary_large_image\" \/>\n<script type=\"application\/ld+json\" class=\"yoast-schema-graph\">{\"@context\":\"https:\/\/schema.org\",\"@graph\":[{\"@type\":\"WebSite\",\"@id\":\"https:\/\/omega-bakery.com\/sk\/#website\",\"url\":\"https:\/\/omega-bakery.com\/sk\/\",\"name\":\"Omega Bakery\",\"description\":\"Dodavatel stroj\\u016f a za\\u0159\\u00edzen\\u00ed pro pek\\u00e1rny\",\"potentialAction\":[{\"@type\":\"SearchAction\",\"target\":{\"@type\":\"EntryPoint\",\"urlTemplate\":\"https:\/\/omega-bakery.com\/sk\/?s={search_term_string}\"},\"query-input\":\"required name=search_term_string\"}],\"inLanguage\":\"sk-SK\"},{\"@type\":\"ImageObject\",\"@id\":\"https:\/\/omega-bakery.com\/sk\/produkt\/kastel-kv\/#primaryimage\",\"inLanguage\":\"sk-SK\",\"url\":\"https:\/\/omega-bakery.com\/sk\/wp-content\/uploads\/2021\/04\/Kastel-KV.png\",\"contentUrl\":\"https:\/\/omega-bakery.com\/sk\/wp-content\/uploads\/2021\/04\/Kastel-KV.png\",\"width\":533,\"height\":700},{\"@type\":\"WebPage\",\"@id\":\"https:\/\/omega-bakery.com\/sk\/produkt\/kastel-kv\/#webpage\",\"url\":\"https:\/\/omega-bakery.com\/sk\/produkt\/kastel-kv\/\",\"name\":\"Kastel KV - Omega Bakery\",\"isPartOf\":{\"@id\":\"https:\/\/omega-bakery.com\/sk\/#website\"},\"primaryImageOfPage\":{\"@id\":\"https:\/\/omega-bakery.com\/sk\/produkt\/kastel-kv\/#primaryimage\"},\"datePublished\":\"2021-04-23T14:23:44+00:00\",\"dateModified\":\"2021-07-09T13:05:13+00:00\",\"breadcrumb\":{\"@id\":\"https:\/\/omega-bakery.com\/sk\/produkt\/kastel-kv\/#breadcrumb\"},\"inLanguage\":\"sk-SK\",\"potentialAction\":[{\"@type\":\"ReadAction\",\"target\":[\"https:\/\/omega-bakery.com\/sk\/produkt\/kastel-kv\/\"]}]},{\"@type\":\"BreadcrumbList\",\"@id\":\"https:\/\/omega-bakery.com\/sk\/produkt\/kastel-kv\/#breadcrumb\",\"itemListElement\":[{\"@type\":\"ListItem\",\"position\":1,\"name\":\"Dom\\u016f\",\"item\":\"https:\/\/omega-bakery.com\/sk\/\"},{\"@type\":\"ListItem\",\"position\":2,\"name\":\"Stroje a zariadenia\",\"item\":\"https:\/\/omega-bakery.com\/sk\/stroje-a-zariadenia\/\"},{\"@type\":\"ListItem\",\"position\":3,\"name\":\"Ostatn\\u00e9 stroje\",\"item\":\"https:\/\/omega-bakery.com\/sk\/stroje-a-zarizeni\/ostatne-stroje\/\"},{\"@type\":\"ListItem\",\"position\":4,\"name\":\"D\\u00e1vkovanie a chladenie vody\",\"item\":\"https:\/\/omega-bakery.com\/sk\/stroje-a-zarizeni\/ostatne-stroje\/davkovanie-a-chladenie-vody\/\"},{\"@type\":\"ListItem\",\"position\":5,\"name\":\"Kastel KV\"}]}]}<\/script>\n<!-- \/ Yoast SEO plugin. -->","yoast_head_json":{"title":"Kastel KV - Omega Bakery","robots":{"index":"index","follow":"follow","max-snippet":"max-snippet:-1","max-image-preview":"max-image-preview:large","max-video-preview":"max-video-preview:-1"},"canonical":"https:\/\/omega-bakery.com\/sk\/produkt\/kastel-kv\/","og_locale":"sk_SK","og_type":"article","og_title":"Kastel KV - Omega Bakery","og_description":"V\u00fdrobn\u00edk kockov\u00e9ho \u013eadu  Hlavn\u00e9 znaky:   Kompletne z nerezovej ocele  Predn\u00e1 cirkul\u00e1cia vzduchu  Jednoduch\u00e1 \u00fadr\u017eba  Vhodn\u00fd do men\u0161\u00edch priestorov  Samotestovacia elektronick\u00e1 kontrola  Zn\u00ed\u017een\u00e1 spotreba vody  Vyr\u00e1ba dut\u00e9 kocky \u013eadu  Vy\u0161\u0161ie dren\u00e1\u017ene trubi\u010dky  Zaru\u010duje vysok\u00fa efektivitu a dlh\u00fa \u017eivotnos\u0165  Vhodn\u00fd na koktejly  Vhodn\u00e9 na r\u00fdchle ochladenie    Kapacita \u013eadu za 24h: \u00a025 - 90 kg (pod\u013ea typu) Pr\u00edkon: \u00a0 250 - 790 w\u00a0\u00a0 Rozmery (\u0161 x d x v): \u00a0\u00a0z\u00e1visia od typu Hmotnos\u0165: \u00a0 35 - 76\u00a0kg  &nbsp;   Viac inform\u00e1ci\u00ed o tomto v\u00fdrobn\u00edku \u013eadu n\u00e1jdete v prilo\u017eenom let\u00e1ku TU    [...]Read More...","og_url":"https:\/\/omega-bakery.com\/sk\/produkt\/kastel-kv\/","og_site_name":"Omega Bakery","article_modified_time":"2021-07-09T13:05:13+00:00","og_image":[{"width":533,"height":700,"url":"http:\/\/omega-bakery.com\/sk\/wp-content\/uploads\/2021\/04\/Kastel-KV.png","path":"\/data\/web\/virtuals\/278194\/virtual\/www\/domains\/omega-bakery.com\/sk\/wp-content\/uploads\/2021\/04\/Kastel-KV.png","size":"full","id":560,"alt":"","pixels":373100,"type":"image\/png"}],"twitter_card":"summary_large_image","schema":{"@context":"https:\/\/schema.org","@graph":[{"@type":"WebSite","@id":"https:\/\/omega-bakery.com\/sk\/#website","url":"https:\/\/omega-bakery.com\/sk\/","name":"Omega Bakery","description":"Dodavatel stroj\u016f a za\u0159\u00edzen\u00ed pro pek\u00e1rny","potentialAction":[{"@type":"SearchAction","target":{"@type":"EntryPoint","urlTemplate":"https:\/\/omega-bakery.com\/sk\/?s={search_term_string}"},"query-input":"required name=search_term_string"}],"inLanguage":"sk-SK"},{"@type":"ImageObject","@id":"https:\/\/omega-bakery.com\/sk\/produkt\/kastel-kv\/#primaryimage","inLanguage":"sk-SK","url":"https:\/\/omega-bakery.com\/sk\/wp-content\/uploads\/2021\/04\/Kastel-KV.png","contentUrl":"https:\/\/omega-bakery.com\/sk\/wp-content\/uploads\/2021\/04\/Kastel-KV.png","width":533,"height":700},{"@type":"WebPage","@id":"https:\/\/omega-bakery.com\/sk\/produkt\/kastel-kv\/#webpage","url":"https:\/\/omega-bakery.com\/sk\/produkt\/kastel-kv\/","name":"Kastel KV - Omega Bakery","isPartOf":{"@id":"https:\/\/omega-bakery.com\/sk\/#website"},"primaryImageOfPage":{"@id":"https:\/\/omega-bakery.com\/sk\/produkt\/kastel-kv\/#primaryimage"},"datePublished":"2021-04-23T14:23:44+00:00","dateModified":"2021-07-09T13:05:13+00:00","breadcrumb":{"@id":"https:\/\/omega-bakery.com\/sk\/produkt\/kastel-kv\/#breadcrumb"},"inLanguage":"sk-SK","potentialAction":[{"@type":"ReadAction","target":["https:\/\/omega-bakery.com\/sk\/produkt\/kastel-kv\/"]}]},{"@type":"BreadcrumbList","@id":"https:\/\/omega-bakery.com\/sk\/produkt\/kastel-kv\/#breadcrumb","itemListElement":[{"@type":"ListItem","position":1,"name":"Dom\u016f","item":"https:\/\/omega-bakery.com\/sk\/"},{"@type":"ListItem","position":2,"name":"Stroje a zariadenia","item":"https:\/\/omega-bakery.com\/sk\/stroje-a-zariadenia\/"},{"@type":"ListItem","position":3,"name":"Ostatn\u00e9 stroje","item":"https:\/\/omega-bakery.com\/sk\/stroje-a-zarizeni\/ostatne-stroje\/"},{"@type":"ListItem","position":4,"name":"D\u00e1vkovanie a chladenie vody","item":"https:\/\/omega-bakery.com\/sk\/stroje-a-zarizeni\/ostatne-stroje\/davkovanie-a-chladenie-vody\/"},{"@type":"ListItem","position":5,"name":"Kastel KV"}]}]}},"_links":{"self":[{"href":"https:\/\/omega-bakery.com\/sk\/wp-json\/wp\/v2\/product\/335"}],"collection":[{"href":"https:\/\/omega-bakery.com\/sk\/wp-json\/wp\/v2\/product"}],"about":[{"href":"https:\/\/omega-bakery.com\/sk\/wp-json\/wp\/v2\/types\/product"}],"wp:featuredmedia":[{"embeddable":true,"href":"https:\/\/omega-bakery.com\/sk\/wp-json\/wp\/v2\/media\/560"}],"wp:attachment":[{"href":"https:\/\/omega-bakery.com\/sk\/wp-json\/wp\/v2\/media?parent=335"}],"curies":[{"name":"wp","href":"https:\/\/api.w.org\/{rel}","templated":true}]}}