{"id":336,"date":"2021-04-23T16:24:00","date_gmt":"2021-04-23T14:24:00","guid":{"rendered":"http:\/\/omega-bakery.com\/sk\/?post_type=product&#038;p=336"},"modified":"2021-07-09T15:00:46","modified_gmt":"2021-07-09T13:00:46","slug":"kastel-ks","status":"publish","type":"product","link":"https:\/\/omega-bakery.com\/sk\/produkt\/kastel-ks\/","title":{"rendered":"Kastel KS"},"content":{"rendered":"","protected":false},"excerpt":{"rendered":"<p>V\u00fdrobn\u00edk granulov\u00e9ho \u013eadu<\/p>\n<p><strong>Hlavn\u00e9 znaky:<\/strong><\/p>\n<p>V\u00fdrobn\u00edk je obvykle pou\u017e\u00edvan\u00fd spolu s ve\u013ekokapacitn\u00fdm skladovac\u00edm kontajn\u00e9rom, ktor\u00fd je obvykle umiestnen\u00fd v sklade.<\/p>\n<p>Je vhodn\u00fd pre v\u0161etky <strong>typy z\u00e1kazn\u00edkov:<\/strong><\/p>\n<ul>\n<li>Ve\u013ek\u00e9 re\u0161taur\u00e1cie<\/li>\n<li>ryb\u00e1rne<\/li>\n<li>k prezent\u00e1ci\u00ed a pr\u00edprave r\u00fdb a jedla<\/li>\n<li>diskot\u00e9ky.<\/li>\n<\/ul>\n<p>Taktie\u017e je vhodn\u00fd pre po\u017eiadavky laborat\u00f3ri\u00ed, r\u00f4zne kliniky starostlivosti o zdravie, v chemickom priemysle a wellnesse.<\/p>\n<div>\n<div>\n<div><strong>Kapacita \u013eadu za 24h: \u00a0<\/strong>80 &#8211; 1000 kg (pod\u013ea typu)<\/div>\n<div><strong>Pr\u00edkon: \u00a0 <\/strong>600\u00a0&#8211; 2800\u00a0w<strong>\u00a0\u00a0<\/strong><\/div>\n<div><strong>Rozmery (\u0161 x d x v)<\/strong><strong>:<\/strong> \u00a0\u00a0z\u00e1visia od typu<\/div>\n<div><strong>Hmotnos\u0165: <\/strong>\u00a0 70 &#8211; 171\u00a0kg<\/div>\n<\/div>\n<p>&nbsp;<\/p>\n<div>\n<p>Viac inform\u00e1ci\u00ed o tomto v\u00fdrobn\u00edku \u013eadu n\u00e1jdete v prilo\u017eenom let\u00e1ku <a href=\"http:\/\/omega-bakery.com\/sk\/web\/sites\/default\/files\/Kastel%20KS.pdf\" target=\"newtab\" rel=\"noopener\">TU<\/a><\/p>\n<\/div>\n<\/div>\n<p> [&#8230;]<\/p>\n<p><a class=\"btn btn-secondary understrap-read-more-link\" href=\"https:\/\/omega-bakery.com\/sk\/produkt\/kastel-ks\/\">Read More&#8230;<\/a><\/p>\n","protected":false},"featured_media":558,"template":"","meta":[],"yoast_head":"<!-- This site is optimized with the Yoast SEO plugin v17.1 - https:\/\/yoast.com\/wordpress\/plugins\/seo\/ -->\n<title>Kastel KS - Omega Bakery<\/title>\n<meta name=\"robots\" content=\"index, follow, max-snippet:-1, max-image-preview:large, max-video-preview:-1\" \/>\n<link rel=\"canonical\" href=\"https:\/\/omega-bakery.com\/sk\/produkt\/kastel-ks\/\" \/>\n<meta property=\"og:locale\" content=\"sk_SK\" \/>\n<meta property=\"og:type\" content=\"article\" \/>\n<meta property=\"og:title\" content=\"Kastel KS - Omega Bakery\" \/>\n<meta property=\"og:description\" content=\"V\u00fdrobn\u00edk granulov\u00e9ho \u013eadu  Hlavn\u00e9 znaky:  V\u00fdrobn\u00edk je obvykle pou\u017e\u00edvan\u00fd spolu s ve\u013ekokapacitn\u00fdm skladovac\u00edm kontajn\u00e9rom, ktor\u00fd je obvykle umiestnen\u00fd v sklade.  Je vhodn\u00fd pre v\u0161etky typy z\u00e1kazn\u00edkov:   Ve\u013ek\u00e9 re\u0161taur\u00e1cie  ryb\u00e1rne  k prezent\u00e1ci\u00ed a pr\u00edprave r\u00fdb a jedla  diskot\u00e9ky.  Taktie\u017e je vhodn\u00fd pre po\u017eiadavky laborat\u00f3ri\u00ed, r\u00f4zne kliniky starostlivosti o zdravie, v chemickom priemysle a wellnesse.   Kapacita \u013eadu za 24h: \u00a080 - 1000 kg (pod\u013ea typu) Pr\u00edkon: \u00a0 600\u00a0- 2800\u00a0w\u00a0\u00a0 Rozmery (\u0161 x d x v): \u00a0\u00a0z\u00e1visia od typu Hmotnos\u0165: \u00a0 70 - 171\u00a0kg  &nbsp;   Viac inform\u00e1ci\u00ed o tomto v\u00fdrobn\u00edku \u013eadu n\u00e1jdete v prilo\u017eenom let\u00e1ku TU    [...]Read More...\" \/>\n<meta property=\"og:url\" content=\"https:\/\/omega-bakery.com\/sk\/produkt\/kastel-ks\/\" \/>\n<meta property=\"og:site_name\" content=\"Omega Bakery\" \/>\n<meta property=\"article:modified_time\" content=\"2021-07-09T13:00:46+00:00\" \/>\n<meta property=\"og:image\" content=\"http:\/\/omega-bakery.com\/sk\/wp-content\/uploads\/2021\/04\/Kastel-KS.png\" \/>\n\t<meta property=\"og:image:width\" content=\"533\" \/>\n\t<meta property=\"og:image:height\" content=\"700\" \/>\n<meta name=\"twitter:card\" content=\"summary_large_image\" \/>\n<script type=\"application\/ld+json\" class=\"yoast-schema-graph\">{\"@context\":\"https:\/\/schema.org\",\"@graph\":[{\"@type\":\"WebSite\",\"@id\":\"https:\/\/omega-bakery.com\/sk\/#website\",\"url\":\"https:\/\/omega-bakery.com\/sk\/\",\"name\":\"Omega Bakery\",\"description\":\"Dodavatel stroj\\u016f a za\\u0159\\u00edzen\\u00ed pro pek\\u00e1rny\",\"potentialAction\":[{\"@type\":\"SearchAction\",\"target\":{\"@type\":\"EntryPoint\",\"urlTemplate\":\"https:\/\/omega-bakery.com\/sk\/?s={search_term_string}\"},\"query-input\":\"required name=search_term_string\"}],\"inLanguage\":\"sk-SK\"},{\"@type\":\"ImageObject\",\"@id\":\"https:\/\/omega-bakery.com\/sk\/produkt\/kastel-ks\/#primaryimage\",\"inLanguage\":\"sk-SK\",\"url\":\"https:\/\/omega-bakery.com\/sk\/wp-content\/uploads\/2021\/04\/Kastel-KS.png\",\"contentUrl\":\"https:\/\/omega-bakery.com\/sk\/wp-content\/uploads\/2021\/04\/Kastel-KS.png\",\"width\":533,\"height\":700},{\"@type\":\"WebPage\",\"@id\":\"https:\/\/omega-bakery.com\/sk\/produkt\/kastel-ks\/#webpage\",\"url\":\"https:\/\/omega-bakery.com\/sk\/produkt\/kastel-ks\/\",\"name\":\"Kastel KS - Omega Bakery\",\"isPartOf\":{\"@id\":\"https:\/\/omega-bakery.com\/sk\/#website\"},\"primaryImageOfPage\":{\"@id\":\"https:\/\/omega-bakery.com\/sk\/produkt\/kastel-ks\/#primaryimage\"},\"datePublished\":\"2021-04-23T14:24:00+00:00\",\"dateModified\":\"2021-07-09T13:00:46+00:00\",\"breadcrumb\":{\"@id\":\"https:\/\/omega-bakery.com\/sk\/produkt\/kastel-ks\/#breadcrumb\"},\"inLanguage\":\"sk-SK\",\"potentialAction\":[{\"@type\":\"ReadAction\",\"target\":[\"https:\/\/omega-bakery.com\/sk\/produkt\/kastel-ks\/\"]}]},{\"@type\":\"BreadcrumbList\",\"@id\":\"https:\/\/omega-bakery.com\/sk\/produkt\/kastel-ks\/#breadcrumb\",\"itemListElement\":[{\"@type\":\"ListItem\",\"position\":1,\"name\":\"Dom\\u016f\",\"item\":\"https:\/\/omega-bakery.com\/sk\/\"},{\"@type\":\"ListItem\",\"position\":2,\"name\":\"Stroje a zariadenia\",\"item\":\"https:\/\/omega-bakery.com\/sk\/stroje-a-zariadenia\/\"},{\"@type\":\"ListItem\",\"position\":3,\"name\":\"Ostatn\\u00e9 stroje\",\"item\":\"https:\/\/omega-bakery.com\/sk\/stroje-a-zarizeni\/ostatne-stroje\/\"},{\"@type\":\"ListItem\",\"position\":4,\"name\":\"D\\u00e1vkovanie a chladenie vody\",\"item\":\"https:\/\/omega-bakery.com\/sk\/stroje-a-zarizeni\/ostatne-stroje\/davkovanie-a-chladenie-vody\/\"},{\"@type\":\"ListItem\",\"position\":5,\"name\":\"Kastel KS\"}]}]}<\/script>\n<!-- \/ Yoast SEO plugin. -->","yoast_head_json":{"title":"Kastel KS - Omega Bakery","robots":{"index":"index","follow":"follow","max-snippet":"max-snippet:-1","max-image-preview":"max-image-preview:large","max-video-preview":"max-video-preview:-1"},"canonical":"https:\/\/omega-bakery.com\/sk\/produkt\/kastel-ks\/","og_locale":"sk_SK","og_type":"article","og_title":"Kastel KS - Omega Bakery","og_description":"V\u00fdrobn\u00edk granulov\u00e9ho \u013eadu  Hlavn\u00e9 znaky:  V\u00fdrobn\u00edk je obvykle pou\u017e\u00edvan\u00fd spolu s ve\u013ekokapacitn\u00fdm skladovac\u00edm kontajn\u00e9rom, ktor\u00fd je obvykle umiestnen\u00fd v sklade.  Je vhodn\u00fd pre v\u0161etky typy z\u00e1kazn\u00edkov:   Ve\u013ek\u00e9 re\u0161taur\u00e1cie  ryb\u00e1rne  k prezent\u00e1ci\u00ed a pr\u00edprave r\u00fdb a jedla  diskot\u00e9ky.  Taktie\u017e je vhodn\u00fd pre po\u017eiadavky laborat\u00f3ri\u00ed, r\u00f4zne kliniky starostlivosti o zdravie, v chemickom priemysle a wellnesse.   Kapacita \u013eadu za 24h: \u00a080 - 1000 kg (pod\u013ea typu) Pr\u00edkon: \u00a0 600\u00a0- 2800\u00a0w\u00a0\u00a0 Rozmery (\u0161 x d x v): \u00a0\u00a0z\u00e1visia od typu Hmotnos\u0165: \u00a0 70 - 171\u00a0kg  &nbsp;   Viac inform\u00e1ci\u00ed o tomto v\u00fdrobn\u00edku \u013eadu n\u00e1jdete v prilo\u017eenom let\u00e1ku TU    [...]Read More...","og_url":"https:\/\/omega-bakery.com\/sk\/produkt\/kastel-ks\/","og_site_name":"Omega Bakery","article_modified_time":"2021-07-09T13:00:46+00:00","og_image":[{"width":533,"height":700,"url":"http:\/\/omega-bakery.com\/sk\/wp-content\/uploads\/2021\/04\/Kastel-KS.png","path":"\/data\/web\/virtuals\/278194\/virtual\/www\/domains\/omega-bakery.com\/sk\/wp-content\/uploads\/2021\/04\/Kastel-KS.png","size":"full","id":558,"alt":"","pixels":373100,"type":"image\/png"}],"twitter_card":"summary_large_image","schema":{"@context":"https:\/\/schema.org","@graph":[{"@type":"WebSite","@id":"https:\/\/omega-bakery.com\/sk\/#website","url":"https:\/\/omega-bakery.com\/sk\/","name":"Omega Bakery","description":"Dodavatel stroj\u016f a za\u0159\u00edzen\u00ed pro pek\u00e1rny","potentialAction":[{"@type":"SearchAction","target":{"@type":"EntryPoint","urlTemplate":"https:\/\/omega-bakery.com\/sk\/?s={search_term_string}"},"query-input":"required name=search_term_string"}],"inLanguage":"sk-SK"},{"@type":"ImageObject","@id":"https:\/\/omega-bakery.com\/sk\/produkt\/kastel-ks\/#primaryimage","inLanguage":"sk-SK","url":"https:\/\/omega-bakery.com\/sk\/wp-content\/uploads\/2021\/04\/Kastel-KS.png","contentUrl":"https:\/\/omega-bakery.com\/sk\/wp-content\/uploads\/2021\/04\/Kastel-KS.png","width":533,"height":700},{"@type":"WebPage","@id":"https:\/\/omega-bakery.com\/sk\/produkt\/kastel-ks\/#webpage","url":"https:\/\/omega-bakery.com\/sk\/produkt\/kastel-ks\/","name":"Kastel KS - Omega Bakery","isPartOf":{"@id":"https:\/\/omega-bakery.com\/sk\/#website"},"primaryImageOfPage":{"@id":"https:\/\/omega-bakery.com\/sk\/produkt\/kastel-ks\/#primaryimage"},"datePublished":"2021-04-23T14:24:00+00:00","dateModified":"2021-07-09T13:00:46+00:00","breadcrumb":{"@id":"https:\/\/omega-bakery.com\/sk\/produkt\/kastel-ks\/#breadcrumb"},"inLanguage":"sk-SK","potentialAction":[{"@type":"ReadAction","target":["https:\/\/omega-bakery.com\/sk\/produkt\/kastel-ks\/"]}]},{"@type":"BreadcrumbList","@id":"https:\/\/omega-bakery.com\/sk\/produkt\/kastel-ks\/#breadcrumb","itemListElement":[{"@type":"ListItem","position":1,"name":"Dom\u016f","item":"https:\/\/omega-bakery.com\/sk\/"},{"@type":"ListItem","position":2,"name":"Stroje a zariadenia","item":"https:\/\/omega-bakery.com\/sk\/stroje-a-zariadenia\/"},{"@type":"ListItem","position":3,"name":"Ostatn\u00e9 stroje","item":"https:\/\/omega-bakery.com\/sk\/stroje-a-zarizeni\/ostatne-stroje\/"},{"@type":"ListItem","position":4,"name":"D\u00e1vkovanie a chladenie vody","item":"https:\/\/omega-bakery.com\/sk\/stroje-a-zarizeni\/ostatne-stroje\/davkovanie-a-chladenie-vody\/"},{"@type":"ListItem","position":5,"name":"Kastel KS"}]}]}},"_links":{"self":[{"href":"https:\/\/omega-bakery.com\/sk\/wp-json\/wp\/v2\/product\/336"}],"collection":[{"href":"https:\/\/omega-bakery.com\/sk\/wp-json\/wp\/v2\/product"}],"about":[{"href":"https:\/\/omega-bakery.com\/sk\/wp-json\/wp\/v2\/types\/product"}],"wp:featuredmedia":[{"embeddable":true,"href":"https:\/\/omega-bakery.com\/sk\/wp-json\/wp\/v2\/media\/558"}],"wp:attachment":[{"href":"https:\/\/omega-bakery.com\/sk\/wp-json\/wp\/v2\/media?parent=336"}],"curies":[{"name":"wp","href":"https:\/\/api.w.org\/{rel}","templated":true}]}}