{"id":337,"date":"2021-04-23T16:24:16","date_gmt":"2021-04-23T14:24:16","guid":{"rendered":"http:\/\/omega-bakery.com\/sk\/?post_type=product&#038;p=337"},"modified":"2021-07-09T14:55:24","modified_gmt":"2021-07-09T12:55:24","slug":"kastel-st","status":"publish","type":"product","link":"https:\/\/omega-bakery.com\/sk\/produkt\/kastel-st\/","title":{"rendered":"Kastel ST"},"content":{"rendered":"","protected":false},"excerpt":{"rendered":"<p>Z\u00e1sobn\u00edk na \u013ead<\/p>\n<p><strong>Hlavn\u00e9 znaky:<\/strong><\/p>\n<ul>\n<li>Trvanlivos\u0165 \u013eadu<\/li>\n<li>Vn\u00fatorn\u00e1 izol\u00e1cia z polyuret\u00e1novej peny<\/li>\n<li>Vybaven\u00fd horn\u00fdm panelem v pr\u00edpade potreby<\/li>\n<li>Z\u00e1sobn\u00edk z nerezovej ocele<\/li>\n<\/ul>\n<div>\n<div>\n<div><strong>Kapacita \u013eadu: \u00a0<\/strong>150 &#8211; 1186 kg (pod\u013ea typu)<\/div>\n<div><strong>Maxim\u00e1lna h\u013abka: \u00a0 <\/strong>944\u00a0&#8211; 1486\u00a0w<strong>\u00a0\u00a0<\/strong><\/div>\n<div><strong>Rozmery (\u0161 x d x v)<\/strong><strong>:<\/strong> \u00a0\u00a0z\u00e1visia od typu<\/div>\n<div><strong>Hmotnos\u0165: <\/strong>\u00a0 50 &#8211; 450\u00a0kg<\/div>\n<\/div>\n<p>&nbsp;<\/p>\n<div>\n<p>Viac inform\u00e1ci\u00ed o tomto v\u00fdrobn\u00edku \u013eadu n\u00e1jdete v prilo\u017eenom let\u00e1ku <a href=\"http:\/\/omega-bakery.com\/sk\/web\/sites\/default\/files\/Kastel%20ST.pdf\" target=\"newtab\" rel=\"noopener\">TU<\/a><\/p>\n<\/div>\n<\/div>\n<p> [&#8230;]<\/p>\n<p><a class=\"btn btn-secondary understrap-read-more-link\" href=\"https:\/\/omega-bakery.com\/sk\/produkt\/kastel-st\/\">Read More&#8230;<\/a><\/p>\n","protected":false},"featured_media":556,"template":"","meta":[],"yoast_head":"<!-- This site is optimized with the Yoast SEO plugin v17.1 - https:\/\/yoast.com\/wordpress\/plugins\/seo\/ -->\n<title>Kastel ST - Omega Bakery<\/title>\n<meta name=\"robots\" content=\"index, follow, max-snippet:-1, max-image-preview:large, max-video-preview:-1\" \/>\n<link rel=\"canonical\" href=\"https:\/\/omega-bakery.com\/sk\/produkt\/kastel-st\/\" \/>\n<meta property=\"og:locale\" content=\"sk_SK\" \/>\n<meta property=\"og:type\" content=\"article\" \/>\n<meta property=\"og:title\" content=\"Kastel ST - Omega Bakery\" \/>\n<meta property=\"og:description\" content=\"Z\u00e1sobn\u00edk na \u013ead  Hlavn\u00e9 znaky:   Trvanlivos\u0165 \u013eadu  Vn\u00fatorn\u00e1 izol\u00e1cia z polyuret\u00e1novej peny  Vybaven\u00fd horn\u00fdm panelem v pr\u00edpade potreby  Z\u00e1sobn\u00edk z nerezovej ocele    Kapacita \u013eadu: \u00a0150 - 1186 kg (pod\u013ea typu) Maxim\u00e1lna h\u013abka: \u00a0 944\u00a0- 1486\u00a0w\u00a0\u00a0 Rozmery (\u0161 x d x v): \u00a0\u00a0z\u00e1visia od typu Hmotnos\u0165: \u00a0 50 - 450\u00a0kg  &nbsp;   Viac inform\u00e1ci\u00ed o tomto v\u00fdrobn\u00edku \u013eadu n\u00e1jdete v prilo\u017eenom let\u00e1ku TU    [...]Read More...\" \/>\n<meta property=\"og:url\" content=\"https:\/\/omega-bakery.com\/sk\/produkt\/kastel-st\/\" \/>\n<meta property=\"og:site_name\" content=\"Omega Bakery\" \/>\n<meta property=\"article:modified_time\" content=\"2021-07-09T12:55:24+00:00\" \/>\n<meta property=\"og:image\" content=\"http:\/\/omega-bakery.com\/sk\/wp-content\/uploads\/2021\/04\/Kastel-ST.png\" \/>\n\t<meta property=\"og:image:width\" content=\"533\" \/>\n\t<meta property=\"og:image:height\" content=\"700\" \/>\n<meta name=\"twitter:card\" content=\"summary_large_image\" \/>\n<script type=\"application\/ld+json\" class=\"yoast-schema-graph\">{\"@context\":\"https:\/\/schema.org\",\"@graph\":[{\"@type\":\"WebSite\",\"@id\":\"https:\/\/omega-bakery.com\/sk\/#website\",\"url\":\"https:\/\/omega-bakery.com\/sk\/\",\"name\":\"Omega Bakery\",\"description\":\"Dodavatel stroj\\u016f a za\\u0159\\u00edzen\\u00ed pro pek\\u00e1rny\",\"potentialAction\":[{\"@type\":\"SearchAction\",\"target\":{\"@type\":\"EntryPoint\",\"urlTemplate\":\"https:\/\/omega-bakery.com\/sk\/?s={search_term_string}\"},\"query-input\":\"required name=search_term_string\"}],\"inLanguage\":\"sk-SK\"},{\"@type\":\"ImageObject\",\"@id\":\"https:\/\/omega-bakery.com\/sk\/produkt\/kastel-st\/#primaryimage\",\"inLanguage\":\"sk-SK\",\"url\":\"https:\/\/omega-bakery.com\/sk\/wp-content\/uploads\/2021\/04\/Kastel-ST.png\",\"contentUrl\":\"https:\/\/omega-bakery.com\/sk\/wp-content\/uploads\/2021\/04\/Kastel-ST.png\",\"width\":533,\"height\":700},{\"@type\":\"WebPage\",\"@id\":\"https:\/\/omega-bakery.com\/sk\/produkt\/kastel-st\/#webpage\",\"url\":\"https:\/\/omega-bakery.com\/sk\/produkt\/kastel-st\/\",\"name\":\"Kastel ST - Omega Bakery\",\"isPartOf\":{\"@id\":\"https:\/\/omega-bakery.com\/sk\/#website\"},\"primaryImageOfPage\":{\"@id\":\"https:\/\/omega-bakery.com\/sk\/produkt\/kastel-st\/#primaryimage\"},\"datePublished\":\"2021-04-23T14:24:16+00:00\",\"dateModified\":\"2021-07-09T12:55:24+00:00\",\"breadcrumb\":{\"@id\":\"https:\/\/omega-bakery.com\/sk\/produkt\/kastel-st\/#breadcrumb\"},\"inLanguage\":\"sk-SK\",\"potentialAction\":[{\"@type\":\"ReadAction\",\"target\":[\"https:\/\/omega-bakery.com\/sk\/produkt\/kastel-st\/\"]}]},{\"@type\":\"BreadcrumbList\",\"@id\":\"https:\/\/omega-bakery.com\/sk\/produkt\/kastel-st\/#breadcrumb\",\"itemListElement\":[{\"@type\":\"ListItem\",\"position\":1,\"name\":\"Dom\\u016f\",\"item\":\"https:\/\/omega-bakery.com\/sk\/\"},{\"@type\":\"ListItem\",\"position\":2,\"name\":\"Stroje a zariadenia\",\"item\":\"https:\/\/omega-bakery.com\/sk\/stroje-a-zariadenia\/\"},{\"@type\":\"ListItem\",\"position\":3,\"name\":\"Ostatn\\u00e9 stroje\",\"item\":\"https:\/\/omega-bakery.com\/sk\/stroje-a-zarizeni\/ostatne-stroje\/\"},{\"@type\":\"ListItem\",\"position\":4,\"name\":\"D\\u00e1vkovanie a chladenie vody\",\"item\":\"https:\/\/omega-bakery.com\/sk\/stroje-a-zarizeni\/ostatne-stroje\/davkovanie-a-chladenie-vody\/\"},{\"@type\":\"ListItem\",\"position\":5,\"name\":\"Kastel ST\"}]}]}<\/script>\n<!-- \/ Yoast SEO plugin. -->","yoast_head_json":{"title":"Kastel ST - Omega Bakery","robots":{"index":"index","follow":"follow","max-snippet":"max-snippet:-1","max-image-preview":"max-image-preview:large","max-video-preview":"max-video-preview:-1"},"canonical":"https:\/\/omega-bakery.com\/sk\/produkt\/kastel-st\/","og_locale":"sk_SK","og_type":"article","og_title":"Kastel ST - Omega Bakery","og_description":"Z\u00e1sobn\u00edk na \u013ead  Hlavn\u00e9 znaky:   Trvanlivos\u0165 \u013eadu  Vn\u00fatorn\u00e1 izol\u00e1cia z polyuret\u00e1novej peny  Vybaven\u00fd horn\u00fdm panelem v pr\u00edpade potreby  Z\u00e1sobn\u00edk z nerezovej ocele    Kapacita \u013eadu: \u00a0150 - 1186 kg (pod\u013ea typu) Maxim\u00e1lna h\u013abka: \u00a0 944\u00a0- 1486\u00a0w\u00a0\u00a0 Rozmery (\u0161 x d x v): \u00a0\u00a0z\u00e1visia od typu Hmotnos\u0165: \u00a0 50 - 450\u00a0kg  &nbsp;   Viac inform\u00e1ci\u00ed o tomto v\u00fdrobn\u00edku \u013eadu n\u00e1jdete v prilo\u017eenom let\u00e1ku TU    [...]Read More...","og_url":"https:\/\/omega-bakery.com\/sk\/produkt\/kastel-st\/","og_site_name":"Omega Bakery","article_modified_time":"2021-07-09T12:55:24+00:00","og_image":[{"width":533,"height":700,"url":"http:\/\/omega-bakery.com\/sk\/wp-content\/uploads\/2021\/04\/Kastel-ST.png","path":"\/data\/web\/virtuals\/278194\/virtual\/www\/domains\/omega-bakery.com\/sk\/wp-content\/uploads\/2021\/04\/Kastel-ST.png","size":"full","id":556,"alt":"","pixels":373100,"type":"image\/png"}],"twitter_card":"summary_large_image","schema":{"@context":"https:\/\/schema.org","@graph":[{"@type":"WebSite","@id":"https:\/\/omega-bakery.com\/sk\/#website","url":"https:\/\/omega-bakery.com\/sk\/","name":"Omega Bakery","description":"Dodavatel stroj\u016f a za\u0159\u00edzen\u00ed pro pek\u00e1rny","potentialAction":[{"@type":"SearchAction","target":{"@type":"EntryPoint","urlTemplate":"https:\/\/omega-bakery.com\/sk\/?s={search_term_string}"},"query-input":"required name=search_term_string"}],"inLanguage":"sk-SK"},{"@type":"ImageObject","@id":"https:\/\/omega-bakery.com\/sk\/produkt\/kastel-st\/#primaryimage","inLanguage":"sk-SK","url":"https:\/\/omega-bakery.com\/sk\/wp-content\/uploads\/2021\/04\/Kastel-ST.png","contentUrl":"https:\/\/omega-bakery.com\/sk\/wp-content\/uploads\/2021\/04\/Kastel-ST.png","width":533,"height":700},{"@type":"WebPage","@id":"https:\/\/omega-bakery.com\/sk\/produkt\/kastel-st\/#webpage","url":"https:\/\/omega-bakery.com\/sk\/produkt\/kastel-st\/","name":"Kastel ST - Omega Bakery","isPartOf":{"@id":"https:\/\/omega-bakery.com\/sk\/#website"},"primaryImageOfPage":{"@id":"https:\/\/omega-bakery.com\/sk\/produkt\/kastel-st\/#primaryimage"},"datePublished":"2021-04-23T14:24:16+00:00","dateModified":"2021-07-09T12:55:24+00:00","breadcrumb":{"@id":"https:\/\/omega-bakery.com\/sk\/produkt\/kastel-st\/#breadcrumb"},"inLanguage":"sk-SK","potentialAction":[{"@type":"ReadAction","target":["https:\/\/omega-bakery.com\/sk\/produkt\/kastel-st\/"]}]},{"@type":"BreadcrumbList","@id":"https:\/\/omega-bakery.com\/sk\/produkt\/kastel-st\/#breadcrumb","itemListElement":[{"@type":"ListItem","position":1,"name":"Dom\u016f","item":"https:\/\/omega-bakery.com\/sk\/"},{"@type":"ListItem","position":2,"name":"Stroje a zariadenia","item":"https:\/\/omega-bakery.com\/sk\/stroje-a-zariadenia\/"},{"@type":"ListItem","position":3,"name":"Ostatn\u00e9 stroje","item":"https:\/\/omega-bakery.com\/sk\/stroje-a-zarizeni\/ostatne-stroje\/"},{"@type":"ListItem","position":4,"name":"D\u00e1vkovanie a chladenie vody","item":"https:\/\/omega-bakery.com\/sk\/stroje-a-zarizeni\/ostatne-stroje\/davkovanie-a-chladenie-vody\/"},{"@type":"ListItem","position":5,"name":"Kastel ST"}]}]}},"_links":{"self":[{"href":"https:\/\/omega-bakery.com\/sk\/wp-json\/wp\/v2\/product\/337"}],"collection":[{"href":"https:\/\/omega-bakery.com\/sk\/wp-json\/wp\/v2\/product"}],"about":[{"href":"https:\/\/omega-bakery.com\/sk\/wp-json\/wp\/v2\/types\/product"}],"wp:featuredmedia":[{"embeddable":true,"href":"https:\/\/omega-bakery.com\/sk\/wp-json\/wp\/v2\/media\/556"}],"wp:attachment":[{"href":"https:\/\/omega-bakery.com\/sk\/wp-json\/wp\/v2\/media?parent=337"}],"curies":[{"name":"wp","href":"https:\/\/api.w.org\/{rel}","templated":true}]}}