{"id":338,"date":"2021-04-23T16:24:35","date_gmt":"2021-04-23T14:24:35","guid":{"rendered":"http:\/\/omega-bakery.com\/sk\/?post_type=product&#038;p=338"},"modified":"2022-09-16T14:10:34","modified_gmt":"2022-09-16T12:10:34","slug":"plnicka-edhard-p4020-a-ps4030","status":"publish","type":"product","link":"https:\/\/omega-bakery.com\/sk\/produkt\/plnicka-edhard-p4020-a-ps4030\/","title":{"rendered":"Plni\u010dka Edhard P4020 a PS4030"},"content":{"rendered":"","protected":false},"excerpt":{"rendered":"<div>Automatick\u00fd plniaci a d\u00e1vkovac\u00ed stroj sa sklad\u00e1 zo z\u00e1kladne, \u010derpadla s n\u00e1dobou a pr\u00edslu\u0161enstva.<br \/>\n<strong>Z\u00e1klad\u0148a P 4020<\/strong> je ur\u010den\u00e1 na materi\u00e1ly red\u0161ej konzistencie ako napr. marmel\u00e1da, kr\u00e9my, pudink\u00a0a pod.<br \/>\n<strong>Z\u00e1klad\u0148a PS 4030<\/strong> \u2013 silnej\u0161ia, je ur\u010den\u00e1 na materi\u00e1ly hustej a polohustej konzistencie, ktor\u00e9 ale musia<br \/>\npostupne samovo\u013ene steka\u0165 po stene n\u00e1doby k \u010derpadlu dole, ako napr. marmel\u00e1da s kusov\u00fdm ovoc\u00edm,<br \/>\n\u010dokol\u00e1dov\u00fd kr\u00e9m, \u0161\u013eahan\u00e9 cukr\u00e1rske hmoty (b\u00e1bovky, muffiny).<\/div>\n<p><strong>Technick\u00e9 parametre:<\/strong> vi\u010f let\u00e1k<\/p>\n<p>Viac inform\u00e1ci\u00ed o tejto plni\u010dke n\u00e1jdete v prilo\u017eenom let\u00e1ku <a href=\"http:\/\/omega-bakery.com\/sk\/wp-content\/uploads\/2021\/05\/plnic\u030cka-Edhard-P-4020-a-PS-4030-0321.pdf\" target=\"newtab\" rel=\"noopener\">TU<\/a><\/p>\n<div>\n<p><a href=\"https:\/\/www.youtube.com\/watch?v=0LMfFSM1xJg\" target=\"_blank\" rel=\"noopener\">Video k nahliadnutiu<\/a><\/p>\n<\/div>\n<p> [&#8230;]<\/p>\n<p><a class=\"btn btn-secondary understrap-read-more-link\" href=\"https:\/\/omega-bakery.com\/sk\/produkt\/plnicka-edhard-p4020-a-ps4030\/\">Read More&#8230;<\/a><\/p>\n","protected":false},"featured_media":700,"template":"","meta":[],"yoast_head":"<!-- This site is optimized with the Yoast SEO plugin v17.1 - https:\/\/yoast.com\/wordpress\/plugins\/seo\/ -->\n<title>Plni\u010dka Edhard P4020 a PS4030 - Omega Bakery<\/title>\n<meta name=\"robots\" content=\"index, follow, max-snippet:-1, max-image-preview:large, max-video-preview:-1\" \/>\n<link rel=\"canonical\" href=\"https:\/\/omega-bakery.com\/sk\/produkt\/plnicka-edhard-p4020-a-ps4030\/\" \/>\n<meta property=\"og:locale\" content=\"sk_SK\" \/>\n<meta property=\"og:type\" content=\"article\" \/>\n<meta property=\"og:title\" content=\"Plni\u010dka Edhard P4020 a PS4030 - Omega Bakery\" \/>\n<meta property=\"og:description\" content=\"Automatick\u00fd plniaci a d\u00e1vkovac\u00ed stroj sa sklad\u00e1 zo z\u00e1kladne, \u010derpadla s n\u00e1dobou a pr\u00edslu\u0161enstva. Z\u00e1klad\u0148a P 4020 je ur\u010den\u00e1 na materi\u00e1ly red\u0161ej konzistencie ako napr. marmel\u00e1da, kr\u00e9my, pudink\u00a0a pod. Z\u00e1klad\u0148a PS 4030 \u2013 silnej\u0161ia, je ur\u010den\u00e1 na materi\u00e1ly hustej a polohustej konzistencie, ktor\u00e9 ale musia postupne samovo\u013ene steka\u0165 po stene n\u00e1doby k \u010derpadlu dole, ako napr. marmel\u00e1da s kusov\u00fdm ovoc\u00edm, \u010dokol\u00e1dov\u00fd kr\u00e9m, \u0161\u013eahan\u00e9 cukr\u00e1rske hmoty (b\u00e1bovky, muffiny). Technick\u00e9 parametre: vi\u010f let\u00e1k  Viac inform\u00e1ci\u00ed o tejto plni\u010dke n\u00e1jdete v prilo\u017eenom let\u00e1ku TU   Video k nahliadnutiu   [...]Read More...\" \/>\n<meta property=\"og:url\" content=\"https:\/\/omega-bakery.com\/sk\/produkt\/plnicka-edhard-p4020-a-ps4030\/\" \/>\n<meta property=\"og:site_name\" content=\"Omega Bakery\" \/>\n<meta property=\"article:modified_time\" content=\"2022-09-16T12:10:34+00:00\" \/>\n<meta property=\"og:image\" content=\"http:\/\/omega-bakery.com\/sk\/wp-content\/uploads\/2021\/04\/Edhard-P4020-a-PS4030.png\" \/>\n\t<meta property=\"og:image:width\" content=\"533\" \/>\n\t<meta property=\"og:image:height\" content=\"700\" \/>\n<meta name=\"twitter:card\" content=\"summary_large_image\" \/>\n<script type=\"application\/ld+json\" class=\"yoast-schema-graph\">{\"@context\":\"https:\/\/schema.org\",\"@graph\":[{\"@type\":\"WebSite\",\"@id\":\"https:\/\/omega-bakery.com\/sk\/#website\",\"url\":\"https:\/\/omega-bakery.com\/sk\/\",\"name\":\"Omega Bakery\",\"description\":\"Dodavatel stroj\\u016f a za\\u0159\\u00edzen\\u00ed pro pek\\u00e1rny\",\"potentialAction\":[{\"@type\":\"SearchAction\",\"target\":{\"@type\":\"EntryPoint\",\"urlTemplate\":\"https:\/\/omega-bakery.com\/sk\/?s={search_term_string}\"},\"query-input\":\"required name=search_term_string\"}],\"inLanguage\":\"sk-SK\"},{\"@type\":\"ImageObject\",\"@id\":\"https:\/\/omega-bakery.com\/sk\/produkt\/plnicka-edhard-p4020-a-ps4030\/#primaryimage\",\"inLanguage\":\"sk-SK\",\"url\":\"https:\/\/omega-bakery.com\/sk\/wp-content\/uploads\/2021\/04\/Edhard-P4020-a-PS4030.png\",\"contentUrl\":\"https:\/\/omega-bakery.com\/sk\/wp-content\/uploads\/2021\/04\/Edhard-P4020-a-PS4030.png\",\"width\":533,\"height\":700},{\"@type\":\"WebPage\",\"@id\":\"https:\/\/omega-bakery.com\/sk\/produkt\/plnicka-edhard-p4020-a-ps4030\/#webpage\",\"url\":\"https:\/\/omega-bakery.com\/sk\/produkt\/plnicka-edhard-p4020-a-ps4030\/\",\"name\":\"Plni\\u010dka Edhard P4020 a PS4030 - Omega Bakery\",\"isPartOf\":{\"@id\":\"https:\/\/omega-bakery.com\/sk\/#website\"},\"primaryImageOfPage\":{\"@id\":\"https:\/\/omega-bakery.com\/sk\/produkt\/plnicka-edhard-p4020-a-ps4030\/#primaryimage\"},\"datePublished\":\"2021-04-23T14:24:35+00:00\",\"dateModified\":\"2022-09-16T12:10:34+00:00\",\"breadcrumb\":{\"@id\":\"https:\/\/omega-bakery.com\/sk\/produkt\/plnicka-edhard-p4020-a-ps4030\/#breadcrumb\"},\"inLanguage\":\"sk-SK\",\"potentialAction\":[{\"@type\":\"ReadAction\",\"target\":[\"https:\/\/omega-bakery.com\/sk\/produkt\/plnicka-edhard-p4020-a-ps4030\/\"]}]},{\"@type\":\"BreadcrumbList\",\"@id\":\"https:\/\/omega-bakery.com\/sk\/produkt\/plnicka-edhard-p4020-a-ps4030\/#breadcrumb\",\"itemListElement\":[{\"@type\":\"ListItem\",\"position\":1,\"name\":\"Dom\\u016f\",\"item\":\"https:\/\/omega-bakery.com\/sk\/\"},{\"@type\":\"ListItem\",\"position\":2,\"name\":\"Stroje a zariadenia\",\"item\":\"https:\/\/omega-bakery.com\/sk\/stroje-a-zariadenia\/\"},{\"@type\":\"ListItem\",\"position\":3,\"name\":\"Ostatn\\u00e9 stroje\",\"item\":\"https:\/\/omega-bakery.com\/sk\/stroje-a-zarizeni\/ostatne-stroje\/\"},{\"@type\":\"ListItem\",\"position\":4,\"name\":\"Cukr\\u00e1rske stroje\",\"item\":\"https:\/\/omega-bakery.com\/sk\/stroje-a-zarizeni\/ostatne-stroje\/cukrarske-stroje\/\"},{\"@type\":\"ListItem\",\"position\":5,\"name\":\"Plni\\u010dka Edhard P4020 a PS4030\"}]}]}<\/script>\n<!-- \/ Yoast SEO plugin. -->","yoast_head_json":{"title":"Plni\u010dka Edhard P4020 a PS4030 - Omega Bakery","robots":{"index":"index","follow":"follow","max-snippet":"max-snippet:-1","max-image-preview":"max-image-preview:large","max-video-preview":"max-video-preview:-1"},"canonical":"https:\/\/omega-bakery.com\/sk\/produkt\/plnicka-edhard-p4020-a-ps4030\/","og_locale":"sk_SK","og_type":"article","og_title":"Plni\u010dka Edhard P4020 a PS4030 - Omega Bakery","og_description":"Automatick\u00fd plniaci a d\u00e1vkovac\u00ed stroj sa sklad\u00e1 zo z\u00e1kladne, \u010derpadla s n\u00e1dobou a pr\u00edslu\u0161enstva. Z\u00e1klad\u0148a P 4020 je ur\u010den\u00e1 na materi\u00e1ly red\u0161ej konzistencie ako napr. marmel\u00e1da, kr\u00e9my, pudink\u00a0a pod. Z\u00e1klad\u0148a PS 4030 \u2013 silnej\u0161ia, je ur\u010den\u00e1 na materi\u00e1ly hustej a polohustej konzistencie, ktor\u00e9 ale musia postupne samovo\u013ene steka\u0165 po stene n\u00e1doby k \u010derpadlu dole, ako napr. marmel\u00e1da s kusov\u00fdm ovoc\u00edm, \u010dokol\u00e1dov\u00fd kr\u00e9m, \u0161\u013eahan\u00e9 cukr\u00e1rske hmoty (b\u00e1bovky, muffiny). Technick\u00e9 parametre: vi\u010f let\u00e1k  Viac inform\u00e1ci\u00ed o tejto plni\u010dke n\u00e1jdete v prilo\u017eenom let\u00e1ku TU   Video k nahliadnutiu   [...]Read More...","og_url":"https:\/\/omega-bakery.com\/sk\/produkt\/plnicka-edhard-p4020-a-ps4030\/","og_site_name":"Omega Bakery","article_modified_time":"2022-09-16T12:10:34+00:00","og_image":[{"width":533,"height":700,"url":"http:\/\/omega-bakery.com\/sk\/wp-content\/uploads\/2021\/04\/Edhard-P4020-a-PS4030.png","path":"\/data\/web\/virtuals\/278194\/virtual\/www\/domains\/omega-bakery.com\/sk\/wp-content\/uploads\/2021\/04\/Edhard-P4020-a-PS4030.png","size":"full","id":700,"alt":"","pixels":373100,"type":"image\/png"}],"twitter_card":"summary_large_image","schema":{"@context":"https:\/\/schema.org","@graph":[{"@type":"WebSite","@id":"https:\/\/omega-bakery.com\/sk\/#website","url":"https:\/\/omega-bakery.com\/sk\/","name":"Omega Bakery","description":"Dodavatel stroj\u016f a za\u0159\u00edzen\u00ed pro pek\u00e1rny","potentialAction":[{"@type":"SearchAction","target":{"@type":"EntryPoint","urlTemplate":"https:\/\/omega-bakery.com\/sk\/?s={search_term_string}"},"query-input":"required name=search_term_string"}],"inLanguage":"sk-SK"},{"@type":"ImageObject","@id":"https:\/\/omega-bakery.com\/sk\/produkt\/plnicka-edhard-p4020-a-ps4030\/#primaryimage","inLanguage":"sk-SK","url":"https:\/\/omega-bakery.com\/sk\/wp-content\/uploads\/2021\/04\/Edhard-P4020-a-PS4030.png","contentUrl":"https:\/\/omega-bakery.com\/sk\/wp-content\/uploads\/2021\/04\/Edhard-P4020-a-PS4030.png","width":533,"height":700},{"@type":"WebPage","@id":"https:\/\/omega-bakery.com\/sk\/produkt\/plnicka-edhard-p4020-a-ps4030\/#webpage","url":"https:\/\/omega-bakery.com\/sk\/produkt\/plnicka-edhard-p4020-a-ps4030\/","name":"Plni\u010dka Edhard P4020 a PS4030 - Omega Bakery","isPartOf":{"@id":"https:\/\/omega-bakery.com\/sk\/#website"},"primaryImageOfPage":{"@id":"https:\/\/omega-bakery.com\/sk\/produkt\/plnicka-edhard-p4020-a-ps4030\/#primaryimage"},"datePublished":"2021-04-23T14:24:35+00:00","dateModified":"2022-09-16T12:10:34+00:00","breadcrumb":{"@id":"https:\/\/omega-bakery.com\/sk\/produkt\/plnicka-edhard-p4020-a-ps4030\/#breadcrumb"},"inLanguage":"sk-SK","potentialAction":[{"@type":"ReadAction","target":["https:\/\/omega-bakery.com\/sk\/produkt\/plnicka-edhard-p4020-a-ps4030\/"]}]},{"@type":"BreadcrumbList","@id":"https:\/\/omega-bakery.com\/sk\/produkt\/plnicka-edhard-p4020-a-ps4030\/#breadcrumb","itemListElement":[{"@type":"ListItem","position":1,"name":"Dom\u016f","item":"https:\/\/omega-bakery.com\/sk\/"},{"@type":"ListItem","position":2,"name":"Stroje a zariadenia","item":"https:\/\/omega-bakery.com\/sk\/stroje-a-zariadenia\/"},{"@type":"ListItem","position":3,"name":"Ostatn\u00e9 stroje","item":"https:\/\/omega-bakery.com\/sk\/stroje-a-zarizeni\/ostatne-stroje\/"},{"@type":"ListItem","position":4,"name":"Cukr\u00e1rske stroje","item":"https:\/\/omega-bakery.com\/sk\/stroje-a-zarizeni\/ostatne-stroje\/cukrarske-stroje\/"},{"@type":"ListItem","position":5,"name":"Plni\u010dka Edhard P4020 a PS4030"}]}]}},"_links":{"self":[{"href":"https:\/\/omega-bakery.com\/sk\/wp-json\/wp\/v2\/product\/338"}],"collection":[{"href":"https:\/\/omega-bakery.com\/sk\/wp-json\/wp\/v2\/product"}],"about":[{"href":"https:\/\/omega-bakery.com\/sk\/wp-json\/wp\/v2\/types\/product"}],"wp:featuredmedia":[{"embeddable":true,"href":"https:\/\/omega-bakery.com\/sk\/wp-json\/wp\/v2\/media\/700"}],"wp:attachment":[{"href":"https:\/\/omega-bakery.com\/sk\/wp-json\/wp\/v2\/media?parent=338"}],"curies":[{"name":"wp","href":"https:\/\/api.w.org\/{rel}","templated":true}]}}