{"id":344,"date":"2021-04-23T16:25:29","date_gmt":"2021-04-23T14:25:29","guid":{"rendered":"http:\/\/omega-bakery.com\/sk\/?post_type=product&#038;p=344"},"modified":"2021-07-09T14:33:42","modified_gmt":"2021-07-09T12:33:42","slug":"dedy-potahovacka-cokolady","status":"publish","type":"product","link":"https:\/\/omega-bakery.com\/sk\/produkt\/dedy-potahovacka-cokolady\/","title":{"rendered":"Dedy po\u0165ahova\u010dka \u010dokol\u00e1dy"},"content":{"rendered":"","protected":false},"excerpt":{"rendered":"<p><strong>Hlavn\u00e9 znaky:<\/strong><\/p>\n<p>Stroj je vhodn\u00fd na v\u0161etky druhy polievac\u00edch pr\u00e1c, \u010di u\u017e celkov\u00e9ho potiahnutia, zdobenia spodnej \u010dasti \u010di kombin\u00e1cie pokrytia v\u0161etk\u00fdch str\u00e1n v\u00fdrobkov.<\/p>\n<ul>\n<li>pracovn\u00e1 v\u00fd\u0161ka: 120 mm<\/li>\n<li>potiahnutie zdola i zhora<\/li>\n<li>nastavite\u013en\u00e1 r\u00fdchlos\u0165 dopravn\u00edkov<\/li>\n<li>regulovate\u013en\u00fd ofuk prebytku \u010dokol\u00e1dy z v\u00fdrobkov<\/li>\n<li>mo\u017en\u00e1 kombin\u00e1cia s chladiacim tunelom<\/li>\n<\/ul>\n<div>\n<div>\n<div><strong>Technick\u00e9 parametre<\/strong><strong>:\u00a0 \u00a0<\/strong>vi\u010f let\u00e1k<strong>\u00a0\u00a0<\/strong><\/div>\n<div><\/div>\n<\/div>\n<div>\n<p>Viac inform\u00e1ci\u00ed o tejto po\u0165ahova\u010dke \u010dokol\u00e1dy n\u00e1jdete v prilo\u017eenom let\u00e1ku <a href=\"http:\/\/omega-bakery.com\/sk\/wp-content\/uploads\/2021\/05\/Dedy-potahovac\u030cka-c\u030cokola\u0301dy-0321.pdf\" target=\"newtab\" rel=\"noopener\">TU<\/a><\/p>\n<\/div>\n<\/div>\n<p> [&#8230;]<\/p>\n<p><a class=\"btn btn-secondary understrap-read-more-link\" href=\"https:\/\/omega-bakery.com\/sk\/produkt\/dedy-potahovacka-cokolady\/\">Read More&#8230;<\/a><\/p>\n","protected":false},"featured_media":1036,"template":"","meta":[],"yoast_head":"<!-- This site is optimized with the Yoast SEO plugin v17.1 - https:\/\/yoast.com\/wordpress\/plugins\/seo\/ -->\n<title>Dedy po\u0165ahova\u010dka \u010dokol\u00e1dy - Omega Bakery<\/title>\n<meta name=\"robots\" content=\"index, follow, max-snippet:-1, max-image-preview:large, max-video-preview:-1\" \/>\n<link rel=\"canonical\" href=\"https:\/\/omega-bakery.com\/sk\/produkt\/dedy-potahovacka-cokolady\/\" \/>\n<meta property=\"og:locale\" content=\"sk_SK\" \/>\n<meta property=\"og:type\" content=\"article\" \/>\n<meta property=\"og:title\" content=\"Dedy po\u0165ahova\u010dka \u010dokol\u00e1dy - Omega Bakery\" \/>\n<meta property=\"og:description\" content=\"Hlavn\u00e9 znaky:  Stroj je vhodn\u00fd na v\u0161etky druhy polievac\u00edch pr\u00e1c, \u010di u\u017e celkov\u00e9ho potiahnutia, zdobenia spodnej \u010dasti \u010di kombin\u00e1cie pokrytia v\u0161etk\u00fdch str\u00e1n v\u00fdrobkov.   pracovn\u00e1 v\u00fd\u0161ka: 120 mm  potiahnutie zdola i zhora  nastavite\u013en\u00e1 r\u00fdchlos\u0165 dopravn\u00edkov  regulovate\u013en\u00fd ofuk prebytku \u010dokol\u00e1dy z v\u00fdrobkov  mo\u017en\u00e1 kombin\u00e1cia s chladiacim tunelom    Technick\u00e9 parametre:\u00a0 \u00a0vi\u010f let\u00e1k\u00a0\u00a0     Viac inform\u00e1ci\u00ed o tejto po\u0165ahova\u010dke \u010dokol\u00e1dy n\u00e1jdete v prilo\u017eenom let\u00e1ku TU    [...]Read More...\" \/>\n<meta property=\"og:url\" content=\"https:\/\/omega-bakery.com\/sk\/produkt\/dedy-potahovacka-cokolady\/\" \/>\n<meta property=\"og:site_name\" content=\"Omega Bakery\" \/>\n<meta property=\"article:modified_time\" content=\"2021-07-09T12:33:42+00:00\" \/>\n<meta property=\"og:image\" content=\"http:\/\/omega-bakery.com\/sk\/wp-content\/uploads\/2021\/04\/Dedy-potahovac\u030cka-c\u030cokola\u0301dy-1.png\" \/>\n\t<meta property=\"og:image:width\" content=\"533\" \/>\n\t<meta property=\"og:image:height\" content=\"700\" \/>\n<meta name=\"twitter:card\" content=\"summary_large_image\" \/>\n<script type=\"application\/ld+json\" class=\"yoast-schema-graph\">{\"@context\":\"https:\/\/schema.org\",\"@graph\":[{\"@type\":\"WebSite\",\"@id\":\"https:\/\/omega-bakery.com\/sk\/#website\",\"url\":\"https:\/\/omega-bakery.com\/sk\/\",\"name\":\"Omega Bakery\",\"description\":\"Dodavatel stroj\\u016f a za\\u0159\\u00edzen\\u00ed pro pek\\u00e1rny\",\"potentialAction\":[{\"@type\":\"SearchAction\",\"target\":{\"@type\":\"EntryPoint\",\"urlTemplate\":\"https:\/\/omega-bakery.com\/sk\/?s={search_term_string}\"},\"query-input\":\"required name=search_term_string\"}],\"inLanguage\":\"sk-SK\"},{\"@type\":\"ImageObject\",\"@id\":\"https:\/\/omega-bakery.com\/sk\/produkt\/dedy-potahovacka-cokolady\/#primaryimage\",\"inLanguage\":\"sk-SK\",\"url\":\"https:\/\/omega-bakery.com\/sk\/wp-content\/uploads\/2021\/04\/Dedy-potahovac\\u030cka-c\\u030cokola\\u0301dy-1.png\",\"contentUrl\":\"https:\/\/omega-bakery.com\/sk\/wp-content\/uploads\/2021\/04\/Dedy-potahovac\\u030cka-c\\u030cokola\\u0301dy-1.png\",\"width\":533,\"height\":700},{\"@type\":\"WebPage\",\"@id\":\"https:\/\/omega-bakery.com\/sk\/produkt\/dedy-potahovacka-cokolady\/#webpage\",\"url\":\"https:\/\/omega-bakery.com\/sk\/produkt\/dedy-potahovacka-cokolady\/\",\"name\":\"Dedy po\\u0165ahova\\u010dka \\u010dokol\\u00e1dy - Omega Bakery\",\"isPartOf\":{\"@id\":\"https:\/\/omega-bakery.com\/sk\/#website\"},\"primaryImageOfPage\":{\"@id\":\"https:\/\/omega-bakery.com\/sk\/produkt\/dedy-potahovacka-cokolady\/#primaryimage\"},\"datePublished\":\"2021-04-23T14:25:29+00:00\",\"dateModified\":\"2021-07-09T12:33:42+00:00\",\"breadcrumb\":{\"@id\":\"https:\/\/omega-bakery.com\/sk\/produkt\/dedy-potahovacka-cokolady\/#breadcrumb\"},\"inLanguage\":\"sk-SK\",\"potentialAction\":[{\"@type\":\"ReadAction\",\"target\":[\"https:\/\/omega-bakery.com\/sk\/produkt\/dedy-potahovacka-cokolady\/\"]}]},{\"@type\":\"BreadcrumbList\",\"@id\":\"https:\/\/omega-bakery.com\/sk\/produkt\/dedy-potahovacka-cokolady\/#breadcrumb\",\"itemListElement\":[{\"@type\":\"ListItem\",\"position\":1,\"name\":\"Dom\\u016f\",\"item\":\"https:\/\/omega-bakery.com\/sk\/\"},{\"@type\":\"ListItem\",\"position\":2,\"name\":\"Stroje a zariadenia\",\"item\":\"https:\/\/omega-bakery.com\/sk\/stroje-a-zariadenia\/\"},{\"@type\":\"ListItem\",\"position\":3,\"name\":\"Ostatn\\u00e9 stroje\",\"item\":\"https:\/\/omega-bakery.com\/sk\/stroje-a-zarizeni\/ostatne-stroje\/\"},{\"@type\":\"ListItem\",\"position\":4,\"name\":\"Cukr\\u00e1rske stroje\",\"item\":\"https:\/\/omega-bakery.com\/sk\/stroje-a-zarizeni\/ostatne-stroje\/cukrarske-stroje\/\"},{\"@type\":\"ListItem\",\"position\":5,\"name\":\"Dedy po\\u0165ahova\\u010dka \\u010dokol\\u00e1dy\"}]}]}<\/script>\n<!-- \/ Yoast SEO plugin. -->","yoast_head_json":{"title":"Dedy po\u0165ahova\u010dka \u010dokol\u00e1dy - Omega Bakery","robots":{"index":"index","follow":"follow","max-snippet":"max-snippet:-1","max-image-preview":"max-image-preview:large","max-video-preview":"max-video-preview:-1"},"canonical":"https:\/\/omega-bakery.com\/sk\/produkt\/dedy-potahovacka-cokolady\/","og_locale":"sk_SK","og_type":"article","og_title":"Dedy po\u0165ahova\u010dka \u010dokol\u00e1dy - Omega Bakery","og_description":"Hlavn\u00e9 znaky:  Stroj je vhodn\u00fd na v\u0161etky druhy polievac\u00edch pr\u00e1c, \u010di u\u017e celkov\u00e9ho potiahnutia, zdobenia spodnej \u010dasti \u010di kombin\u00e1cie pokrytia v\u0161etk\u00fdch str\u00e1n v\u00fdrobkov.   pracovn\u00e1 v\u00fd\u0161ka: 120 mm  potiahnutie zdola i zhora  nastavite\u013en\u00e1 r\u00fdchlos\u0165 dopravn\u00edkov  regulovate\u013en\u00fd ofuk prebytku \u010dokol\u00e1dy z v\u00fdrobkov  mo\u017en\u00e1 kombin\u00e1cia s chladiacim tunelom    Technick\u00e9 parametre:\u00a0 \u00a0vi\u010f let\u00e1k\u00a0\u00a0     Viac inform\u00e1ci\u00ed o tejto po\u0165ahova\u010dke \u010dokol\u00e1dy n\u00e1jdete v prilo\u017eenom let\u00e1ku TU    [...]Read More...","og_url":"https:\/\/omega-bakery.com\/sk\/produkt\/dedy-potahovacka-cokolady\/","og_site_name":"Omega Bakery","article_modified_time":"2021-07-09T12:33:42+00:00","og_image":[{"width":533,"height":700,"url":"http:\/\/omega-bakery.com\/sk\/wp-content\/uploads\/2021\/04\/Dedy-potahovac\u030cka-c\u030cokola\u0301dy-1.png","path":"\/data\/web\/virtuals\/278194\/virtual\/www\/domains\/omega-bakery.com\/sk\/wp-content\/uploads\/2021\/04\/Dedy-potahovac\u030cka-c\u030cokola\u0301dy-1.png","size":"full","id":1036,"alt":"","pixels":373100,"type":"image\/png"}],"twitter_card":"summary_large_image","schema":{"@context":"https:\/\/schema.org","@graph":[{"@type":"WebSite","@id":"https:\/\/omega-bakery.com\/sk\/#website","url":"https:\/\/omega-bakery.com\/sk\/","name":"Omega Bakery","description":"Dodavatel stroj\u016f a za\u0159\u00edzen\u00ed pro pek\u00e1rny","potentialAction":[{"@type":"SearchAction","target":{"@type":"EntryPoint","urlTemplate":"https:\/\/omega-bakery.com\/sk\/?s={search_term_string}"},"query-input":"required name=search_term_string"}],"inLanguage":"sk-SK"},{"@type":"ImageObject","@id":"https:\/\/omega-bakery.com\/sk\/produkt\/dedy-potahovacka-cokolady\/#primaryimage","inLanguage":"sk-SK","url":"https:\/\/omega-bakery.com\/sk\/wp-content\/uploads\/2021\/04\/Dedy-potahovac\u030cka-c\u030cokola\u0301dy-1.png","contentUrl":"https:\/\/omega-bakery.com\/sk\/wp-content\/uploads\/2021\/04\/Dedy-potahovac\u030cka-c\u030cokola\u0301dy-1.png","width":533,"height":700},{"@type":"WebPage","@id":"https:\/\/omega-bakery.com\/sk\/produkt\/dedy-potahovacka-cokolady\/#webpage","url":"https:\/\/omega-bakery.com\/sk\/produkt\/dedy-potahovacka-cokolady\/","name":"Dedy po\u0165ahova\u010dka \u010dokol\u00e1dy - Omega Bakery","isPartOf":{"@id":"https:\/\/omega-bakery.com\/sk\/#website"},"primaryImageOfPage":{"@id":"https:\/\/omega-bakery.com\/sk\/produkt\/dedy-potahovacka-cokolady\/#primaryimage"},"datePublished":"2021-04-23T14:25:29+00:00","dateModified":"2021-07-09T12:33:42+00:00","breadcrumb":{"@id":"https:\/\/omega-bakery.com\/sk\/produkt\/dedy-potahovacka-cokolady\/#breadcrumb"},"inLanguage":"sk-SK","potentialAction":[{"@type":"ReadAction","target":["https:\/\/omega-bakery.com\/sk\/produkt\/dedy-potahovacka-cokolady\/"]}]},{"@type":"BreadcrumbList","@id":"https:\/\/omega-bakery.com\/sk\/produkt\/dedy-potahovacka-cokolady\/#breadcrumb","itemListElement":[{"@type":"ListItem","position":1,"name":"Dom\u016f","item":"https:\/\/omega-bakery.com\/sk\/"},{"@type":"ListItem","position":2,"name":"Stroje a zariadenia","item":"https:\/\/omega-bakery.com\/sk\/stroje-a-zariadenia\/"},{"@type":"ListItem","position":3,"name":"Ostatn\u00e9 stroje","item":"https:\/\/omega-bakery.com\/sk\/stroje-a-zarizeni\/ostatne-stroje\/"},{"@type":"ListItem","position":4,"name":"Cukr\u00e1rske stroje","item":"https:\/\/omega-bakery.com\/sk\/stroje-a-zarizeni\/ostatne-stroje\/cukrarske-stroje\/"},{"@type":"ListItem","position":5,"name":"Dedy po\u0165ahova\u010dka \u010dokol\u00e1dy"}]}]}},"_links":{"self":[{"href":"https:\/\/omega-bakery.com\/sk\/wp-json\/wp\/v2\/product\/344"}],"collection":[{"href":"https:\/\/omega-bakery.com\/sk\/wp-json\/wp\/v2\/product"}],"about":[{"href":"https:\/\/omega-bakery.com\/sk\/wp-json\/wp\/v2\/types\/product"}],"wp:featuredmedia":[{"embeddable":true,"href":"https:\/\/omega-bakery.com\/sk\/wp-json\/wp\/v2\/media\/1036"}],"wp:attachment":[{"href":"https:\/\/omega-bakery.com\/sk\/wp-json\/wp\/v2\/media?parent=344"}],"curies":[{"name":"wp","href":"https:\/\/api.w.org\/{rel}","templated":true}]}}