{"id":345,"date":"2021-04-23T16:25:43","date_gmt":"2021-04-23T14:25:43","guid":{"rendered":"http:\/\/omega-bakery.com\/sk\/?post_type=product&#038;p=345"},"modified":"2021-07-09T13:53:29","modified_gmt":"2021-07-09T11:53:29","slug":"kalmeijer-kgm","status":"publish","type":"product","link":"https:\/\/omega-bakery.com\/sk\/produkt\/kalmeijer-kgm\/","title":{"rendered":"Kalmeijer KGM"},"content":{"rendered":"","protected":false},"excerpt":{"rendered":"<p><strong>Hlavn\u00e9 znaky:<\/strong><\/p>\n<ul>\n<li>Vyhrievan\u00fd tvarovac\u00ed valec (nie je potreba m\u00fa\u010denia)<\/li>\n<li>V\u00fdmena tvarovacieho valce bez n\u00e1radia<\/li>\n<li>Skl\u00e1pacie stoly na plechy pre \u00fasporu miesta<\/li>\n<li>Demontovate\u013en\u00fd pod\u00e1va\u010d cesta pre jednoduch\u0161ie \u010distenie<\/li>\n<li>Nastavite\u013en\u00e1 hr\u00fabka cesta<\/li>\n<li>Automatick\u00e9 vyp\u00ednanie stroja (pri nedostatku cesta alebo plechov)<\/li>\n<li>Kompaktn\u00fd stroj na kolieskach<\/li>\n<li>Viac ne\u017e 60 mo\u017en\u00fdch tvarov<\/li>\n<\/ul>\n<div>\n<div>\n<div><strong>Kapacita stroja: \u00a0<\/strong>2,5 kg<\/div>\n<div><strong>Pr\u00edkon: \u00a0 <\/strong>2,4 kW<\/div>\n<div><strong>Rozmery (\u0161 x d x v)<\/strong><strong>:<\/strong>\u00a0 \u00a0570 x 1675 x 1240 mm<\/div>\n<div><strong>Hmotnos\u0165: <\/strong>\u00a0 125 kg<\/div>\n<\/div>\n<p>&nbsp;<\/p>\n<div>\n<p>Viac inform\u00e1ci\u00ed o tomto stroji na v\u00fdrobu su\u0161ienok n\u00e1jdete v prilo\u017eenom let\u00e1ku <a href=\"http:\/\/omega-bakery.com\/sk\/wp-content\/uploads\/2021\/05\/Kalmeijer-KGM-stroj-na-sus\u030cenky-0321.pdf\" target=\"newtab\" rel=\"noopener\">TU<\/a><\/p>\n<\/div>\n<\/div>\n<div>\n<p><a href=\"https:\/\/www.youtube.com\/watch?v=hywJptuWwUg\" target=\"_blank\" rel=\"noopener\">Video k nahliadnutiu<\/a><\/p>\n<\/div>\n<p> [&#8230;]<\/p>\n<p><a class=\"btn btn-secondary understrap-read-more-link\" href=\"https:\/\/omega-bakery.com\/sk\/produkt\/kalmeijer-kgm\/\">Read More&#8230;<\/a><\/p>\n","protected":false},"featured_media":1041,"template":"","meta":[],"yoast_head":"<!-- This site is optimized with the Yoast SEO plugin v17.1 - https:\/\/yoast.com\/wordpress\/plugins\/seo\/ -->\n<title>Kalmeijer KGM - Omega Bakery<\/title>\n<meta name=\"robots\" content=\"index, follow, max-snippet:-1, max-image-preview:large, max-video-preview:-1\" \/>\n<link rel=\"canonical\" href=\"http:\/\/omega-bakery.com\/sk\/produkt\/kalmeijer-kgm\/\" \/>\n<meta property=\"og:locale\" content=\"sk_SK\" \/>\n<meta property=\"og:type\" content=\"article\" \/>\n<meta property=\"og:title\" content=\"Kalmeijer KGM - Omega Bakery\" \/>\n<meta property=\"og:description\" content=\"Hlavn\u00e9 znaky:   Vyhrievan\u00fd tvarovac\u00ed valec (nie je potreba m\u00fa\u010denia)  V\u00fdmena tvarovacieho valce bez n\u00e1radia  Skl\u00e1pacie stoly na plechy pre \u00fasporu miesta  Demontovate\u013en\u00fd pod\u00e1va\u010d cesta pre jednoduch\u0161ie \u010distenie  Nastavite\u013en\u00e1 hr\u00fabka cesta  Automatick\u00e9 vyp\u00ednanie stroja (pri nedostatku cesta alebo plechov)  Kompaktn\u00fd stroj na kolieskach  Viac ne\u017e 60 mo\u017en\u00fdch tvarov    Kapacita stroja: \u00a02,5 kg Pr\u00edkon: \u00a0 2,4 kW Rozmery (\u0161 x d x v):\u00a0 \u00a0570 x 1675 x 1240 mm Hmotnos\u0165: \u00a0 125 kg  &nbsp;   Viac inform\u00e1ci\u00ed o tomto stroji na v\u00fdrobu su\u0161ienok n\u00e1jdete v prilo\u017eenom let\u00e1ku TU      Video k nahliadnutiu   [...]Read More...\" \/>\n<meta property=\"og:url\" content=\"http:\/\/omega-bakery.com\/sk\/produkt\/kalmeijer-kgm\/\" \/>\n<meta property=\"og:site_name\" content=\"Omega Bakery\" \/>\n<meta property=\"article:modified_time\" content=\"2021-07-09T11:53:29+00:00\" \/>\n<meta property=\"og:image\" content=\"http:\/\/omega-bakery.com\/sk\/wp-content\/uploads\/2021\/04\/Kalmeijer-KGM-1.png\" \/>\n\t<meta property=\"og:image:width\" content=\"533\" \/>\n\t<meta property=\"og:image:height\" content=\"700\" \/>\n<meta name=\"twitter:card\" content=\"summary_large_image\" \/>\n<script type=\"application\/ld+json\" class=\"yoast-schema-graph\">{\"@context\":\"https:\/\/schema.org\",\"@graph\":[{\"@type\":\"WebSite\",\"@id\":\"https:\/\/omega-bakery.com\/sk\/#website\",\"url\":\"https:\/\/omega-bakery.com\/sk\/\",\"name\":\"Omega Bakery\",\"description\":\"Dodavatel stroj\\u016f a za\\u0159\\u00edzen\\u00ed pro pek\\u00e1rny\",\"potentialAction\":[{\"@type\":\"SearchAction\",\"target\":{\"@type\":\"EntryPoint\",\"urlTemplate\":\"https:\/\/omega-bakery.com\/sk\/?s={search_term_string}\"},\"query-input\":\"required name=search_term_string\"}],\"inLanguage\":\"sk-SK\"},{\"@type\":\"ImageObject\",\"@id\":\"http:\/\/omega-bakery.com\/sk\/produkt\/kalmeijer-kgm\/#primaryimage\",\"inLanguage\":\"sk-SK\",\"url\":\"https:\/\/omega-bakery.com\/sk\/wp-content\/uploads\/2021\/04\/Kalmeijer-KGM-1.png\",\"contentUrl\":\"https:\/\/omega-bakery.com\/sk\/wp-content\/uploads\/2021\/04\/Kalmeijer-KGM-1.png\",\"width\":533,\"height\":700},{\"@type\":\"WebPage\",\"@id\":\"http:\/\/omega-bakery.com\/sk\/produkt\/kalmeijer-kgm\/#webpage\",\"url\":\"http:\/\/omega-bakery.com\/sk\/produkt\/kalmeijer-kgm\/\",\"name\":\"Kalmeijer KGM - Omega Bakery\",\"isPartOf\":{\"@id\":\"https:\/\/omega-bakery.com\/sk\/#website\"},\"primaryImageOfPage\":{\"@id\":\"http:\/\/omega-bakery.com\/sk\/produkt\/kalmeijer-kgm\/#primaryimage\"},\"datePublished\":\"2021-04-23T14:25:43+00:00\",\"dateModified\":\"2021-07-09T11:53:29+00:00\",\"breadcrumb\":{\"@id\":\"http:\/\/omega-bakery.com\/sk\/produkt\/kalmeijer-kgm\/#breadcrumb\"},\"inLanguage\":\"sk-SK\",\"potentialAction\":[{\"@type\":\"ReadAction\",\"target\":[\"http:\/\/omega-bakery.com\/sk\/produkt\/kalmeijer-kgm\/\"]}]},{\"@type\":\"BreadcrumbList\",\"@id\":\"http:\/\/omega-bakery.com\/sk\/produkt\/kalmeijer-kgm\/#breadcrumb\",\"itemListElement\":[{\"@type\":\"ListItem\",\"position\":1,\"name\":\"Dom\\u016f\",\"item\":\"https:\/\/omega-bakery.com\/sk\/\"},{\"@type\":\"ListItem\",\"position\":2,\"name\":\"Stroje a zariadenia\",\"item\":\"https:\/\/omega-bakery.com\/sk\/stroje-a-zariadenia\/\"},{\"@type\":\"ListItem\",\"position\":3,\"name\":\"Ostatn\\u00e9 stroje\",\"item\":\"http:\/\/omega-bakery.com\/sk\/stroje-a-zarizeni\/ostatne-stroje\/\"},{\"@type\":\"ListItem\",\"position\":4,\"name\":\"Cukr\\u00e1rske stroje\",\"item\":\"http:\/\/omega-bakery.com\/sk\/stroje-a-zarizeni\/ostatne-stroje\/cukrarske-stroje\/\"},{\"@type\":\"ListItem\",\"position\":5,\"name\":\"Kalmeijer KGM\"}]}]}<\/script>\n<!-- \/ Yoast SEO plugin. -->","yoast_head_json":{"title":"Kalmeijer KGM - Omega Bakery","robots":{"index":"index","follow":"follow","max-snippet":"max-snippet:-1","max-image-preview":"max-image-preview:large","max-video-preview":"max-video-preview:-1"},"canonical":"http:\/\/omega-bakery.com\/sk\/produkt\/kalmeijer-kgm\/","og_locale":"sk_SK","og_type":"article","og_title":"Kalmeijer KGM - Omega Bakery","og_description":"Hlavn\u00e9 znaky:   Vyhrievan\u00fd tvarovac\u00ed valec (nie je potreba m\u00fa\u010denia)  V\u00fdmena tvarovacieho valce bez n\u00e1radia  Skl\u00e1pacie stoly na plechy pre \u00fasporu miesta  Demontovate\u013en\u00fd pod\u00e1va\u010d cesta pre jednoduch\u0161ie \u010distenie  Nastavite\u013en\u00e1 hr\u00fabka cesta  Automatick\u00e9 vyp\u00ednanie stroja (pri nedostatku cesta alebo plechov)  Kompaktn\u00fd stroj na kolieskach  Viac ne\u017e 60 mo\u017en\u00fdch tvarov    Kapacita stroja: \u00a02,5 kg Pr\u00edkon: \u00a0 2,4 kW Rozmery (\u0161 x d x v):\u00a0 \u00a0570 x 1675 x 1240 mm Hmotnos\u0165: \u00a0 125 kg  &nbsp;   Viac inform\u00e1ci\u00ed o tomto stroji na v\u00fdrobu su\u0161ienok n\u00e1jdete v prilo\u017eenom let\u00e1ku TU      Video k nahliadnutiu   [...]Read More...","og_url":"http:\/\/omega-bakery.com\/sk\/produkt\/kalmeijer-kgm\/","og_site_name":"Omega Bakery","article_modified_time":"2021-07-09T11:53:29+00:00","og_image":[{"width":533,"height":700,"url":"http:\/\/omega-bakery.com\/sk\/wp-content\/uploads\/2021\/04\/Kalmeijer-KGM-1.png","path":"\/data\/web\/virtuals\/278194\/virtual\/www\/domains\/omega-bakery.com\/sk\/wp-content\/uploads\/2021\/04\/Kalmeijer-KGM-1.png","size":"full","id":1041,"alt":"","pixels":373100,"type":"image\/png"}],"twitter_card":"summary_large_image","schema":{"@context":"https:\/\/schema.org","@graph":[{"@type":"WebSite","@id":"https:\/\/omega-bakery.com\/sk\/#website","url":"https:\/\/omega-bakery.com\/sk\/","name":"Omega Bakery","description":"Dodavatel stroj\u016f a za\u0159\u00edzen\u00ed pro pek\u00e1rny","potentialAction":[{"@type":"SearchAction","target":{"@type":"EntryPoint","urlTemplate":"https:\/\/omega-bakery.com\/sk\/?s={search_term_string}"},"query-input":"required name=search_term_string"}],"inLanguage":"sk-SK"},{"@type":"ImageObject","@id":"http:\/\/omega-bakery.com\/sk\/produkt\/kalmeijer-kgm\/#primaryimage","inLanguage":"sk-SK","url":"https:\/\/omega-bakery.com\/sk\/wp-content\/uploads\/2021\/04\/Kalmeijer-KGM-1.png","contentUrl":"https:\/\/omega-bakery.com\/sk\/wp-content\/uploads\/2021\/04\/Kalmeijer-KGM-1.png","width":533,"height":700},{"@type":"WebPage","@id":"http:\/\/omega-bakery.com\/sk\/produkt\/kalmeijer-kgm\/#webpage","url":"http:\/\/omega-bakery.com\/sk\/produkt\/kalmeijer-kgm\/","name":"Kalmeijer KGM - Omega Bakery","isPartOf":{"@id":"https:\/\/omega-bakery.com\/sk\/#website"},"primaryImageOfPage":{"@id":"http:\/\/omega-bakery.com\/sk\/produkt\/kalmeijer-kgm\/#primaryimage"},"datePublished":"2021-04-23T14:25:43+00:00","dateModified":"2021-07-09T11:53:29+00:00","breadcrumb":{"@id":"http:\/\/omega-bakery.com\/sk\/produkt\/kalmeijer-kgm\/#breadcrumb"},"inLanguage":"sk-SK","potentialAction":[{"@type":"ReadAction","target":["http:\/\/omega-bakery.com\/sk\/produkt\/kalmeijer-kgm\/"]}]},{"@type":"BreadcrumbList","@id":"http:\/\/omega-bakery.com\/sk\/produkt\/kalmeijer-kgm\/#breadcrumb","itemListElement":[{"@type":"ListItem","position":1,"name":"Dom\u016f","item":"https:\/\/omega-bakery.com\/sk\/"},{"@type":"ListItem","position":2,"name":"Stroje a zariadenia","item":"https:\/\/omega-bakery.com\/sk\/stroje-a-zariadenia\/"},{"@type":"ListItem","position":3,"name":"Ostatn\u00e9 stroje","item":"http:\/\/omega-bakery.com\/sk\/stroje-a-zarizeni\/ostatne-stroje\/"},{"@type":"ListItem","position":4,"name":"Cukr\u00e1rske stroje","item":"http:\/\/omega-bakery.com\/sk\/stroje-a-zarizeni\/ostatne-stroje\/cukrarske-stroje\/"},{"@type":"ListItem","position":5,"name":"Kalmeijer KGM"}]}]}},"_links":{"self":[{"href":"https:\/\/omega-bakery.com\/sk\/wp-json\/wp\/v2\/product\/345"}],"collection":[{"href":"https:\/\/omega-bakery.com\/sk\/wp-json\/wp\/v2\/product"}],"about":[{"href":"https:\/\/omega-bakery.com\/sk\/wp-json\/wp\/v2\/types\/product"}],"wp:featuredmedia":[{"embeddable":true,"href":"https:\/\/omega-bakery.com\/sk\/wp-json\/wp\/v2\/media\/1041"}],"wp:attachment":[{"href":"https:\/\/omega-bakery.com\/sk\/wp-json\/wp\/v2\/media?parent=345"}],"curies":[{"name":"wp","href":"https:\/\/api.w.org\/{rel}","templated":true}]}}