{"id":348,"date":"2021-04-23T16:26:23","date_gmt":"2021-04-23T14:26:23","guid":{"rendered":"http:\/\/omega-bakery.com\/sk\/?post_type=product&#038;p=348"},"modified":"2022-09-21T13:19:06","modified_gmt":"2022-09-21T11:19:06","slug":"hasborg-duo-trio-quatromax","status":"publish","type":"product","link":"https:\/\/omega-bakery.com\/sk\/produkt\/hasborg-duo-trio-quatromax\/","title":{"rendered":"Hasborg Duo\/Trio\/Quatromax"},"content":{"rendered":"","protected":false},"excerpt":{"rendered":"<p>Tieto stroje s\u00fa ur\u010den\u00e9 predov\u0161etk\u00fdm k v\u00fdrobe viacfarebn\u00fdch su\u0161ienok, snehov\u00fdch pusiniek a in\u00fdch cukr\u00e1rsk\u00fdch produktov. Pou\u017e\u00edva pritom r\u00f4zne druhy ciest.<\/p>\n<p><strong>Hlavn\u00e9 znaky:<\/strong><\/p>\n<ul>\n<li>v\u00edce d\u00e1vkovac\u00edch hl\u00e1v (duomax -2, triomax -3, quatromax -4), ka\u017ed\u00e1 m\u00e1 svoj riadiace syst\u00e9m<\/li>\n<li>vertik\u00e1lny i horizont\u00e1lny posun stola<\/li>\n<li>Duomax vyrob\u00ed a\u017e 310 kg\/h (z\u00e1vis\u00ed na ve\u013ekosti su\u0161ienok).<\/li>\n<li>Triomax vyrob\u00ed a\u017e 410 kg\/h (z\u00e1vis\u00ed na ve\u013ekosti su\u0161ienok).<\/li>\n<li>Quatromax vyrob\u00ed a\u017e 410 kg\/h (z\u00e1vis\u00ed na ve\u013ekosti su\u0161ienok).<\/li>\n<li>pohybov\u00e9 senzory na pr\u00edtomnos\u0165\/nepr\u00edtomnos\u0165 plechov na produkty<\/li>\n<\/ul>\n<div>\n<div>\n<div><strong>Technick\u00e9 parametre: \u00a0 <\/strong>\u00a0vi\u010f let\u00e1k<\/div>\n<\/div>\n<p>&nbsp;<\/p>\n<div>\n<p>Viac inform\u00e1ci\u00ed o tejto drez\u00edrke n\u00e1jdete v prilo\u017eenom let\u00e1ku <a href=\"http:\/\/omega-bakery.com\/sk\/wp-content\/uploads\/2022\/09\/Hasborg-Duo-Trio-Quatromax-0922.pdf\" target=\"_blank\" rel=\"noopener\">TU<\/a><\/p>\n<\/div>\n<\/div>\n<div>\n<p><a href=\"https:\/\/www.youtube.com\/watch?v=beDCkdaFuT8&amp;list=PLLmO2eJtBqgx_FbFg35ahFWsht7x0BCL3&amp;index=4\" target=\"_blank\" rel=\"noopener\">Video k nahliadnutiu<\/a><\/p>\n<\/div>\n<p> [&#8230;]<\/p>\n<p><a class=\"btn btn-secondary understrap-read-more-link\" href=\"https:\/\/omega-bakery.com\/sk\/produkt\/hasborg-duo-trio-quatromax\/\">Read More&#8230;<\/a><\/p>\n","protected":false},"featured_media":532,"template":"","meta":[],"yoast_head":"<!-- This site is optimized with the Yoast SEO plugin v17.1 - https:\/\/yoast.com\/wordpress\/plugins\/seo\/ -->\n<title>Hasborg Duo\/Trio\/Quatromax - Omega Bakery<\/title>\n<meta name=\"robots\" content=\"index, follow, max-snippet:-1, max-image-preview:large, max-video-preview:-1\" \/>\n<link rel=\"canonical\" href=\"https:\/\/omega-bakery.com\/sk\/produkt\/hasborg-duo-trio-quatromax\/\" \/>\n<meta property=\"og:locale\" content=\"sk_SK\" \/>\n<meta property=\"og:type\" content=\"article\" \/>\n<meta property=\"og:title\" content=\"Hasborg Duo\/Trio\/Quatromax - Omega Bakery\" \/>\n<meta property=\"og:description\" content=\"Tieto stroje s\u00fa ur\u010den\u00e9 predov\u0161etk\u00fdm k v\u00fdrobe viacfarebn\u00fdch su\u0161ienok, snehov\u00fdch pusiniek a in\u00fdch cukr\u00e1rsk\u00fdch produktov. Pou\u017e\u00edva pritom r\u00f4zne druhy ciest.  Hlavn\u00e9 znaky:   v\u00edce d\u00e1vkovac\u00edch hl\u00e1v (duomax -2, triomax -3, quatromax -4), ka\u017ed\u00e1 m\u00e1 svoj riadiace syst\u00e9m  vertik\u00e1lny i horizont\u00e1lny posun stola  Duomax vyrob\u00ed a\u017e 310 kg\/h (z\u00e1vis\u00ed na ve\u013ekosti su\u0161ienok).  Triomax vyrob\u00ed a\u017e 410 kg\/h (z\u00e1vis\u00ed na ve\u013ekosti su\u0161ienok).  Quatromax vyrob\u00ed a\u017e 410 kg\/h (z\u00e1vis\u00ed na ve\u013ekosti su\u0161ienok).  pohybov\u00e9 senzory na pr\u00edtomnos\u0165\/nepr\u00edtomnos\u0165 plechov na produkty    Technick\u00e9 parametre: \u00a0 \u00a0vi\u010f let\u00e1k  &nbsp;   Viac inform\u00e1ci\u00ed o tejto drez\u00edrke n\u00e1jdete v prilo\u017eenom let\u00e1ku TU      Video k nahliadnutiu   [...]Read More...\" \/>\n<meta property=\"og:url\" content=\"https:\/\/omega-bakery.com\/sk\/produkt\/hasborg-duo-trio-quatromax\/\" \/>\n<meta property=\"og:site_name\" content=\"Omega Bakery\" \/>\n<meta property=\"article:modified_time\" content=\"2022-09-21T11:19:06+00:00\" \/>\n<meta property=\"og:image\" content=\"http:\/\/omega-bakery.com\/sk\/wp-content\/uploads\/2021\/04\/Hasborg-Duo_Trio_Quatromax.png\" \/>\n\t<meta property=\"og:image:width\" content=\"533\" \/>\n\t<meta property=\"og:image:height\" content=\"700\" \/>\n<meta name=\"twitter:card\" content=\"summary_large_image\" \/>\n<script type=\"application\/ld+json\" class=\"yoast-schema-graph\">{\"@context\":\"https:\/\/schema.org\",\"@graph\":[{\"@type\":\"WebSite\",\"@id\":\"https:\/\/omega-bakery.com\/sk\/#website\",\"url\":\"https:\/\/omega-bakery.com\/sk\/\",\"name\":\"Omega Bakery\",\"description\":\"Dodavatel stroj\\u016f a za\\u0159\\u00edzen\\u00ed pro pek\\u00e1rny\",\"potentialAction\":[{\"@type\":\"SearchAction\",\"target\":{\"@type\":\"EntryPoint\",\"urlTemplate\":\"https:\/\/omega-bakery.com\/sk\/?s={search_term_string}\"},\"query-input\":\"required name=search_term_string\"}],\"inLanguage\":\"sk-SK\"},{\"@type\":\"ImageObject\",\"@id\":\"https:\/\/omega-bakery.com\/sk\/produkt\/hasborg-duo-trio-quatromax\/#primaryimage\",\"inLanguage\":\"sk-SK\",\"url\":\"https:\/\/omega-bakery.com\/sk\/wp-content\/uploads\/2021\/04\/Hasborg-Duo_Trio_Quatromax.png\",\"contentUrl\":\"https:\/\/omega-bakery.com\/sk\/wp-content\/uploads\/2021\/04\/Hasborg-Duo_Trio_Quatromax.png\",\"width\":533,\"height\":700},{\"@type\":\"WebPage\",\"@id\":\"https:\/\/omega-bakery.com\/sk\/produkt\/hasborg-duo-trio-quatromax\/#webpage\",\"url\":\"https:\/\/omega-bakery.com\/sk\/produkt\/hasborg-duo-trio-quatromax\/\",\"name\":\"Hasborg Duo\/Trio\/Quatromax - Omega Bakery\",\"isPartOf\":{\"@id\":\"https:\/\/omega-bakery.com\/sk\/#website\"},\"primaryImageOfPage\":{\"@id\":\"https:\/\/omega-bakery.com\/sk\/produkt\/hasborg-duo-trio-quatromax\/#primaryimage\"},\"datePublished\":\"2021-04-23T14:26:23+00:00\",\"dateModified\":\"2022-09-21T11:19:06+00:00\",\"breadcrumb\":{\"@id\":\"https:\/\/omega-bakery.com\/sk\/produkt\/hasborg-duo-trio-quatromax\/#breadcrumb\"},\"inLanguage\":\"sk-SK\",\"potentialAction\":[{\"@type\":\"ReadAction\",\"target\":[\"https:\/\/omega-bakery.com\/sk\/produkt\/hasborg-duo-trio-quatromax\/\"]}]},{\"@type\":\"BreadcrumbList\",\"@id\":\"https:\/\/omega-bakery.com\/sk\/produkt\/hasborg-duo-trio-quatromax\/#breadcrumb\",\"itemListElement\":[{\"@type\":\"ListItem\",\"position\":1,\"name\":\"Dom\\u016f\",\"item\":\"https:\/\/omega-bakery.com\/sk\/\"},{\"@type\":\"ListItem\",\"position\":2,\"name\":\"Stroje a zariadenia\",\"item\":\"https:\/\/omega-bakery.com\/sk\/stroje-a-zariadenia\/\"},{\"@type\":\"ListItem\",\"position\":3,\"name\":\"Ostatn\\u00e9 stroje\",\"item\":\"https:\/\/omega-bakery.com\/sk\/stroje-a-zarizeni\/ostatne-stroje\/\"},{\"@type\":\"ListItem\",\"position\":4,\"name\":\"Cukr\\u00e1rske stroje\",\"item\":\"https:\/\/omega-bakery.com\/sk\/stroje-a-zarizeni\/ostatne-stroje\/cukrarske-stroje\/\"},{\"@type\":\"ListItem\",\"position\":5,\"name\":\"Hasborg Duo\/Trio\/Quatromax\"}]}]}<\/script>\n<!-- \/ Yoast SEO plugin. -->","yoast_head_json":{"title":"Hasborg Duo\/Trio\/Quatromax - Omega Bakery","robots":{"index":"index","follow":"follow","max-snippet":"max-snippet:-1","max-image-preview":"max-image-preview:large","max-video-preview":"max-video-preview:-1"},"canonical":"https:\/\/omega-bakery.com\/sk\/produkt\/hasborg-duo-trio-quatromax\/","og_locale":"sk_SK","og_type":"article","og_title":"Hasborg Duo\/Trio\/Quatromax - Omega Bakery","og_description":"Tieto stroje s\u00fa ur\u010den\u00e9 predov\u0161etk\u00fdm k v\u00fdrobe viacfarebn\u00fdch su\u0161ienok, snehov\u00fdch pusiniek a in\u00fdch cukr\u00e1rsk\u00fdch produktov. Pou\u017e\u00edva pritom r\u00f4zne druhy ciest.  Hlavn\u00e9 znaky:   v\u00edce d\u00e1vkovac\u00edch hl\u00e1v (duomax -2, triomax -3, quatromax -4), ka\u017ed\u00e1 m\u00e1 svoj riadiace syst\u00e9m  vertik\u00e1lny i horizont\u00e1lny posun stola  Duomax vyrob\u00ed a\u017e 310 kg\/h (z\u00e1vis\u00ed na ve\u013ekosti su\u0161ienok).  Triomax vyrob\u00ed a\u017e 410 kg\/h (z\u00e1vis\u00ed na ve\u013ekosti su\u0161ienok).  Quatromax vyrob\u00ed a\u017e 410 kg\/h (z\u00e1vis\u00ed na ve\u013ekosti su\u0161ienok).  pohybov\u00e9 senzory na pr\u00edtomnos\u0165\/nepr\u00edtomnos\u0165 plechov na produkty    Technick\u00e9 parametre: \u00a0 \u00a0vi\u010f let\u00e1k  &nbsp;   Viac inform\u00e1ci\u00ed o tejto drez\u00edrke n\u00e1jdete v prilo\u017eenom let\u00e1ku TU      Video k nahliadnutiu   [...]Read More...","og_url":"https:\/\/omega-bakery.com\/sk\/produkt\/hasborg-duo-trio-quatromax\/","og_site_name":"Omega Bakery","article_modified_time":"2022-09-21T11:19:06+00:00","og_image":[{"width":533,"height":700,"url":"http:\/\/omega-bakery.com\/sk\/wp-content\/uploads\/2021\/04\/Hasborg-Duo_Trio_Quatromax.png","path":"\/data\/web\/virtuals\/278194\/virtual\/www\/domains\/omega-bakery.com\/sk\/wp-content\/uploads\/2021\/04\/Hasborg-Duo_Trio_Quatromax.png","size":"full","id":532,"alt":"","pixels":373100,"type":"image\/png"}],"twitter_card":"summary_large_image","schema":{"@context":"https:\/\/schema.org","@graph":[{"@type":"WebSite","@id":"https:\/\/omega-bakery.com\/sk\/#website","url":"https:\/\/omega-bakery.com\/sk\/","name":"Omega Bakery","description":"Dodavatel stroj\u016f a za\u0159\u00edzen\u00ed pro pek\u00e1rny","potentialAction":[{"@type":"SearchAction","target":{"@type":"EntryPoint","urlTemplate":"https:\/\/omega-bakery.com\/sk\/?s={search_term_string}"},"query-input":"required name=search_term_string"}],"inLanguage":"sk-SK"},{"@type":"ImageObject","@id":"https:\/\/omega-bakery.com\/sk\/produkt\/hasborg-duo-trio-quatromax\/#primaryimage","inLanguage":"sk-SK","url":"https:\/\/omega-bakery.com\/sk\/wp-content\/uploads\/2021\/04\/Hasborg-Duo_Trio_Quatromax.png","contentUrl":"https:\/\/omega-bakery.com\/sk\/wp-content\/uploads\/2021\/04\/Hasborg-Duo_Trio_Quatromax.png","width":533,"height":700},{"@type":"WebPage","@id":"https:\/\/omega-bakery.com\/sk\/produkt\/hasborg-duo-trio-quatromax\/#webpage","url":"https:\/\/omega-bakery.com\/sk\/produkt\/hasborg-duo-trio-quatromax\/","name":"Hasborg Duo\/Trio\/Quatromax - Omega Bakery","isPartOf":{"@id":"https:\/\/omega-bakery.com\/sk\/#website"},"primaryImageOfPage":{"@id":"https:\/\/omega-bakery.com\/sk\/produkt\/hasborg-duo-trio-quatromax\/#primaryimage"},"datePublished":"2021-04-23T14:26:23+00:00","dateModified":"2022-09-21T11:19:06+00:00","breadcrumb":{"@id":"https:\/\/omega-bakery.com\/sk\/produkt\/hasborg-duo-trio-quatromax\/#breadcrumb"},"inLanguage":"sk-SK","potentialAction":[{"@type":"ReadAction","target":["https:\/\/omega-bakery.com\/sk\/produkt\/hasborg-duo-trio-quatromax\/"]}]},{"@type":"BreadcrumbList","@id":"https:\/\/omega-bakery.com\/sk\/produkt\/hasborg-duo-trio-quatromax\/#breadcrumb","itemListElement":[{"@type":"ListItem","position":1,"name":"Dom\u016f","item":"https:\/\/omega-bakery.com\/sk\/"},{"@type":"ListItem","position":2,"name":"Stroje a zariadenia","item":"https:\/\/omega-bakery.com\/sk\/stroje-a-zariadenia\/"},{"@type":"ListItem","position":3,"name":"Ostatn\u00e9 stroje","item":"https:\/\/omega-bakery.com\/sk\/stroje-a-zarizeni\/ostatne-stroje\/"},{"@type":"ListItem","position":4,"name":"Cukr\u00e1rske stroje","item":"https:\/\/omega-bakery.com\/sk\/stroje-a-zarizeni\/ostatne-stroje\/cukrarske-stroje\/"},{"@type":"ListItem","position":5,"name":"Hasborg Duo\/Trio\/Quatromax"}]}]}},"_links":{"self":[{"href":"https:\/\/omega-bakery.com\/sk\/wp-json\/wp\/v2\/product\/348"}],"collection":[{"href":"https:\/\/omega-bakery.com\/sk\/wp-json\/wp\/v2\/product"}],"about":[{"href":"https:\/\/omega-bakery.com\/sk\/wp-json\/wp\/v2\/types\/product"}],"wp:featuredmedia":[{"embeddable":true,"href":"https:\/\/omega-bakery.com\/sk\/wp-json\/wp\/v2\/media\/532"}],"wp:attachment":[{"href":"https:\/\/omega-bakery.com\/sk\/wp-json\/wp\/v2\/media?parent=348"}],"curies":[{"name":"wp","href":"https:\/\/api.w.org\/{rel}","templated":true}]}}