{"id":351,"date":"2021-04-23T16:26:54","date_gmt":"2021-04-23T14:26:54","guid":{"rendered":"http:\/\/omega-bakery.com\/sk\/?post_type=product&#038;p=351"},"modified":"2022-09-21T13:27:57","modified_gmt":"2022-09-21T11:27:57","slug":"riehle-2000-a-2000-touch","status":"publish","type":"product","link":"https:\/\/omega-bakery.com\/sk\/produkt\/riehle-2000-a-2000-touch\/","title":{"rendered":"Riehle 2000 A \/ 2000 Touch"},"content":{"rendered":"","protected":false},"excerpt":{"rendered":"<div>Frit\u00e9za s automatick\u00fdm ot\u00e1\u010dan\u00edm \u0161i\u0161iek, s elektronick\u00fdm alebo dotykov\u00fdm programovate\u013en\u00fdm ovl\u00e1dac\u00edm panelom. Ve\u013ekos\u0165 na 36, 48 alebo 60 \u0161i\u0161iek. Mo\u017enos\u0165 podstavnej kysiarne.<\/div>\n<div><\/div>\n<div><\/div>\n<div><b>Hlavn\u00e9 znaky:<\/b><\/div>\n<ul>\n<li>teplotn\u00e9 \u010didlo pre postupn\u00e9 rozohriatie tuku do 80 \u00b0C<\/li>\n<li>motorov\u00e9 klesanie a dv\u00edhanie fritovacieho ko\u0161a<\/li>\n<li>bezpe\u010dnostn\u00fd termostat, bod sp\u00ednania 230\u00b0C<\/li>\n<li>izolovan\u00e1 va\u0148a so zaoblen\u00fdmi vn\u00fatorn\u00fdmi hranami<\/li>\n<li>jednotka pre kontrolu tuku<\/li>\n<\/ul>\n<div><\/div>\n<div><strong>Technick\u00e9 \u00fadaje:\u00a0 \u00a0<\/strong>vi\u010f let\u00e1k<\/div>\n<p>&nbsp;<\/p>\n<div>\n<p>Viac inform\u00e1ci\u00ed o tejto frit\u00e9ze n\u00e1jdete v prilo\u017eenom let\u00e1ku <a href=\"http:\/\/omega-bakery.com\/sk\/wp-content\/uploads\/2021\/05\/Riehle-2000-A-_-Touch-0321.pdf\" target=\"newtab\" rel=\"noopener\">TU<\/a><\/p>\n<p><a href=\"https:\/\/www.youtube.com\/watch?v=H_qqCUQPS5E&amp;list=PLLmO2eJtBqgynOuZHhRWH-b1Si29N0t8O\" target=\"_blank\" rel=\"noopener\">Video ke shl\u00e9dnut\u00ed<\/a><\/p>\n<\/div>\n<p> [&#8230;]<\/p>\n<p><a class=\"btn btn-secondary understrap-read-more-link\" href=\"https:\/\/omega-bakery.com\/sk\/produkt\/riehle-2000-a-2000-touch\/\">Read More&#8230;<\/a><\/p>\n","protected":false},"featured_media":705,"template":"","meta":[],"yoast_head":"<!-- This site is optimized with the Yoast SEO plugin v17.1 - https:\/\/yoast.com\/wordpress\/plugins\/seo\/ -->\n<title>Riehle 2000 A \/ 2000 Touch - Omega Bakery<\/title>\n<meta name=\"robots\" content=\"index, follow, max-snippet:-1, max-image-preview:large, max-video-preview:-1\" \/>\n<link rel=\"canonical\" href=\"https:\/\/omega-bakery.com\/sk\/produkt\/riehle-2000-a-2000-touch\/\" \/>\n<meta property=\"og:locale\" content=\"sk_SK\" \/>\n<meta property=\"og:type\" content=\"article\" \/>\n<meta property=\"og:title\" content=\"Riehle 2000 A \/ 2000 Touch - Omega Bakery\" \/>\n<meta property=\"og:description\" content=\"Frit\u00e9za s automatick\u00fdm ot\u00e1\u010dan\u00edm \u0161i\u0161iek, s elektronick\u00fdm alebo dotykov\u00fdm programovate\u013en\u00fdm ovl\u00e1dac\u00edm panelom. Ve\u013ekos\u0165 na 36, 48 alebo 60 \u0161i\u0161iek. Mo\u017enos\u0165 podstavnej kysiarne.   Hlavn\u00e9 znaky:   teplotn\u00e9 \u010didlo pre postupn\u00e9 rozohriatie tuku do 80 \u00b0C  motorov\u00e9 klesanie a dv\u00edhanie fritovacieho ko\u0161a  bezpe\u010dnostn\u00fd termostat, bod sp\u00ednania 230\u00b0C  izolovan\u00e1 va\u0148a so zaoblen\u00fdmi vn\u00fatorn\u00fdmi hranami  jednotka pre kontrolu tuku   Technick\u00e9 \u00fadaje:\u00a0 \u00a0vi\u010f let\u00e1k &nbsp;   Viac inform\u00e1ci\u00ed o tejto frit\u00e9ze n\u00e1jdete v prilo\u017eenom let\u00e1ku TU  Video ke shl\u00e9dnut\u00ed   [...]Read More...\" \/>\n<meta property=\"og:url\" content=\"https:\/\/omega-bakery.com\/sk\/produkt\/riehle-2000-a-2000-touch\/\" \/>\n<meta property=\"og:site_name\" content=\"Omega Bakery\" \/>\n<meta property=\"article:modified_time\" content=\"2022-09-21T11:27:57+00:00\" \/>\n<meta property=\"og:image\" content=\"http:\/\/omega-bakery.com\/sk\/wp-content\/uploads\/2021\/04\/Riehle-2000-A-2000-Touch.png\" \/>\n\t<meta property=\"og:image:width\" content=\"533\" \/>\n\t<meta property=\"og:image:height\" content=\"700\" \/>\n<meta name=\"twitter:card\" content=\"summary_large_image\" \/>\n<script type=\"application\/ld+json\" class=\"yoast-schema-graph\">{\"@context\":\"https:\/\/schema.org\",\"@graph\":[{\"@type\":\"WebSite\",\"@id\":\"https:\/\/omega-bakery.com\/sk\/#website\",\"url\":\"https:\/\/omega-bakery.com\/sk\/\",\"name\":\"Omega Bakery\",\"description\":\"Dodavatel stroj\\u016f a za\\u0159\\u00edzen\\u00ed pro pek\\u00e1rny\",\"potentialAction\":[{\"@type\":\"SearchAction\",\"target\":{\"@type\":\"EntryPoint\",\"urlTemplate\":\"https:\/\/omega-bakery.com\/sk\/?s={search_term_string}\"},\"query-input\":\"required name=search_term_string\"}],\"inLanguage\":\"sk-SK\"},{\"@type\":\"ImageObject\",\"@id\":\"https:\/\/omega-bakery.com\/sk\/produkt\/riehle-2000-a-2000-touch\/#primaryimage\",\"inLanguage\":\"sk-SK\",\"url\":\"https:\/\/omega-bakery.com\/sk\/wp-content\/uploads\/2021\/04\/Riehle-2000-A-2000-Touch.png\",\"contentUrl\":\"https:\/\/omega-bakery.com\/sk\/wp-content\/uploads\/2021\/04\/Riehle-2000-A-2000-Touch.png\",\"width\":533,\"height\":700},{\"@type\":\"WebPage\",\"@id\":\"https:\/\/omega-bakery.com\/sk\/produkt\/riehle-2000-a-2000-touch\/#webpage\",\"url\":\"https:\/\/omega-bakery.com\/sk\/produkt\/riehle-2000-a-2000-touch\/\",\"name\":\"Riehle 2000 A \/ 2000 Touch - Omega Bakery\",\"isPartOf\":{\"@id\":\"https:\/\/omega-bakery.com\/sk\/#website\"},\"primaryImageOfPage\":{\"@id\":\"https:\/\/omega-bakery.com\/sk\/produkt\/riehle-2000-a-2000-touch\/#primaryimage\"},\"datePublished\":\"2021-04-23T14:26:54+00:00\",\"dateModified\":\"2022-09-21T11:27:57+00:00\",\"breadcrumb\":{\"@id\":\"https:\/\/omega-bakery.com\/sk\/produkt\/riehle-2000-a-2000-touch\/#breadcrumb\"},\"inLanguage\":\"sk-SK\",\"potentialAction\":[{\"@type\":\"ReadAction\",\"target\":[\"https:\/\/omega-bakery.com\/sk\/produkt\/riehle-2000-a-2000-touch\/\"]}]},{\"@type\":\"BreadcrumbList\",\"@id\":\"https:\/\/omega-bakery.com\/sk\/produkt\/riehle-2000-a-2000-touch\/#breadcrumb\",\"itemListElement\":[{\"@type\":\"ListItem\",\"position\":1,\"name\":\"Dom\\u016f\",\"item\":\"https:\/\/omega-bakery.com\/sk\/\"},{\"@type\":\"ListItem\",\"position\":2,\"name\":\"Stroje a zariadenia\",\"item\":\"https:\/\/omega-bakery.com\/sk\/stroje-a-zariadenia\/\"},{\"@type\":\"ListItem\",\"position\":3,\"name\":\"Ostatn\\u00e9 stroje\",\"item\":\"https:\/\/omega-bakery.com\/sk\/stroje-a-zarizeni\/ostatne-stroje\/\"},{\"@type\":\"ListItem\",\"position\":4,\"name\":\"Frit\\u00e9zy\",\"item\":\"https:\/\/omega-bakery.com\/sk\/stroje-a-zarizeni\/ostatne-stroje\/fritezy\/\"},{\"@type\":\"ListItem\",\"position\":5,\"name\":\"Riehle 2000 A \/ 2000 Touch\"}]}]}<\/script>\n<!-- \/ Yoast SEO plugin. -->","yoast_head_json":{"title":"Riehle 2000 A \/ 2000 Touch - Omega Bakery","robots":{"index":"index","follow":"follow","max-snippet":"max-snippet:-1","max-image-preview":"max-image-preview:large","max-video-preview":"max-video-preview:-1"},"canonical":"https:\/\/omega-bakery.com\/sk\/produkt\/riehle-2000-a-2000-touch\/","og_locale":"sk_SK","og_type":"article","og_title":"Riehle 2000 A \/ 2000 Touch - Omega Bakery","og_description":"Frit\u00e9za s automatick\u00fdm ot\u00e1\u010dan\u00edm \u0161i\u0161iek, s elektronick\u00fdm alebo dotykov\u00fdm programovate\u013en\u00fdm ovl\u00e1dac\u00edm panelom. Ve\u013ekos\u0165 na 36, 48 alebo 60 \u0161i\u0161iek. Mo\u017enos\u0165 podstavnej kysiarne.   Hlavn\u00e9 znaky:   teplotn\u00e9 \u010didlo pre postupn\u00e9 rozohriatie tuku do 80 \u00b0C  motorov\u00e9 klesanie a dv\u00edhanie fritovacieho ko\u0161a  bezpe\u010dnostn\u00fd termostat, bod sp\u00ednania 230\u00b0C  izolovan\u00e1 va\u0148a so zaoblen\u00fdmi vn\u00fatorn\u00fdmi hranami  jednotka pre kontrolu tuku   Technick\u00e9 \u00fadaje:\u00a0 \u00a0vi\u010f let\u00e1k &nbsp;   Viac inform\u00e1ci\u00ed o tejto frit\u00e9ze n\u00e1jdete v prilo\u017eenom let\u00e1ku TU  Video ke shl\u00e9dnut\u00ed   [...]Read More...","og_url":"https:\/\/omega-bakery.com\/sk\/produkt\/riehle-2000-a-2000-touch\/","og_site_name":"Omega Bakery","article_modified_time":"2022-09-21T11:27:57+00:00","og_image":[{"width":533,"height":700,"url":"http:\/\/omega-bakery.com\/sk\/wp-content\/uploads\/2021\/04\/Riehle-2000-A-2000-Touch.png","path":"\/data\/web\/virtuals\/278194\/virtual\/www\/domains\/omega-bakery.com\/sk\/wp-content\/uploads\/2021\/04\/Riehle-2000-A-2000-Touch.png","size":"full","id":705,"alt":"","pixels":373100,"type":"image\/png"}],"twitter_card":"summary_large_image","schema":{"@context":"https:\/\/schema.org","@graph":[{"@type":"WebSite","@id":"https:\/\/omega-bakery.com\/sk\/#website","url":"https:\/\/omega-bakery.com\/sk\/","name":"Omega Bakery","description":"Dodavatel stroj\u016f a za\u0159\u00edzen\u00ed pro pek\u00e1rny","potentialAction":[{"@type":"SearchAction","target":{"@type":"EntryPoint","urlTemplate":"https:\/\/omega-bakery.com\/sk\/?s={search_term_string}"},"query-input":"required name=search_term_string"}],"inLanguage":"sk-SK"},{"@type":"ImageObject","@id":"https:\/\/omega-bakery.com\/sk\/produkt\/riehle-2000-a-2000-touch\/#primaryimage","inLanguage":"sk-SK","url":"https:\/\/omega-bakery.com\/sk\/wp-content\/uploads\/2021\/04\/Riehle-2000-A-2000-Touch.png","contentUrl":"https:\/\/omega-bakery.com\/sk\/wp-content\/uploads\/2021\/04\/Riehle-2000-A-2000-Touch.png","width":533,"height":700},{"@type":"WebPage","@id":"https:\/\/omega-bakery.com\/sk\/produkt\/riehle-2000-a-2000-touch\/#webpage","url":"https:\/\/omega-bakery.com\/sk\/produkt\/riehle-2000-a-2000-touch\/","name":"Riehle 2000 A \/ 2000 Touch - Omega Bakery","isPartOf":{"@id":"https:\/\/omega-bakery.com\/sk\/#website"},"primaryImageOfPage":{"@id":"https:\/\/omega-bakery.com\/sk\/produkt\/riehle-2000-a-2000-touch\/#primaryimage"},"datePublished":"2021-04-23T14:26:54+00:00","dateModified":"2022-09-21T11:27:57+00:00","breadcrumb":{"@id":"https:\/\/omega-bakery.com\/sk\/produkt\/riehle-2000-a-2000-touch\/#breadcrumb"},"inLanguage":"sk-SK","potentialAction":[{"@type":"ReadAction","target":["https:\/\/omega-bakery.com\/sk\/produkt\/riehle-2000-a-2000-touch\/"]}]},{"@type":"BreadcrumbList","@id":"https:\/\/omega-bakery.com\/sk\/produkt\/riehle-2000-a-2000-touch\/#breadcrumb","itemListElement":[{"@type":"ListItem","position":1,"name":"Dom\u016f","item":"https:\/\/omega-bakery.com\/sk\/"},{"@type":"ListItem","position":2,"name":"Stroje a zariadenia","item":"https:\/\/omega-bakery.com\/sk\/stroje-a-zariadenia\/"},{"@type":"ListItem","position":3,"name":"Ostatn\u00e9 stroje","item":"https:\/\/omega-bakery.com\/sk\/stroje-a-zarizeni\/ostatne-stroje\/"},{"@type":"ListItem","position":4,"name":"Frit\u00e9zy","item":"https:\/\/omega-bakery.com\/sk\/stroje-a-zarizeni\/ostatne-stroje\/fritezy\/"},{"@type":"ListItem","position":5,"name":"Riehle 2000 A \/ 2000 Touch"}]}]}},"_links":{"self":[{"href":"https:\/\/omega-bakery.com\/sk\/wp-json\/wp\/v2\/product\/351"}],"collection":[{"href":"https:\/\/omega-bakery.com\/sk\/wp-json\/wp\/v2\/product"}],"about":[{"href":"https:\/\/omega-bakery.com\/sk\/wp-json\/wp\/v2\/types\/product"}],"wp:featuredmedia":[{"embeddable":true,"href":"https:\/\/omega-bakery.com\/sk\/wp-json\/wp\/v2\/media\/705"}],"wp:attachment":[{"href":"https:\/\/omega-bakery.com\/sk\/wp-json\/wp\/v2\/media?parent=351"}],"curies":[{"name":"wp","href":"https:\/\/api.w.org\/{rel}","templated":true}]}}