{"id":352,"date":"2021-04-23T16:27:08","date_gmt":"2021-04-23T14:27:08","guid":{"rendered":"http:\/\/omega-bakery.com\/sk\/?post_type=product&#038;p=352"},"modified":"2026-01-09T15:55:15","modified_gmt":"2026-01-09T13:55:15","slug":"friteza-riehle-2000-d","status":"publish","type":"product","link":"https:\/\/omega-bakery.com\/sk\/produkt\/friteza-riehle-2000-d\/","title":{"rendered":"frit\u00e9za Riehle 2000 D"},"content":{"rendered":"","protected":false},"excerpt":{"rendered":"<p>Frit\u00e9za s obracan\u00edm \u0161i\u0161iek pomocou ru\u010dnej p\u00e1ky. Tri velikosti &#8211; 36, 48 alebo 60 \u0161i\u0161iek. Mo\u017enos\u0165 podstavnej kysiarne. Typ 2000 D m\u00e1 len displej s nastaven\u00edm teploty sma\u017eenia.<\/p>\n<p><strong>Hlavn\u00e9 znaky:<\/strong><\/p>\n<ul>\n<li>teplotn\u00e9 \u010didlo pre pomal\u00e9 rozohriatie tuku do 80 \u00b0C<\/li>\n<li>bezpe\u010dnostn\u00fd termostat, bod sp\u00ednania 230\u00b0C<\/li>\n<\/ul>\n<div>\n<div>\n<div><strong>Technick\u00e9 \u00fadaje: \u00a0 <\/strong>vi\u010f let\u00e1k<\/div>\n<\/div>\n<p>&nbsp;<\/p>\n<div>\n<p>Viac inform\u00e1ci\u00ed o tejto frit\u00e9ze n\u00e1jdete v prilo\u017eenom let\u00e1ku <a href=\"http:\/\/omega-bakery.com\/sk\/wp-content\/uploads\/2021\/04\/Riehle-2000-D-0126.pdf\" target=\"_blank\" rel=\"noopener\">TU<\/a><\/p>\n<\/div>\n<\/div>\n<p> [&#8230;]<\/p>\n<p><a class=\"btn btn-secondary understrap-read-more-link\" href=\"https:\/\/omega-bakery.com\/sk\/produkt\/friteza-riehle-2000-d\/\">Read More&#8230;<\/a><\/p>\n","protected":false},"featured_media":2316,"template":"","meta":[],"yoast_head":"<!-- This site is optimized with the Yoast SEO plugin v17.1 - https:\/\/yoast.com\/wordpress\/plugins\/seo\/ -->\n<title>frit\u00e9za Riehle 2000 D - Omega Bakery<\/title>\n<meta name=\"robots\" content=\"index, follow, max-snippet:-1, max-image-preview:large, max-video-preview:-1\" \/>\n<link rel=\"canonical\" href=\"https:\/\/omega-bakery.com\/sk\/produkt\/friteza-riehle-2000-d\/\" \/>\n<meta property=\"og:locale\" content=\"sk_SK\" \/>\n<meta property=\"og:type\" content=\"article\" \/>\n<meta property=\"og:title\" content=\"frit\u00e9za Riehle 2000 D - Omega Bakery\" \/>\n<meta property=\"og:description\" content=\"Frit\u00e9za s obracan\u00edm \u0161i\u0161iek pomocou ru\u010dnej p\u00e1ky. Tri velikosti - 36, 48 alebo 60 \u0161i\u0161iek. Mo\u017enos\u0165 podstavnej kysiarne. Typ 2000 D m\u00e1 len displej s nastaven\u00edm teploty sma\u017eenia.  Hlavn\u00e9 znaky:   teplotn\u00e9 \u010didlo pre pomal\u00e9 rozohriatie tuku do 80 \u00b0C  bezpe\u010dnostn\u00fd termostat, bod sp\u00ednania 230\u00b0C    Technick\u00e9 \u00fadaje: \u00a0 vi\u010f let\u00e1k  &nbsp;   Viac inform\u00e1ci\u00ed o tejto frit\u00e9ze n\u00e1jdete v prilo\u017eenom let\u00e1ku TU    [...]Read More...\" \/>\n<meta property=\"og:url\" content=\"https:\/\/omega-bakery.com\/sk\/produkt\/friteza-riehle-2000-d\/\" \/>\n<meta property=\"og:site_name\" content=\"Omega Bakery\" \/>\n<meta property=\"article:modified_time\" content=\"2026-01-09T13:55:15+00:00\" \/>\n<meta property=\"og:image\" content=\"http:\/\/omega-bakery.com\/sk\/wp-content\/uploads\/2021\/04\/2000-D.png\" \/>\n\t<meta property=\"og:image:width\" content=\"605\" \/>\n\t<meta property=\"og:image:height\" content=\"552\" \/>\n<meta name=\"twitter:card\" content=\"summary_large_image\" \/>\n<script type=\"application\/ld+json\" class=\"yoast-schema-graph\">{\"@context\":\"https:\/\/schema.org\",\"@graph\":[{\"@type\":\"WebSite\",\"@id\":\"https:\/\/omega-bakery.com\/sk\/#website\",\"url\":\"https:\/\/omega-bakery.com\/sk\/\",\"name\":\"Omega Bakery\",\"description\":\"Dodavatel stroj\\u016f a za\\u0159\\u00edzen\\u00ed pro pek\\u00e1rny\",\"potentialAction\":[{\"@type\":\"SearchAction\",\"target\":{\"@type\":\"EntryPoint\",\"urlTemplate\":\"https:\/\/omega-bakery.com\/sk\/?s={search_term_string}\"},\"query-input\":\"required name=search_term_string\"}],\"inLanguage\":\"sk-SK\"},{\"@type\":\"ImageObject\",\"@id\":\"https:\/\/omega-bakery.com\/sk\/produkt\/friteza-riehle-2000-d\/#primaryimage\",\"inLanguage\":\"sk-SK\",\"url\":\"https:\/\/omega-bakery.com\/sk\/wp-content\/uploads\/2021\/04\/2000-D.png\",\"contentUrl\":\"https:\/\/omega-bakery.com\/sk\/wp-content\/uploads\/2021\/04\/2000-D.png\",\"width\":605,\"height\":552},{\"@type\":\"WebPage\",\"@id\":\"https:\/\/omega-bakery.com\/sk\/produkt\/friteza-riehle-2000-d\/#webpage\",\"url\":\"https:\/\/omega-bakery.com\/sk\/produkt\/friteza-riehle-2000-d\/\",\"name\":\"frit\\u00e9za Riehle 2000 D - Omega Bakery\",\"isPartOf\":{\"@id\":\"https:\/\/omega-bakery.com\/sk\/#website\"},\"primaryImageOfPage\":{\"@id\":\"https:\/\/omega-bakery.com\/sk\/produkt\/friteza-riehle-2000-d\/#primaryimage\"},\"datePublished\":\"2021-04-23T14:27:08+00:00\",\"dateModified\":\"2026-01-09T13:55:15+00:00\",\"breadcrumb\":{\"@id\":\"https:\/\/omega-bakery.com\/sk\/produkt\/friteza-riehle-2000-d\/#breadcrumb\"},\"inLanguage\":\"sk-SK\",\"potentialAction\":[{\"@type\":\"ReadAction\",\"target\":[\"https:\/\/omega-bakery.com\/sk\/produkt\/friteza-riehle-2000-d\/\"]}]},{\"@type\":\"BreadcrumbList\",\"@id\":\"https:\/\/omega-bakery.com\/sk\/produkt\/friteza-riehle-2000-d\/#breadcrumb\",\"itemListElement\":[{\"@type\":\"ListItem\",\"position\":1,\"name\":\"Dom\\u016f\",\"item\":\"https:\/\/omega-bakery.com\/sk\/\"},{\"@type\":\"ListItem\",\"position\":2,\"name\":\"Stroje a zariadenia\",\"item\":\"https:\/\/omega-bakery.com\/sk\/stroje-a-zariadenia\/\"},{\"@type\":\"ListItem\",\"position\":3,\"name\":\"Ostatn\\u00e9 stroje\",\"item\":\"https:\/\/omega-bakery.com\/sk\/stroje-a-zarizeni\/ostatne-stroje\/\"},{\"@type\":\"ListItem\",\"position\":4,\"name\":\"Frit\\u00e9zy\",\"item\":\"https:\/\/omega-bakery.com\/sk\/stroje-a-zarizeni\/ostatne-stroje\/fritezy\/\"},{\"@type\":\"ListItem\",\"position\":5,\"name\":\"frit\\u00e9za Riehle 2000 D\"}]}]}<\/script>\n<!-- \/ Yoast SEO plugin. -->","yoast_head_json":{"title":"frit\u00e9za Riehle 2000 D - Omega Bakery","robots":{"index":"index","follow":"follow","max-snippet":"max-snippet:-1","max-image-preview":"max-image-preview:large","max-video-preview":"max-video-preview:-1"},"canonical":"https:\/\/omega-bakery.com\/sk\/produkt\/friteza-riehle-2000-d\/","og_locale":"sk_SK","og_type":"article","og_title":"frit\u00e9za Riehle 2000 D - Omega Bakery","og_description":"Frit\u00e9za s obracan\u00edm \u0161i\u0161iek pomocou ru\u010dnej p\u00e1ky. Tri velikosti - 36, 48 alebo 60 \u0161i\u0161iek. Mo\u017enos\u0165 podstavnej kysiarne. Typ 2000 D m\u00e1 len displej s nastaven\u00edm teploty sma\u017eenia.  Hlavn\u00e9 znaky:   teplotn\u00e9 \u010didlo pre pomal\u00e9 rozohriatie tuku do 80 \u00b0C  bezpe\u010dnostn\u00fd termostat, bod sp\u00ednania 230\u00b0C    Technick\u00e9 \u00fadaje: \u00a0 vi\u010f let\u00e1k  &nbsp;   Viac inform\u00e1ci\u00ed o tejto frit\u00e9ze n\u00e1jdete v prilo\u017eenom let\u00e1ku TU    [...]Read More...","og_url":"https:\/\/omega-bakery.com\/sk\/produkt\/friteza-riehle-2000-d\/","og_site_name":"Omega Bakery","article_modified_time":"2026-01-09T13:55:15+00:00","og_image":[{"width":605,"height":552,"url":"http:\/\/omega-bakery.com\/sk\/wp-content\/uploads\/2021\/04\/2000-D.png","path":"\/data\/web\/virtuals\/278194\/virtual\/www\/domains\/omega-bakery.com\/sk\/wp-content\/uploads\/2021\/04\/2000-D.png","size":"full","id":2316,"alt":"","pixels":333960,"type":"image\/png"}],"twitter_card":"summary_large_image","schema":{"@context":"https:\/\/schema.org","@graph":[{"@type":"WebSite","@id":"https:\/\/omega-bakery.com\/sk\/#website","url":"https:\/\/omega-bakery.com\/sk\/","name":"Omega Bakery","description":"Dodavatel stroj\u016f a za\u0159\u00edzen\u00ed pro pek\u00e1rny","potentialAction":[{"@type":"SearchAction","target":{"@type":"EntryPoint","urlTemplate":"https:\/\/omega-bakery.com\/sk\/?s={search_term_string}"},"query-input":"required name=search_term_string"}],"inLanguage":"sk-SK"},{"@type":"ImageObject","@id":"https:\/\/omega-bakery.com\/sk\/produkt\/friteza-riehle-2000-d\/#primaryimage","inLanguage":"sk-SK","url":"https:\/\/omega-bakery.com\/sk\/wp-content\/uploads\/2021\/04\/2000-D.png","contentUrl":"https:\/\/omega-bakery.com\/sk\/wp-content\/uploads\/2021\/04\/2000-D.png","width":605,"height":552},{"@type":"WebPage","@id":"https:\/\/omega-bakery.com\/sk\/produkt\/friteza-riehle-2000-d\/#webpage","url":"https:\/\/omega-bakery.com\/sk\/produkt\/friteza-riehle-2000-d\/","name":"frit\u00e9za Riehle 2000 D - Omega Bakery","isPartOf":{"@id":"https:\/\/omega-bakery.com\/sk\/#website"},"primaryImageOfPage":{"@id":"https:\/\/omega-bakery.com\/sk\/produkt\/friteza-riehle-2000-d\/#primaryimage"},"datePublished":"2021-04-23T14:27:08+00:00","dateModified":"2026-01-09T13:55:15+00:00","breadcrumb":{"@id":"https:\/\/omega-bakery.com\/sk\/produkt\/friteza-riehle-2000-d\/#breadcrumb"},"inLanguage":"sk-SK","potentialAction":[{"@type":"ReadAction","target":["https:\/\/omega-bakery.com\/sk\/produkt\/friteza-riehle-2000-d\/"]}]},{"@type":"BreadcrumbList","@id":"https:\/\/omega-bakery.com\/sk\/produkt\/friteza-riehle-2000-d\/#breadcrumb","itemListElement":[{"@type":"ListItem","position":1,"name":"Dom\u016f","item":"https:\/\/omega-bakery.com\/sk\/"},{"@type":"ListItem","position":2,"name":"Stroje a zariadenia","item":"https:\/\/omega-bakery.com\/sk\/stroje-a-zariadenia\/"},{"@type":"ListItem","position":3,"name":"Ostatn\u00e9 stroje","item":"https:\/\/omega-bakery.com\/sk\/stroje-a-zarizeni\/ostatne-stroje\/"},{"@type":"ListItem","position":4,"name":"Frit\u00e9zy","item":"https:\/\/omega-bakery.com\/sk\/stroje-a-zarizeni\/ostatne-stroje\/fritezy\/"},{"@type":"ListItem","position":5,"name":"frit\u00e9za Riehle 2000 D"}]}]}},"_links":{"self":[{"href":"https:\/\/omega-bakery.com\/sk\/wp-json\/wp\/v2\/product\/352"}],"collection":[{"href":"https:\/\/omega-bakery.com\/sk\/wp-json\/wp\/v2\/product"}],"about":[{"href":"https:\/\/omega-bakery.com\/sk\/wp-json\/wp\/v2\/types\/product"}],"wp:featuredmedia":[{"embeddable":true,"href":"https:\/\/omega-bakery.com\/sk\/wp-json\/wp\/v2\/media\/2316"}],"wp:attachment":[{"href":"https:\/\/omega-bakery.com\/sk\/wp-json\/wp\/v2\/media?parent=352"}],"curies":[{"name":"wp","href":"https:\/\/api.w.org\/{rel}","templated":true}]}}