{"id":353,"date":"2021-04-23T16:27:20","date_gmt":"2021-04-23T14:27:20","guid":{"rendered":"http:\/\/omega-bakery.com\/sk\/?post_type=product&#038;p=353"},"modified":"2022-11-04T15:54:59","modified_gmt":"2022-11-04T13:54:59","slug":"riehle-dla-priebezna-friteza","status":"publish","type":"product","link":"https:\/\/omega-bakery.com\/sk\/produkt\/riehle-dla-priebezna-friteza\/","title":{"rendered":"Riehle DLA &#8211; priebe\u017en\u00e1 frit\u00e9za"},"content":{"rendered":"","protected":false},"excerpt":{"rendered":"<p>Automatick\u00e9 priebe\u017en\u00e9 frit\u00e9zy RIEHLE,\u00a0 typ DLA 150 a DLA 300, s\u00fa v\u00fdkonn\u00e9 frit\u00e9zy pre ponorn\u00e9 sma\u017eenie<br \/>\nr\u00f4znych druhov produktov.<\/p>\n<p><strong>Hlavn\u00e9 znaky:<\/strong><\/p>\n<ul>\n<li>mo\u017enos\u0165 nastavenia r\u00fdchlosti dopravn\u00edkov\u00fdch p\u00e1sov a t\u00fdm i doby sma\u017eenia<\/li>\n<li>jednoduch\u00e9 \u010distenie stroja &#8211; jednotliv\u00e9 diely dopravn\u00edkov\u00e9ho a v\u00fdhrevn\u00e9ho syst\u00e9mu mo\u017eno \u013eahko vybra\u0165<\/li>\n<li>digit\u00e1ln\u00fd termostat pre presn\u00fa kontrolu teploty<\/li>\n<\/ul>\n<p>Volite\u013en\u00e9 doplnky:<\/p>\n<ul>\n<li>vkladac\u00ed dopravn\u00edk<\/li>\n<li>pojazdn\u00fd r\u00e1m na kolieskach<\/li>\n<\/ul>\n<div>\n<div>\n<div><strong>Technick\u00e9 parametre: <\/strong>vi\u010f let\u00e1k<\/div>\n<div><\/div>\n<\/div>\n<div>\n<p>Viac inform\u00e1ci\u00ed o tejto frit\u00e9ze n\u00e1jdete v prilo\u017eenom let\u00e1ku <a href=\"http:\/\/omega-bakery.com\/sk\/wp-content\/uploads\/2021\/05\/Riehle-DLA-0321.pdf\" target=\"newtab\" rel=\"noopener\">TU<\/a><\/p>\n<\/div>\n<\/div>\n<div>\n<p><a href=\"https:\/\/www.youtube.com\/watch?v=_FORbojROg4&amp;list=PLLmO2eJtBqgynOuZHhRWH-b1Si29N0t8O&amp;index=3\" target=\"_blank\" rel=\"noopener\">Video k nahliadnutiu<\/a><\/p>\n<\/div>\n<p> [&#8230;]<\/p>\n<p><a class=\"btn btn-secondary understrap-read-more-link\" href=\"https:\/\/omega-bakery.com\/sk\/produkt\/riehle-dla-priebezna-friteza\/\">Read More&#8230;<\/a><\/p>\n","protected":false},"featured_media":554,"template":"","meta":[],"yoast_head":"<!-- This site is optimized with the Yoast SEO plugin v17.1 - https:\/\/yoast.com\/wordpress\/plugins\/seo\/ -->\n<title>Riehle DLA - priebe\u017en\u00e1 frit\u00e9za - Omega Bakery<\/title>\n<meta name=\"robots\" content=\"index, follow, max-snippet:-1, max-image-preview:large, max-video-preview:-1\" \/>\n<link rel=\"canonical\" href=\"https:\/\/omega-bakery.com\/sk\/produkt\/riehle-dla-priebezna-friteza\/\" \/>\n<meta property=\"og:locale\" content=\"sk_SK\" \/>\n<meta property=\"og:type\" content=\"article\" \/>\n<meta property=\"og:title\" content=\"Riehle DLA - priebe\u017en\u00e1 frit\u00e9za - Omega Bakery\" \/>\n<meta property=\"og:description\" content=\"Automatick\u00e9 priebe\u017en\u00e9 frit\u00e9zy RIEHLE,\u00a0 typ DLA 150 a DLA 300, s\u00fa v\u00fdkonn\u00e9 frit\u00e9zy pre ponorn\u00e9 sma\u017eenie r\u00f4znych druhov produktov.  Hlavn\u00e9 znaky:   mo\u017enos\u0165 nastavenia r\u00fdchlosti dopravn\u00edkov\u00fdch p\u00e1sov a t\u00fdm i doby sma\u017eenia  jednoduch\u00e9 \u010distenie stroja - jednotliv\u00e9 diely dopravn\u00edkov\u00e9ho a v\u00fdhrevn\u00e9ho syst\u00e9mu mo\u017eno \u013eahko vybra\u0165  digit\u00e1ln\u00fd termostat pre presn\u00fa kontrolu teploty  Volite\u013en\u00e9 doplnky:   vkladac\u00ed dopravn\u00edk  pojazdn\u00fd r\u00e1m na kolieskach    Technick\u00e9 parametre: vi\u010f let\u00e1k     Viac inform\u00e1ci\u00ed o tejto frit\u00e9ze n\u00e1jdete v prilo\u017eenom let\u00e1ku TU      Video k nahliadnutiu   [...]Read More...\" \/>\n<meta property=\"og:url\" content=\"https:\/\/omega-bakery.com\/sk\/produkt\/riehle-dla-priebezna-friteza\/\" \/>\n<meta property=\"og:site_name\" content=\"Omega Bakery\" \/>\n<meta property=\"article:modified_time\" content=\"2022-11-04T13:54:59+00:00\" \/>\n<meta property=\"og:image\" content=\"http:\/\/omega-bakery.com\/sk\/wp-content\/uploads\/2021\/04\/Riehle-DLA.png\" \/>\n\t<meta property=\"og:image:width\" content=\"533\" \/>\n\t<meta property=\"og:image:height\" content=\"700\" \/>\n<meta name=\"twitter:card\" content=\"summary_large_image\" \/>\n<script type=\"application\/ld+json\" class=\"yoast-schema-graph\">{\"@context\":\"https:\/\/schema.org\",\"@graph\":[{\"@type\":\"WebSite\",\"@id\":\"https:\/\/omega-bakery.com\/sk\/#website\",\"url\":\"https:\/\/omega-bakery.com\/sk\/\",\"name\":\"Omega Bakery\",\"description\":\"Dodavatel stroj\\u016f a za\\u0159\\u00edzen\\u00ed pro pek\\u00e1rny\",\"potentialAction\":[{\"@type\":\"SearchAction\",\"target\":{\"@type\":\"EntryPoint\",\"urlTemplate\":\"https:\/\/omega-bakery.com\/sk\/?s={search_term_string}\"},\"query-input\":\"required name=search_term_string\"}],\"inLanguage\":\"sk-SK\"},{\"@type\":\"ImageObject\",\"@id\":\"https:\/\/omega-bakery.com\/sk\/produkt\/riehle-dla-priebezna-friteza\/#primaryimage\",\"inLanguage\":\"sk-SK\",\"url\":\"https:\/\/omega-bakery.com\/sk\/wp-content\/uploads\/2021\/04\/Riehle-DLA.png\",\"contentUrl\":\"https:\/\/omega-bakery.com\/sk\/wp-content\/uploads\/2021\/04\/Riehle-DLA.png\",\"width\":533,\"height\":700},{\"@type\":\"WebPage\",\"@id\":\"https:\/\/omega-bakery.com\/sk\/produkt\/riehle-dla-priebezna-friteza\/#webpage\",\"url\":\"https:\/\/omega-bakery.com\/sk\/produkt\/riehle-dla-priebezna-friteza\/\",\"name\":\"Riehle DLA - priebe\\u017en\\u00e1 frit\\u00e9za - Omega Bakery\",\"isPartOf\":{\"@id\":\"https:\/\/omega-bakery.com\/sk\/#website\"},\"primaryImageOfPage\":{\"@id\":\"https:\/\/omega-bakery.com\/sk\/produkt\/riehle-dla-priebezna-friteza\/#primaryimage\"},\"datePublished\":\"2021-04-23T14:27:20+00:00\",\"dateModified\":\"2022-11-04T13:54:59+00:00\",\"breadcrumb\":{\"@id\":\"https:\/\/omega-bakery.com\/sk\/produkt\/riehle-dla-priebezna-friteza\/#breadcrumb\"},\"inLanguage\":\"sk-SK\",\"potentialAction\":[{\"@type\":\"ReadAction\",\"target\":[\"https:\/\/omega-bakery.com\/sk\/produkt\/riehle-dla-priebezna-friteza\/\"]}]},{\"@type\":\"BreadcrumbList\",\"@id\":\"https:\/\/omega-bakery.com\/sk\/produkt\/riehle-dla-priebezna-friteza\/#breadcrumb\",\"itemListElement\":[{\"@type\":\"ListItem\",\"position\":1,\"name\":\"Dom\\u016f\",\"item\":\"https:\/\/omega-bakery.com\/sk\/\"},{\"@type\":\"ListItem\",\"position\":2,\"name\":\"Stroje a zariadenia\",\"item\":\"https:\/\/omega-bakery.com\/sk\/stroje-a-zariadenia\/\"},{\"@type\":\"ListItem\",\"position\":3,\"name\":\"Ostatn\\u00e9 stroje\",\"item\":\"https:\/\/omega-bakery.com\/sk\/stroje-a-zarizeni\/ostatne-stroje\/\"},{\"@type\":\"ListItem\",\"position\":4,\"name\":\"Frit\\u00e9zy\",\"item\":\"https:\/\/omega-bakery.com\/sk\/stroje-a-zarizeni\/ostatne-stroje\/fritezy\/\"},{\"@type\":\"ListItem\",\"position\":5,\"name\":\"Riehle DLA &#8211; priebe\\u017en\\u00e1 frit\\u00e9za\"}]}]}<\/script>\n<!-- \/ Yoast SEO plugin. -->","yoast_head_json":{"title":"Riehle DLA - priebe\u017en\u00e1 frit\u00e9za - Omega Bakery","robots":{"index":"index","follow":"follow","max-snippet":"max-snippet:-1","max-image-preview":"max-image-preview:large","max-video-preview":"max-video-preview:-1"},"canonical":"https:\/\/omega-bakery.com\/sk\/produkt\/riehle-dla-priebezna-friteza\/","og_locale":"sk_SK","og_type":"article","og_title":"Riehle DLA - priebe\u017en\u00e1 frit\u00e9za - Omega Bakery","og_description":"Automatick\u00e9 priebe\u017en\u00e9 frit\u00e9zy RIEHLE,\u00a0 typ DLA 150 a DLA 300, s\u00fa v\u00fdkonn\u00e9 frit\u00e9zy pre ponorn\u00e9 sma\u017eenie r\u00f4znych druhov produktov.  Hlavn\u00e9 znaky:   mo\u017enos\u0165 nastavenia r\u00fdchlosti dopravn\u00edkov\u00fdch p\u00e1sov a t\u00fdm i doby sma\u017eenia  jednoduch\u00e9 \u010distenie stroja - jednotliv\u00e9 diely dopravn\u00edkov\u00e9ho a v\u00fdhrevn\u00e9ho syst\u00e9mu mo\u017eno \u013eahko vybra\u0165  digit\u00e1ln\u00fd termostat pre presn\u00fa kontrolu teploty  Volite\u013en\u00e9 doplnky:   vkladac\u00ed dopravn\u00edk  pojazdn\u00fd r\u00e1m na kolieskach    Technick\u00e9 parametre: vi\u010f let\u00e1k     Viac inform\u00e1ci\u00ed o tejto frit\u00e9ze n\u00e1jdete v prilo\u017eenom let\u00e1ku TU      Video k nahliadnutiu   [...]Read More...","og_url":"https:\/\/omega-bakery.com\/sk\/produkt\/riehle-dla-priebezna-friteza\/","og_site_name":"Omega Bakery","article_modified_time":"2022-11-04T13:54:59+00:00","og_image":[{"width":533,"height":700,"url":"http:\/\/omega-bakery.com\/sk\/wp-content\/uploads\/2021\/04\/Riehle-DLA.png","path":"\/data\/web\/virtuals\/278194\/virtual\/www\/domains\/omega-bakery.com\/sk\/wp-content\/uploads\/2021\/04\/Riehle-DLA.png","size":"full","id":554,"alt":"","pixels":373100,"type":"image\/png"}],"twitter_card":"summary_large_image","schema":{"@context":"https:\/\/schema.org","@graph":[{"@type":"WebSite","@id":"https:\/\/omega-bakery.com\/sk\/#website","url":"https:\/\/omega-bakery.com\/sk\/","name":"Omega Bakery","description":"Dodavatel stroj\u016f a za\u0159\u00edzen\u00ed pro pek\u00e1rny","potentialAction":[{"@type":"SearchAction","target":{"@type":"EntryPoint","urlTemplate":"https:\/\/omega-bakery.com\/sk\/?s={search_term_string}"},"query-input":"required name=search_term_string"}],"inLanguage":"sk-SK"},{"@type":"ImageObject","@id":"https:\/\/omega-bakery.com\/sk\/produkt\/riehle-dla-priebezna-friteza\/#primaryimage","inLanguage":"sk-SK","url":"https:\/\/omega-bakery.com\/sk\/wp-content\/uploads\/2021\/04\/Riehle-DLA.png","contentUrl":"https:\/\/omega-bakery.com\/sk\/wp-content\/uploads\/2021\/04\/Riehle-DLA.png","width":533,"height":700},{"@type":"WebPage","@id":"https:\/\/omega-bakery.com\/sk\/produkt\/riehle-dla-priebezna-friteza\/#webpage","url":"https:\/\/omega-bakery.com\/sk\/produkt\/riehle-dla-priebezna-friteza\/","name":"Riehle DLA - priebe\u017en\u00e1 frit\u00e9za - Omega Bakery","isPartOf":{"@id":"https:\/\/omega-bakery.com\/sk\/#website"},"primaryImageOfPage":{"@id":"https:\/\/omega-bakery.com\/sk\/produkt\/riehle-dla-priebezna-friteza\/#primaryimage"},"datePublished":"2021-04-23T14:27:20+00:00","dateModified":"2022-11-04T13:54:59+00:00","breadcrumb":{"@id":"https:\/\/omega-bakery.com\/sk\/produkt\/riehle-dla-priebezna-friteza\/#breadcrumb"},"inLanguage":"sk-SK","potentialAction":[{"@type":"ReadAction","target":["https:\/\/omega-bakery.com\/sk\/produkt\/riehle-dla-priebezna-friteza\/"]}]},{"@type":"BreadcrumbList","@id":"https:\/\/omega-bakery.com\/sk\/produkt\/riehle-dla-priebezna-friteza\/#breadcrumb","itemListElement":[{"@type":"ListItem","position":1,"name":"Dom\u016f","item":"https:\/\/omega-bakery.com\/sk\/"},{"@type":"ListItem","position":2,"name":"Stroje a zariadenia","item":"https:\/\/omega-bakery.com\/sk\/stroje-a-zariadenia\/"},{"@type":"ListItem","position":3,"name":"Ostatn\u00e9 stroje","item":"https:\/\/omega-bakery.com\/sk\/stroje-a-zarizeni\/ostatne-stroje\/"},{"@type":"ListItem","position":4,"name":"Frit\u00e9zy","item":"https:\/\/omega-bakery.com\/sk\/stroje-a-zarizeni\/ostatne-stroje\/fritezy\/"},{"@type":"ListItem","position":5,"name":"Riehle DLA &#8211; priebe\u017en\u00e1 frit\u00e9za"}]}]}},"_links":{"self":[{"href":"https:\/\/omega-bakery.com\/sk\/wp-json\/wp\/v2\/product\/353"}],"collection":[{"href":"https:\/\/omega-bakery.com\/sk\/wp-json\/wp\/v2\/product"}],"about":[{"href":"https:\/\/omega-bakery.com\/sk\/wp-json\/wp\/v2\/types\/product"}],"wp:featuredmedia":[{"embeddable":true,"href":"https:\/\/omega-bakery.com\/sk\/wp-json\/wp\/v2\/media\/554"}],"wp:attachment":[{"href":"https:\/\/omega-bakery.com\/sk\/wp-json\/wp\/v2\/media?parent=353"}],"curies":[{"name":"wp","href":"https:\/\/api.w.org\/{rel}","templated":true}]}}