{"id":354,"date":"2021-04-23T16:27:41","date_gmt":"2021-04-23T14:27:41","guid":{"rendered":"http:\/\/omega-bakery.com\/sk\/?post_type=product&#038;p=354"},"modified":"2022-11-07T12:30:35","modified_gmt":"2022-11-07T10:30:35","slug":"aristarco-as","status":"publish","type":"product","link":"https:\/\/omega-bakery.com\/sk\/produkt\/aristarco-as\/","title":{"rendered":"Aristarco AS"},"content":{"rendered":"","protected":false},"excerpt":{"rendered":"<p>Podstavn\u00e1 um\u00fdva\u010dka riadu<\/p>\n<p><strong>Hlavn\u00e9 znaky:<\/strong><\/p>\n<ul>\n<li>dvojpl\u00e1\u0161\u0165ov\u00e1 &#8211; zn\u00ed\u017eenie hluku a \u00faspora tepla<\/li>\n<li>automatick\u00e9 plnenie<\/li>\n<li>poistka dver\u00ed<\/li>\n<li>nastavite\u013en\u00fd termostat z\u00e1sobn\u00edku vody a oplachu<\/li>\n<li>syst\u00e9m termostop<\/li>\n<li>elektromechanick\u00e9 ovl\u00e1dacie prvky<\/li>\n<li>automatick\u00fd d\u00e1vkova\u010d mycieho prostriedku<\/li>\n<li>automatick\u00fd d\u00e1vkova\u010d oplachov\u00e9ho prostriedku<\/li>\n<li>vyp\u00fa\u0161\u0165acie \u010derpadlo<\/li>\n<\/ul>\n<div>\n<div>\n<div><strong>Kapacita: \u00a0\u00a0<\/strong>pre be\u017en\u00fd riad do v\u00fd\u0161ky 340 mm<\/div>\n<div><strong>Rozmery (\u0161 x d x v)<\/strong><strong>:<\/strong> \u00a0vi\u010f prilo\u017een\u00fd let\u00e1k<\/div>\n<\/div>\n<p>&nbsp;<\/p>\n<p>Viac inform\u00e1ci\u00ed o tejto podstavnej um\u00fdva\u010dke n\u00e1jdete v prilo\u017eenom let\u00e1tu <a href=\"http:\/\/omega-bakery.com\/sk\/wp-content\/uploads\/2021\/05\/myc\u030cka-podstavna\u0301-Aristarco-AS-50.35-AS-60.40-0321.pdf\" target=\"_blank\" rel=\"noopener\">TU<\/a><\/p>\n<\/div>\n<p> [&#8230;]<\/p>\n<p><a class=\"btn btn-secondary understrap-read-more-link\" href=\"https:\/\/omega-bakery.com\/sk\/produkt\/aristarco-as\/\">Read More&#8230;<\/a><\/p>\n","protected":false},"featured_media":476,"template":"","meta":[],"yoast_head":"<!-- This site is optimized with the Yoast SEO plugin v17.1 - https:\/\/yoast.com\/wordpress\/plugins\/seo\/ -->\n<title>Aristarco AS - Omega Bakery<\/title>\n<meta name=\"robots\" content=\"index, follow, max-snippet:-1, max-image-preview:large, max-video-preview:-1\" \/>\n<link rel=\"canonical\" href=\"https:\/\/omega-bakery.com\/sk\/produkt\/aristarco-as\/\" \/>\n<meta property=\"og:locale\" content=\"sk_SK\" \/>\n<meta property=\"og:type\" content=\"article\" \/>\n<meta property=\"og:title\" content=\"Aristarco AS - Omega Bakery\" \/>\n<meta property=\"og:description\" content=\"Podstavn\u00e1 um\u00fdva\u010dka riadu  Hlavn\u00e9 znaky:   dvojpl\u00e1\u0161\u0165ov\u00e1 - zn\u00ed\u017eenie hluku a \u00faspora tepla  automatick\u00e9 plnenie  poistka dver\u00ed  nastavite\u013en\u00fd termostat z\u00e1sobn\u00edku vody a oplachu  syst\u00e9m termostop  elektromechanick\u00e9 ovl\u00e1dacie prvky  automatick\u00fd d\u00e1vkova\u010d mycieho prostriedku  automatick\u00fd d\u00e1vkova\u010d oplachov\u00e9ho prostriedku  vyp\u00fa\u0161\u0165acie \u010derpadlo    Kapacita: \u00a0\u00a0pre be\u017en\u00fd riad do v\u00fd\u0161ky 340 mm Rozmery (\u0161 x d x v): \u00a0vi\u010f prilo\u017een\u00fd let\u00e1k  &nbsp;  Viac inform\u00e1ci\u00ed o tejto podstavnej um\u00fdva\u010dke n\u00e1jdete v prilo\u017eenom let\u00e1tu TU   [...]Read More...\" \/>\n<meta property=\"og:url\" content=\"https:\/\/omega-bakery.com\/sk\/produkt\/aristarco-as\/\" \/>\n<meta property=\"og:site_name\" content=\"Omega Bakery\" \/>\n<meta property=\"article:modified_time\" content=\"2022-11-07T10:30:35+00:00\" \/>\n<meta property=\"og:image\" content=\"http:\/\/omega-bakery.com\/sk\/wp-content\/uploads\/2021\/04\/kontinualni-1.png\" \/>\n\t<meta property=\"og:image:width\" content=\"533\" \/>\n\t<meta property=\"og:image:height\" content=\"700\" \/>\n<meta name=\"twitter:card\" content=\"summary_large_image\" \/>\n<script type=\"application\/ld+json\" class=\"yoast-schema-graph\">{\"@context\":\"https:\/\/schema.org\",\"@graph\":[{\"@type\":\"WebSite\",\"@id\":\"https:\/\/omega-bakery.com\/sk\/#website\",\"url\":\"https:\/\/omega-bakery.com\/sk\/\",\"name\":\"Omega Bakery\",\"description\":\"Dodavatel stroj\\u016f a za\\u0159\\u00edzen\\u00ed pro pek\\u00e1rny\",\"potentialAction\":[{\"@type\":\"SearchAction\",\"target\":{\"@type\":\"EntryPoint\",\"urlTemplate\":\"https:\/\/omega-bakery.com\/sk\/?s={search_term_string}\"},\"query-input\":\"required name=search_term_string\"}],\"inLanguage\":\"sk-SK\"},{\"@type\":\"ImageObject\",\"@id\":\"https:\/\/omega-bakery.com\/sk\/produkt\/aristarco-as\/#primaryimage\",\"inLanguage\":\"sk-SK\",\"url\":\"https:\/\/omega-bakery.com\/sk\/wp-content\/uploads\/2021\/04\/kontinualni-1.png\",\"contentUrl\":\"https:\/\/omega-bakery.com\/sk\/wp-content\/uploads\/2021\/04\/kontinualni-1.png\",\"width\":533,\"height\":700},{\"@type\":\"WebPage\",\"@id\":\"https:\/\/omega-bakery.com\/sk\/produkt\/aristarco-as\/#webpage\",\"url\":\"https:\/\/omega-bakery.com\/sk\/produkt\/aristarco-as\/\",\"name\":\"Aristarco AS - Omega Bakery\",\"isPartOf\":{\"@id\":\"https:\/\/omega-bakery.com\/sk\/#website\"},\"primaryImageOfPage\":{\"@id\":\"https:\/\/omega-bakery.com\/sk\/produkt\/aristarco-as\/#primaryimage\"},\"datePublished\":\"2021-04-23T14:27:41+00:00\",\"dateModified\":\"2022-11-07T10:30:35+00:00\",\"breadcrumb\":{\"@id\":\"https:\/\/omega-bakery.com\/sk\/produkt\/aristarco-as\/#breadcrumb\"},\"inLanguage\":\"sk-SK\",\"potentialAction\":[{\"@type\":\"ReadAction\",\"target\":[\"https:\/\/omega-bakery.com\/sk\/produkt\/aristarco-as\/\"]}]},{\"@type\":\"BreadcrumbList\",\"@id\":\"https:\/\/omega-bakery.com\/sk\/produkt\/aristarco-as\/#breadcrumb\",\"itemListElement\":[{\"@type\":\"ListItem\",\"position\":1,\"name\":\"Dom\\u016f\",\"item\":\"https:\/\/omega-bakery.com\/sk\/\"},{\"@type\":\"ListItem\",\"position\":2,\"name\":\"Stroje a zariadenia\",\"item\":\"https:\/\/omega-bakery.com\/sk\/stroje-a-zariadenia\/\"},{\"@type\":\"ListItem\",\"position\":3,\"name\":\"Um\\u00fdvacie stroje a \\u010disti\\u010dky\",\"item\":\"https:\/\/omega-bakery.com\/sk\/stroje-a-zarizeni\/umyvacie-stroje-a-cisticky\/\"},{\"@type\":\"ListItem\",\"position\":4,\"name\":\"Podstavn\\u00e9 um\\u00fdva\\u010dky\",\"item\":\"https:\/\/omega-bakery.com\/sk\/stroje-a-zarizeni\/umyvacie-stroje-a-cisticky\/podstavne-umyvacky\/\"},{\"@type\":\"ListItem\",\"position\":5,\"name\":\"Aristarco AS\"}]}]}<\/script>\n<!-- \/ Yoast SEO plugin. -->","yoast_head_json":{"title":"Aristarco AS - Omega Bakery","robots":{"index":"index","follow":"follow","max-snippet":"max-snippet:-1","max-image-preview":"max-image-preview:large","max-video-preview":"max-video-preview:-1"},"canonical":"https:\/\/omega-bakery.com\/sk\/produkt\/aristarco-as\/","og_locale":"sk_SK","og_type":"article","og_title":"Aristarco AS - Omega Bakery","og_description":"Podstavn\u00e1 um\u00fdva\u010dka riadu  Hlavn\u00e9 znaky:   dvojpl\u00e1\u0161\u0165ov\u00e1 - zn\u00ed\u017eenie hluku a \u00faspora tepla  automatick\u00e9 plnenie  poistka dver\u00ed  nastavite\u013en\u00fd termostat z\u00e1sobn\u00edku vody a oplachu  syst\u00e9m termostop  elektromechanick\u00e9 ovl\u00e1dacie prvky  automatick\u00fd d\u00e1vkova\u010d mycieho prostriedku  automatick\u00fd d\u00e1vkova\u010d oplachov\u00e9ho prostriedku  vyp\u00fa\u0161\u0165acie \u010derpadlo    Kapacita: \u00a0\u00a0pre be\u017en\u00fd riad do v\u00fd\u0161ky 340 mm Rozmery (\u0161 x d x v): \u00a0vi\u010f prilo\u017een\u00fd let\u00e1k  &nbsp;  Viac inform\u00e1ci\u00ed o tejto podstavnej um\u00fdva\u010dke n\u00e1jdete v prilo\u017eenom let\u00e1tu TU   [...]Read More...","og_url":"https:\/\/omega-bakery.com\/sk\/produkt\/aristarco-as\/","og_site_name":"Omega Bakery","article_modified_time":"2022-11-07T10:30:35+00:00","og_image":[{"width":533,"height":700,"url":"http:\/\/omega-bakery.com\/sk\/wp-content\/uploads\/2021\/04\/kontinualni-1.png","path":"\/data\/web\/virtuals\/278194\/virtual\/www\/domains\/omega-bakery.com\/sk\/wp-content\/uploads\/2021\/04\/kontinualni-1.png","size":"full","id":476,"alt":"","pixels":373100,"type":"image\/png"}],"twitter_card":"summary_large_image","schema":{"@context":"https:\/\/schema.org","@graph":[{"@type":"WebSite","@id":"https:\/\/omega-bakery.com\/sk\/#website","url":"https:\/\/omega-bakery.com\/sk\/","name":"Omega Bakery","description":"Dodavatel stroj\u016f a za\u0159\u00edzen\u00ed pro pek\u00e1rny","potentialAction":[{"@type":"SearchAction","target":{"@type":"EntryPoint","urlTemplate":"https:\/\/omega-bakery.com\/sk\/?s={search_term_string}"},"query-input":"required name=search_term_string"}],"inLanguage":"sk-SK"},{"@type":"ImageObject","@id":"https:\/\/omega-bakery.com\/sk\/produkt\/aristarco-as\/#primaryimage","inLanguage":"sk-SK","url":"https:\/\/omega-bakery.com\/sk\/wp-content\/uploads\/2021\/04\/kontinualni-1.png","contentUrl":"https:\/\/omega-bakery.com\/sk\/wp-content\/uploads\/2021\/04\/kontinualni-1.png","width":533,"height":700},{"@type":"WebPage","@id":"https:\/\/omega-bakery.com\/sk\/produkt\/aristarco-as\/#webpage","url":"https:\/\/omega-bakery.com\/sk\/produkt\/aristarco-as\/","name":"Aristarco AS - Omega Bakery","isPartOf":{"@id":"https:\/\/omega-bakery.com\/sk\/#website"},"primaryImageOfPage":{"@id":"https:\/\/omega-bakery.com\/sk\/produkt\/aristarco-as\/#primaryimage"},"datePublished":"2021-04-23T14:27:41+00:00","dateModified":"2022-11-07T10:30:35+00:00","breadcrumb":{"@id":"https:\/\/omega-bakery.com\/sk\/produkt\/aristarco-as\/#breadcrumb"},"inLanguage":"sk-SK","potentialAction":[{"@type":"ReadAction","target":["https:\/\/omega-bakery.com\/sk\/produkt\/aristarco-as\/"]}]},{"@type":"BreadcrumbList","@id":"https:\/\/omega-bakery.com\/sk\/produkt\/aristarco-as\/#breadcrumb","itemListElement":[{"@type":"ListItem","position":1,"name":"Dom\u016f","item":"https:\/\/omega-bakery.com\/sk\/"},{"@type":"ListItem","position":2,"name":"Stroje a zariadenia","item":"https:\/\/omega-bakery.com\/sk\/stroje-a-zariadenia\/"},{"@type":"ListItem","position":3,"name":"Um\u00fdvacie stroje a \u010disti\u010dky","item":"https:\/\/omega-bakery.com\/sk\/stroje-a-zarizeni\/umyvacie-stroje-a-cisticky\/"},{"@type":"ListItem","position":4,"name":"Podstavn\u00e9 um\u00fdva\u010dky","item":"https:\/\/omega-bakery.com\/sk\/stroje-a-zarizeni\/umyvacie-stroje-a-cisticky\/podstavne-umyvacky\/"},{"@type":"ListItem","position":5,"name":"Aristarco AS"}]}]}},"_links":{"self":[{"href":"https:\/\/omega-bakery.com\/sk\/wp-json\/wp\/v2\/product\/354"}],"collection":[{"href":"https:\/\/omega-bakery.com\/sk\/wp-json\/wp\/v2\/product"}],"about":[{"href":"https:\/\/omega-bakery.com\/sk\/wp-json\/wp\/v2\/types\/product"}],"wp:featuredmedia":[{"embeddable":true,"href":"https:\/\/omega-bakery.com\/sk\/wp-json\/wp\/v2\/media\/476"}],"wp:attachment":[{"href":"https:\/\/omega-bakery.com\/sk\/wp-json\/wp\/v2\/media?parent=354"}],"curies":[{"name":"wp","href":"https:\/\/api.w.org\/{rel}","templated":true}]}}