{"id":357,"date":"2021-04-23T16:28:14","date_gmt":"2021-04-23T14:28:14","guid":{"rendered":"http:\/\/omega-bakery.com\/sk\/?post_type=product&#038;p=357"},"modified":"2022-11-07T12:42:41","modified_gmt":"2022-11-07T10:42:41","slug":"jeros-9110-9115","status":"publish","type":"product","link":"https:\/\/omega-bakery.com\/sk\/produkt\/jeros-9110-9115\/","title":{"rendered":"Jeros 9110, 9115"},"content":{"rendered":"","protected":false},"excerpt":{"rendered":"<p>Boxov\u00e1 um\u00fdva\u010dka vhodn\u00e1 do prev\u00e1dzok lahodok a cukr\u00e1rn\u00ed pre um\u00fdvanie riadu ako s\u00fa hrnce, p\u00e1nve, kotl\u00edky. Vhodn\u00e1 tie\u017e pre um\u00fdvanie prepravok, plechov, t\u00e1cov atp.<\/p>\n<p><strong>Hlavn\u00e9 znaky:<\/strong><\/p>\n<ul>\n<li>Hygienick\u00fd vzh\u013ead stroja<\/li>\n<li>Samo\u010distiaci &#8222;Duo Micro&#8220; filtra\u010dn\u00fd syst\u00e9m<\/li>\n<li>\u0160etr\u00ed energiu a\u017e o 25%<\/li>\n<li>\u0160etrn\u00fd k \u017eivotn\u00e9mu prostrediu v\u010faka re\u017eimu \u201eEco Wash\u201c<\/li>\n<li>Syst\u00e9m um\u00fdvania \u201ePULS\u201c ako volite\u013en\u00e1 funkcia<\/li>\n<li>Nov\u00fd u\u017e\u00edvate\u013esky pr\u00edvetiv\u00fd ovl\u00e1dac\u00ed panel.<\/li>\n<li>Funkcia automatick\u00e9ho vypnutia<\/li>\n<\/ul>\n<div>\n<div>\n<div><strong>Pr\u00edkon\/pripojenie:<\/strong>\u00a0 \u00a06,5 kW\/400V<\/div>\n<div><strong>Rozmery (\u0161 x d x v)<\/strong><strong>:<\/strong> \u00a0vi\u010f prilo\u017een\u00fd let\u00e1k<\/div>\n<\/div>\n<p>&nbsp;<\/p>\n<div>\n<p>Viac inform\u00e1ci\u00ed o tejto priemyselnej um\u00fdva\u010dke n\u00e1jdete v prilo\u017eenom let\u00e1ku <a href=\"http:\/\/omega-bakery.com\/sk\/wp-content\/uploads\/2021\/05\/myc\u030cky-Jeros-9110-a-9115-0321.pdf\" target=\"_blank\" rel=\"noopener\">TU<\/a><\/p>\n<\/div>\n<\/div>\n<p> [&#8230;]<\/p>\n<p><a class=\"btn btn-secondary understrap-read-more-link\" href=\"https:\/\/omega-bakery.com\/sk\/produkt\/jeros-9110-9115\/\">Read More&#8230;<\/a><\/p>\n","protected":false},"featured_media":1122,"template":"","meta":[],"yoast_head":"<!-- This site is optimized with the Yoast SEO plugin v17.1 - https:\/\/yoast.com\/wordpress\/plugins\/seo\/ -->\n<title>Jeros 9110, 9115 - Omega Bakery<\/title>\n<meta name=\"robots\" content=\"index, follow, max-snippet:-1, max-image-preview:large, max-video-preview:-1\" \/>\n<link rel=\"canonical\" href=\"https:\/\/omega-bakery.com\/sk\/produkt\/jeros-9110-9115\/\" \/>\n<meta property=\"og:locale\" content=\"sk_SK\" \/>\n<meta property=\"og:type\" content=\"article\" \/>\n<meta property=\"og:title\" content=\"Jeros 9110, 9115 - Omega Bakery\" \/>\n<meta property=\"og:description\" content=\"Boxov\u00e1 um\u00fdva\u010dka vhodn\u00e1 do prev\u00e1dzok lahodok a cukr\u00e1rn\u00ed pre um\u00fdvanie riadu ako s\u00fa hrnce, p\u00e1nve, kotl\u00edky. Vhodn\u00e1 tie\u017e pre um\u00fdvanie prepravok, plechov, t\u00e1cov atp.  Hlavn\u00e9 znaky:   Hygienick\u00fd vzh\u013ead stroja  Samo\u010distiaci &quot;Duo Micro&quot; filtra\u010dn\u00fd syst\u00e9m  \u0160etr\u00ed energiu a\u017e o 25%  \u0160etrn\u00fd k \u017eivotn\u00e9mu prostrediu v\u010faka re\u017eimu \u201eEco Wash\u201c  Syst\u00e9m um\u00fdvania \u201ePULS\u201c ako volite\u013en\u00e1 funkcia  Nov\u00fd u\u017e\u00edvate\u013esky pr\u00edvetiv\u00fd ovl\u00e1dac\u00ed panel.  Funkcia automatick\u00e9ho vypnutia    Pr\u00edkon\/pripojenie:\u00a0 \u00a06,5 kW\/400V Rozmery (\u0161 x d x v): \u00a0vi\u010f prilo\u017een\u00fd let\u00e1k  &nbsp;   Viac inform\u00e1ci\u00ed o tejto priemyselnej um\u00fdva\u010dke n\u00e1jdete v prilo\u017eenom let\u00e1ku TU    [...]Read More...\" \/>\n<meta property=\"og:url\" content=\"https:\/\/omega-bakery.com\/sk\/produkt\/jeros-9110-9115\/\" \/>\n<meta property=\"og:site_name\" content=\"Omega Bakery\" \/>\n<meta property=\"article:modified_time\" content=\"2022-11-07T10:42:41+00:00\" \/>\n<meta property=\"og:image\" content=\"http:\/\/omega-bakery.com\/sk\/wp-content\/uploads\/2021\/04\/Jeros-9110-9115.png\" \/>\n\t<meta property=\"og:image:width\" content=\"533\" \/>\n\t<meta property=\"og:image:height\" content=\"700\" \/>\n<meta name=\"twitter:card\" content=\"summary_large_image\" \/>\n<script type=\"application\/ld+json\" class=\"yoast-schema-graph\">{\"@context\":\"https:\/\/schema.org\",\"@graph\":[{\"@type\":\"WebSite\",\"@id\":\"https:\/\/omega-bakery.com\/sk\/#website\",\"url\":\"https:\/\/omega-bakery.com\/sk\/\",\"name\":\"Omega Bakery\",\"description\":\"Dodavatel stroj\\u016f a za\\u0159\\u00edzen\\u00ed pro pek\\u00e1rny\",\"potentialAction\":[{\"@type\":\"SearchAction\",\"target\":{\"@type\":\"EntryPoint\",\"urlTemplate\":\"https:\/\/omega-bakery.com\/sk\/?s={search_term_string}\"},\"query-input\":\"required name=search_term_string\"}],\"inLanguage\":\"sk-SK\"},{\"@type\":\"ImageObject\",\"@id\":\"https:\/\/omega-bakery.com\/sk\/produkt\/jeros-9110-9115\/#primaryimage\",\"inLanguage\":\"sk-SK\",\"url\":\"https:\/\/omega-bakery.com\/sk\/wp-content\/uploads\/2021\/04\/Jeros-9110-9115.png\",\"contentUrl\":\"https:\/\/omega-bakery.com\/sk\/wp-content\/uploads\/2021\/04\/Jeros-9110-9115.png\",\"width\":533,\"height\":700},{\"@type\":\"WebPage\",\"@id\":\"https:\/\/omega-bakery.com\/sk\/produkt\/jeros-9110-9115\/#webpage\",\"url\":\"https:\/\/omega-bakery.com\/sk\/produkt\/jeros-9110-9115\/\",\"name\":\"Jeros 9110, 9115 - Omega Bakery\",\"isPartOf\":{\"@id\":\"https:\/\/omega-bakery.com\/sk\/#website\"},\"primaryImageOfPage\":{\"@id\":\"https:\/\/omega-bakery.com\/sk\/produkt\/jeros-9110-9115\/#primaryimage\"},\"datePublished\":\"2021-04-23T14:28:14+00:00\",\"dateModified\":\"2022-11-07T10:42:41+00:00\",\"breadcrumb\":{\"@id\":\"https:\/\/omega-bakery.com\/sk\/produkt\/jeros-9110-9115\/#breadcrumb\"},\"inLanguage\":\"sk-SK\",\"potentialAction\":[{\"@type\":\"ReadAction\",\"target\":[\"https:\/\/omega-bakery.com\/sk\/produkt\/jeros-9110-9115\/\"]}]},{\"@type\":\"BreadcrumbList\",\"@id\":\"https:\/\/omega-bakery.com\/sk\/produkt\/jeros-9110-9115\/#breadcrumb\",\"itemListElement\":[{\"@type\":\"ListItem\",\"position\":1,\"name\":\"Dom\\u016f\",\"item\":\"https:\/\/omega-bakery.com\/sk\/\"},{\"@type\":\"ListItem\",\"position\":2,\"name\":\"Stroje a zariadenia\",\"item\":\"https:\/\/omega-bakery.com\/sk\/stroje-a-zariadenia\/\"},{\"@type\":\"ListItem\",\"position\":3,\"name\":\"Um\\u00fdvacie stroje a \\u010disti\\u010dky\",\"item\":\"https:\/\/omega-bakery.com\/sk\/stroje-a-zarizeni\/umyvacie-stroje-a-cisticky\/\"},{\"@type\":\"ListItem\",\"position\":4,\"name\":\"Priemyseln\\u00e9 um\\u00fdva\\u010dky\",\"item\":\"https:\/\/omega-bakery.com\/sk\/stroje-a-zarizeni\/umyvacie-stroje-a-cisticky\/priemyselne-umyvacky\/\"},{\"@type\":\"ListItem\",\"position\":5,\"name\":\"Jeros 9110, 9115\"}]}]}<\/script>\n<!-- \/ Yoast SEO plugin. -->","yoast_head_json":{"title":"Jeros 9110, 9115 - Omega Bakery","robots":{"index":"index","follow":"follow","max-snippet":"max-snippet:-1","max-image-preview":"max-image-preview:large","max-video-preview":"max-video-preview:-1"},"canonical":"https:\/\/omega-bakery.com\/sk\/produkt\/jeros-9110-9115\/","og_locale":"sk_SK","og_type":"article","og_title":"Jeros 9110, 9115 - Omega Bakery","og_description":"Boxov\u00e1 um\u00fdva\u010dka vhodn\u00e1 do prev\u00e1dzok lahodok a cukr\u00e1rn\u00ed pre um\u00fdvanie riadu ako s\u00fa hrnce, p\u00e1nve, kotl\u00edky. Vhodn\u00e1 tie\u017e pre um\u00fdvanie prepravok, plechov, t\u00e1cov atp.  Hlavn\u00e9 znaky:   Hygienick\u00fd vzh\u013ead stroja  Samo\u010distiaci \"Duo Micro\" filtra\u010dn\u00fd syst\u00e9m  \u0160etr\u00ed energiu a\u017e o 25%  \u0160etrn\u00fd k \u017eivotn\u00e9mu prostrediu v\u010faka re\u017eimu \u201eEco Wash\u201c  Syst\u00e9m um\u00fdvania \u201ePULS\u201c ako volite\u013en\u00e1 funkcia  Nov\u00fd u\u017e\u00edvate\u013esky pr\u00edvetiv\u00fd ovl\u00e1dac\u00ed panel.  Funkcia automatick\u00e9ho vypnutia    Pr\u00edkon\/pripojenie:\u00a0 \u00a06,5 kW\/400V Rozmery (\u0161 x d x v): \u00a0vi\u010f prilo\u017een\u00fd let\u00e1k  &nbsp;   Viac inform\u00e1ci\u00ed o tejto priemyselnej um\u00fdva\u010dke n\u00e1jdete v prilo\u017eenom let\u00e1ku TU    [...]Read More...","og_url":"https:\/\/omega-bakery.com\/sk\/produkt\/jeros-9110-9115\/","og_site_name":"Omega Bakery","article_modified_time":"2022-11-07T10:42:41+00:00","og_image":[{"width":533,"height":700,"url":"http:\/\/omega-bakery.com\/sk\/wp-content\/uploads\/2021\/04\/Jeros-9110-9115.png","path":"\/data\/web\/virtuals\/278194\/virtual\/www\/domains\/omega-bakery.com\/sk\/wp-content\/uploads\/2021\/04\/Jeros-9110-9115.png","size":"full","id":1122,"alt":"","pixels":373100,"type":"image\/png"}],"twitter_card":"summary_large_image","schema":{"@context":"https:\/\/schema.org","@graph":[{"@type":"WebSite","@id":"https:\/\/omega-bakery.com\/sk\/#website","url":"https:\/\/omega-bakery.com\/sk\/","name":"Omega Bakery","description":"Dodavatel stroj\u016f a za\u0159\u00edzen\u00ed pro pek\u00e1rny","potentialAction":[{"@type":"SearchAction","target":{"@type":"EntryPoint","urlTemplate":"https:\/\/omega-bakery.com\/sk\/?s={search_term_string}"},"query-input":"required name=search_term_string"}],"inLanguage":"sk-SK"},{"@type":"ImageObject","@id":"https:\/\/omega-bakery.com\/sk\/produkt\/jeros-9110-9115\/#primaryimage","inLanguage":"sk-SK","url":"https:\/\/omega-bakery.com\/sk\/wp-content\/uploads\/2021\/04\/Jeros-9110-9115.png","contentUrl":"https:\/\/omega-bakery.com\/sk\/wp-content\/uploads\/2021\/04\/Jeros-9110-9115.png","width":533,"height":700},{"@type":"WebPage","@id":"https:\/\/omega-bakery.com\/sk\/produkt\/jeros-9110-9115\/#webpage","url":"https:\/\/omega-bakery.com\/sk\/produkt\/jeros-9110-9115\/","name":"Jeros 9110, 9115 - Omega Bakery","isPartOf":{"@id":"https:\/\/omega-bakery.com\/sk\/#website"},"primaryImageOfPage":{"@id":"https:\/\/omega-bakery.com\/sk\/produkt\/jeros-9110-9115\/#primaryimage"},"datePublished":"2021-04-23T14:28:14+00:00","dateModified":"2022-11-07T10:42:41+00:00","breadcrumb":{"@id":"https:\/\/omega-bakery.com\/sk\/produkt\/jeros-9110-9115\/#breadcrumb"},"inLanguage":"sk-SK","potentialAction":[{"@type":"ReadAction","target":["https:\/\/omega-bakery.com\/sk\/produkt\/jeros-9110-9115\/"]}]},{"@type":"BreadcrumbList","@id":"https:\/\/omega-bakery.com\/sk\/produkt\/jeros-9110-9115\/#breadcrumb","itemListElement":[{"@type":"ListItem","position":1,"name":"Dom\u016f","item":"https:\/\/omega-bakery.com\/sk\/"},{"@type":"ListItem","position":2,"name":"Stroje a zariadenia","item":"https:\/\/omega-bakery.com\/sk\/stroje-a-zariadenia\/"},{"@type":"ListItem","position":3,"name":"Um\u00fdvacie stroje a \u010disti\u010dky","item":"https:\/\/omega-bakery.com\/sk\/stroje-a-zarizeni\/umyvacie-stroje-a-cisticky\/"},{"@type":"ListItem","position":4,"name":"Priemyseln\u00e9 um\u00fdva\u010dky","item":"https:\/\/omega-bakery.com\/sk\/stroje-a-zarizeni\/umyvacie-stroje-a-cisticky\/priemyselne-umyvacky\/"},{"@type":"ListItem","position":5,"name":"Jeros 9110, 9115"}]}]}},"_links":{"self":[{"href":"https:\/\/omega-bakery.com\/sk\/wp-json\/wp\/v2\/product\/357"}],"collection":[{"href":"https:\/\/omega-bakery.com\/sk\/wp-json\/wp\/v2\/product"}],"about":[{"href":"https:\/\/omega-bakery.com\/sk\/wp-json\/wp\/v2\/types\/product"}],"wp:featuredmedia":[{"embeddable":true,"href":"https:\/\/omega-bakery.com\/sk\/wp-json\/wp\/v2\/media\/1122"}],"wp:attachment":[{"href":"https:\/\/omega-bakery.com\/sk\/wp-json\/wp\/v2\/media?parent=357"}],"curies":[{"name":"wp","href":"https:\/\/api.w.org\/{rel}","templated":true}]}}