{"id":360,"date":"2021-04-23T16:28:44","date_gmt":"2021-04-23T14:28:44","guid":{"rendered":"http:\/\/omega-bakery.com\/sk\/?post_type=product&#038;p=360"},"modified":"2022-11-09T16:02:24","modified_gmt":"2022-11-09T14:02:24","slug":"unikon-eco-modular","status":"publish","type":"product","link":"https:\/\/omega-bakery.com\/sk\/produkt\/unikon-eco-modular\/","title":{"rendered":"Unikon ECO-modular"},"content":{"rendered":"","protected":false},"excerpt":{"rendered":"<p>Unikon ECo-modular je stavebnicov\u00fd syst\u00e9m priebe\u017enej um\u00fdva\u010dky prepraviek, ur\u010den\u00fd ako do priemyseln\u00fdch prev\u00e1dzok, tak i do mal\u00fdch a stredn\u00fdch podnikov. Tento stroj sa v\u00fdborne hod\u00ed na um\u00fdvanie stredne ve\u013ek\u00e9ho a ve\u013ek\u00e9ho mno\u017estva prepravek s priemern\u00fdm stup\u0148om zne\u010distenia. Vodiace li\u0161ty v tunely sa nechaj\u00fa prestavi\u0165 tak, aby bolo mo\u017en\u00e9 umy\u0165 prepravky r\u00f4znych ve\u013ekost\u00ed.<\/p>\n<p><strong>Hlavn\u00e9 znaky:<\/strong><\/p>\n<ul>\n<li>v\u00fdkonn\u00e1<\/li>\n<li>\u00fasporn\u00e1<\/li>\n<li>spo\u013eahliv\u00e1<\/li>\n<li>jednoduch\u00e9 ovl\u00e1danie<\/li>\n<\/ul>\n<div><strong>Kapacita: \u00a0\u00a0<\/strong>200 &#8211; 1800 prepraviek \/ hod &#8211; pod\u013ea zostavy<\/div>\n<div><strong>Rozmery (\u0161 x d x v)<\/strong><strong>:<\/strong>\u00a0 pod\u013ea zadanej kapacity um\u00fdva\u010dky<\/div>\n<p>&nbsp;<\/p>\n<div>\n<p>Viac inform\u00e1ci\u00ed o tejto um\u00fdva\u010dke prepraviek n\u00e1jdete v prilo\u017eenom let\u00e1ku let\u00e1ku <a href=\"http:\/\/omega-bakery.com\/sk\/wp-content\/uploads\/2022\/11\/Unikon-Eco-modular.pdf\" target=\"_blank\" rel=\"noopener\">TU<\/a><\/p>\n<\/div>\n<p> [&#8230;]<\/p>\n<p><a class=\"btn btn-secondary understrap-read-more-link\" href=\"https:\/\/omega-bakery.com\/sk\/produkt\/unikon-eco-modular\/\">Read More&#8230;<\/a><\/p>\n","protected":false},"featured_media":1126,"template":"","meta":[],"yoast_head":"<!-- This site is optimized with the Yoast SEO plugin v17.1 - https:\/\/yoast.com\/wordpress\/plugins\/seo\/ -->\n<title>Unikon ECO-modular - Omega Bakery<\/title>\n<meta name=\"robots\" content=\"index, follow, max-snippet:-1, max-image-preview:large, max-video-preview:-1\" \/>\n<link rel=\"canonical\" href=\"https:\/\/omega-bakery.com\/sk\/produkt\/unikon-eco-modular\/\" \/>\n<meta property=\"og:locale\" content=\"sk_SK\" \/>\n<meta property=\"og:type\" content=\"article\" \/>\n<meta property=\"og:title\" content=\"Unikon ECO-modular - Omega Bakery\" \/>\n<meta property=\"og:description\" content=\"Unikon ECo-modular je stavebnicov\u00fd syst\u00e9m priebe\u017enej um\u00fdva\u010dky prepraviek, ur\u010den\u00fd ako do priemyseln\u00fdch prev\u00e1dzok, tak i do mal\u00fdch a stredn\u00fdch podnikov. Tento stroj sa v\u00fdborne hod\u00ed na um\u00fdvanie stredne ve\u013ek\u00e9ho a ve\u013ek\u00e9ho mno\u017estva prepravek s priemern\u00fdm stup\u0148om zne\u010distenia. Vodiace li\u0161ty v tunely sa nechaj\u00fa prestavi\u0165 tak, aby bolo mo\u017en\u00e9 umy\u0165 prepravky r\u00f4znych ve\u013ekost\u00ed.  Hlavn\u00e9 znaky:   v\u00fdkonn\u00e1  \u00fasporn\u00e1  spo\u013eahliv\u00e1  jednoduch\u00e9 ovl\u00e1danie  Kapacita: \u00a0\u00a0200 - 1800 prepraviek \/ hod - pod\u013ea zostavy Rozmery (\u0161 x d x v):\u00a0 pod\u013ea zadanej kapacity um\u00fdva\u010dky &nbsp;   Viac inform\u00e1ci\u00ed o tejto um\u00fdva\u010dke prepraviek n\u00e1jdete v prilo\u017eenom let\u00e1ku let\u00e1ku TU   [...]Read More...\" \/>\n<meta property=\"og:url\" content=\"https:\/\/omega-bakery.com\/sk\/produkt\/unikon-eco-modular\/\" \/>\n<meta property=\"og:site_name\" content=\"Omega Bakery\" \/>\n<meta property=\"article:modified_time\" content=\"2022-11-09T14:02:24+00:00\" \/>\n<meta property=\"og:image\" content=\"http:\/\/omega-bakery.com\/sk\/wp-content\/uploads\/2021\/04\/Unikon-UNW-1.png\" \/>\n\t<meta property=\"og:image:width\" content=\"533\" \/>\n\t<meta property=\"og:image:height\" content=\"700\" \/>\n<meta name=\"twitter:card\" content=\"summary_large_image\" \/>\n<script type=\"application\/ld+json\" class=\"yoast-schema-graph\">{\"@context\":\"https:\/\/schema.org\",\"@graph\":[{\"@type\":\"WebSite\",\"@id\":\"https:\/\/omega-bakery.com\/sk\/#website\",\"url\":\"https:\/\/omega-bakery.com\/sk\/\",\"name\":\"Omega Bakery\",\"description\":\"Dodavatel stroj\\u016f a za\\u0159\\u00edzen\\u00ed pro pek\\u00e1rny\",\"potentialAction\":[{\"@type\":\"SearchAction\",\"target\":{\"@type\":\"EntryPoint\",\"urlTemplate\":\"https:\/\/omega-bakery.com\/sk\/?s={search_term_string}\"},\"query-input\":\"required name=search_term_string\"}],\"inLanguage\":\"sk-SK\"},{\"@type\":\"ImageObject\",\"@id\":\"https:\/\/omega-bakery.com\/sk\/produkt\/unikon-eco-modular\/#primaryimage\",\"inLanguage\":\"sk-SK\",\"url\":\"https:\/\/omega-bakery.com\/sk\/wp-content\/uploads\/2021\/04\/Unikon-UNW-1.png\",\"contentUrl\":\"https:\/\/omega-bakery.com\/sk\/wp-content\/uploads\/2021\/04\/Unikon-UNW-1.png\",\"width\":533,\"height\":700},{\"@type\":\"WebPage\",\"@id\":\"https:\/\/omega-bakery.com\/sk\/produkt\/unikon-eco-modular\/#webpage\",\"url\":\"https:\/\/omega-bakery.com\/sk\/produkt\/unikon-eco-modular\/\",\"name\":\"Unikon ECO-modular - Omega Bakery\",\"isPartOf\":{\"@id\":\"https:\/\/omega-bakery.com\/sk\/#website\"},\"primaryImageOfPage\":{\"@id\":\"https:\/\/omega-bakery.com\/sk\/produkt\/unikon-eco-modular\/#primaryimage\"},\"datePublished\":\"2021-04-23T14:28:44+00:00\",\"dateModified\":\"2022-11-09T14:02:24+00:00\",\"breadcrumb\":{\"@id\":\"https:\/\/omega-bakery.com\/sk\/produkt\/unikon-eco-modular\/#breadcrumb\"},\"inLanguage\":\"sk-SK\",\"potentialAction\":[{\"@type\":\"ReadAction\",\"target\":[\"https:\/\/omega-bakery.com\/sk\/produkt\/unikon-eco-modular\/\"]}]},{\"@type\":\"BreadcrumbList\",\"@id\":\"https:\/\/omega-bakery.com\/sk\/produkt\/unikon-eco-modular\/#breadcrumb\",\"itemListElement\":[{\"@type\":\"ListItem\",\"position\":1,\"name\":\"Dom\\u016f\",\"item\":\"https:\/\/omega-bakery.com\/sk\/\"},{\"@type\":\"ListItem\",\"position\":2,\"name\":\"Stroje a zariadenia\",\"item\":\"https:\/\/omega-bakery.com\/sk\/stroje-a-zariadenia\/\"},{\"@type\":\"ListItem\",\"position\":3,\"name\":\"Um\\u00fdvacie stroje a \\u010disti\\u010dky\",\"item\":\"https:\/\/omega-bakery.com\/sk\/stroje-a-zarizeni\/umyvacie-stroje-a-cisticky\/\"},{\"@type\":\"ListItem\",\"position\":4,\"name\":\"Um\\u00fdva\\u010dky prepraviek\",\"item\":\"https:\/\/omega-bakery.com\/sk\/stroje-a-zarizeni\/umyvacie-stroje-a-cisticky\/umyvacky-prepraviek\/\"},{\"@type\":\"ListItem\",\"position\":5,\"name\":\"Unikon ECO-modular\"}]}]}<\/script>\n<!-- \/ Yoast SEO plugin. -->","yoast_head_json":{"title":"Unikon ECO-modular - Omega Bakery","robots":{"index":"index","follow":"follow","max-snippet":"max-snippet:-1","max-image-preview":"max-image-preview:large","max-video-preview":"max-video-preview:-1"},"canonical":"https:\/\/omega-bakery.com\/sk\/produkt\/unikon-eco-modular\/","og_locale":"sk_SK","og_type":"article","og_title":"Unikon ECO-modular - Omega Bakery","og_description":"Unikon ECo-modular je stavebnicov\u00fd syst\u00e9m priebe\u017enej um\u00fdva\u010dky prepraviek, ur\u010den\u00fd ako do priemyseln\u00fdch prev\u00e1dzok, tak i do mal\u00fdch a stredn\u00fdch podnikov. Tento stroj sa v\u00fdborne hod\u00ed na um\u00fdvanie stredne ve\u013ek\u00e9ho a ve\u013ek\u00e9ho mno\u017estva prepravek s priemern\u00fdm stup\u0148om zne\u010distenia. Vodiace li\u0161ty v tunely sa nechaj\u00fa prestavi\u0165 tak, aby bolo mo\u017en\u00e9 umy\u0165 prepravky r\u00f4znych ve\u013ekost\u00ed.  Hlavn\u00e9 znaky:   v\u00fdkonn\u00e1  \u00fasporn\u00e1  spo\u013eahliv\u00e1  jednoduch\u00e9 ovl\u00e1danie  Kapacita: \u00a0\u00a0200 - 1800 prepraviek \/ hod - pod\u013ea zostavy Rozmery (\u0161 x d x v):\u00a0 pod\u013ea zadanej kapacity um\u00fdva\u010dky &nbsp;   Viac inform\u00e1ci\u00ed o tejto um\u00fdva\u010dke prepraviek n\u00e1jdete v prilo\u017eenom let\u00e1ku let\u00e1ku TU   [...]Read More...","og_url":"https:\/\/omega-bakery.com\/sk\/produkt\/unikon-eco-modular\/","og_site_name":"Omega Bakery","article_modified_time":"2022-11-09T14:02:24+00:00","og_image":[{"width":533,"height":700,"url":"http:\/\/omega-bakery.com\/sk\/wp-content\/uploads\/2021\/04\/Unikon-UNW-1.png","path":"\/data\/web\/virtuals\/278194\/virtual\/www\/domains\/omega-bakery.com\/sk\/wp-content\/uploads\/2021\/04\/Unikon-UNW-1.png","size":"full","id":1126,"alt":"","pixels":373100,"type":"image\/png"}],"twitter_card":"summary_large_image","schema":{"@context":"https:\/\/schema.org","@graph":[{"@type":"WebSite","@id":"https:\/\/omega-bakery.com\/sk\/#website","url":"https:\/\/omega-bakery.com\/sk\/","name":"Omega Bakery","description":"Dodavatel stroj\u016f a za\u0159\u00edzen\u00ed pro pek\u00e1rny","potentialAction":[{"@type":"SearchAction","target":{"@type":"EntryPoint","urlTemplate":"https:\/\/omega-bakery.com\/sk\/?s={search_term_string}"},"query-input":"required name=search_term_string"}],"inLanguage":"sk-SK"},{"@type":"ImageObject","@id":"https:\/\/omega-bakery.com\/sk\/produkt\/unikon-eco-modular\/#primaryimage","inLanguage":"sk-SK","url":"https:\/\/omega-bakery.com\/sk\/wp-content\/uploads\/2021\/04\/Unikon-UNW-1.png","contentUrl":"https:\/\/omega-bakery.com\/sk\/wp-content\/uploads\/2021\/04\/Unikon-UNW-1.png","width":533,"height":700},{"@type":"WebPage","@id":"https:\/\/omega-bakery.com\/sk\/produkt\/unikon-eco-modular\/#webpage","url":"https:\/\/omega-bakery.com\/sk\/produkt\/unikon-eco-modular\/","name":"Unikon ECO-modular - Omega Bakery","isPartOf":{"@id":"https:\/\/omega-bakery.com\/sk\/#website"},"primaryImageOfPage":{"@id":"https:\/\/omega-bakery.com\/sk\/produkt\/unikon-eco-modular\/#primaryimage"},"datePublished":"2021-04-23T14:28:44+00:00","dateModified":"2022-11-09T14:02:24+00:00","breadcrumb":{"@id":"https:\/\/omega-bakery.com\/sk\/produkt\/unikon-eco-modular\/#breadcrumb"},"inLanguage":"sk-SK","potentialAction":[{"@type":"ReadAction","target":["https:\/\/omega-bakery.com\/sk\/produkt\/unikon-eco-modular\/"]}]},{"@type":"BreadcrumbList","@id":"https:\/\/omega-bakery.com\/sk\/produkt\/unikon-eco-modular\/#breadcrumb","itemListElement":[{"@type":"ListItem","position":1,"name":"Dom\u016f","item":"https:\/\/omega-bakery.com\/sk\/"},{"@type":"ListItem","position":2,"name":"Stroje a zariadenia","item":"https:\/\/omega-bakery.com\/sk\/stroje-a-zariadenia\/"},{"@type":"ListItem","position":3,"name":"Um\u00fdvacie stroje a \u010disti\u010dky","item":"https:\/\/omega-bakery.com\/sk\/stroje-a-zarizeni\/umyvacie-stroje-a-cisticky\/"},{"@type":"ListItem","position":4,"name":"Um\u00fdva\u010dky prepraviek","item":"https:\/\/omega-bakery.com\/sk\/stroje-a-zarizeni\/umyvacie-stroje-a-cisticky\/umyvacky-prepraviek\/"},{"@type":"ListItem","position":5,"name":"Unikon ECO-modular"}]}]}},"_links":{"self":[{"href":"https:\/\/omega-bakery.com\/sk\/wp-json\/wp\/v2\/product\/360"}],"collection":[{"href":"https:\/\/omega-bakery.com\/sk\/wp-json\/wp\/v2\/product"}],"about":[{"href":"https:\/\/omega-bakery.com\/sk\/wp-json\/wp\/v2\/types\/product"}],"wp:featuredmedia":[{"embeddable":true,"href":"https:\/\/omega-bakery.com\/sk\/wp-json\/wp\/v2\/media\/1126"}],"wp:attachment":[{"href":"https:\/\/omega-bakery.com\/sk\/wp-json\/wp\/v2\/media?parent=360"}],"curies":[{"name":"wp","href":"https:\/\/api.w.org\/{rel}","templated":true}]}}