{"id":361,"date":"2021-04-23T16:29:08","date_gmt":"2021-04-23T14:29:08","guid":{"rendered":"http:\/\/omega-bakery.com\/sk\/?post_type=product&#038;p=361"},"modified":"2022-11-09T15:54:57","modified_gmt":"2022-11-09T13:54:57","slug":"unikon-ecobasic","status":"publish","type":"product","link":"https:\/\/omega-bakery.com\/sk\/produkt\/unikon-ecobasic\/","title":{"rendered":"Unikon Ecobasic"},"content":{"rendered":"","protected":false},"excerpt":{"rendered":"<p>Priebe\u017en\u00e1 um\u00fdva\u010dka prepraviek Unikon Ecobasic je obzvl\u00e1\u0161\u0165 ur\u010den\u00e1 pre men\u0161ie prev\u00e1dzky.\u00a0 V\u0161etky komponenty: hlavn\u00e1 mycia sekcia, oplachov\u00e1 sekcia a dopravn\u00edk s\u00fa nerezov\u00e9 a ve\u013emi jednoducho sa udr\u017euj\u00fa.<\/p>\n<p><strong>Hlavn\u00e9 znaky<\/strong><\/p>\n<ul>\n<li>mobiln\u00e1<\/li>\n<li>jednoduch\u00e9 ovl\u00e1danie<\/li>\n<\/ul>\n<div>\n<div>\n<div><strong>Kapacita: \u00a0\u00a0<\/strong>50 prepraviek \/ hod<\/div>\n<div><strong>Spotreba vody:<\/strong>\u00a0 cca 100 &#8211; 150 l \/ hod<\/div>\n<div><strong>Pr\u00edkon: \u00a0 <\/strong>13 kW<\/div>\n<div><strong>Rozmery (\u0161 x d x v)<\/strong><strong>:<\/strong> 2000 x 800 x 1590 mm<\/div>\n<\/div>\n<p>&nbsp;<\/p>\n<div>\n<p>Viac inform\u00e1ci\u00ed o tejto um\u00fdva\u010dke prepraviek n\u00e1jdete v prilo\u017eenom let\u00e1ku <a href=\"http:\/\/omega-bakery.com\/sk\/wp-content\/uploads\/2022\/11\/Unikon-Ecobasic.pdf\" target=\"_blank\" rel=\"noopener\">TU<\/a><\/p>\n<\/div>\n<\/div>\n<p> [&#8230;]<\/p>\n<p><a class=\"btn btn-secondary understrap-read-more-link\" href=\"https:\/\/omega-bakery.com\/sk\/produkt\/unikon-ecobasic\/\">Read More&#8230;<\/a><\/p>\n","protected":false},"featured_media":1324,"template":"","meta":[],"yoast_head":"<!-- This site is optimized with the Yoast SEO plugin v17.1 - https:\/\/yoast.com\/wordpress\/plugins\/seo\/ -->\n<title>Unikon Ecobasic - Omega Bakery<\/title>\n<meta name=\"robots\" content=\"index, follow, max-snippet:-1, max-image-preview:large, max-video-preview:-1\" \/>\n<link rel=\"canonical\" href=\"https:\/\/omega-bakery.com\/sk\/produkt\/unikon-ecobasic\/\" \/>\n<meta property=\"og:locale\" content=\"sk_SK\" \/>\n<meta property=\"og:type\" content=\"article\" \/>\n<meta property=\"og:title\" content=\"Unikon Ecobasic - Omega Bakery\" \/>\n<meta property=\"og:description\" content=\"Priebe\u017en\u00e1 um\u00fdva\u010dka prepraviek Unikon Ecobasic je obzvl\u00e1\u0161\u0165 ur\u010den\u00e1 pre men\u0161ie prev\u00e1dzky.\u00a0 V\u0161etky komponenty: hlavn\u00e1 mycia sekcia, oplachov\u00e1 sekcia a dopravn\u00edk s\u00fa nerezov\u00e9 a ve\u013emi jednoducho sa udr\u017euj\u00fa.  Hlavn\u00e9 znaky   mobiln\u00e1  jednoduch\u00e9 ovl\u00e1danie    Kapacita: \u00a0\u00a050 prepraviek \/ hod Spotreba vody:\u00a0 cca 100 - 150 l \/ hod Pr\u00edkon: \u00a0 13 kW Rozmery (\u0161 x d x v): 2000 x 800 x 1590 mm  &nbsp;   Viac inform\u00e1ci\u00ed o tejto um\u00fdva\u010dke prepraviek n\u00e1jdete v prilo\u017eenom let\u00e1ku TU    [...]Read More...\" \/>\n<meta property=\"og:url\" content=\"https:\/\/omega-bakery.com\/sk\/produkt\/unikon-ecobasic\/\" \/>\n<meta property=\"og:site_name\" content=\"Omega Bakery\" \/>\n<meta property=\"article:modified_time\" content=\"2022-11-09T13:54:57+00:00\" \/>\n<meta property=\"og:image\" content=\"http:\/\/omega-bakery.com\/sk\/wp-content\/uploads\/2021\/04\/ECOBASIC-1.jpg\" \/>\n\t<meta property=\"og:image:width\" content=\"540\" \/>\n\t<meta property=\"og:image:height\" content=\"555\" \/>\n<meta name=\"twitter:card\" content=\"summary_large_image\" \/>\n<script type=\"application\/ld+json\" class=\"yoast-schema-graph\">{\"@context\":\"https:\/\/schema.org\",\"@graph\":[{\"@type\":\"WebSite\",\"@id\":\"https:\/\/omega-bakery.com\/sk\/#website\",\"url\":\"https:\/\/omega-bakery.com\/sk\/\",\"name\":\"Omega Bakery\",\"description\":\"Dodavatel stroj\\u016f a za\\u0159\\u00edzen\\u00ed pro pek\\u00e1rny\",\"potentialAction\":[{\"@type\":\"SearchAction\",\"target\":{\"@type\":\"EntryPoint\",\"urlTemplate\":\"https:\/\/omega-bakery.com\/sk\/?s={search_term_string}\"},\"query-input\":\"required name=search_term_string\"}],\"inLanguage\":\"sk-SK\"},{\"@type\":\"ImageObject\",\"@id\":\"https:\/\/omega-bakery.com\/sk\/produkt\/unikon-ecobasic\/#primaryimage\",\"inLanguage\":\"sk-SK\",\"url\":\"https:\/\/omega-bakery.com\/sk\/wp-content\/uploads\/2021\/04\/ECOBASIC-1.jpg\",\"contentUrl\":\"https:\/\/omega-bakery.com\/sk\/wp-content\/uploads\/2021\/04\/ECOBASIC-1.jpg\",\"width\":540,\"height\":555},{\"@type\":\"WebPage\",\"@id\":\"https:\/\/omega-bakery.com\/sk\/produkt\/unikon-ecobasic\/#webpage\",\"url\":\"https:\/\/omega-bakery.com\/sk\/produkt\/unikon-ecobasic\/\",\"name\":\"Unikon Ecobasic - Omega Bakery\",\"isPartOf\":{\"@id\":\"https:\/\/omega-bakery.com\/sk\/#website\"},\"primaryImageOfPage\":{\"@id\":\"https:\/\/omega-bakery.com\/sk\/produkt\/unikon-ecobasic\/#primaryimage\"},\"datePublished\":\"2021-04-23T14:29:08+00:00\",\"dateModified\":\"2022-11-09T13:54:57+00:00\",\"breadcrumb\":{\"@id\":\"https:\/\/omega-bakery.com\/sk\/produkt\/unikon-ecobasic\/#breadcrumb\"},\"inLanguage\":\"sk-SK\",\"potentialAction\":[{\"@type\":\"ReadAction\",\"target\":[\"https:\/\/omega-bakery.com\/sk\/produkt\/unikon-ecobasic\/\"]}]},{\"@type\":\"BreadcrumbList\",\"@id\":\"https:\/\/omega-bakery.com\/sk\/produkt\/unikon-ecobasic\/#breadcrumb\",\"itemListElement\":[{\"@type\":\"ListItem\",\"position\":1,\"name\":\"Dom\\u016f\",\"item\":\"https:\/\/omega-bakery.com\/sk\/\"},{\"@type\":\"ListItem\",\"position\":2,\"name\":\"Stroje a zariadenia\",\"item\":\"https:\/\/omega-bakery.com\/sk\/stroje-a-zariadenia\/\"},{\"@type\":\"ListItem\",\"position\":3,\"name\":\"Um\\u00fdvacie stroje a \\u010disti\\u010dky\",\"item\":\"https:\/\/omega-bakery.com\/sk\/stroje-a-zarizeni\/umyvacie-stroje-a-cisticky\/\"},{\"@type\":\"ListItem\",\"position\":4,\"name\":\"Um\\u00fdva\\u010dky prepraviek\",\"item\":\"https:\/\/omega-bakery.com\/sk\/stroje-a-zarizeni\/umyvacie-stroje-a-cisticky\/umyvacky-prepraviek\/\"},{\"@type\":\"ListItem\",\"position\":5,\"name\":\"Unikon Ecobasic\"}]}]}<\/script>\n<!-- \/ Yoast SEO plugin. -->","yoast_head_json":{"title":"Unikon Ecobasic - Omega Bakery","robots":{"index":"index","follow":"follow","max-snippet":"max-snippet:-1","max-image-preview":"max-image-preview:large","max-video-preview":"max-video-preview:-1"},"canonical":"https:\/\/omega-bakery.com\/sk\/produkt\/unikon-ecobasic\/","og_locale":"sk_SK","og_type":"article","og_title":"Unikon Ecobasic - Omega Bakery","og_description":"Priebe\u017en\u00e1 um\u00fdva\u010dka prepraviek Unikon Ecobasic je obzvl\u00e1\u0161\u0165 ur\u010den\u00e1 pre men\u0161ie prev\u00e1dzky.\u00a0 V\u0161etky komponenty: hlavn\u00e1 mycia sekcia, oplachov\u00e1 sekcia a dopravn\u00edk s\u00fa nerezov\u00e9 a ve\u013emi jednoducho sa udr\u017euj\u00fa.  Hlavn\u00e9 znaky   mobiln\u00e1  jednoduch\u00e9 ovl\u00e1danie    Kapacita: \u00a0\u00a050 prepraviek \/ hod Spotreba vody:\u00a0 cca 100 - 150 l \/ hod Pr\u00edkon: \u00a0 13 kW Rozmery (\u0161 x d x v): 2000 x 800 x 1590 mm  &nbsp;   Viac inform\u00e1ci\u00ed o tejto um\u00fdva\u010dke prepraviek n\u00e1jdete v prilo\u017eenom let\u00e1ku TU    [...]Read More...","og_url":"https:\/\/omega-bakery.com\/sk\/produkt\/unikon-ecobasic\/","og_site_name":"Omega Bakery","article_modified_time":"2022-11-09T13:54:57+00:00","og_image":[{"width":540,"height":555,"url":"http:\/\/omega-bakery.com\/sk\/wp-content\/uploads\/2021\/04\/ECOBASIC-1.jpg","path":"\/data\/web\/virtuals\/278194\/virtual\/www\/domains\/omega-bakery.com\/sk\/wp-content\/uploads\/2021\/04\/ECOBASIC-1.jpg","size":"full","id":1324,"alt":"","pixels":299700,"type":"image\/jpeg"}],"twitter_card":"summary_large_image","schema":{"@context":"https:\/\/schema.org","@graph":[{"@type":"WebSite","@id":"https:\/\/omega-bakery.com\/sk\/#website","url":"https:\/\/omega-bakery.com\/sk\/","name":"Omega Bakery","description":"Dodavatel stroj\u016f a za\u0159\u00edzen\u00ed pro pek\u00e1rny","potentialAction":[{"@type":"SearchAction","target":{"@type":"EntryPoint","urlTemplate":"https:\/\/omega-bakery.com\/sk\/?s={search_term_string}"},"query-input":"required name=search_term_string"}],"inLanguage":"sk-SK"},{"@type":"ImageObject","@id":"https:\/\/omega-bakery.com\/sk\/produkt\/unikon-ecobasic\/#primaryimage","inLanguage":"sk-SK","url":"https:\/\/omega-bakery.com\/sk\/wp-content\/uploads\/2021\/04\/ECOBASIC-1.jpg","contentUrl":"https:\/\/omega-bakery.com\/sk\/wp-content\/uploads\/2021\/04\/ECOBASIC-1.jpg","width":540,"height":555},{"@type":"WebPage","@id":"https:\/\/omega-bakery.com\/sk\/produkt\/unikon-ecobasic\/#webpage","url":"https:\/\/omega-bakery.com\/sk\/produkt\/unikon-ecobasic\/","name":"Unikon Ecobasic - Omega Bakery","isPartOf":{"@id":"https:\/\/omega-bakery.com\/sk\/#website"},"primaryImageOfPage":{"@id":"https:\/\/omega-bakery.com\/sk\/produkt\/unikon-ecobasic\/#primaryimage"},"datePublished":"2021-04-23T14:29:08+00:00","dateModified":"2022-11-09T13:54:57+00:00","breadcrumb":{"@id":"https:\/\/omega-bakery.com\/sk\/produkt\/unikon-ecobasic\/#breadcrumb"},"inLanguage":"sk-SK","potentialAction":[{"@type":"ReadAction","target":["https:\/\/omega-bakery.com\/sk\/produkt\/unikon-ecobasic\/"]}]},{"@type":"BreadcrumbList","@id":"https:\/\/omega-bakery.com\/sk\/produkt\/unikon-ecobasic\/#breadcrumb","itemListElement":[{"@type":"ListItem","position":1,"name":"Dom\u016f","item":"https:\/\/omega-bakery.com\/sk\/"},{"@type":"ListItem","position":2,"name":"Stroje a zariadenia","item":"https:\/\/omega-bakery.com\/sk\/stroje-a-zariadenia\/"},{"@type":"ListItem","position":3,"name":"Um\u00fdvacie stroje a \u010disti\u010dky","item":"https:\/\/omega-bakery.com\/sk\/stroje-a-zarizeni\/umyvacie-stroje-a-cisticky\/"},{"@type":"ListItem","position":4,"name":"Um\u00fdva\u010dky prepraviek","item":"https:\/\/omega-bakery.com\/sk\/stroje-a-zarizeni\/umyvacie-stroje-a-cisticky\/umyvacky-prepraviek\/"},{"@type":"ListItem","position":5,"name":"Unikon Ecobasic"}]}]}},"_links":{"self":[{"href":"https:\/\/omega-bakery.com\/sk\/wp-json\/wp\/v2\/product\/361"}],"collection":[{"href":"https:\/\/omega-bakery.com\/sk\/wp-json\/wp\/v2\/product"}],"about":[{"href":"https:\/\/omega-bakery.com\/sk\/wp-json\/wp\/v2\/types\/product"}],"wp:featuredmedia":[{"embeddable":true,"href":"https:\/\/omega-bakery.com\/sk\/wp-json\/wp\/v2\/media\/1324"}],"wp:attachment":[{"href":"https:\/\/omega-bakery.com\/sk\/wp-json\/wp\/v2\/media?parent=361"}],"curies":[{"name":"wp","href":"https:\/\/api.w.org\/{rel}","templated":true}]}}