{"id":365,"date":"2021-04-23T16:30:29","date_gmt":"2021-04-23T14:30:29","guid":{"rendered":"http:\/\/omega-bakery.com\/sk\/?post_type=product&#038;p=365"},"modified":"2024-10-31T12:31:46","modified_gmt":"2024-10-31T10:31:46","slug":"kysiaren-atrepan-na-voziky","status":"publish","type":"product","link":"https:\/\/omega-bakery.com\/sk\/produkt\/kysiaren-atrepan-na-voziky\/","title":{"rendered":"Kysiare\u0148 Atrepan na voz\u00edky"},"content":{"rendered":"","protected":false},"excerpt":{"rendered":"<div>\n<p class=\"rtejustify\">Modulov\u00e9 kysiarne, vyroben\u00e9 aj na mieru pod\u013ea po\u017eiadaviek z\u00e1kazn\u00edka zo sendvi\u010dov\u00fdch izola\u010dn\u00fdch panelov hr. 50 mm. Panely s\u00fa spojen\u00e9 syst\u00e9mom pero dr\u00e1\u017eka, excentrick\u00fdmi z\u00e1mkami a plechov\u00fdmi profilmi. Mo\u017enos\u0165 jedno alebo dvojkr\u00eddlov\u00fdch dver\u00ed.<\/p>\n<p>Prevedenie z nerezovej ocele AISI 304 &#8211; br\u00fasen\u00fd povrch,\u00a0 alebo lakovan\u00fd hlin\u00edk<\/p>\n<p>Volite\u013ene i priechodn\u00e9 prevedenie.<\/p>\n<\/div>\n<div>\n<p>Viac inform\u00e1ci\u00ed o tejto kysiarni n\u00e1jdete v prilo\u017eenom let\u00e1ku <a href=\"http:\/\/omega-bakery.com\/sk\/wp-content\/uploads\/2021\/04\/kynarna-Atrepan-0823.pdf\" target=\"_blank\" rel=\"noopener\">TU<\/a><\/p>\n<\/div>\n<p> [&#8230;]<\/p>\n<p><a class=\"btn btn-secondary understrap-read-more-link\" href=\"https:\/\/omega-bakery.com\/sk\/produkt\/kysiaren-atrepan-na-voziky\/\">Read More&#8230;<\/a><\/p>\n","protected":false},"featured_media":650,"template":"","meta":[],"yoast_head":"<!-- This site is optimized with the Yoast SEO plugin v17.1 - https:\/\/yoast.com\/wordpress\/plugins\/seo\/ -->\n<title>Kysiare\u0148 Atrepan na voz\u00edky - Omega Bakery<\/title>\n<meta name=\"robots\" content=\"index, follow, max-snippet:-1, max-image-preview:large, max-video-preview:-1\" \/>\n<link rel=\"canonical\" href=\"https:\/\/omega-bakery.com\/sk\/produkt\/kysiaren-atrepan-na-voziky\/\" \/>\n<meta property=\"og:locale\" content=\"sk_SK\" \/>\n<meta property=\"og:type\" content=\"article\" \/>\n<meta property=\"og:title\" content=\"Kysiare\u0148 Atrepan na voz\u00edky - Omega Bakery\" \/>\n<meta property=\"og:description\" content=\"Modulov\u00e9 kysiarne, vyroben\u00e9 aj na mieru pod\u013ea po\u017eiadaviek z\u00e1kazn\u00edka zo sendvi\u010dov\u00fdch izola\u010dn\u00fdch panelov hr. 50 mm. Panely s\u00fa spojen\u00e9 syst\u00e9mom pero dr\u00e1\u017eka, excentrick\u00fdmi z\u00e1mkami a plechov\u00fdmi profilmi. Mo\u017enos\u0165 jedno alebo dvojkr\u00eddlov\u00fdch dver\u00ed. Prevedenie z nerezovej ocele AISI 304 - br\u00fasen\u00fd povrch,\u00a0 alebo lakovan\u00fd hlin\u00edk  Volite\u013ene i priechodn\u00e9 prevedenie.     Viac inform\u00e1ci\u00ed o tejto kysiarni n\u00e1jdete v prilo\u017eenom let\u00e1ku TU   [...]Read More...\" \/>\n<meta property=\"og:url\" content=\"https:\/\/omega-bakery.com\/sk\/produkt\/kysiaren-atrepan-na-voziky\/\" \/>\n<meta property=\"og:site_name\" content=\"Omega Bakery\" \/>\n<meta property=\"article:modified_time\" content=\"2024-10-31T10:31:46+00:00\" \/>\n<meta property=\"og:image\" content=\"http:\/\/omega-bakery.com\/sk\/wp-content\/uploads\/2021\/04\/Kyna\u0301rna-Atrepan.png\" \/>\n\t<meta property=\"og:image:width\" content=\"533\" \/>\n\t<meta property=\"og:image:height\" content=\"700\" \/>\n<meta name=\"twitter:card\" content=\"summary_large_image\" \/>\n<script type=\"application\/ld+json\" class=\"yoast-schema-graph\">{\"@context\":\"https:\/\/schema.org\",\"@graph\":[{\"@type\":\"WebSite\",\"@id\":\"https:\/\/omega-bakery.com\/sk\/#website\",\"url\":\"https:\/\/omega-bakery.com\/sk\/\",\"name\":\"Omega Bakery\",\"description\":\"Dodavatel stroj\\u016f a za\\u0159\\u00edzen\\u00ed pro pek\\u00e1rny\",\"potentialAction\":[{\"@type\":\"SearchAction\",\"target\":{\"@type\":\"EntryPoint\",\"urlTemplate\":\"https:\/\/omega-bakery.com\/sk\/?s={search_term_string}\"},\"query-input\":\"required name=search_term_string\"}],\"inLanguage\":\"sk-SK\"},{\"@type\":\"ImageObject\",\"@id\":\"https:\/\/omega-bakery.com\/sk\/produkt\/kysiaren-atrepan-na-voziky\/#primaryimage\",\"inLanguage\":\"sk-SK\",\"url\":\"https:\/\/omega-bakery.com\/sk\/wp-content\/uploads\/2021\/04\/Kyna\\u0301rna-Atrepan.png\",\"contentUrl\":\"https:\/\/omega-bakery.com\/sk\/wp-content\/uploads\/2021\/04\/Kyna\\u0301rna-Atrepan.png\",\"width\":533,\"height\":700},{\"@type\":\"WebPage\",\"@id\":\"https:\/\/omega-bakery.com\/sk\/produkt\/kysiaren-atrepan-na-voziky\/#webpage\",\"url\":\"https:\/\/omega-bakery.com\/sk\/produkt\/kysiaren-atrepan-na-voziky\/\",\"name\":\"Kysiare\\u0148 Atrepan na voz\\u00edky - Omega Bakery\",\"isPartOf\":{\"@id\":\"https:\/\/omega-bakery.com\/sk\/#website\"},\"primaryImageOfPage\":{\"@id\":\"https:\/\/omega-bakery.com\/sk\/produkt\/kysiaren-atrepan-na-voziky\/#primaryimage\"},\"datePublished\":\"2021-04-23T14:30:29+00:00\",\"dateModified\":\"2024-10-31T10:31:46+00:00\",\"breadcrumb\":{\"@id\":\"https:\/\/omega-bakery.com\/sk\/produkt\/kysiaren-atrepan-na-voziky\/#breadcrumb\"},\"inLanguage\":\"sk-SK\",\"potentialAction\":[{\"@type\":\"ReadAction\",\"target\":[\"https:\/\/omega-bakery.com\/sk\/produkt\/kysiaren-atrepan-na-voziky\/\"]}]},{\"@type\":\"BreadcrumbList\",\"@id\":\"https:\/\/omega-bakery.com\/sk\/produkt\/kysiaren-atrepan-na-voziky\/#breadcrumb\",\"itemListElement\":[{\"@type\":\"ListItem\",\"position\":1,\"name\":\"Dom\\u016f\",\"item\":\"https:\/\/omega-bakery.com\/sk\/\"},{\"@type\":\"ListItem\",\"position\":2,\"name\":\"Stroje a zariadenia\",\"item\":\"https:\/\/omega-bakery.com\/sk\/stroje-a-zariadenia\/\"},{\"@type\":\"ListItem\",\"position\":3,\"name\":\"Kysiarne, kombinovan\\u00e9 kysiarne a \\u0161okov\\u00e9 chladenie\",\"item\":\"https:\/\/omega-bakery.com\/sk\/stroje-a-zarizeni\/kysiarne-kombinovane-kysiarne-a-sokove-chladenie\/\"},{\"@type\":\"ListItem\",\"position\":4,\"name\":\"Kysiarne a kombinovan\\u00e9 kysiarne\",\"item\":\"https:\/\/omega-bakery.com\/sk\/stroje-a-zarizeni\/kysiarne-kombinovane-kysiarne-a-sokove-chladenie\/kysiarne-a-kombinovane-kysiarne\/\"},{\"@type\":\"ListItem\",\"position\":5,\"name\":\"Kysiare\\u0148 Atrepan na voz\\u00edky\"}]}]}<\/script>\n<!-- \/ Yoast SEO plugin. -->","yoast_head_json":{"title":"Kysiare\u0148 Atrepan na voz\u00edky - Omega Bakery","robots":{"index":"index","follow":"follow","max-snippet":"max-snippet:-1","max-image-preview":"max-image-preview:large","max-video-preview":"max-video-preview:-1"},"canonical":"https:\/\/omega-bakery.com\/sk\/produkt\/kysiaren-atrepan-na-voziky\/","og_locale":"sk_SK","og_type":"article","og_title":"Kysiare\u0148 Atrepan na voz\u00edky - Omega Bakery","og_description":"Modulov\u00e9 kysiarne, vyroben\u00e9 aj na mieru pod\u013ea po\u017eiadaviek z\u00e1kazn\u00edka zo sendvi\u010dov\u00fdch izola\u010dn\u00fdch panelov hr. 50 mm. Panely s\u00fa spojen\u00e9 syst\u00e9mom pero dr\u00e1\u017eka, excentrick\u00fdmi z\u00e1mkami a plechov\u00fdmi profilmi. Mo\u017enos\u0165 jedno alebo dvojkr\u00eddlov\u00fdch dver\u00ed. Prevedenie z nerezovej ocele AISI 304 - br\u00fasen\u00fd povrch,\u00a0 alebo lakovan\u00fd hlin\u00edk  Volite\u013ene i priechodn\u00e9 prevedenie.     Viac inform\u00e1ci\u00ed o tejto kysiarni n\u00e1jdete v prilo\u017eenom let\u00e1ku TU   [...]Read More...","og_url":"https:\/\/omega-bakery.com\/sk\/produkt\/kysiaren-atrepan-na-voziky\/","og_site_name":"Omega Bakery","article_modified_time":"2024-10-31T10:31:46+00:00","og_image":[{"width":533,"height":700,"url":"http:\/\/omega-bakery.com\/sk\/wp-content\/uploads\/2021\/04\/Kyna\u0301rna-Atrepan.png","path":"\/data\/web\/virtuals\/278194\/virtual\/www\/domains\/omega-bakery.com\/sk\/wp-content\/uploads\/2021\/04\/Kyna\u0301rna-Atrepan.png","size":"full","id":650,"alt":"","pixels":373100,"type":"image\/png"}],"twitter_card":"summary_large_image","schema":{"@context":"https:\/\/schema.org","@graph":[{"@type":"WebSite","@id":"https:\/\/omega-bakery.com\/sk\/#website","url":"https:\/\/omega-bakery.com\/sk\/","name":"Omega Bakery","description":"Dodavatel stroj\u016f a za\u0159\u00edzen\u00ed pro pek\u00e1rny","potentialAction":[{"@type":"SearchAction","target":{"@type":"EntryPoint","urlTemplate":"https:\/\/omega-bakery.com\/sk\/?s={search_term_string}"},"query-input":"required name=search_term_string"}],"inLanguage":"sk-SK"},{"@type":"ImageObject","@id":"https:\/\/omega-bakery.com\/sk\/produkt\/kysiaren-atrepan-na-voziky\/#primaryimage","inLanguage":"sk-SK","url":"https:\/\/omega-bakery.com\/sk\/wp-content\/uploads\/2021\/04\/Kyna\u0301rna-Atrepan.png","contentUrl":"https:\/\/omega-bakery.com\/sk\/wp-content\/uploads\/2021\/04\/Kyna\u0301rna-Atrepan.png","width":533,"height":700},{"@type":"WebPage","@id":"https:\/\/omega-bakery.com\/sk\/produkt\/kysiaren-atrepan-na-voziky\/#webpage","url":"https:\/\/omega-bakery.com\/sk\/produkt\/kysiaren-atrepan-na-voziky\/","name":"Kysiare\u0148 Atrepan na voz\u00edky - Omega Bakery","isPartOf":{"@id":"https:\/\/omega-bakery.com\/sk\/#website"},"primaryImageOfPage":{"@id":"https:\/\/omega-bakery.com\/sk\/produkt\/kysiaren-atrepan-na-voziky\/#primaryimage"},"datePublished":"2021-04-23T14:30:29+00:00","dateModified":"2024-10-31T10:31:46+00:00","breadcrumb":{"@id":"https:\/\/omega-bakery.com\/sk\/produkt\/kysiaren-atrepan-na-voziky\/#breadcrumb"},"inLanguage":"sk-SK","potentialAction":[{"@type":"ReadAction","target":["https:\/\/omega-bakery.com\/sk\/produkt\/kysiaren-atrepan-na-voziky\/"]}]},{"@type":"BreadcrumbList","@id":"https:\/\/omega-bakery.com\/sk\/produkt\/kysiaren-atrepan-na-voziky\/#breadcrumb","itemListElement":[{"@type":"ListItem","position":1,"name":"Dom\u016f","item":"https:\/\/omega-bakery.com\/sk\/"},{"@type":"ListItem","position":2,"name":"Stroje a zariadenia","item":"https:\/\/omega-bakery.com\/sk\/stroje-a-zariadenia\/"},{"@type":"ListItem","position":3,"name":"Kysiarne, kombinovan\u00e9 kysiarne a \u0161okov\u00e9 chladenie","item":"https:\/\/omega-bakery.com\/sk\/stroje-a-zarizeni\/kysiarne-kombinovane-kysiarne-a-sokove-chladenie\/"},{"@type":"ListItem","position":4,"name":"Kysiarne a kombinovan\u00e9 kysiarne","item":"https:\/\/omega-bakery.com\/sk\/stroje-a-zarizeni\/kysiarne-kombinovane-kysiarne-a-sokove-chladenie\/kysiarne-a-kombinovane-kysiarne\/"},{"@type":"ListItem","position":5,"name":"Kysiare\u0148 Atrepan na voz\u00edky"}]}]}},"_links":{"self":[{"href":"https:\/\/omega-bakery.com\/sk\/wp-json\/wp\/v2\/product\/365"}],"collection":[{"href":"https:\/\/omega-bakery.com\/sk\/wp-json\/wp\/v2\/product"}],"about":[{"href":"https:\/\/omega-bakery.com\/sk\/wp-json\/wp\/v2\/types\/product"}],"wp:featuredmedia":[{"embeddable":true,"href":"https:\/\/omega-bakery.com\/sk\/wp-json\/wp\/v2\/media\/650"}],"wp:attachment":[{"href":"https:\/\/omega-bakery.com\/sk\/wp-json\/wp\/v2\/media?parent=365"}],"curies":[{"name":"wp","href":"https:\/\/api.w.org\/{rel}","templated":true}]}}