{"id":374,"date":"2021-04-23T16:33:20","date_gmt":"2021-04-23T14:33:20","guid":{"rendered":"http:\/\/omega-bakery.com\/sk\/?post_type=product&#038;p=374"},"modified":"2022-11-07T14:02:01","modified_gmt":"2022-11-07T12:02:01","slug":"nerezove-pracovne-stoly-a-drezy","status":"publish","type":"product","link":"https:\/\/omega-bakery.com\/sk\/produkt\/nerezove-pracovne-stoly-a-drezy\/","title":{"rendered":"Nerezov\u00e9 pracovn\u00e9 stoly a drezy"},"content":{"rendered":"","protected":false},"excerpt":{"rendered":"<p><strong>Hlavn\u00e9 znaky:<\/strong><\/p>\n<ul>\n<li>rozmery pod\u013ea zadania z\u00e1kazn\u00edka<\/li>\n<li>Pracovn\u00e1 doska volite\u013en\u00e1 z:\n<ul>\n<li>Buk<\/li>\n<li>Nerez<\/li>\n<\/ul>\n<\/li>\n<\/ul>\n<ul>\n<li><strong>Volite\u013en\u00e1:<\/strong>\n<ul>\n<li>Polica nerezov\u00e1 pln\u00e1 alebo ro\u0161tov\u00e1<\/li>\n<li>Z\u00e1suvky pod pracovn\u00fa dosku<\/li>\n<li>Z\u00e1suvkov\u00fd blok<\/li>\n<li>V\u00fdrez do pracovnej dosky pre drez<\/li>\n<li>Z\u00e1suvky na plechy, prepravky<\/li>\n<li>Na kolieskach<\/li>\n<li>drez &#8211; um\u00fdvac\u00ed stol<\/li>\n<\/ul>\n<\/li>\n<\/ul>\n<div>\n<p>Viac inform\u00e1ci\u00ed o pracovn\u00fdch stoloch a drezoch z\u00edskate u na\u0161ich obchodn\u00fdch z\u00e1stupcov.<\/p>\n<\/div>\n<p> [&#8230;]<\/p>\n<p><a class=\"btn btn-secondary understrap-read-more-link\" href=\"https:\/\/omega-bakery.com\/sk\/produkt\/nerezove-pracovne-stoly-a-drezy\/\">Read More&#8230;<\/a><\/p>\n","protected":false},"featured_media":498,"template":"","meta":[],"yoast_head":"<!-- This site is optimized with the Yoast SEO plugin v17.1 - https:\/\/yoast.com\/wordpress\/plugins\/seo\/ -->\n<title>Nerezov\u00e9 pracovn\u00e9 stoly a drezy - Omega Bakery<\/title>\n<meta name=\"robots\" content=\"index, follow, max-snippet:-1, max-image-preview:large, max-video-preview:-1\" \/>\n<link rel=\"canonical\" href=\"https:\/\/omega-bakery.com\/sk\/produkt\/nerezove-pracovne-stoly-a-drezy\/\" \/>\n<meta property=\"og:locale\" content=\"sk_SK\" \/>\n<meta property=\"og:type\" content=\"article\" \/>\n<meta property=\"og:title\" content=\"Nerezov\u00e9 pracovn\u00e9 stoly a drezy - Omega Bakery\" \/>\n<meta property=\"og:description\" content=\"Hlavn\u00e9 znaky:   rozmery pod\u013ea zadania z\u00e1kazn\u00edka  Pracovn\u00e1 doska volite\u013en\u00e1 z:   Buk  Nerez      Volite\u013en\u00e1:   Polica nerezov\u00e1 pln\u00e1 alebo ro\u0161tov\u00e1  Z\u00e1suvky pod pracovn\u00fa dosku  Z\u00e1suvkov\u00fd blok  V\u00fdrez do pracovnej dosky pre drez  Z\u00e1suvky na plechy, prepravky  Na kolieskach  drez - um\u00fdvac\u00ed stol      Viac inform\u00e1ci\u00ed o pracovn\u00fdch stoloch a drezoch z\u00edskate u na\u0161ich obchodn\u00fdch z\u00e1stupcov.   [...]Read More...\" \/>\n<meta property=\"og:url\" content=\"https:\/\/omega-bakery.com\/sk\/produkt\/nerezove-pracovne-stoly-a-drezy\/\" \/>\n<meta property=\"og:site_name\" content=\"Omega Bakery\" \/>\n<meta property=\"article:modified_time\" content=\"2022-11-07T12:02:01+00:00\" \/>\n<meta property=\"og:image\" content=\"http:\/\/omega-bakery.com\/sk\/wp-content\/uploads\/2021\/04\/Nerezove\u0301-pracovni\u0301-stoly-a-dr\u030cezy.png\" \/>\n\t<meta property=\"og:image:width\" content=\"533\" \/>\n\t<meta property=\"og:image:height\" content=\"700\" \/>\n<meta name=\"twitter:card\" content=\"summary_large_image\" \/>\n<script type=\"application\/ld+json\" class=\"yoast-schema-graph\">{\"@context\":\"https:\/\/schema.org\",\"@graph\":[{\"@type\":\"WebSite\",\"@id\":\"https:\/\/omega-bakery.com\/sk\/#website\",\"url\":\"https:\/\/omega-bakery.com\/sk\/\",\"name\":\"Omega Bakery\",\"description\":\"Dodavatel stroj\\u016f a za\\u0159\\u00edzen\\u00ed pro pek\\u00e1rny\",\"potentialAction\":[{\"@type\":\"SearchAction\",\"target\":{\"@type\":\"EntryPoint\",\"urlTemplate\":\"https:\/\/omega-bakery.com\/sk\/?s={search_term_string}\"},\"query-input\":\"required name=search_term_string\"}],\"inLanguage\":\"sk-SK\"},{\"@type\":\"ImageObject\",\"@id\":\"https:\/\/omega-bakery.com\/sk\/produkt\/nerezove-pracovne-stoly-a-drezy\/#primaryimage\",\"inLanguage\":\"sk-SK\",\"url\":\"https:\/\/omega-bakery.com\/sk\/wp-content\/uploads\/2021\/04\/Nerezove\\u0301-pracovni\\u0301-stoly-a-dr\\u030cezy.png\",\"contentUrl\":\"https:\/\/omega-bakery.com\/sk\/wp-content\/uploads\/2021\/04\/Nerezove\\u0301-pracovni\\u0301-stoly-a-dr\\u030cezy.png\",\"width\":533,\"height\":700},{\"@type\":\"WebPage\",\"@id\":\"https:\/\/omega-bakery.com\/sk\/produkt\/nerezove-pracovne-stoly-a-drezy\/#webpage\",\"url\":\"https:\/\/omega-bakery.com\/sk\/produkt\/nerezove-pracovne-stoly-a-drezy\/\",\"name\":\"Nerezov\\u00e9 pracovn\\u00e9 stoly a drezy - Omega Bakery\",\"isPartOf\":{\"@id\":\"https:\/\/omega-bakery.com\/sk\/#website\"},\"primaryImageOfPage\":{\"@id\":\"https:\/\/omega-bakery.com\/sk\/produkt\/nerezove-pracovne-stoly-a-drezy\/#primaryimage\"},\"datePublished\":\"2021-04-23T14:33:20+00:00\",\"dateModified\":\"2022-11-07T12:02:01+00:00\",\"breadcrumb\":{\"@id\":\"https:\/\/omega-bakery.com\/sk\/produkt\/nerezove-pracovne-stoly-a-drezy\/#breadcrumb\"},\"inLanguage\":\"sk-SK\",\"potentialAction\":[{\"@type\":\"ReadAction\",\"target\":[\"https:\/\/omega-bakery.com\/sk\/produkt\/nerezove-pracovne-stoly-a-drezy\/\"]}]},{\"@type\":\"BreadcrumbList\",\"@id\":\"https:\/\/omega-bakery.com\/sk\/produkt\/nerezove-pracovne-stoly-a-drezy\/#breadcrumb\",\"itemListElement\":[{\"@type\":\"ListItem\",\"position\":1,\"name\":\"Dom\\u016f\",\"item\":\"https:\/\/omega-bakery.com\/sk\/\"},{\"@type\":\"ListItem\",\"position\":2,\"name\":\"Stroje a zariadenia\",\"item\":\"https:\/\/omega-bakery.com\/sk\/stroje-a-zariadenia\/\"},{\"@type\":\"ListItem\",\"position\":3,\"name\":\"Doplnky\",\"item\":\"http:\/\/omega-bakery.com\/sk\/stroje-a-zarizeni\/doplnky\/\"},{\"@type\":\"ListItem\",\"position\":4,\"name\":\"Nerezov\\u00fd n\\u00e1bytok\",\"item\":\"https:\/\/omega-bakery.com\/sk\/stroje-a-zarizeni\/doplnky\/nerezovy-nabytok\/\"},{\"@type\":\"ListItem\",\"position\":5,\"name\":\"Nerezov\\u00e9 pracovn\\u00e9 stoly a drezy\"}]}]}<\/script>\n<!-- \/ Yoast SEO plugin. -->","yoast_head_json":{"title":"Nerezov\u00e9 pracovn\u00e9 stoly a drezy - Omega Bakery","robots":{"index":"index","follow":"follow","max-snippet":"max-snippet:-1","max-image-preview":"max-image-preview:large","max-video-preview":"max-video-preview:-1"},"canonical":"https:\/\/omega-bakery.com\/sk\/produkt\/nerezove-pracovne-stoly-a-drezy\/","og_locale":"sk_SK","og_type":"article","og_title":"Nerezov\u00e9 pracovn\u00e9 stoly a drezy - Omega Bakery","og_description":"Hlavn\u00e9 znaky:   rozmery pod\u013ea zadania z\u00e1kazn\u00edka  Pracovn\u00e1 doska volite\u013en\u00e1 z:   Buk  Nerez      Volite\u013en\u00e1:   Polica nerezov\u00e1 pln\u00e1 alebo ro\u0161tov\u00e1  Z\u00e1suvky pod pracovn\u00fa dosku  Z\u00e1suvkov\u00fd blok  V\u00fdrez do pracovnej dosky pre drez  Z\u00e1suvky na plechy, prepravky  Na kolieskach  drez - um\u00fdvac\u00ed stol      Viac inform\u00e1ci\u00ed o pracovn\u00fdch stoloch a drezoch z\u00edskate u na\u0161ich obchodn\u00fdch z\u00e1stupcov.   [...]Read More...","og_url":"https:\/\/omega-bakery.com\/sk\/produkt\/nerezove-pracovne-stoly-a-drezy\/","og_site_name":"Omega Bakery","article_modified_time":"2022-11-07T12:02:01+00:00","og_image":[{"width":533,"height":700,"url":"http:\/\/omega-bakery.com\/sk\/wp-content\/uploads\/2021\/04\/Nerezove\u0301-pracovni\u0301-stoly-a-dr\u030cezy.png","path":"\/data\/web\/virtuals\/278194\/virtual\/www\/domains\/omega-bakery.com\/sk\/wp-content\/uploads\/2021\/04\/Nerezove\u0301-pracovni\u0301-stoly-a-dr\u030cezy.png","size":"full","id":498,"alt":"","pixels":373100,"type":"image\/png"}],"twitter_card":"summary_large_image","schema":{"@context":"https:\/\/schema.org","@graph":[{"@type":"WebSite","@id":"https:\/\/omega-bakery.com\/sk\/#website","url":"https:\/\/omega-bakery.com\/sk\/","name":"Omega Bakery","description":"Dodavatel stroj\u016f a za\u0159\u00edzen\u00ed pro pek\u00e1rny","potentialAction":[{"@type":"SearchAction","target":{"@type":"EntryPoint","urlTemplate":"https:\/\/omega-bakery.com\/sk\/?s={search_term_string}"},"query-input":"required name=search_term_string"}],"inLanguage":"sk-SK"},{"@type":"ImageObject","@id":"https:\/\/omega-bakery.com\/sk\/produkt\/nerezove-pracovne-stoly-a-drezy\/#primaryimage","inLanguage":"sk-SK","url":"https:\/\/omega-bakery.com\/sk\/wp-content\/uploads\/2021\/04\/Nerezove\u0301-pracovni\u0301-stoly-a-dr\u030cezy.png","contentUrl":"https:\/\/omega-bakery.com\/sk\/wp-content\/uploads\/2021\/04\/Nerezove\u0301-pracovni\u0301-stoly-a-dr\u030cezy.png","width":533,"height":700},{"@type":"WebPage","@id":"https:\/\/omega-bakery.com\/sk\/produkt\/nerezove-pracovne-stoly-a-drezy\/#webpage","url":"https:\/\/omega-bakery.com\/sk\/produkt\/nerezove-pracovne-stoly-a-drezy\/","name":"Nerezov\u00e9 pracovn\u00e9 stoly a drezy - Omega Bakery","isPartOf":{"@id":"https:\/\/omega-bakery.com\/sk\/#website"},"primaryImageOfPage":{"@id":"https:\/\/omega-bakery.com\/sk\/produkt\/nerezove-pracovne-stoly-a-drezy\/#primaryimage"},"datePublished":"2021-04-23T14:33:20+00:00","dateModified":"2022-11-07T12:02:01+00:00","breadcrumb":{"@id":"https:\/\/omega-bakery.com\/sk\/produkt\/nerezove-pracovne-stoly-a-drezy\/#breadcrumb"},"inLanguage":"sk-SK","potentialAction":[{"@type":"ReadAction","target":["https:\/\/omega-bakery.com\/sk\/produkt\/nerezove-pracovne-stoly-a-drezy\/"]}]},{"@type":"BreadcrumbList","@id":"https:\/\/omega-bakery.com\/sk\/produkt\/nerezove-pracovne-stoly-a-drezy\/#breadcrumb","itemListElement":[{"@type":"ListItem","position":1,"name":"Dom\u016f","item":"https:\/\/omega-bakery.com\/sk\/"},{"@type":"ListItem","position":2,"name":"Stroje a zariadenia","item":"https:\/\/omega-bakery.com\/sk\/stroje-a-zariadenia\/"},{"@type":"ListItem","position":3,"name":"Doplnky","item":"http:\/\/omega-bakery.com\/sk\/stroje-a-zarizeni\/doplnky\/"},{"@type":"ListItem","position":4,"name":"Nerezov\u00fd n\u00e1bytok","item":"https:\/\/omega-bakery.com\/sk\/stroje-a-zarizeni\/doplnky\/nerezovy-nabytok\/"},{"@type":"ListItem","position":5,"name":"Nerezov\u00e9 pracovn\u00e9 stoly a drezy"}]}]}},"_links":{"self":[{"href":"https:\/\/omega-bakery.com\/sk\/wp-json\/wp\/v2\/product\/374"}],"collection":[{"href":"https:\/\/omega-bakery.com\/sk\/wp-json\/wp\/v2\/product"}],"about":[{"href":"https:\/\/omega-bakery.com\/sk\/wp-json\/wp\/v2\/types\/product"}],"wp:featuredmedia":[{"embeddable":true,"href":"https:\/\/omega-bakery.com\/sk\/wp-json\/wp\/v2\/media\/498"}],"wp:attachment":[{"href":"https:\/\/omega-bakery.com\/sk\/wp-json\/wp\/v2\/media?parent=374"}],"curies":[{"name":"wp","href":"https:\/\/api.w.org\/{rel}","templated":true}]}}