{"id":375,"date":"2021-04-23T16:33:40","date_gmt":"2021-04-23T14:33:40","guid":{"rendered":"http:\/\/omega-bakery.com\/sk\/?post_type=product&#038;p=375"},"modified":"2021-11-04T14:06:32","modified_gmt":"2021-11-04T12:06:32","slug":"nerezove-police-regale","status":"publish","type":"product","link":"https:\/\/omega-bakery.com\/sk\/produkt\/nerezove-police-regale\/","title":{"rendered":"Nerezov\u00e9 police, reg\u00e1le"},"content":{"rendered":"","protected":false},"excerpt":{"rendered":"<p><strong>Nerezov\u00e9 police alebo reg\u00e1le pod\u013ea zadania z\u00e1kazn\u00edka.<\/strong><\/p>\n<div>\n<p>Viac inform\u00e1ci\u00ed z\u00edskate u na\u0161ich obchodn\u00fdch z\u00e1stupcov.<\/p>\n<\/div>\n<div><\/div>\n<p> [&#8230;]<\/p>\n<p><a class=\"btn btn-secondary understrap-read-more-link\" href=\"https:\/\/omega-bakery.com\/sk\/produkt\/nerezove-police-regale\/\">Read More&#8230;<\/a><\/p>\n","protected":false},"featured_media":496,"template":"","meta":[],"yoast_head":"<!-- This site is optimized with the Yoast SEO plugin v17.1 - https:\/\/yoast.com\/wordpress\/plugins\/seo\/ -->\n<title>Nerezov\u00e9 police, reg\u00e1le - Omega Bakery<\/title>\n<meta name=\"robots\" content=\"index, follow, max-snippet:-1, max-image-preview:large, max-video-preview:-1\" \/>\n<link rel=\"canonical\" href=\"https:\/\/omega-bakery.com\/sk\/produkt\/nerezove-police-regale\/\" \/>\n<meta property=\"og:locale\" content=\"sk_SK\" \/>\n<meta property=\"og:type\" content=\"article\" \/>\n<meta property=\"og:title\" content=\"Nerezov\u00e9 police, reg\u00e1le - Omega Bakery\" \/>\n<meta property=\"og:description\" content=\"Nerezov\u00e9 police alebo reg\u00e1le pod\u013ea zadania z\u00e1kazn\u00edka.   Viac inform\u00e1ci\u00ed z\u00edskate u na\u0161ich obchodn\u00fdch z\u00e1stupcov.    [...]Read More...\" \/>\n<meta property=\"og:url\" content=\"https:\/\/omega-bakery.com\/sk\/produkt\/nerezove-police-regale\/\" \/>\n<meta property=\"og:site_name\" content=\"Omega Bakery\" \/>\n<meta property=\"article:modified_time\" content=\"2021-11-04T12:06:32+00:00\" \/>\n<meta property=\"og:image\" content=\"http:\/\/omega-bakery.com\/sk\/wp-content\/uploads\/2021\/04\/Nerezove\u0301-police-rega\u0301ly.png\" \/>\n\t<meta property=\"og:image:width\" content=\"533\" \/>\n\t<meta property=\"og:image:height\" content=\"700\" \/>\n<meta name=\"twitter:card\" content=\"summary_large_image\" \/>\n<script type=\"application\/ld+json\" class=\"yoast-schema-graph\">{\"@context\":\"https:\/\/schema.org\",\"@graph\":[{\"@type\":\"WebSite\",\"@id\":\"https:\/\/omega-bakery.com\/sk\/#website\",\"url\":\"https:\/\/omega-bakery.com\/sk\/\",\"name\":\"Omega Bakery\",\"description\":\"Dodavatel stroj\\u016f a za\\u0159\\u00edzen\\u00ed pro pek\\u00e1rny\",\"potentialAction\":[{\"@type\":\"SearchAction\",\"target\":{\"@type\":\"EntryPoint\",\"urlTemplate\":\"https:\/\/omega-bakery.com\/sk\/?s={search_term_string}\"},\"query-input\":\"required name=search_term_string\"}],\"inLanguage\":\"sk-SK\"},{\"@type\":\"ImageObject\",\"@id\":\"https:\/\/omega-bakery.com\/sk\/produkt\/nerezove-police-regale\/#primaryimage\",\"inLanguage\":\"sk-SK\",\"url\":\"https:\/\/omega-bakery.com\/sk\/wp-content\/uploads\/2021\/04\/Nerezove\\u0301-police-rega\\u0301ly.png\",\"contentUrl\":\"https:\/\/omega-bakery.com\/sk\/wp-content\/uploads\/2021\/04\/Nerezove\\u0301-police-rega\\u0301ly.png\",\"width\":533,\"height\":700},{\"@type\":\"WebPage\",\"@id\":\"https:\/\/omega-bakery.com\/sk\/produkt\/nerezove-police-regale\/#webpage\",\"url\":\"https:\/\/omega-bakery.com\/sk\/produkt\/nerezove-police-regale\/\",\"name\":\"Nerezov\\u00e9 police, reg\\u00e1le - Omega Bakery\",\"isPartOf\":{\"@id\":\"https:\/\/omega-bakery.com\/sk\/#website\"},\"primaryImageOfPage\":{\"@id\":\"https:\/\/omega-bakery.com\/sk\/produkt\/nerezove-police-regale\/#primaryimage\"},\"datePublished\":\"2021-04-23T14:33:40+00:00\",\"dateModified\":\"2021-11-04T12:06:32+00:00\",\"breadcrumb\":{\"@id\":\"https:\/\/omega-bakery.com\/sk\/produkt\/nerezove-police-regale\/#breadcrumb\"},\"inLanguage\":\"sk-SK\",\"potentialAction\":[{\"@type\":\"ReadAction\",\"target\":[\"https:\/\/omega-bakery.com\/sk\/produkt\/nerezove-police-regale\/\"]}]},{\"@type\":\"BreadcrumbList\",\"@id\":\"https:\/\/omega-bakery.com\/sk\/produkt\/nerezove-police-regale\/#breadcrumb\",\"itemListElement\":[{\"@type\":\"ListItem\",\"position\":1,\"name\":\"Dom\\u016f\",\"item\":\"https:\/\/omega-bakery.com\/sk\/\"},{\"@type\":\"ListItem\",\"position\":2,\"name\":\"Stroje a zariadenia\",\"item\":\"https:\/\/omega-bakery.com\/sk\/stroje-a-zariadenia\/\"},{\"@type\":\"ListItem\",\"position\":3,\"name\":\"Doplnky\",\"item\":\"http:\/\/omega-bakery.com\/sk\/stroje-a-zarizeni\/doplnky\/\"},{\"@type\":\"ListItem\",\"position\":4,\"name\":\"Nerezov\\u00fd n\\u00e1bytok\",\"item\":\"https:\/\/omega-bakery.com\/sk\/stroje-a-zarizeni\/doplnky\/nerezovy-nabytok\/\"},{\"@type\":\"ListItem\",\"position\":5,\"name\":\"Nerezov\\u00e9 police, reg\\u00e1le\"}]}]}<\/script>\n<!-- \/ Yoast SEO plugin. -->","yoast_head_json":{"title":"Nerezov\u00e9 police, reg\u00e1le - Omega Bakery","robots":{"index":"index","follow":"follow","max-snippet":"max-snippet:-1","max-image-preview":"max-image-preview:large","max-video-preview":"max-video-preview:-1"},"canonical":"https:\/\/omega-bakery.com\/sk\/produkt\/nerezove-police-regale\/","og_locale":"sk_SK","og_type":"article","og_title":"Nerezov\u00e9 police, reg\u00e1le - Omega Bakery","og_description":"Nerezov\u00e9 police alebo reg\u00e1le pod\u013ea zadania z\u00e1kazn\u00edka.   Viac inform\u00e1ci\u00ed z\u00edskate u na\u0161ich obchodn\u00fdch z\u00e1stupcov.    [...]Read More...","og_url":"https:\/\/omega-bakery.com\/sk\/produkt\/nerezove-police-regale\/","og_site_name":"Omega Bakery","article_modified_time":"2021-11-04T12:06:32+00:00","og_image":[{"width":533,"height":700,"url":"http:\/\/omega-bakery.com\/sk\/wp-content\/uploads\/2021\/04\/Nerezove\u0301-police-rega\u0301ly.png","path":"\/data\/web\/virtuals\/278194\/virtual\/www\/domains\/omega-bakery.com\/sk\/wp-content\/uploads\/2021\/04\/Nerezove\u0301-police-rega\u0301ly.png","size":"full","id":496,"alt":"","pixels":373100,"type":"image\/png"}],"twitter_card":"summary_large_image","schema":{"@context":"https:\/\/schema.org","@graph":[{"@type":"WebSite","@id":"https:\/\/omega-bakery.com\/sk\/#website","url":"https:\/\/omega-bakery.com\/sk\/","name":"Omega Bakery","description":"Dodavatel stroj\u016f a za\u0159\u00edzen\u00ed pro pek\u00e1rny","potentialAction":[{"@type":"SearchAction","target":{"@type":"EntryPoint","urlTemplate":"https:\/\/omega-bakery.com\/sk\/?s={search_term_string}"},"query-input":"required name=search_term_string"}],"inLanguage":"sk-SK"},{"@type":"ImageObject","@id":"https:\/\/omega-bakery.com\/sk\/produkt\/nerezove-police-regale\/#primaryimage","inLanguage":"sk-SK","url":"https:\/\/omega-bakery.com\/sk\/wp-content\/uploads\/2021\/04\/Nerezove\u0301-police-rega\u0301ly.png","contentUrl":"https:\/\/omega-bakery.com\/sk\/wp-content\/uploads\/2021\/04\/Nerezove\u0301-police-rega\u0301ly.png","width":533,"height":700},{"@type":"WebPage","@id":"https:\/\/omega-bakery.com\/sk\/produkt\/nerezove-police-regale\/#webpage","url":"https:\/\/omega-bakery.com\/sk\/produkt\/nerezove-police-regale\/","name":"Nerezov\u00e9 police, reg\u00e1le - Omega Bakery","isPartOf":{"@id":"https:\/\/omega-bakery.com\/sk\/#website"},"primaryImageOfPage":{"@id":"https:\/\/omega-bakery.com\/sk\/produkt\/nerezove-police-regale\/#primaryimage"},"datePublished":"2021-04-23T14:33:40+00:00","dateModified":"2021-11-04T12:06:32+00:00","breadcrumb":{"@id":"https:\/\/omega-bakery.com\/sk\/produkt\/nerezove-police-regale\/#breadcrumb"},"inLanguage":"sk-SK","potentialAction":[{"@type":"ReadAction","target":["https:\/\/omega-bakery.com\/sk\/produkt\/nerezove-police-regale\/"]}]},{"@type":"BreadcrumbList","@id":"https:\/\/omega-bakery.com\/sk\/produkt\/nerezove-police-regale\/#breadcrumb","itemListElement":[{"@type":"ListItem","position":1,"name":"Dom\u016f","item":"https:\/\/omega-bakery.com\/sk\/"},{"@type":"ListItem","position":2,"name":"Stroje a zariadenia","item":"https:\/\/omega-bakery.com\/sk\/stroje-a-zariadenia\/"},{"@type":"ListItem","position":3,"name":"Doplnky","item":"http:\/\/omega-bakery.com\/sk\/stroje-a-zarizeni\/doplnky\/"},{"@type":"ListItem","position":4,"name":"Nerezov\u00fd n\u00e1bytok","item":"https:\/\/omega-bakery.com\/sk\/stroje-a-zarizeni\/doplnky\/nerezovy-nabytok\/"},{"@type":"ListItem","position":5,"name":"Nerezov\u00e9 police, reg\u00e1le"}]}]}},"_links":{"self":[{"href":"https:\/\/omega-bakery.com\/sk\/wp-json\/wp\/v2\/product\/375"}],"collection":[{"href":"https:\/\/omega-bakery.com\/sk\/wp-json\/wp\/v2\/product"}],"about":[{"href":"https:\/\/omega-bakery.com\/sk\/wp-json\/wp\/v2\/types\/product"}],"wp:featuredmedia":[{"embeddable":true,"href":"https:\/\/omega-bakery.com\/sk\/wp-json\/wp\/v2\/media\/496"}],"wp:attachment":[{"href":"https:\/\/omega-bakery.com\/sk\/wp-json\/wp\/v2\/media?parent=375"}],"curies":[{"name":"wp","href":"https:\/\/api.w.org\/{rel}","templated":true}]}}