{"id":379,"date":"2021-04-23T16:34:11","date_gmt":"2021-04-23T14:34:11","guid":{"rendered":"http:\/\/omega-bakery.com\/sk\/?post_type=product&#038;p=379"},"modified":"2021-11-04T14:05:02","modified_gmt":"2021-11-04T12:05:02","slug":"kontajner-na-muku","status":"publish","type":"product","link":"https:\/\/omega-bakery.com\/sk\/produkt\/kontajner-na-muku\/","title":{"rendered":"Kontajn\u00e9r na m\u00faku"},"content":{"rendered":"","protected":false},"excerpt":{"rendered":"<ul>\n<li>Z\u00e1sobn\u00edk na m\u00faku v celonerezovom preveden\u00ed so \u0161tyrmi oto\u010dn\u00fdmi plastov\u00fdmi kolieskami a s dvojdielnym odklopn\u00fdm vekom, ktor\u00e9 mo\u017eno jednoducho odobra\u0165.\n<ul>\n<li>rozmery 395 x 610 mm, v\u00a0 785 mm, objem 125 litrov<\/li>\n<li>rozmery 395 x 700 mm, v\u00a0 785 mm, objem 150 litrov<\/li>\n<li>rozmery 465 x 750 mm, v\u00a0 785 mm, objem 195 litrov<\/li>\n<\/ul>\n<p>Viac inform\u00e1ci\u00ed u na\u0161ich obchodn\u00fdch z\u00e1stupcov.<\/li>\n<\/ul>\n<p> [&#8230;]<\/p>\n<p><a class=\"btn btn-secondary understrap-read-more-link\" href=\"https:\/\/omega-bakery.com\/sk\/produkt\/kontajner-na-muku\/\">Read More&#8230;<\/a><\/p>\n","protected":false},"featured_media":492,"template":"","meta":[],"yoast_head":"<!-- This site is optimized with the Yoast SEO plugin v17.1 - https:\/\/yoast.com\/wordpress\/plugins\/seo\/ -->\n<title>Kontajn\u00e9r na m\u00faku - Omega Bakery<\/title>\n<meta name=\"robots\" content=\"index, follow, max-snippet:-1, max-image-preview:large, max-video-preview:-1\" \/>\n<link rel=\"canonical\" href=\"https:\/\/omega-bakery.com\/sk\/produkt\/kontajner-na-muku\/\" \/>\n<meta property=\"og:locale\" content=\"sk_SK\" \/>\n<meta property=\"og:type\" content=\"article\" \/>\n<meta property=\"og:title\" content=\"Kontajn\u00e9r na m\u00faku - Omega Bakery\" \/>\n<meta property=\"og:description\" content=\"Z\u00e1sobn\u00edk na m\u00faku v celonerezovom preveden\u00ed so \u0161tyrmi oto\u010dn\u00fdmi plastov\u00fdmi kolieskami a s dvojdielnym odklopn\u00fdm vekom, ktor\u00e9 mo\u017eno jednoducho odobra\u0165.   rozmery 395 x 610 mm, v\u00a0 785 mm, objem 125 litrov  rozmery 395 x 700 mm, v\u00a0 785 mm, objem 150 litrov  rozmery 465 x 750 mm, v\u00a0 785 mm, objem 195 litrov  Viac inform\u00e1ci\u00ed u na\u0161ich obchodn\u00fdch z\u00e1stupcov.  [...]Read More...\" \/>\n<meta property=\"og:url\" content=\"https:\/\/omega-bakery.com\/sk\/produkt\/kontajner-na-muku\/\" \/>\n<meta property=\"og:site_name\" content=\"Omega Bakery\" \/>\n<meta property=\"article:modified_time\" content=\"2021-11-04T12:05:02+00:00\" \/>\n<meta property=\"og:image\" content=\"http:\/\/omega-bakery.com\/sk\/wp-content\/uploads\/2021\/04\/Kontejner-na-mouku.png\" \/>\n\t<meta property=\"og:image:width\" content=\"533\" \/>\n\t<meta property=\"og:image:height\" content=\"700\" \/>\n<meta name=\"twitter:card\" content=\"summary_large_image\" \/>\n<script type=\"application\/ld+json\" class=\"yoast-schema-graph\">{\"@context\":\"https:\/\/schema.org\",\"@graph\":[{\"@type\":\"WebSite\",\"@id\":\"https:\/\/omega-bakery.com\/sk\/#website\",\"url\":\"https:\/\/omega-bakery.com\/sk\/\",\"name\":\"Omega Bakery\",\"description\":\"Dodavatel stroj\\u016f a za\\u0159\\u00edzen\\u00ed pro pek\\u00e1rny\",\"potentialAction\":[{\"@type\":\"SearchAction\",\"target\":{\"@type\":\"EntryPoint\",\"urlTemplate\":\"https:\/\/omega-bakery.com\/sk\/?s={search_term_string}\"},\"query-input\":\"required name=search_term_string\"}],\"inLanguage\":\"sk-SK\"},{\"@type\":\"ImageObject\",\"@id\":\"https:\/\/omega-bakery.com\/sk\/produkt\/kontajner-na-muku\/#primaryimage\",\"inLanguage\":\"sk-SK\",\"url\":\"https:\/\/omega-bakery.com\/sk\/wp-content\/uploads\/2021\/04\/Kontejner-na-mouku.png\",\"contentUrl\":\"https:\/\/omega-bakery.com\/sk\/wp-content\/uploads\/2021\/04\/Kontejner-na-mouku.png\",\"width\":533,\"height\":700},{\"@type\":\"WebPage\",\"@id\":\"https:\/\/omega-bakery.com\/sk\/produkt\/kontajner-na-muku\/#webpage\",\"url\":\"https:\/\/omega-bakery.com\/sk\/produkt\/kontajner-na-muku\/\",\"name\":\"Kontajn\\u00e9r na m\\u00faku - Omega Bakery\",\"isPartOf\":{\"@id\":\"https:\/\/omega-bakery.com\/sk\/#website\"},\"primaryImageOfPage\":{\"@id\":\"https:\/\/omega-bakery.com\/sk\/produkt\/kontajner-na-muku\/#primaryimage\"},\"datePublished\":\"2021-04-23T14:34:11+00:00\",\"dateModified\":\"2021-11-04T12:05:02+00:00\",\"breadcrumb\":{\"@id\":\"https:\/\/omega-bakery.com\/sk\/produkt\/kontajner-na-muku\/#breadcrumb\"},\"inLanguage\":\"sk-SK\",\"potentialAction\":[{\"@type\":\"ReadAction\",\"target\":[\"https:\/\/omega-bakery.com\/sk\/produkt\/kontajner-na-muku\/\"]}]},{\"@type\":\"BreadcrumbList\",\"@id\":\"https:\/\/omega-bakery.com\/sk\/produkt\/kontajner-na-muku\/#breadcrumb\",\"itemListElement\":[{\"@type\":\"ListItem\",\"position\":1,\"name\":\"Dom\\u016f\",\"item\":\"https:\/\/omega-bakery.com\/sk\/\"},{\"@type\":\"ListItem\",\"position\":2,\"name\":\"Stroje a zariadenia\",\"item\":\"https:\/\/omega-bakery.com\/sk\/stroje-a-zariadenia\/\"},{\"@type\":\"ListItem\",\"position\":3,\"name\":\"Doplnky\",\"item\":\"http:\/\/omega-bakery.com\/sk\/stroje-a-zarizeni\/doplnky\/\"},{\"@type\":\"ListItem\",\"position\":4,\"name\":\"Nerezov\\u00fd n\\u00e1bytok\",\"item\":\"https:\/\/omega-bakery.com\/sk\/stroje-a-zarizeni\/doplnky\/nerezovy-nabytok\/\"},{\"@type\":\"ListItem\",\"position\":5,\"name\":\"Kontajn\\u00e9r na m\\u00faku\"}]}]}<\/script>\n<!-- \/ Yoast SEO plugin. -->","yoast_head_json":{"title":"Kontajn\u00e9r na m\u00faku - Omega Bakery","robots":{"index":"index","follow":"follow","max-snippet":"max-snippet:-1","max-image-preview":"max-image-preview:large","max-video-preview":"max-video-preview:-1"},"canonical":"https:\/\/omega-bakery.com\/sk\/produkt\/kontajner-na-muku\/","og_locale":"sk_SK","og_type":"article","og_title":"Kontajn\u00e9r na m\u00faku - Omega Bakery","og_description":"Z\u00e1sobn\u00edk na m\u00faku v celonerezovom preveden\u00ed so \u0161tyrmi oto\u010dn\u00fdmi plastov\u00fdmi kolieskami a s dvojdielnym odklopn\u00fdm vekom, ktor\u00e9 mo\u017eno jednoducho odobra\u0165.   rozmery 395 x 610 mm, v\u00a0 785 mm, objem 125 litrov  rozmery 395 x 700 mm, v\u00a0 785 mm, objem 150 litrov  rozmery 465 x 750 mm, v\u00a0 785 mm, objem 195 litrov  Viac inform\u00e1ci\u00ed u na\u0161ich obchodn\u00fdch z\u00e1stupcov.  [...]Read More...","og_url":"https:\/\/omega-bakery.com\/sk\/produkt\/kontajner-na-muku\/","og_site_name":"Omega Bakery","article_modified_time":"2021-11-04T12:05:02+00:00","og_image":[{"width":533,"height":700,"url":"http:\/\/omega-bakery.com\/sk\/wp-content\/uploads\/2021\/04\/Kontejner-na-mouku.png","path":"\/data\/web\/virtuals\/278194\/virtual\/www\/domains\/omega-bakery.com\/sk\/wp-content\/uploads\/2021\/04\/Kontejner-na-mouku.png","size":"full","id":492,"alt":"","pixels":373100,"type":"image\/png"}],"twitter_card":"summary_large_image","schema":{"@context":"https:\/\/schema.org","@graph":[{"@type":"WebSite","@id":"https:\/\/omega-bakery.com\/sk\/#website","url":"https:\/\/omega-bakery.com\/sk\/","name":"Omega Bakery","description":"Dodavatel stroj\u016f a za\u0159\u00edzen\u00ed pro pek\u00e1rny","potentialAction":[{"@type":"SearchAction","target":{"@type":"EntryPoint","urlTemplate":"https:\/\/omega-bakery.com\/sk\/?s={search_term_string}"},"query-input":"required name=search_term_string"}],"inLanguage":"sk-SK"},{"@type":"ImageObject","@id":"https:\/\/omega-bakery.com\/sk\/produkt\/kontajner-na-muku\/#primaryimage","inLanguage":"sk-SK","url":"https:\/\/omega-bakery.com\/sk\/wp-content\/uploads\/2021\/04\/Kontejner-na-mouku.png","contentUrl":"https:\/\/omega-bakery.com\/sk\/wp-content\/uploads\/2021\/04\/Kontejner-na-mouku.png","width":533,"height":700},{"@type":"WebPage","@id":"https:\/\/omega-bakery.com\/sk\/produkt\/kontajner-na-muku\/#webpage","url":"https:\/\/omega-bakery.com\/sk\/produkt\/kontajner-na-muku\/","name":"Kontajn\u00e9r na m\u00faku - Omega Bakery","isPartOf":{"@id":"https:\/\/omega-bakery.com\/sk\/#website"},"primaryImageOfPage":{"@id":"https:\/\/omega-bakery.com\/sk\/produkt\/kontajner-na-muku\/#primaryimage"},"datePublished":"2021-04-23T14:34:11+00:00","dateModified":"2021-11-04T12:05:02+00:00","breadcrumb":{"@id":"https:\/\/omega-bakery.com\/sk\/produkt\/kontajner-na-muku\/#breadcrumb"},"inLanguage":"sk-SK","potentialAction":[{"@type":"ReadAction","target":["https:\/\/omega-bakery.com\/sk\/produkt\/kontajner-na-muku\/"]}]},{"@type":"BreadcrumbList","@id":"https:\/\/omega-bakery.com\/sk\/produkt\/kontajner-na-muku\/#breadcrumb","itemListElement":[{"@type":"ListItem","position":1,"name":"Dom\u016f","item":"https:\/\/omega-bakery.com\/sk\/"},{"@type":"ListItem","position":2,"name":"Stroje a zariadenia","item":"https:\/\/omega-bakery.com\/sk\/stroje-a-zariadenia\/"},{"@type":"ListItem","position":3,"name":"Doplnky","item":"http:\/\/omega-bakery.com\/sk\/stroje-a-zarizeni\/doplnky\/"},{"@type":"ListItem","position":4,"name":"Nerezov\u00fd n\u00e1bytok","item":"https:\/\/omega-bakery.com\/sk\/stroje-a-zarizeni\/doplnky\/nerezovy-nabytok\/"},{"@type":"ListItem","position":5,"name":"Kontajn\u00e9r na m\u00faku"}]}]}},"_links":{"self":[{"href":"https:\/\/omega-bakery.com\/sk\/wp-json\/wp\/v2\/product\/379"}],"collection":[{"href":"https:\/\/omega-bakery.com\/sk\/wp-json\/wp\/v2\/product"}],"about":[{"href":"https:\/\/omega-bakery.com\/sk\/wp-json\/wp\/v2\/types\/product"}],"wp:featuredmedia":[{"embeddable":true,"href":"https:\/\/omega-bakery.com\/sk\/wp-json\/wp\/v2\/media\/492"}],"wp:attachment":[{"href":"https:\/\/omega-bakery.com\/sk\/wp-json\/wp\/v2\/media?parent=379"}],"curies":[{"name":"wp","href":"https:\/\/api.w.org\/{rel}","templated":true}]}}