{"id":382,"date":"2021-04-23T16:34:45","date_gmt":"2021-04-23T14:34:45","guid":{"rendered":"http:\/\/omega-bakery.com\/sk\/?post_type=product&#038;p=382"},"modified":"2022-04-08T11:33:49","modified_gmt":"2022-04-08T09:33:49","slug":"formy-na-chlieb","status":"publish","type":"product","link":"https:\/\/omega-bakery.com\/sk\/produkt\/formy-na-chlieb\/","title":{"rendered":"Formy na chlieb"},"content":{"rendered":"","protected":false},"excerpt":{"rendered":"<p>Pon\u00fakame nieko\u013eko foriem na chlieb r\u00f4znych ve\u013ekost\u00ed, jednotlivo i v r\u00e1me.<\/p>\n<div>\n<p>N\u00e1h\u013ead na druhy a rozmery foriem <a href=\"http:\/\/omega-bakery.com\/sk\/wp-content\/uploads\/2021\/04\/formy-na-chleb-0321.pdf\" target=\"_blank\" rel=\"noopener\">TU<\/a><\/p>\n<p>Viac inform\u00e1ci\u00ed z\u00edskate u na\u0161ich obchodn\u00fdch z\u00e1stupcov.<\/p>\n<\/div>\n<p> [&#8230;]<\/p>\n<p><a class=\"btn btn-secondary understrap-read-more-link\" href=\"https:\/\/omega-bakery.com\/sk\/produkt\/formy-na-chlieb\/\">Read More&#8230;<\/a><\/p>\n","protected":false},"featured_media":504,"template":"","meta":[],"yoast_head":"<!-- This site is optimized with the Yoast SEO plugin v17.1 - https:\/\/yoast.com\/wordpress\/plugins\/seo\/ -->\n<title>Formy na chlieb - Omega Bakery<\/title>\n<meta name=\"robots\" content=\"index, follow, max-snippet:-1, max-image-preview:large, max-video-preview:-1\" \/>\n<link rel=\"canonical\" href=\"https:\/\/omega-bakery.com\/sk\/produkt\/formy-na-chlieb\/\" \/>\n<meta property=\"og:locale\" content=\"sk_SK\" \/>\n<meta property=\"og:type\" content=\"article\" \/>\n<meta property=\"og:title\" content=\"Formy na chlieb - Omega Bakery\" \/>\n<meta property=\"og:description\" content=\"Pon\u00fakame nieko\u013eko foriem na chlieb r\u00f4znych ve\u013ekost\u00ed, jednotlivo i v r\u00e1me.   N\u00e1h\u013ead na druhy a rozmery foriem TU  Viac inform\u00e1ci\u00ed z\u00edskate u na\u0161ich obchodn\u00fdch z\u00e1stupcov.   [...]Read More...\" \/>\n<meta property=\"og:url\" content=\"https:\/\/omega-bakery.com\/sk\/produkt\/formy-na-chlieb\/\" \/>\n<meta property=\"og:site_name\" content=\"Omega Bakery\" \/>\n<meta property=\"article:modified_time\" content=\"2022-04-08T09:33:49+00:00\" \/>\n<meta property=\"og:image\" content=\"http:\/\/omega-bakery.com\/sk\/wp-content\/uploads\/2021\/04\/Formy-na-toustovy\u0301-chle\u0301b.png\" \/>\n\t<meta property=\"og:image:width\" content=\"533\" \/>\n\t<meta property=\"og:image:height\" content=\"700\" \/>\n<meta name=\"twitter:card\" content=\"summary_large_image\" \/>\n<script type=\"application\/ld+json\" class=\"yoast-schema-graph\">{\"@context\":\"https:\/\/schema.org\",\"@graph\":[{\"@type\":\"WebSite\",\"@id\":\"https:\/\/omega-bakery.com\/sk\/#website\",\"url\":\"https:\/\/omega-bakery.com\/sk\/\",\"name\":\"Omega Bakery\",\"description\":\"Dodavatel stroj\\u016f a za\\u0159\\u00edzen\\u00ed pro pek\\u00e1rny\",\"potentialAction\":[{\"@type\":\"SearchAction\",\"target\":{\"@type\":\"EntryPoint\",\"urlTemplate\":\"https:\/\/omega-bakery.com\/sk\/?s={search_term_string}\"},\"query-input\":\"required name=search_term_string\"}],\"inLanguage\":\"sk-SK\"},{\"@type\":\"ImageObject\",\"@id\":\"https:\/\/omega-bakery.com\/sk\/produkt\/formy-na-chlieb\/#primaryimage\",\"inLanguage\":\"sk-SK\",\"url\":\"https:\/\/omega-bakery.com\/sk\/wp-content\/uploads\/2021\/04\/Formy-na-toustovy\\u0301-chle\\u0301b.png\",\"contentUrl\":\"https:\/\/omega-bakery.com\/sk\/wp-content\/uploads\/2021\/04\/Formy-na-toustovy\\u0301-chle\\u0301b.png\",\"width\":533,\"height\":700},{\"@type\":\"WebPage\",\"@id\":\"https:\/\/omega-bakery.com\/sk\/produkt\/formy-na-chlieb\/#webpage\",\"url\":\"https:\/\/omega-bakery.com\/sk\/produkt\/formy-na-chlieb\/\",\"name\":\"Formy na chlieb - Omega Bakery\",\"isPartOf\":{\"@id\":\"https:\/\/omega-bakery.com\/sk\/#website\"},\"primaryImageOfPage\":{\"@id\":\"https:\/\/omega-bakery.com\/sk\/produkt\/formy-na-chlieb\/#primaryimage\"},\"datePublished\":\"2021-04-23T14:34:45+00:00\",\"dateModified\":\"2022-04-08T09:33:49+00:00\",\"breadcrumb\":{\"@id\":\"https:\/\/omega-bakery.com\/sk\/produkt\/formy-na-chlieb\/#breadcrumb\"},\"inLanguage\":\"sk-SK\",\"potentialAction\":[{\"@type\":\"ReadAction\",\"target\":[\"https:\/\/omega-bakery.com\/sk\/produkt\/formy-na-chlieb\/\"]}]},{\"@type\":\"BreadcrumbList\",\"@id\":\"https:\/\/omega-bakery.com\/sk\/produkt\/formy-na-chlieb\/#breadcrumb\",\"itemListElement\":[{\"@type\":\"ListItem\",\"position\":1,\"name\":\"Dom\\u016f\",\"item\":\"https:\/\/omega-bakery.com\/sk\/\"},{\"@type\":\"ListItem\",\"position\":2,\"name\":\"Stroje a zariadenia\",\"item\":\"https:\/\/omega-bakery.com\/sk\/stroje-a-zariadenia\/\"},{\"@type\":\"ListItem\",\"position\":3,\"name\":\"Doplnky\",\"item\":\"http:\/\/omega-bakery.com\/sk\/stroje-a-zarizeni\/doplnky\/\"},{\"@type\":\"ListItem\",\"position\":4,\"name\":\"Plechy a formy\",\"item\":\"http:\/\/omega-bakery.com\/sk\/stroje-a-zarizeni\/doplnky\/plechy-a-formy\/\"},{\"@type\":\"ListItem\",\"position\":5,\"name\":\"Formy na chlieb\"}]}]}<\/script>\n<!-- \/ Yoast SEO plugin. -->","yoast_head_json":{"title":"Formy na chlieb - Omega Bakery","robots":{"index":"index","follow":"follow","max-snippet":"max-snippet:-1","max-image-preview":"max-image-preview:large","max-video-preview":"max-video-preview:-1"},"canonical":"https:\/\/omega-bakery.com\/sk\/produkt\/formy-na-chlieb\/","og_locale":"sk_SK","og_type":"article","og_title":"Formy na chlieb - Omega Bakery","og_description":"Pon\u00fakame nieko\u013eko foriem na chlieb r\u00f4znych ve\u013ekost\u00ed, jednotlivo i v r\u00e1me.   N\u00e1h\u013ead na druhy a rozmery foriem TU  Viac inform\u00e1ci\u00ed z\u00edskate u na\u0161ich obchodn\u00fdch z\u00e1stupcov.   [...]Read More...","og_url":"https:\/\/omega-bakery.com\/sk\/produkt\/formy-na-chlieb\/","og_site_name":"Omega Bakery","article_modified_time":"2022-04-08T09:33:49+00:00","og_image":[{"width":533,"height":700,"url":"http:\/\/omega-bakery.com\/sk\/wp-content\/uploads\/2021\/04\/Formy-na-toustovy\u0301-chle\u0301b.png","path":"\/data\/web\/virtuals\/278194\/virtual\/www\/domains\/omega-bakery.com\/sk\/wp-content\/uploads\/2021\/04\/Formy-na-toustovy\u0301-chle\u0301b.png","size":"full","id":504,"alt":"","pixels":373100,"type":"image\/png"}],"twitter_card":"summary_large_image","schema":{"@context":"https:\/\/schema.org","@graph":[{"@type":"WebSite","@id":"https:\/\/omega-bakery.com\/sk\/#website","url":"https:\/\/omega-bakery.com\/sk\/","name":"Omega Bakery","description":"Dodavatel stroj\u016f a za\u0159\u00edzen\u00ed pro pek\u00e1rny","potentialAction":[{"@type":"SearchAction","target":{"@type":"EntryPoint","urlTemplate":"https:\/\/omega-bakery.com\/sk\/?s={search_term_string}"},"query-input":"required name=search_term_string"}],"inLanguage":"sk-SK"},{"@type":"ImageObject","@id":"https:\/\/omega-bakery.com\/sk\/produkt\/formy-na-chlieb\/#primaryimage","inLanguage":"sk-SK","url":"https:\/\/omega-bakery.com\/sk\/wp-content\/uploads\/2021\/04\/Formy-na-toustovy\u0301-chle\u0301b.png","contentUrl":"https:\/\/omega-bakery.com\/sk\/wp-content\/uploads\/2021\/04\/Formy-na-toustovy\u0301-chle\u0301b.png","width":533,"height":700},{"@type":"WebPage","@id":"https:\/\/omega-bakery.com\/sk\/produkt\/formy-na-chlieb\/#webpage","url":"https:\/\/omega-bakery.com\/sk\/produkt\/formy-na-chlieb\/","name":"Formy na chlieb - Omega Bakery","isPartOf":{"@id":"https:\/\/omega-bakery.com\/sk\/#website"},"primaryImageOfPage":{"@id":"https:\/\/omega-bakery.com\/sk\/produkt\/formy-na-chlieb\/#primaryimage"},"datePublished":"2021-04-23T14:34:45+00:00","dateModified":"2022-04-08T09:33:49+00:00","breadcrumb":{"@id":"https:\/\/omega-bakery.com\/sk\/produkt\/formy-na-chlieb\/#breadcrumb"},"inLanguage":"sk-SK","potentialAction":[{"@type":"ReadAction","target":["https:\/\/omega-bakery.com\/sk\/produkt\/formy-na-chlieb\/"]}]},{"@type":"BreadcrumbList","@id":"https:\/\/omega-bakery.com\/sk\/produkt\/formy-na-chlieb\/#breadcrumb","itemListElement":[{"@type":"ListItem","position":1,"name":"Dom\u016f","item":"https:\/\/omega-bakery.com\/sk\/"},{"@type":"ListItem","position":2,"name":"Stroje a zariadenia","item":"https:\/\/omega-bakery.com\/sk\/stroje-a-zariadenia\/"},{"@type":"ListItem","position":3,"name":"Doplnky","item":"http:\/\/omega-bakery.com\/sk\/stroje-a-zarizeni\/doplnky\/"},{"@type":"ListItem","position":4,"name":"Plechy a formy","item":"http:\/\/omega-bakery.com\/sk\/stroje-a-zarizeni\/doplnky\/plechy-a-formy\/"},{"@type":"ListItem","position":5,"name":"Formy na chlieb"}]}]}},"_links":{"self":[{"href":"https:\/\/omega-bakery.com\/sk\/wp-json\/wp\/v2\/product\/382"}],"collection":[{"href":"https:\/\/omega-bakery.com\/sk\/wp-json\/wp\/v2\/product"}],"about":[{"href":"https:\/\/omega-bakery.com\/sk\/wp-json\/wp\/v2\/types\/product"}],"wp:featuredmedia":[{"embeddable":true,"href":"https:\/\/omega-bakery.com\/sk\/wp-json\/wp\/v2\/media\/504"}],"wp:attachment":[{"href":"https:\/\/omega-bakery.com\/sk\/wp-json\/wp\/v2\/media?parent=382"}],"curies":[{"name":"wp","href":"https:\/\/api.w.org\/{rel}","templated":true}]}}