{"id":386,"date":"2021-04-23T16:35:21","date_gmt":"2021-04-23T14:35:21","guid":{"rendered":"http:\/\/omega-bakery.com\/sk\/?post_type=product&#038;p=386"},"modified":"2022-04-08T11:35:44","modified_gmt":"2022-04-08T09:35:44","slug":"pekarske-plechy","status":"publish","type":"product","link":"https:\/\/omega-bakery.com\/sk\/produkt\/pekarske-plechy\/","title":{"rendered":"Pek\u00e1rske plechy"},"content":{"rendered":"","protected":false},"excerpt":{"rendered":"<table border=\"0\" cellspacing=\"1\" cellpadding=\"1\">\n<tbody>\n<tr>\n<td>Pon\u00fakame nieko\u013eko typov pek\u00e1rskych plechov, dierovan\u00e9 \u010di pln\u00e9, rovn\u00e9 \u010di na bagety r\u00f4znych ve\u013ekost\u00ed.<\/p>\n<div>\n<p>Viac inform\u00e1ci\u00ed o typoch a rozmeroch t\u00fdchto plechov n\u00e1jdete v prilo\u017eenom let\u00e1ku <a href=\"http:\/\/omega-bakery.com\/sk\/wp-content\/uploads\/2021\/04\/plechy-na-peceni-0321.pdf\" target=\"_blank\" rel=\"noopener\">TU<\/a><\/p>\n<\/div>\n<\/td>\n<\/tr>\n<\/tbody>\n<\/table>\n<p> [&#8230;]<\/p>\n<p><a class=\"btn btn-secondary understrap-read-more-link\" href=\"https:\/\/omega-bakery.com\/sk\/produkt\/pekarske-plechy\/\">Read More&#8230;<\/a><\/p>\n","protected":false},"featured_media":1911,"template":"","meta":[],"yoast_head":"<!-- This site is optimized with the Yoast SEO plugin v17.1 - https:\/\/yoast.com\/wordpress\/plugins\/seo\/ -->\n<title>Pek\u00e1rske plechy - Omega Bakery<\/title>\n<meta name=\"robots\" content=\"index, follow, max-snippet:-1, max-image-preview:large, max-video-preview:-1\" \/>\n<link rel=\"canonical\" href=\"https:\/\/omega-bakery.com\/sk\/produkt\/pekarske-plechy\/\" \/>\n<meta property=\"og:locale\" content=\"sk_SK\" \/>\n<meta property=\"og:type\" content=\"article\" \/>\n<meta property=\"og:title\" content=\"Pek\u00e1rske plechy - Omega Bakery\" \/>\n<meta property=\"og:description\" content=\"Pon\u00fakame nieko\u013eko typov pek\u00e1rskych plechov, dierovan\u00e9 \u010di pln\u00e9, rovn\u00e9 \u010di na bagety r\u00f4znych ve\u013ekost\u00ed.   Viac inform\u00e1ci\u00ed o typoch a rozmeroch t\u00fdchto plechov n\u00e1jdete v prilo\u017eenom let\u00e1ku TU      [...]Read More...\" \/>\n<meta property=\"og:url\" content=\"https:\/\/omega-bakery.com\/sk\/produkt\/pekarske-plechy\/\" \/>\n<meta property=\"og:site_name\" content=\"Omega Bakery\" \/>\n<meta property=\"article:modified_time\" content=\"2022-04-08T09:35:44+00:00\" \/>\n<meta property=\"og:image\" content=\"http:\/\/omega-bakery.com\/sk\/wp-content\/uploads\/2021\/11\/pekarske-plechy.png\" \/>\n\t<meta property=\"og:image:width\" content=\"533\" \/>\n\t<meta property=\"og:image:height\" content=\"700\" \/>\n<meta name=\"twitter:card\" content=\"summary_large_image\" \/>\n<script type=\"application\/ld+json\" class=\"yoast-schema-graph\">{\"@context\":\"https:\/\/schema.org\",\"@graph\":[{\"@type\":\"WebSite\",\"@id\":\"https:\/\/omega-bakery.com\/sk\/#website\",\"url\":\"https:\/\/omega-bakery.com\/sk\/\",\"name\":\"Omega Bakery\",\"description\":\"Dodavatel stroj\\u016f a za\\u0159\\u00edzen\\u00ed pro pek\\u00e1rny\",\"potentialAction\":[{\"@type\":\"SearchAction\",\"target\":{\"@type\":\"EntryPoint\",\"urlTemplate\":\"https:\/\/omega-bakery.com\/sk\/?s={search_term_string}\"},\"query-input\":\"required name=search_term_string\"}],\"inLanguage\":\"sk-SK\"},{\"@type\":\"ImageObject\",\"@id\":\"https:\/\/omega-bakery.com\/sk\/produkt\/pekarske-plechy\/#primaryimage\",\"inLanguage\":\"sk-SK\",\"url\":\"https:\/\/omega-bakery.com\/sk\/wp-content\/uploads\/2021\/11\/pekarske-plechy.png\",\"contentUrl\":\"https:\/\/omega-bakery.com\/sk\/wp-content\/uploads\/2021\/11\/pekarske-plechy.png\",\"width\":533,\"height\":700},{\"@type\":\"WebPage\",\"@id\":\"https:\/\/omega-bakery.com\/sk\/produkt\/pekarske-plechy\/#webpage\",\"url\":\"https:\/\/omega-bakery.com\/sk\/produkt\/pekarske-plechy\/\",\"name\":\"Pek\\u00e1rske plechy - Omega Bakery\",\"isPartOf\":{\"@id\":\"https:\/\/omega-bakery.com\/sk\/#website\"},\"primaryImageOfPage\":{\"@id\":\"https:\/\/omega-bakery.com\/sk\/produkt\/pekarske-plechy\/#primaryimage\"},\"datePublished\":\"2021-04-23T14:35:21+00:00\",\"dateModified\":\"2022-04-08T09:35:44+00:00\",\"breadcrumb\":{\"@id\":\"https:\/\/omega-bakery.com\/sk\/produkt\/pekarske-plechy\/#breadcrumb\"},\"inLanguage\":\"sk-SK\",\"potentialAction\":[{\"@type\":\"ReadAction\",\"target\":[\"https:\/\/omega-bakery.com\/sk\/produkt\/pekarske-plechy\/\"]}]},{\"@type\":\"BreadcrumbList\",\"@id\":\"https:\/\/omega-bakery.com\/sk\/produkt\/pekarske-plechy\/#breadcrumb\",\"itemListElement\":[{\"@type\":\"ListItem\",\"position\":1,\"name\":\"Dom\\u016f\",\"item\":\"https:\/\/omega-bakery.com\/sk\/\"},{\"@type\":\"ListItem\",\"position\":2,\"name\":\"Stroje a zariadenia\",\"item\":\"https:\/\/omega-bakery.com\/sk\/stroje-a-zariadenia\/\"},{\"@type\":\"ListItem\",\"position\":3,\"name\":\"Doplnky\",\"item\":\"http:\/\/omega-bakery.com\/sk\/stroje-a-zarizeni\/doplnky\/\"},{\"@type\":\"ListItem\",\"position\":4,\"name\":\"Plechy a formy\",\"item\":\"http:\/\/omega-bakery.com\/sk\/stroje-a-zarizeni\/doplnky\/plechy-a-formy\/\"},{\"@type\":\"ListItem\",\"position\":5,\"name\":\"Pek\\u00e1rske plechy\"}]}]}<\/script>\n<!-- \/ Yoast SEO plugin. -->","yoast_head_json":{"title":"Pek\u00e1rske plechy - Omega Bakery","robots":{"index":"index","follow":"follow","max-snippet":"max-snippet:-1","max-image-preview":"max-image-preview:large","max-video-preview":"max-video-preview:-1"},"canonical":"https:\/\/omega-bakery.com\/sk\/produkt\/pekarske-plechy\/","og_locale":"sk_SK","og_type":"article","og_title":"Pek\u00e1rske plechy - Omega Bakery","og_description":"Pon\u00fakame nieko\u013eko typov pek\u00e1rskych plechov, dierovan\u00e9 \u010di pln\u00e9, rovn\u00e9 \u010di na bagety r\u00f4znych ve\u013ekost\u00ed.   Viac inform\u00e1ci\u00ed o typoch a rozmeroch t\u00fdchto plechov n\u00e1jdete v prilo\u017eenom let\u00e1ku TU      [...]Read More...","og_url":"https:\/\/omega-bakery.com\/sk\/produkt\/pekarske-plechy\/","og_site_name":"Omega Bakery","article_modified_time":"2022-04-08T09:35:44+00:00","og_image":[{"width":533,"height":700,"url":"http:\/\/omega-bakery.com\/sk\/wp-content\/uploads\/2021\/11\/pekarske-plechy.png","path":"\/data\/web\/virtuals\/278194\/virtual\/www\/domains\/omega-bakery.com\/sk\/wp-content\/uploads\/2021\/11\/pekarske-plechy.png","size":"full","id":1911,"alt":"","pixels":373100,"type":"image\/png"}],"twitter_card":"summary_large_image","schema":{"@context":"https:\/\/schema.org","@graph":[{"@type":"WebSite","@id":"https:\/\/omega-bakery.com\/sk\/#website","url":"https:\/\/omega-bakery.com\/sk\/","name":"Omega Bakery","description":"Dodavatel stroj\u016f a za\u0159\u00edzen\u00ed pro pek\u00e1rny","potentialAction":[{"@type":"SearchAction","target":{"@type":"EntryPoint","urlTemplate":"https:\/\/omega-bakery.com\/sk\/?s={search_term_string}"},"query-input":"required name=search_term_string"}],"inLanguage":"sk-SK"},{"@type":"ImageObject","@id":"https:\/\/omega-bakery.com\/sk\/produkt\/pekarske-plechy\/#primaryimage","inLanguage":"sk-SK","url":"https:\/\/omega-bakery.com\/sk\/wp-content\/uploads\/2021\/11\/pekarske-plechy.png","contentUrl":"https:\/\/omega-bakery.com\/sk\/wp-content\/uploads\/2021\/11\/pekarske-plechy.png","width":533,"height":700},{"@type":"WebPage","@id":"https:\/\/omega-bakery.com\/sk\/produkt\/pekarske-plechy\/#webpage","url":"https:\/\/omega-bakery.com\/sk\/produkt\/pekarske-plechy\/","name":"Pek\u00e1rske plechy - Omega Bakery","isPartOf":{"@id":"https:\/\/omega-bakery.com\/sk\/#website"},"primaryImageOfPage":{"@id":"https:\/\/omega-bakery.com\/sk\/produkt\/pekarske-plechy\/#primaryimage"},"datePublished":"2021-04-23T14:35:21+00:00","dateModified":"2022-04-08T09:35:44+00:00","breadcrumb":{"@id":"https:\/\/omega-bakery.com\/sk\/produkt\/pekarske-plechy\/#breadcrumb"},"inLanguage":"sk-SK","potentialAction":[{"@type":"ReadAction","target":["https:\/\/omega-bakery.com\/sk\/produkt\/pekarske-plechy\/"]}]},{"@type":"BreadcrumbList","@id":"https:\/\/omega-bakery.com\/sk\/produkt\/pekarske-plechy\/#breadcrumb","itemListElement":[{"@type":"ListItem","position":1,"name":"Dom\u016f","item":"https:\/\/omega-bakery.com\/sk\/"},{"@type":"ListItem","position":2,"name":"Stroje a zariadenia","item":"https:\/\/omega-bakery.com\/sk\/stroje-a-zariadenia\/"},{"@type":"ListItem","position":3,"name":"Doplnky","item":"http:\/\/omega-bakery.com\/sk\/stroje-a-zarizeni\/doplnky\/"},{"@type":"ListItem","position":4,"name":"Plechy a formy","item":"http:\/\/omega-bakery.com\/sk\/stroje-a-zarizeni\/doplnky\/plechy-a-formy\/"},{"@type":"ListItem","position":5,"name":"Pek\u00e1rske plechy"}]}]}},"_links":{"self":[{"href":"https:\/\/omega-bakery.com\/sk\/wp-json\/wp\/v2\/product\/386"}],"collection":[{"href":"https:\/\/omega-bakery.com\/sk\/wp-json\/wp\/v2\/product"}],"about":[{"href":"https:\/\/omega-bakery.com\/sk\/wp-json\/wp\/v2\/types\/product"}],"wp:featuredmedia":[{"embeddable":true,"href":"https:\/\/omega-bakery.com\/sk\/wp-json\/wp\/v2\/media\/1911"}],"wp:attachment":[{"href":"https:\/\/omega-bakery.com\/sk\/wp-json\/wp\/v2\/media?parent=386"}],"curies":[{"name":"wp","href":"https:\/\/api.w.org\/{rel}","templated":true}]}}