{"id":389,"date":"2021-04-23T16:36:53","date_gmt":"2021-04-23T14:36:53","guid":{"rendered":"http:\/\/omega-bakery.com\/sk\/?post_type=product&#038;p=389"},"modified":"2021-07-08T14:31:23","modified_gmt":"2021-07-08T12:31:23","slug":"kombinovane-mlyny","status":"publish","type":"product","link":"https:\/\/omega-bakery.com\/sk\/produkt\/kombinovane-mlyny\/","title":{"rendered":"Kombinovan\u00e9 mlyny"},"content":{"rendered":"","protected":false},"excerpt":{"rendered":"<table border=\"0\" cellspacing=\"1\" cellpadding=\"1\">\n<tbody>\n<tr>\n<td><strong>Hlavn\u00e9 znaky:<\/strong><\/p>\n<ul>\n<li>naxosov\u00fd samoostriaci kame\u0148 so \u0161peci\u00e1lnym driasan\u00edm<\/li>\n<li>kon\u0161trukcia mlynu z dreva a vo vn\u00fatri vybavenie z nerezovej ocele<\/li>\n<li>vybaven\u00fd magnetom na zachyt\u00e1vanie kovov\u00fdch \u00falomkov<\/li>\n<li>ide\u00e1lny pre v\u0161etky druhy obiln\u00edn \u2013 p\u0161enica, \u017eito, ry\u017ea, kukurica \u2026<\/li>\n<li>n\u00edzka r\u00fdchlos\u0165 mletia zaru\u010duje kvalitu m\u00faky<\/li>\n<li>preosievacie zariadenie s 3 komorami a 4 v\u00fdstupmi<\/li>\n<li>v\u00fdmenou s\u00edt z\u00edskate rozdielnu hr\u00fabku m\u00faky<\/li>\n<\/ul>\n<div>\n<div><strong>V\u00fdkon: \u00a0\u00a0<\/strong>18 &#8211; 125<b>\u00a0<\/b>kg \/ hod\u00a0 podle typu<\/div>\n<div><strong>Rozmery:<\/strong>\u00a0 \u00a0z\u00e1visia od typu stroja<\/div>\n<p>&nbsp;<\/p>\n<p><span style=\"font-family: inherit;font-size: inherit\">Viac inform\u00e1ci\u00ed o t\u00fdchto mlynoch n\u00e1jdete v prilo\u017eenom <\/span><span style=\"font-family: inherit;font-size: inherit\">let\u00e1ku <\/span><a style=\"font-family: inherit;font-size: inherit\" href=\"http:\/\/omega-bakery.com\/sk\/wp-content\/uploads\/2021\/05\/Mly\u0301n-kombinovany\u0301-A300-az\u030c-700MSM-0321.pdf\" target=\"newtab\" rel=\"noopener\">TU<\/a><\/p>\n<\/div>\n<\/td>\n<\/tr>\n<\/tbody>\n<\/table>\n<p> [&#8230;]<\/p>\n<p><a class=\"btn btn-secondary understrap-read-more-link\" href=\"https:\/\/omega-bakery.com\/sk\/produkt\/kombinovane-mlyny\/\">Read More&#8230;<\/a><\/p>\n","protected":false},"featured_media":512,"template":"","meta":[],"yoast_head":"<!-- This site is optimized with the Yoast SEO plugin v17.1 - https:\/\/yoast.com\/wordpress\/plugins\/seo\/ -->\n<title>Kombinovan\u00e9 mlyny - Omega Bakery<\/title>\n<meta name=\"robots\" content=\"index, follow, max-snippet:-1, max-image-preview:large, max-video-preview:-1\" \/>\n<link rel=\"canonical\" href=\"https:\/\/omega-bakery.com\/sk\/produkt\/kombinovane-mlyny\/\" \/>\n<meta property=\"og:locale\" content=\"sk_SK\" \/>\n<meta property=\"og:type\" content=\"article\" \/>\n<meta property=\"og:title\" content=\"Kombinovan\u00e9 mlyny - Omega Bakery\" \/>\n<meta property=\"og:description\" content=\"Hlavn\u00e9 znaky:   naxosov\u00fd samoostriaci kame\u0148 so \u0161peci\u00e1lnym driasan\u00edm  kon\u0161trukcia mlynu z dreva a vo vn\u00fatri vybavenie z nerezovej ocele  vybaven\u00fd magnetom na zachyt\u00e1vanie kovov\u00fdch \u00falomkov  ide\u00e1lny pre v\u0161etky druhy obiln\u00edn \u2013 p\u0161enica, \u017eito, ry\u017ea, kukurica \u2026  n\u00edzka r\u00fdchlos\u0165 mletia zaru\u010duje kvalitu m\u00faky  preosievacie zariadenie s 3 komorami a 4 v\u00fdstupmi  v\u00fdmenou s\u00edt z\u00edskate rozdielnu hr\u00fabku m\u00faky   V\u00fdkon: \u00a0\u00a018 - 125\u00a0kg \/ hod\u00a0 podle typu Rozmery:\u00a0 \u00a0z\u00e1visia od typu stroja &nbsp;  Viac inform\u00e1ci\u00ed o t\u00fdchto mlynoch n\u00e1jdete v prilo\u017eenom let\u00e1ku TU      [...]Read More...\" \/>\n<meta property=\"og:url\" content=\"https:\/\/omega-bakery.com\/sk\/produkt\/kombinovane-mlyny\/\" \/>\n<meta property=\"og:site_name\" content=\"Omega Bakery\" \/>\n<meta property=\"article:modified_time\" content=\"2021-07-08T12:31:23+00:00\" \/>\n<meta property=\"og:image\" content=\"http:\/\/omega-bakery.com\/sk\/wp-content\/uploads\/2021\/04\/Kombinovane\u0301-mly\u0301ny-1.png\" \/>\n\t<meta property=\"og:image:width\" content=\"533\" \/>\n\t<meta property=\"og:image:height\" content=\"700\" \/>\n<meta name=\"twitter:card\" content=\"summary_large_image\" \/>\n<script type=\"application\/ld+json\" class=\"yoast-schema-graph\">{\"@context\":\"https:\/\/schema.org\",\"@graph\":[{\"@type\":\"WebSite\",\"@id\":\"https:\/\/omega-bakery.com\/sk\/#website\",\"url\":\"https:\/\/omega-bakery.com\/sk\/\",\"name\":\"Omega Bakery\",\"description\":\"Dodavatel stroj\\u016f a za\\u0159\\u00edzen\\u00ed pro pek\\u00e1rny\",\"potentialAction\":[{\"@type\":\"SearchAction\",\"target\":{\"@type\":\"EntryPoint\",\"urlTemplate\":\"https:\/\/omega-bakery.com\/sk\/?s={search_term_string}\"},\"query-input\":\"required name=search_term_string\"}],\"inLanguage\":\"sk-SK\"},{\"@type\":\"ImageObject\",\"@id\":\"https:\/\/omega-bakery.com\/sk\/produkt\/kombinovane-mlyny\/#primaryimage\",\"inLanguage\":\"sk-SK\",\"url\":\"https:\/\/omega-bakery.com\/sk\/wp-content\/uploads\/2021\/04\/Kombinovane\\u0301-mly\\u0301ny-1.png\",\"contentUrl\":\"https:\/\/omega-bakery.com\/sk\/wp-content\/uploads\/2021\/04\/Kombinovane\\u0301-mly\\u0301ny-1.png\",\"width\":533,\"height\":700},{\"@type\":\"WebPage\",\"@id\":\"https:\/\/omega-bakery.com\/sk\/produkt\/kombinovane-mlyny\/#webpage\",\"url\":\"https:\/\/omega-bakery.com\/sk\/produkt\/kombinovane-mlyny\/\",\"name\":\"Kombinovan\\u00e9 mlyny - Omega Bakery\",\"isPartOf\":{\"@id\":\"https:\/\/omega-bakery.com\/sk\/#website\"},\"primaryImageOfPage\":{\"@id\":\"https:\/\/omega-bakery.com\/sk\/produkt\/kombinovane-mlyny\/#primaryimage\"},\"datePublished\":\"2021-04-23T14:36:53+00:00\",\"dateModified\":\"2021-07-08T12:31:23+00:00\",\"breadcrumb\":{\"@id\":\"https:\/\/omega-bakery.com\/sk\/produkt\/kombinovane-mlyny\/#breadcrumb\"},\"inLanguage\":\"sk-SK\",\"potentialAction\":[{\"@type\":\"ReadAction\",\"target\":[\"https:\/\/omega-bakery.com\/sk\/produkt\/kombinovane-mlyny\/\"]}]},{\"@type\":\"BreadcrumbList\",\"@id\":\"https:\/\/omega-bakery.com\/sk\/produkt\/kombinovane-mlyny\/#breadcrumb\",\"itemListElement\":[{\"@type\":\"ListItem\",\"position\":1,\"name\":\"Dom\\u016f\",\"item\":\"https:\/\/omega-bakery.com\/sk\/\"},{\"@type\":\"ListItem\",\"position\":2,\"name\":\"Stroje a zariadenia\",\"item\":\"https:\/\/omega-bakery.com\/sk\/stroje-a-zariadenia\/\"},{\"@type\":\"ListItem\",\"position\":3,\"name\":\"Kamenn\\u00e9 mlyny\",\"item\":\"https:\/\/omega-bakery.com\/sk\/stroje-a-zarizeni\/kamenne-mlyny\/\"},{\"@type\":\"ListItem\",\"position\":4,\"name\":\"Kombinovan\\u00e9 mlyny\"}]}]}<\/script>\n<!-- \/ Yoast SEO plugin. -->","yoast_head_json":{"title":"Kombinovan\u00e9 mlyny - Omega Bakery","robots":{"index":"index","follow":"follow","max-snippet":"max-snippet:-1","max-image-preview":"max-image-preview:large","max-video-preview":"max-video-preview:-1"},"canonical":"https:\/\/omega-bakery.com\/sk\/produkt\/kombinovane-mlyny\/","og_locale":"sk_SK","og_type":"article","og_title":"Kombinovan\u00e9 mlyny - Omega Bakery","og_description":"Hlavn\u00e9 znaky:   naxosov\u00fd samoostriaci kame\u0148 so \u0161peci\u00e1lnym driasan\u00edm  kon\u0161trukcia mlynu z dreva a vo vn\u00fatri vybavenie z nerezovej ocele  vybaven\u00fd magnetom na zachyt\u00e1vanie kovov\u00fdch \u00falomkov  ide\u00e1lny pre v\u0161etky druhy obiln\u00edn \u2013 p\u0161enica, \u017eito, ry\u017ea, kukurica \u2026  n\u00edzka r\u00fdchlos\u0165 mletia zaru\u010duje kvalitu m\u00faky  preosievacie zariadenie s 3 komorami a 4 v\u00fdstupmi  v\u00fdmenou s\u00edt z\u00edskate rozdielnu hr\u00fabku m\u00faky   V\u00fdkon: \u00a0\u00a018 - 125\u00a0kg \/ hod\u00a0 podle typu Rozmery:\u00a0 \u00a0z\u00e1visia od typu stroja &nbsp;  Viac inform\u00e1ci\u00ed o t\u00fdchto mlynoch n\u00e1jdete v prilo\u017eenom let\u00e1ku TU      [...]Read More...","og_url":"https:\/\/omega-bakery.com\/sk\/produkt\/kombinovane-mlyny\/","og_site_name":"Omega Bakery","article_modified_time":"2021-07-08T12:31:23+00:00","og_image":[{"width":533,"height":700,"url":"http:\/\/omega-bakery.com\/sk\/wp-content\/uploads\/2021\/04\/Kombinovane\u0301-mly\u0301ny-1.png","path":"\/data\/web\/virtuals\/278194\/virtual\/www\/domains\/omega-bakery.com\/sk\/wp-content\/uploads\/2021\/04\/Kombinovane\u0301-mly\u0301ny-1.png","size":"full","id":512,"alt":"","pixels":373100,"type":"image\/png"}],"twitter_card":"summary_large_image","schema":{"@context":"https:\/\/schema.org","@graph":[{"@type":"WebSite","@id":"https:\/\/omega-bakery.com\/sk\/#website","url":"https:\/\/omega-bakery.com\/sk\/","name":"Omega Bakery","description":"Dodavatel stroj\u016f a za\u0159\u00edzen\u00ed pro pek\u00e1rny","potentialAction":[{"@type":"SearchAction","target":{"@type":"EntryPoint","urlTemplate":"https:\/\/omega-bakery.com\/sk\/?s={search_term_string}"},"query-input":"required name=search_term_string"}],"inLanguage":"sk-SK"},{"@type":"ImageObject","@id":"https:\/\/omega-bakery.com\/sk\/produkt\/kombinovane-mlyny\/#primaryimage","inLanguage":"sk-SK","url":"https:\/\/omega-bakery.com\/sk\/wp-content\/uploads\/2021\/04\/Kombinovane\u0301-mly\u0301ny-1.png","contentUrl":"https:\/\/omega-bakery.com\/sk\/wp-content\/uploads\/2021\/04\/Kombinovane\u0301-mly\u0301ny-1.png","width":533,"height":700},{"@type":"WebPage","@id":"https:\/\/omega-bakery.com\/sk\/produkt\/kombinovane-mlyny\/#webpage","url":"https:\/\/omega-bakery.com\/sk\/produkt\/kombinovane-mlyny\/","name":"Kombinovan\u00e9 mlyny - Omega Bakery","isPartOf":{"@id":"https:\/\/omega-bakery.com\/sk\/#website"},"primaryImageOfPage":{"@id":"https:\/\/omega-bakery.com\/sk\/produkt\/kombinovane-mlyny\/#primaryimage"},"datePublished":"2021-04-23T14:36:53+00:00","dateModified":"2021-07-08T12:31:23+00:00","breadcrumb":{"@id":"https:\/\/omega-bakery.com\/sk\/produkt\/kombinovane-mlyny\/#breadcrumb"},"inLanguage":"sk-SK","potentialAction":[{"@type":"ReadAction","target":["https:\/\/omega-bakery.com\/sk\/produkt\/kombinovane-mlyny\/"]}]},{"@type":"BreadcrumbList","@id":"https:\/\/omega-bakery.com\/sk\/produkt\/kombinovane-mlyny\/#breadcrumb","itemListElement":[{"@type":"ListItem","position":1,"name":"Dom\u016f","item":"https:\/\/omega-bakery.com\/sk\/"},{"@type":"ListItem","position":2,"name":"Stroje a zariadenia","item":"https:\/\/omega-bakery.com\/sk\/stroje-a-zariadenia\/"},{"@type":"ListItem","position":3,"name":"Kamenn\u00e9 mlyny","item":"https:\/\/omega-bakery.com\/sk\/stroje-a-zarizeni\/kamenne-mlyny\/"},{"@type":"ListItem","position":4,"name":"Kombinovan\u00e9 mlyny"}]}]}},"_links":{"self":[{"href":"https:\/\/omega-bakery.com\/sk\/wp-json\/wp\/v2\/product\/389"}],"collection":[{"href":"https:\/\/omega-bakery.com\/sk\/wp-json\/wp\/v2\/product"}],"about":[{"href":"https:\/\/omega-bakery.com\/sk\/wp-json\/wp\/v2\/types\/product"}],"wp:featuredmedia":[{"embeddable":true,"href":"https:\/\/omega-bakery.com\/sk\/wp-json\/wp\/v2\/media\/512"}],"wp:attachment":[{"href":"https:\/\/omega-bakery.com\/sk\/wp-json\/wp\/v2\/media?parent=389"}],"curies":[{"name":"wp","href":"https:\/\/api.w.org\/{rel}","templated":true}]}}