{"id":393,"date":"2021-04-23T16:46:01","date_gmt":"2021-04-23T14:46:01","guid":{"rendered":"http:\/\/omega-bakery.com\/sk\/?post_type=product&#038;p=393"},"modified":"2023-11-16T11:18:28","modified_gmt":"2023-11-16T09:18:28","slug":"artezen-lybra-kontrolna-vaha","status":"publish","type":"product","link":"https:\/\/omega-bakery.com\/sk\/produkt\/artezen-lybra-kontrolna-vaha\/","title":{"rendered":"Artezen Lybra kontroln\u00e1 v\u00e1ha"},"content":{"rendered":"","protected":false},"excerpt":{"rendered":"<p>Priebe\u017en\u00e1 automatick\u00e1 v\u00e1ha na zaistenie jednotnej hmotnosti produktov.<\/p>\n<div class=\"rtejustify\">Nap\u00e1ja sa za deli\u010dky Artezen Calybra a Calybra HD. Ukladanie inform\u00e1ci\u00ed o mno\u017estve zv\u00e1\u017een\u00fdch produktov &#8211; nadelen\u00e9ho cesta. Nastavenie mo\u017enej v\u00e1hovej odch\u00fdlky. Lybra DS a DS+ prev\u00e1dza i odstr\u00e1nenie produktov, ktor\u00e9 neodpovedaj\u00fa zadanej hmotnosti.<\/div>\n<p>&nbsp;<\/p>\n<div><strong>Rozmedzie hmotnosti klonkov: <\/strong>50 &#8211; 3000 g<\/div>\n<div><strong>V\u00fdkon:<\/strong> DC a DS\u00a0 \u00a0 100 &#8211; 1200 ks\/hod<\/div>\n<div>\u00a0 \u00a0 \u00a0 \u00a0 \u00a0 \u00a0 \u00a0 \u00a0DS +\u00a0 \u00a0 \u00a0 \u00a0 \u00a0 100 &#8211; 3000 ks\/hod<\/div>\n<div><strong>Pr\u00edkon:<\/strong>\u00a0 \u00a00,36\u00a0kW<\/div>\n<div><strong>Rozmery (d x \u0161 x v):<\/strong>\u00a0 vi\u010f let\u00e1k<\/div>\n<p>&nbsp;<\/p>\n<div>Viac inform\u00e1ci\u00ed o tomto stroji n\u00e1jdete v prilo\u017eenom let\u00e1ku <a href=\"http:\/\/omega-bakery.com\/sk\/wp-content\/uploads\/2021\/04\/Artezen-Lybra-0823.pdf\" target=\"newtab\" rel=\"noopener\">TU<\/a><\/div>\n<p> [&#8230;]<\/p>\n<p><a class=\"btn btn-secondary understrap-read-more-link\" href=\"https:\/\/omega-bakery.com\/sk\/produkt\/artezen-lybra-kontrolna-vaha\/\">Read More&#8230;<\/a><\/p>\n","protected":false},"featured_media":678,"template":"","meta":[],"yoast_head":"<!-- This site is optimized with the Yoast SEO plugin v17.1 - https:\/\/yoast.com\/wordpress\/plugins\/seo\/ -->\n<title>Artezen Lybra kontroln\u00e1 v\u00e1ha - Omega Bakery<\/title>\n<meta name=\"robots\" content=\"index, follow, max-snippet:-1, max-image-preview:large, max-video-preview:-1\" \/>\n<link rel=\"canonical\" href=\"https:\/\/omega-bakery.com\/sk\/produkt\/artezen-lybra-kontrolna-vaha\/\" \/>\n<meta property=\"og:locale\" content=\"sk_SK\" \/>\n<meta property=\"og:type\" content=\"article\" \/>\n<meta property=\"og:title\" content=\"Artezen Lybra kontroln\u00e1 v\u00e1ha - Omega Bakery\" \/>\n<meta property=\"og:description\" content=\"Priebe\u017en\u00e1 automatick\u00e1 v\u00e1ha na zaistenie jednotnej hmotnosti produktov. Nap\u00e1ja sa za deli\u010dky Artezen Calybra a Calybra HD. Ukladanie inform\u00e1ci\u00ed o mno\u017estve zv\u00e1\u017een\u00fdch produktov - nadelen\u00e9ho cesta. Nastavenie mo\u017enej v\u00e1hovej odch\u00fdlky. Lybra DS a DS+ prev\u00e1dza i odstr\u00e1nenie produktov, ktor\u00e9 neodpovedaj\u00fa zadanej hmotnosti. &nbsp; Rozmedzie hmotnosti klonkov: 50 - 3000 g V\u00fdkon: DC a DS\u00a0 \u00a0 100 - 1200 ks\/hod \u00a0 \u00a0 \u00a0 \u00a0 \u00a0 \u00a0 \u00a0 \u00a0DS +\u00a0 \u00a0 \u00a0 \u00a0 \u00a0 100 - 3000 ks\/hod Pr\u00edkon:\u00a0 \u00a00,36\u00a0kW Rozmery (d x \u0161 x v):\u00a0 vi\u010f let\u00e1k &nbsp; Viac inform\u00e1ci\u00ed o tomto stroji n\u00e1jdete v prilo\u017eenom let\u00e1ku TU [...]Read More...\" \/>\n<meta property=\"og:url\" content=\"https:\/\/omega-bakery.com\/sk\/produkt\/artezen-lybra-kontrolna-vaha\/\" \/>\n<meta property=\"og:site_name\" content=\"Omega Bakery\" \/>\n<meta property=\"article:modified_time\" content=\"2023-11-16T09:18:28+00:00\" \/>\n<meta property=\"og:image\" content=\"http:\/\/omega-bakery.com\/sk\/wp-content\/uploads\/2021\/04\/Artezen-Lybra-kontrolni\u0301-va\u0301ha.png\" \/>\n\t<meta property=\"og:image:width\" content=\"533\" \/>\n\t<meta property=\"og:image:height\" content=\"700\" \/>\n<meta name=\"twitter:card\" content=\"summary_large_image\" \/>\n<script type=\"application\/ld+json\" class=\"yoast-schema-graph\">{\"@context\":\"https:\/\/schema.org\",\"@graph\":[{\"@type\":\"WebSite\",\"@id\":\"https:\/\/omega-bakery.com\/sk\/#website\",\"url\":\"https:\/\/omega-bakery.com\/sk\/\",\"name\":\"Omega Bakery\",\"description\":\"Dodavatel stroj\\u016f a za\\u0159\\u00edzen\\u00ed pro pek\\u00e1rny\",\"potentialAction\":[{\"@type\":\"SearchAction\",\"target\":{\"@type\":\"EntryPoint\",\"urlTemplate\":\"https:\/\/omega-bakery.com\/sk\/?s={search_term_string}\"},\"query-input\":\"required name=search_term_string\"}],\"inLanguage\":\"sk-SK\"},{\"@type\":\"ImageObject\",\"@id\":\"https:\/\/omega-bakery.com\/sk\/produkt\/artezen-lybra-kontrolna-vaha\/#primaryimage\",\"inLanguage\":\"sk-SK\",\"url\":\"https:\/\/omega-bakery.com\/sk\/wp-content\/uploads\/2021\/04\/Artezen-Lybra-kontrolni\\u0301-va\\u0301ha.png\",\"contentUrl\":\"https:\/\/omega-bakery.com\/sk\/wp-content\/uploads\/2021\/04\/Artezen-Lybra-kontrolni\\u0301-va\\u0301ha.png\",\"width\":533,\"height\":700},{\"@type\":\"WebPage\",\"@id\":\"https:\/\/omega-bakery.com\/sk\/produkt\/artezen-lybra-kontrolna-vaha\/#webpage\",\"url\":\"https:\/\/omega-bakery.com\/sk\/produkt\/artezen-lybra-kontrolna-vaha\/\",\"name\":\"Artezen Lybra kontroln\\u00e1 v\\u00e1ha - Omega Bakery\",\"isPartOf\":{\"@id\":\"https:\/\/omega-bakery.com\/sk\/#website\"},\"primaryImageOfPage\":{\"@id\":\"https:\/\/omega-bakery.com\/sk\/produkt\/artezen-lybra-kontrolna-vaha\/#primaryimage\"},\"datePublished\":\"2021-04-23T14:46:01+00:00\",\"dateModified\":\"2023-11-16T09:18:28+00:00\",\"breadcrumb\":{\"@id\":\"https:\/\/omega-bakery.com\/sk\/produkt\/artezen-lybra-kontrolna-vaha\/#breadcrumb\"},\"inLanguage\":\"sk-SK\",\"potentialAction\":[{\"@type\":\"ReadAction\",\"target\":[\"https:\/\/omega-bakery.com\/sk\/produkt\/artezen-lybra-kontrolna-vaha\/\"]}]},{\"@type\":\"BreadcrumbList\",\"@id\":\"https:\/\/omega-bakery.com\/sk\/produkt\/artezen-lybra-kontrolna-vaha\/#breadcrumb\",\"itemListElement\":[{\"@type\":\"ListItem\",\"position\":1,\"name\":\"Dom\\u016f\",\"item\":\"https:\/\/omega-bakery.com\/sk\/\"},{\"@type\":\"ListItem\",\"position\":2,\"name\":\"Stroje a zariadenia\",\"item\":\"https:\/\/omega-bakery.com\/sk\/stroje-a-zariadenia\/\"},{\"@type\":\"ListItem\",\"position\":3,\"name\":\"Deli\\u010dky\",\"item\":\"http:\/\/omega-bakery.com\/sk\/stroje-a-zarizeni\/delicky\/\"},{\"@type\":\"ListItem\",\"position\":4,\"name\":\"Chlebov\\u00e9 deli\\u010dky\",\"item\":\"http:\/\/omega-bakery.com\/sk\/stroje-a-zarizeni\/delicky\/chlebove-delicky\/\"},{\"@type\":\"ListItem\",\"position\":5,\"name\":\"Artezen Lybra kontroln\\u00e1 v\\u00e1ha\"}]}]}<\/script>\n<!-- \/ Yoast SEO plugin. -->","yoast_head_json":{"title":"Artezen Lybra kontroln\u00e1 v\u00e1ha - Omega Bakery","robots":{"index":"index","follow":"follow","max-snippet":"max-snippet:-1","max-image-preview":"max-image-preview:large","max-video-preview":"max-video-preview:-1"},"canonical":"https:\/\/omega-bakery.com\/sk\/produkt\/artezen-lybra-kontrolna-vaha\/","og_locale":"sk_SK","og_type":"article","og_title":"Artezen Lybra kontroln\u00e1 v\u00e1ha - Omega Bakery","og_description":"Priebe\u017en\u00e1 automatick\u00e1 v\u00e1ha na zaistenie jednotnej hmotnosti produktov. Nap\u00e1ja sa za deli\u010dky Artezen Calybra a Calybra HD. Ukladanie inform\u00e1ci\u00ed o mno\u017estve zv\u00e1\u017een\u00fdch produktov - nadelen\u00e9ho cesta. Nastavenie mo\u017enej v\u00e1hovej odch\u00fdlky. Lybra DS a DS+ prev\u00e1dza i odstr\u00e1nenie produktov, ktor\u00e9 neodpovedaj\u00fa zadanej hmotnosti. &nbsp; Rozmedzie hmotnosti klonkov: 50 - 3000 g V\u00fdkon: DC a DS\u00a0 \u00a0 100 - 1200 ks\/hod \u00a0 \u00a0 \u00a0 \u00a0 \u00a0 \u00a0 \u00a0 \u00a0DS +\u00a0 \u00a0 \u00a0 \u00a0 \u00a0 100 - 3000 ks\/hod Pr\u00edkon:\u00a0 \u00a00,36\u00a0kW Rozmery (d x \u0161 x v):\u00a0 vi\u010f let\u00e1k &nbsp; Viac inform\u00e1ci\u00ed o tomto stroji n\u00e1jdete v prilo\u017eenom let\u00e1ku TU [...]Read More...","og_url":"https:\/\/omega-bakery.com\/sk\/produkt\/artezen-lybra-kontrolna-vaha\/","og_site_name":"Omega Bakery","article_modified_time":"2023-11-16T09:18:28+00:00","og_image":[{"width":533,"height":700,"url":"http:\/\/omega-bakery.com\/sk\/wp-content\/uploads\/2021\/04\/Artezen-Lybra-kontrolni\u0301-va\u0301ha.png","path":"\/data\/web\/virtuals\/278194\/virtual\/www\/domains\/omega-bakery.com\/sk\/wp-content\/uploads\/2021\/04\/Artezen-Lybra-kontrolni\u0301-va\u0301ha.png","size":"full","id":678,"alt":"","pixels":373100,"type":"image\/png"}],"twitter_card":"summary_large_image","schema":{"@context":"https:\/\/schema.org","@graph":[{"@type":"WebSite","@id":"https:\/\/omega-bakery.com\/sk\/#website","url":"https:\/\/omega-bakery.com\/sk\/","name":"Omega Bakery","description":"Dodavatel stroj\u016f a za\u0159\u00edzen\u00ed pro pek\u00e1rny","potentialAction":[{"@type":"SearchAction","target":{"@type":"EntryPoint","urlTemplate":"https:\/\/omega-bakery.com\/sk\/?s={search_term_string}"},"query-input":"required name=search_term_string"}],"inLanguage":"sk-SK"},{"@type":"ImageObject","@id":"https:\/\/omega-bakery.com\/sk\/produkt\/artezen-lybra-kontrolna-vaha\/#primaryimage","inLanguage":"sk-SK","url":"https:\/\/omega-bakery.com\/sk\/wp-content\/uploads\/2021\/04\/Artezen-Lybra-kontrolni\u0301-va\u0301ha.png","contentUrl":"https:\/\/omega-bakery.com\/sk\/wp-content\/uploads\/2021\/04\/Artezen-Lybra-kontrolni\u0301-va\u0301ha.png","width":533,"height":700},{"@type":"WebPage","@id":"https:\/\/omega-bakery.com\/sk\/produkt\/artezen-lybra-kontrolna-vaha\/#webpage","url":"https:\/\/omega-bakery.com\/sk\/produkt\/artezen-lybra-kontrolna-vaha\/","name":"Artezen Lybra kontroln\u00e1 v\u00e1ha - Omega Bakery","isPartOf":{"@id":"https:\/\/omega-bakery.com\/sk\/#website"},"primaryImageOfPage":{"@id":"https:\/\/omega-bakery.com\/sk\/produkt\/artezen-lybra-kontrolna-vaha\/#primaryimage"},"datePublished":"2021-04-23T14:46:01+00:00","dateModified":"2023-11-16T09:18:28+00:00","breadcrumb":{"@id":"https:\/\/omega-bakery.com\/sk\/produkt\/artezen-lybra-kontrolna-vaha\/#breadcrumb"},"inLanguage":"sk-SK","potentialAction":[{"@type":"ReadAction","target":["https:\/\/omega-bakery.com\/sk\/produkt\/artezen-lybra-kontrolna-vaha\/"]}]},{"@type":"BreadcrumbList","@id":"https:\/\/omega-bakery.com\/sk\/produkt\/artezen-lybra-kontrolna-vaha\/#breadcrumb","itemListElement":[{"@type":"ListItem","position":1,"name":"Dom\u016f","item":"https:\/\/omega-bakery.com\/sk\/"},{"@type":"ListItem","position":2,"name":"Stroje a zariadenia","item":"https:\/\/omega-bakery.com\/sk\/stroje-a-zariadenia\/"},{"@type":"ListItem","position":3,"name":"Deli\u010dky","item":"http:\/\/omega-bakery.com\/sk\/stroje-a-zarizeni\/delicky\/"},{"@type":"ListItem","position":4,"name":"Chlebov\u00e9 deli\u010dky","item":"http:\/\/omega-bakery.com\/sk\/stroje-a-zarizeni\/delicky\/chlebove-delicky\/"},{"@type":"ListItem","position":5,"name":"Artezen Lybra kontroln\u00e1 v\u00e1ha"}]}]}},"_links":{"self":[{"href":"https:\/\/omega-bakery.com\/sk\/wp-json\/wp\/v2\/product\/393"}],"collection":[{"href":"https:\/\/omega-bakery.com\/sk\/wp-json\/wp\/v2\/product"}],"about":[{"href":"https:\/\/omega-bakery.com\/sk\/wp-json\/wp\/v2\/types\/product"}],"wp:featuredmedia":[{"embeddable":true,"href":"https:\/\/omega-bakery.com\/sk\/wp-json\/wp\/v2\/media\/678"}],"wp:attachment":[{"href":"https:\/\/omega-bakery.com\/sk\/wp-json\/wp\/v2\/media?parent=393"}],"curies":[{"name":"wp","href":"https:\/\/api.w.org\/{rel}","templated":true}]}}