{"id":403,"date":"2021-04-23T16:49:47","date_gmt":"2021-04-23T14:49:47","guid":{"rendered":"http:\/\/omega-bakery.com\/sk\/?post_type=product&#038;p=403"},"modified":"2024-10-10T14:34:36","modified_gmt":"2024-10-10T12:34:36","slug":"konig-g-a-gs-2000-mala-linka-na-kaiserky-a-klonky","status":"publish","type":"product","link":"https:\/\/omega-bakery.com\/sk\/produkt\/konig-g-a-gs-2000-mala-linka-na-kaiserky-a-klonky\/","title":{"rendered":"K\u00f6nig G a GS 2000 &#8211; mal\u00e1 linka na kaiserky a klonky"},"content":{"rendered":"","protected":false},"excerpt":{"rendered":"<p>Mal\u00e1 kompaktn\u00e1 linka na v\u00fdrobu kaiseriek, \u017eeml\u00ed alebo klonkov k \u010fal\u0161iemu spracovaniu s deli\u010dkou cesta Minirex.<\/p>\n<p>Viac inform\u00e1ci\u00ed o tejto linke n\u00e1jdete v prilo\u017eenom let\u00e1ku <a href=\"http:\/\/omega-bakery.com\/sk\/wp-content\/uploads\/2021\/04\/Konig-G-2000-0823.pdf\" target=\"_blank\" rel=\"noopener\">TU<\/a> [&#8230;]<\/p>\n<p><a class=\"btn btn-secondary understrap-read-more-link\" href=\"https:\/\/omega-bakery.com\/sk\/produkt\/konig-g-a-gs-2000-mala-linka-na-kaiserky-a-klonky\/\">Read More&#8230;<\/a><\/p>\n","protected":false},"featured_media":908,"template":"","meta":[],"yoast_head":"<!-- This site is optimized with the Yoast SEO plugin v17.1 - https:\/\/yoast.com\/wordpress\/plugins\/seo\/ -->\n<title>K\u00f6nig G a GS 2000 - mal\u00e1 linka na kaiserky a klonky - Omega Bakery<\/title>\n<meta name=\"robots\" content=\"index, follow, max-snippet:-1, max-image-preview:large, max-video-preview:-1\" \/>\n<link rel=\"canonical\" href=\"https:\/\/omega-bakery.com\/sk\/produkt\/konig-g-a-gs-2000-mala-linka-na-kaiserky-a-klonky\/\" \/>\n<meta property=\"og:locale\" content=\"sk_SK\" \/>\n<meta property=\"og:type\" content=\"article\" \/>\n<meta property=\"og:title\" content=\"K\u00f6nig G a GS 2000 - mal\u00e1 linka na kaiserky a klonky - Omega Bakery\" \/>\n<meta property=\"og:description\" content=\"Mal\u00e1 kompaktn\u00e1 linka na v\u00fdrobu kaiseriek, \u017eeml\u00ed alebo klonkov k \u010fal\u0161iemu spracovaniu s deli\u010dkou cesta Minirex.  Viac inform\u00e1ci\u00ed o tejto linke n\u00e1jdete v prilo\u017eenom let\u00e1ku TU [...]Read More...\" \/>\n<meta property=\"og:url\" content=\"https:\/\/omega-bakery.com\/sk\/produkt\/konig-g-a-gs-2000-mala-linka-na-kaiserky-a-klonky\/\" \/>\n<meta property=\"og:site_name\" content=\"Omega Bakery\" \/>\n<meta property=\"article:modified_time\" content=\"2024-10-10T12:34:36+00:00\" \/>\n<meta property=\"og:image\" content=\"http:\/\/omega-bakery.com\/sk\/wp-content\/uploads\/2021\/04\/Ko\u0308nig-G-a-GS-2000.png\" \/>\n\t<meta property=\"og:image:width\" content=\"533\" \/>\n\t<meta property=\"og:image:height\" content=\"700\" \/>\n<meta name=\"twitter:card\" content=\"summary_large_image\" \/>\n<script type=\"application\/ld+json\" class=\"yoast-schema-graph\">{\"@context\":\"https:\/\/schema.org\",\"@graph\":[{\"@type\":\"WebSite\",\"@id\":\"https:\/\/omega-bakery.com\/sk\/#website\",\"url\":\"https:\/\/omega-bakery.com\/sk\/\",\"name\":\"Omega Bakery\",\"description\":\"Dodavatel stroj\\u016f a za\\u0159\\u00edzen\\u00ed pro pek\\u00e1rny\",\"potentialAction\":[{\"@type\":\"SearchAction\",\"target\":{\"@type\":\"EntryPoint\",\"urlTemplate\":\"https:\/\/omega-bakery.com\/sk\/?s={search_term_string}\"},\"query-input\":\"required name=search_term_string\"}],\"inLanguage\":\"sk-SK\"},{\"@type\":\"ImageObject\",\"@id\":\"https:\/\/omega-bakery.com\/sk\/produkt\/konig-g-a-gs-2000-mala-linka-na-kaiserky-a-klonky\/#primaryimage\",\"inLanguage\":\"sk-SK\",\"url\":\"https:\/\/omega-bakery.com\/sk\/wp-content\/uploads\/2021\/04\/Ko\\u0308nig-G-a-GS-2000.png\",\"contentUrl\":\"https:\/\/omega-bakery.com\/sk\/wp-content\/uploads\/2021\/04\/Ko\\u0308nig-G-a-GS-2000.png\",\"width\":533,\"height\":700},{\"@type\":\"WebPage\",\"@id\":\"https:\/\/omega-bakery.com\/sk\/produkt\/konig-g-a-gs-2000-mala-linka-na-kaiserky-a-klonky\/#webpage\",\"url\":\"https:\/\/omega-bakery.com\/sk\/produkt\/konig-g-a-gs-2000-mala-linka-na-kaiserky-a-klonky\/\",\"name\":\"K\\u00f6nig G a GS 2000 - mal\\u00e1 linka na kaiserky a klonky - Omega Bakery\",\"isPartOf\":{\"@id\":\"https:\/\/omega-bakery.com\/sk\/#website\"},\"primaryImageOfPage\":{\"@id\":\"https:\/\/omega-bakery.com\/sk\/produkt\/konig-g-a-gs-2000-mala-linka-na-kaiserky-a-klonky\/#primaryimage\"},\"datePublished\":\"2021-04-23T14:49:47+00:00\",\"dateModified\":\"2024-10-10T12:34:36+00:00\",\"breadcrumb\":{\"@id\":\"https:\/\/omega-bakery.com\/sk\/produkt\/konig-g-a-gs-2000-mala-linka-na-kaiserky-a-klonky\/#breadcrumb\"},\"inLanguage\":\"sk-SK\",\"potentialAction\":[{\"@type\":\"ReadAction\",\"target\":[\"https:\/\/omega-bakery.com\/sk\/produkt\/konig-g-a-gs-2000-mala-linka-na-kaiserky-a-klonky\/\"]}]},{\"@type\":\"BreadcrumbList\",\"@id\":\"https:\/\/omega-bakery.com\/sk\/produkt\/konig-g-a-gs-2000-mala-linka-na-kaiserky-a-klonky\/#breadcrumb\",\"itemListElement\":[{\"@type\":\"ListItem\",\"position\":1,\"name\":\"Dom\\u016f\",\"item\":\"https:\/\/omega-bakery.com\/sk\/\"},{\"@type\":\"ListItem\",\"position\":2,\"name\":\"Stroje a zariadenia\",\"item\":\"https:\/\/omega-bakery.com\/sk\/stroje-a-zariadenia\/\"},{\"@type\":\"ListItem\",\"position\":3,\"name\":\"Stroje a linky na spracovanie cesta\",\"item\":\"https:\/\/omega-bakery.com\/sk\/stroje-a-zarizeni\/stroje-a-linky-na-spracovanie-cesta\/\"},{\"@type\":\"ListItem\",\"position\":4,\"name\":\"V\\u00fdrobn\\u00e9 linky\",\"item\":\"https:\/\/omega-bakery.com\/sk\/stroje-a-zarizeni\/stroje-a-linky-na-spracovanie-cesta\/vyrobnr-linky\/\"},{\"@type\":\"ListItem\",\"position\":5,\"name\":\"K\\u00f6nig G a GS 2000 &#8211; mal\\u00e1 linka na kaiserky a klonky\"}]}]}<\/script>\n<!-- \/ Yoast SEO plugin. -->","yoast_head_json":{"title":"K\u00f6nig G a GS 2000 - mal\u00e1 linka na kaiserky a klonky - Omega Bakery","robots":{"index":"index","follow":"follow","max-snippet":"max-snippet:-1","max-image-preview":"max-image-preview:large","max-video-preview":"max-video-preview:-1"},"canonical":"https:\/\/omega-bakery.com\/sk\/produkt\/konig-g-a-gs-2000-mala-linka-na-kaiserky-a-klonky\/","og_locale":"sk_SK","og_type":"article","og_title":"K\u00f6nig G a GS 2000 - mal\u00e1 linka na kaiserky a klonky - Omega Bakery","og_description":"Mal\u00e1 kompaktn\u00e1 linka na v\u00fdrobu kaiseriek, \u017eeml\u00ed alebo klonkov k \u010fal\u0161iemu spracovaniu s deli\u010dkou cesta Minirex.  Viac inform\u00e1ci\u00ed o tejto linke n\u00e1jdete v prilo\u017eenom let\u00e1ku TU [...]Read More...","og_url":"https:\/\/omega-bakery.com\/sk\/produkt\/konig-g-a-gs-2000-mala-linka-na-kaiserky-a-klonky\/","og_site_name":"Omega Bakery","article_modified_time":"2024-10-10T12:34:36+00:00","og_image":[{"width":533,"height":700,"url":"http:\/\/omega-bakery.com\/sk\/wp-content\/uploads\/2021\/04\/Ko\u0308nig-G-a-GS-2000.png","path":"\/data\/web\/virtuals\/278194\/virtual\/www\/domains\/omega-bakery.com\/sk\/wp-content\/uploads\/2021\/04\/Ko\u0308nig-G-a-GS-2000.png","size":"full","id":908,"alt":"","pixels":373100,"type":"image\/png"}],"twitter_card":"summary_large_image","schema":{"@context":"https:\/\/schema.org","@graph":[{"@type":"WebSite","@id":"https:\/\/omega-bakery.com\/sk\/#website","url":"https:\/\/omega-bakery.com\/sk\/","name":"Omega Bakery","description":"Dodavatel stroj\u016f a za\u0159\u00edzen\u00ed pro pek\u00e1rny","potentialAction":[{"@type":"SearchAction","target":{"@type":"EntryPoint","urlTemplate":"https:\/\/omega-bakery.com\/sk\/?s={search_term_string}"},"query-input":"required name=search_term_string"}],"inLanguage":"sk-SK"},{"@type":"ImageObject","@id":"https:\/\/omega-bakery.com\/sk\/produkt\/konig-g-a-gs-2000-mala-linka-na-kaiserky-a-klonky\/#primaryimage","inLanguage":"sk-SK","url":"https:\/\/omega-bakery.com\/sk\/wp-content\/uploads\/2021\/04\/Ko\u0308nig-G-a-GS-2000.png","contentUrl":"https:\/\/omega-bakery.com\/sk\/wp-content\/uploads\/2021\/04\/Ko\u0308nig-G-a-GS-2000.png","width":533,"height":700},{"@type":"WebPage","@id":"https:\/\/omega-bakery.com\/sk\/produkt\/konig-g-a-gs-2000-mala-linka-na-kaiserky-a-klonky\/#webpage","url":"https:\/\/omega-bakery.com\/sk\/produkt\/konig-g-a-gs-2000-mala-linka-na-kaiserky-a-klonky\/","name":"K\u00f6nig G a GS 2000 - mal\u00e1 linka na kaiserky a klonky - Omega Bakery","isPartOf":{"@id":"https:\/\/omega-bakery.com\/sk\/#website"},"primaryImageOfPage":{"@id":"https:\/\/omega-bakery.com\/sk\/produkt\/konig-g-a-gs-2000-mala-linka-na-kaiserky-a-klonky\/#primaryimage"},"datePublished":"2021-04-23T14:49:47+00:00","dateModified":"2024-10-10T12:34:36+00:00","breadcrumb":{"@id":"https:\/\/omega-bakery.com\/sk\/produkt\/konig-g-a-gs-2000-mala-linka-na-kaiserky-a-klonky\/#breadcrumb"},"inLanguage":"sk-SK","potentialAction":[{"@type":"ReadAction","target":["https:\/\/omega-bakery.com\/sk\/produkt\/konig-g-a-gs-2000-mala-linka-na-kaiserky-a-klonky\/"]}]},{"@type":"BreadcrumbList","@id":"https:\/\/omega-bakery.com\/sk\/produkt\/konig-g-a-gs-2000-mala-linka-na-kaiserky-a-klonky\/#breadcrumb","itemListElement":[{"@type":"ListItem","position":1,"name":"Dom\u016f","item":"https:\/\/omega-bakery.com\/sk\/"},{"@type":"ListItem","position":2,"name":"Stroje a zariadenia","item":"https:\/\/omega-bakery.com\/sk\/stroje-a-zariadenia\/"},{"@type":"ListItem","position":3,"name":"Stroje a linky na spracovanie cesta","item":"https:\/\/omega-bakery.com\/sk\/stroje-a-zarizeni\/stroje-a-linky-na-spracovanie-cesta\/"},{"@type":"ListItem","position":4,"name":"V\u00fdrobn\u00e9 linky","item":"https:\/\/omega-bakery.com\/sk\/stroje-a-zarizeni\/stroje-a-linky-na-spracovanie-cesta\/vyrobnr-linky\/"},{"@type":"ListItem","position":5,"name":"K\u00f6nig G a GS 2000 &#8211; mal\u00e1 linka na kaiserky a klonky"}]}]}},"_links":{"self":[{"href":"https:\/\/omega-bakery.com\/sk\/wp-json\/wp\/v2\/product\/403"}],"collection":[{"href":"https:\/\/omega-bakery.com\/sk\/wp-json\/wp\/v2\/product"}],"about":[{"href":"https:\/\/omega-bakery.com\/sk\/wp-json\/wp\/v2\/types\/product"}],"wp:featuredmedia":[{"embeddable":true,"href":"https:\/\/omega-bakery.com\/sk\/wp-json\/wp\/v2\/media\/908"}],"wp:attachment":[{"href":"https:\/\/omega-bakery.com\/sk\/wp-json\/wp\/v2\/media?parent=403"}],"curies":[{"name":"wp","href":"https:\/\/api.w.org\/{rel}","templated":true}]}}