{"id":406,"date":"2021-04-23T16:50:05","date_gmt":"2021-04-23T14:50:05","guid":{"rendered":"http:\/\/omega-bakery.com\/sk\/?post_type=product&#038;p=406"},"modified":"2026-01-15T16:57:22","modified_gmt":"2026-01-15T14:57:22","slug":"konig-eco-twin-linka-na-razene-pecivo","status":"publish","type":"product","link":"https:\/\/omega-bakery.com\/sk\/produkt\/konig-eco-twin-linka-na-razene-pecivo\/","title":{"rendered":"K\u00f6nig Eco Twin &#8211; linka na razen\u00e9 pe\u010divo"},"content":{"rendered":"","protected":false},"excerpt":{"rendered":"<p>Kompaktn\u00e1 linka strednej ve\u013ekosti s osved\u010denou deli\u010dkou cesta K\u00f6nig REX na v\u00fdrobu pletienky a in\u00fdch ov\u00e1lnych razen\u00fdch tvarov, kaiseriek, \u017eeml\u00ed alebo klonkov k \u010fal\u0161iemu spracovaniu, vr\u00e1tane automatick\u00e9ho osadzovania na plechy. Bo\u010dn\u00fd vyn\u00e1\u0161ac\u00ed dopravn\u00edk na v\u00fdstup klonkov do rohl\u00edkova\u010da.<\/p>\n<p>Viac inform\u00e1ci\u00ed o tejto linke n\u00e1jdete v prilo\u017eenom let\u00e1ku <a href=\"http:\/\/omega-bakery.com\/sk\/wp-content\/uploads\/2021\/04\/Konig-ECO-TWIN-NEW-1024.pdf\" target=\"_blank\" rel=\"noopener\">TU<\/a> [&#8230;]<\/p>\n<p><a class=\"btn btn-secondary understrap-read-more-link\" href=\"https:\/\/omega-bakery.com\/sk\/produkt\/konig-eco-twin-linka-na-razene-pecivo\/\">Read More&#8230;<\/a><\/p>\n","protected":false},"featured_media":2321,"template":"","meta":[],"yoast_head":"<!-- This site is optimized with the Yoast SEO plugin v17.1 - https:\/\/yoast.com\/wordpress\/plugins\/seo\/ -->\n<title>K\u00f6nig Eco Twin - linka na razen\u00e9 pe\u010divo - Omega Bakery<\/title>\n<meta name=\"robots\" content=\"index, follow, max-snippet:-1, max-image-preview:large, max-video-preview:-1\" \/>\n<link rel=\"canonical\" href=\"https:\/\/omega-bakery.com\/sk\/produkt\/konig-eco-twin-linka-na-razene-pecivo\/\" \/>\n<meta property=\"og:locale\" content=\"sk_SK\" \/>\n<meta property=\"og:type\" content=\"article\" \/>\n<meta property=\"og:title\" content=\"K\u00f6nig Eco Twin - linka na razen\u00e9 pe\u010divo - Omega Bakery\" \/>\n<meta property=\"og:description\" content=\"Kompaktn\u00e1 linka strednej ve\u013ekosti s osved\u010denou deli\u010dkou cesta K\u00f6nig REX na v\u00fdrobu pletienky a in\u00fdch ov\u00e1lnych razen\u00fdch tvarov, kaiseriek, \u017eeml\u00ed alebo klonkov k \u010fal\u0161iemu spracovaniu, vr\u00e1tane automatick\u00e9ho osadzovania na plechy. Bo\u010dn\u00fd vyn\u00e1\u0161ac\u00ed dopravn\u00edk na v\u00fdstup klonkov do rohl\u00edkova\u010da.  Viac inform\u00e1ci\u00ed o tejto linke n\u00e1jdete v prilo\u017eenom let\u00e1ku TU [...]Read More...\" \/>\n<meta property=\"og:url\" content=\"https:\/\/omega-bakery.com\/sk\/produkt\/konig-eco-twin-linka-na-razene-pecivo\/\" \/>\n<meta property=\"og:site_name\" content=\"Omega Bakery\" \/>\n<meta property=\"article:modified_time\" content=\"2026-01-15T14:57:22+00:00\" \/>\n<meta property=\"og:image\" content=\"http:\/\/omega-bakery.com\/sk\/wp-content\/uploads\/2021\/04\/ecotwin-novy.png\" \/>\n\t<meta property=\"og:image:width\" content=\"675\" \/>\n\t<meta property=\"og:image:height\" content=\"530\" \/>\n<meta name=\"twitter:card\" content=\"summary_large_image\" \/>\n<script type=\"application\/ld+json\" class=\"yoast-schema-graph\">{\"@context\":\"https:\/\/schema.org\",\"@graph\":[{\"@type\":\"WebSite\",\"@id\":\"https:\/\/omega-bakery.com\/sk\/#website\",\"url\":\"https:\/\/omega-bakery.com\/sk\/\",\"name\":\"Omega Bakery\",\"description\":\"Dodavatel stroj\\u016f a za\\u0159\\u00edzen\\u00ed pro pek\\u00e1rny\",\"potentialAction\":[{\"@type\":\"SearchAction\",\"target\":{\"@type\":\"EntryPoint\",\"urlTemplate\":\"https:\/\/omega-bakery.com\/sk\/?s={search_term_string}\"},\"query-input\":\"required name=search_term_string\"}],\"inLanguage\":\"sk-SK\"},{\"@type\":\"ImageObject\",\"@id\":\"https:\/\/omega-bakery.com\/sk\/produkt\/konig-eco-twin-linka-na-razene-pecivo\/#primaryimage\",\"inLanguage\":\"sk-SK\",\"url\":\"https:\/\/omega-bakery.com\/sk\/wp-content\/uploads\/2021\/04\/ecotwin-novy.png\",\"contentUrl\":\"https:\/\/omega-bakery.com\/sk\/wp-content\/uploads\/2021\/04\/ecotwin-novy.png\",\"width\":675,\"height\":530},{\"@type\":\"WebPage\",\"@id\":\"https:\/\/omega-bakery.com\/sk\/produkt\/konig-eco-twin-linka-na-razene-pecivo\/#webpage\",\"url\":\"https:\/\/omega-bakery.com\/sk\/produkt\/konig-eco-twin-linka-na-razene-pecivo\/\",\"name\":\"K\\u00f6nig Eco Twin - linka na razen\\u00e9 pe\\u010divo - Omega Bakery\",\"isPartOf\":{\"@id\":\"https:\/\/omega-bakery.com\/sk\/#website\"},\"primaryImageOfPage\":{\"@id\":\"https:\/\/omega-bakery.com\/sk\/produkt\/konig-eco-twin-linka-na-razene-pecivo\/#primaryimage\"},\"datePublished\":\"2021-04-23T14:50:05+00:00\",\"dateModified\":\"2026-01-15T14:57:22+00:00\",\"breadcrumb\":{\"@id\":\"https:\/\/omega-bakery.com\/sk\/produkt\/konig-eco-twin-linka-na-razene-pecivo\/#breadcrumb\"},\"inLanguage\":\"sk-SK\",\"potentialAction\":[{\"@type\":\"ReadAction\",\"target\":[\"https:\/\/omega-bakery.com\/sk\/produkt\/konig-eco-twin-linka-na-razene-pecivo\/\"]}]},{\"@type\":\"BreadcrumbList\",\"@id\":\"https:\/\/omega-bakery.com\/sk\/produkt\/konig-eco-twin-linka-na-razene-pecivo\/#breadcrumb\",\"itemListElement\":[{\"@type\":\"ListItem\",\"position\":1,\"name\":\"Dom\\u016f\",\"item\":\"https:\/\/omega-bakery.com\/sk\/\"},{\"@type\":\"ListItem\",\"position\":2,\"name\":\"Stroje a zariadenia\",\"item\":\"https:\/\/omega-bakery.com\/sk\/stroje-a-zariadenia\/\"},{\"@type\":\"ListItem\",\"position\":3,\"name\":\"Stroje a linky na spracovanie cesta\",\"item\":\"https:\/\/omega-bakery.com\/sk\/stroje-a-zarizeni\/stroje-a-linky-na-spracovanie-cesta\/\"},{\"@type\":\"ListItem\",\"position\":4,\"name\":\"V\\u00fdrobn\\u00e9 linky\",\"item\":\"https:\/\/omega-bakery.com\/sk\/stroje-a-zarizeni\/stroje-a-linky-na-spracovanie-cesta\/vyrobnr-linky\/\"},{\"@type\":\"ListItem\",\"position\":5,\"name\":\"K\\u00f6nig Eco Twin &#8211; linka na razen\\u00e9 pe\\u010divo\"}]}]}<\/script>\n<!-- \/ Yoast SEO plugin. -->","yoast_head_json":{"title":"K\u00f6nig Eco Twin - linka na razen\u00e9 pe\u010divo - Omega Bakery","robots":{"index":"index","follow":"follow","max-snippet":"max-snippet:-1","max-image-preview":"max-image-preview:large","max-video-preview":"max-video-preview:-1"},"canonical":"https:\/\/omega-bakery.com\/sk\/produkt\/konig-eco-twin-linka-na-razene-pecivo\/","og_locale":"sk_SK","og_type":"article","og_title":"K\u00f6nig Eco Twin - linka na razen\u00e9 pe\u010divo - Omega Bakery","og_description":"Kompaktn\u00e1 linka strednej ve\u013ekosti s osved\u010denou deli\u010dkou cesta K\u00f6nig REX na v\u00fdrobu pletienky a in\u00fdch ov\u00e1lnych razen\u00fdch tvarov, kaiseriek, \u017eeml\u00ed alebo klonkov k \u010fal\u0161iemu spracovaniu, vr\u00e1tane automatick\u00e9ho osadzovania na plechy. Bo\u010dn\u00fd vyn\u00e1\u0161ac\u00ed dopravn\u00edk na v\u00fdstup klonkov do rohl\u00edkova\u010da.  Viac inform\u00e1ci\u00ed o tejto linke n\u00e1jdete v prilo\u017eenom let\u00e1ku TU [...]Read More...","og_url":"https:\/\/omega-bakery.com\/sk\/produkt\/konig-eco-twin-linka-na-razene-pecivo\/","og_site_name":"Omega Bakery","article_modified_time":"2026-01-15T14:57:22+00:00","og_image":[{"width":675,"height":530,"url":"http:\/\/omega-bakery.com\/sk\/wp-content\/uploads\/2021\/04\/ecotwin-novy.png","path":"\/data\/web\/virtuals\/278194\/virtual\/www\/domains\/omega-bakery.com\/sk\/wp-content\/uploads\/2021\/04\/ecotwin-novy.png","size":"full","id":2321,"alt":"","pixels":357750,"type":"image\/png"}],"twitter_card":"summary_large_image","schema":{"@context":"https:\/\/schema.org","@graph":[{"@type":"WebSite","@id":"https:\/\/omega-bakery.com\/sk\/#website","url":"https:\/\/omega-bakery.com\/sk\/","name":"Omega Bakery","description":"Dodavatel stroj\u016f a za\u0159\u00edzen\u00ed pro pek\u00e1rny","potentialAction":[{"@type":"SearchAction","target":{"@type":"EntryPoint","urlTemplate":"https:\/\/omega-bakery.com\/sk\/?s={search_term_string}"},"query-input":"required name=search_term_string"}],"inLanguage":"sk-SK"},{"@type":"ImageObject","@id":"https:\/\/omega-bakery.com\/sk\/produkt\/konig-eco-twin-linka-na-razene-pecivo\/#primaryimage","inLanguage":"sk-SK","url":"https:\/\/omega-bakery.com\/sk\/wp-content\/uploads\/2021\/04\/ecotwin-novy.png","contentUrl":"https:\/\/omega-bakery.com\/sk\/wp-content\/uploads\/2021\/04\/ecotwin-novy.png","width":675,"height":530},{"@type":"WebPage","@id":"https:\/\/omega-bakery.com\/sk\/produkt\/konig-eco-twin-linka-na-razene-pecivo\/#webpage","url":"https:\/\/omega-bakery.com\/sk\/produkt\/konig-eco-twin-linka-na-razene-pecivo\/","name":"K\u00f6nig Eco Twin - linka na razen\u00e9 pe\u010divo - Omega Bakery","isPartOf":{"@id":"https:\/\/omega-bakery.com\/sk\/#website"},"primaryImageOfPage":{"@id":"https:\/\/omega-bakery.com\/sk\/produkt\/konig-eco-twin-linka-na-razene-pecivo\/#primaryimage"},"datePublished":"2021-04-23T14:50:05+00:00","dateModified":"2026-01-15T14:57:22+00:00","breadcrumb":{"@id":"https:\/\/omega-bakery.com\/sk\/produkt\/konig-eco-twin-linka-na-razene-pecivo\/#breadcrumb"},"inLanguage":"sk-SK","potentialAction":[{"@type":"ReadAction","target":["https:\/\/omega-bakery.com\/sk\/produkt\/konig-eco-twin-linka-na-razene-pecivo\/"]}]},{"@type":"BreadcrumbList","@id":"https:\/\/omega-bakery.com\/sk\/produkt\/konig-eco-twin-linka-na-razene-pecivo\/#breadcrumb","itemListElement":[{"@type":"ListItem","position":1,"name":"Dom\u016f","item":"https:\/\/omega-bakery.com\/sk\/"},{"@type":"ListItem","position":2,"name":"Stroje a zariadenia","item":"https:\/\/omega-bakery.com\/sk\/stroje-a-zariadenia\/"},{"@type":"ListItem","position":3,"name":"Stroje a linky na spracovanie cesta","item":"https:\/\/omega-bakery.com\/sk\/stroje-a-zarizeni\/stroje-a-linky-na-spracovanie-cesta\/"},{"@type":"ListItem","position":4,"name":"V\u00fdrobn\u00e9 linky","item":"https:\/\/omega-bakery.com\/sk\/stroje-a-zarizeni\/stroje-a-linky-na-spracovanie-cesta\/vyrobnr-linky\/"},{"@type":"ListItem","position":5,"name":"K\u00f6nig Eco Twin &#8211; linka na razen\u00e9 pe\u010divo"}]}]}},"_links":{"self":[{"href":"https:\/\/omega-bakery.com\/sk\/wp-json\/wp\/v2\/product\/406"}],"collection":[{"href":"https:\/\/omega-bakery.com\/sk\/wp-json\/wp\/v2\/product"}],"about":[{"href":"https:\/\/omega-bakery.com\/sk\/wp-json\/wp\/v2\/types\/product"}],"wp:featuredmedia":[{"embeddable":true,"href":"https:\/\/omega-bakery.com\/sk\/wp-json\/wp\/v2\/media\/2321"}],"wp:attachment":[{"href":"https:\/\/omega-bakery.com\/sk\/wp-json\/wp\/v2\/media?parent=406"}],"curies":[{"name":"wp","href":"https:\/\/api.w.org\/{rel}","templated":true}]}}