{"id":407,"date":"2021-04-23T16:50:47","date_gmt":"2021-04-23T14:50:47","guid":{"rendered":"http:\/\/omega-bakery.com\/sk\/?post_type=product&#038;p=407"},"modified":"2023-11-16T12:44:39","modified_gmt":"2023-11-16T10:44:39","slug":"z-matik-sf-6520-a","status":"publish","type":"product","link":"https:\/\/omega-bakery.com\/sk\/produkt\/z-matik-sf-6520-a\/","title":{"rendered":"Z.Matik SF 6520 A"},"content":{"rendered":"","protected":false},"excerpt":{"rendered":"<p><strong>Hlavn\u00e9 znaky:<\/strong><\/p>\n<ul>\n<li>automatick\u00fd, robustn\u00fd a jednoducho pou\u017eite\u013en\u00fd rozva\u013eovac\u00ed stroj pre po\u017eiadavky strednej a ve\u013ekej v\u00fdroby.<\/li>\n<li>ovl\u00e1dac\u00ed 7\u201d farebn\u00fd dotykov\u00fd displej &#8211; jednoduch\u00e9 ovl\u00e1danie stroja<\/li>\n<li>pr\u00e1ca v troch re\u017eimoch: manu\u00e1lny \/ poloautomatick\u00fd \/ automatick\u00fd<\/li>\n<li>podstavec stroja je roz\u0161\u00edren\u00fd, vybaven\u00fd 8 kolieskami, pre lep\u0161iu stabilitu je u 4 koliesok mo\u017enos\u0165 aret\u00e1cie.<\/li>\n<li>\u013eahk\u00e1 \u00fadr\u017eba a \u010distenie<\/li>\n<\/ul>\n<p><strong>Volite\u013en\u00e9 pr\u00edslu\u0161enstvo:<\/strong><\/p>\n<ul>\n<li>rezacia stanica<\/li>\n<\/ul>\n<div><strong>Pr\u00edkon:<\/strong>\u00a0 \u00a02\u00a0kW<\/div>\n<div><strong>Rozmery (d x \u0161 x v):<\/strong>\u00a0 \u00a04560 x 1035\u00a0x 1460 mm<\/div>\n<div><strong>Hmotnos\u0165: <\/strong>\u00a0 480 kg<\/div>\n<p>&nbsp;<\/p>\n<div>\n<div>Viac inform\u00e1ci\u00ed o tomto rozva\u013eovacom stroji n\u00e1jdete v prilo\u017eenom let\u00e1ku <a href=\"http:\/\/omega-bakery.com\/sk\/wp-content\/uploads\/2021\/04\/Z.MATIK-automaticky-rozvalovaci-stroj-0823.pdf\" target=\"newtab\" rel=\"noopener\">TU<\/a><\/div>\n<p>&nbsp;<\/p>\n<\/div>\n<p> [&#8230;]<\/p>\n<p><a class=\"btn btn-secondary understrap-read-more-link\" href=\"https:\/\/omega-bakery.com\/sk\/produkt\/z-matik-sf-6520-a\/\">Read More&#8230;<\/a><\/p>\n","protected":false},"featured_media":618,"template":"","meta":[],"yoast_head":"<!-- This site is optimized with the Yoast SEO plugin v17.1 - https:\/\/yoast.com\/wordpress\/plugins\/seo\/ -->\n<title>Z.Matik SF 6520 A - Omega Bakery<\/title>\n<meta name=\"robots\" content=\"index, follow, max-snippet:-1, max-image-preview:large, max-video-preview:-1\" \/>\n<link rel=\"canonical\" href=\"https:\/\/omega-bakery.com\/sk\/produkt\/z-matik-sf-6520-a\/\" \/>\n<meta property=\"og:locale\" content=\"sk_SK\" \/>\n<meta property=\"og:type\" content=\"article\" \/>\n<meta property=\"og:title\" content=\"Z.Matik SF 6520 A - Omega Bakery\" \/>\n<meta property=\"og:description\" content=\"Hlavn\u00e9 znaky:   automatick\u00fd, robustn\u00fd a jednoducho pou\u017eite\u013en\u00fd rozva\u013eovac\u00ed stroj pre po\u017eiadavky strednej a ve\u013ekej v\u00fdroby.  ovl\u00e1dac\u00ed 7\u201d farebn\u00fd dotykov\u00fd displej - jednoduch\u00e9 ovl\u00e1danie stroja  pr\u00e1ca v troch re\u017eimoch: manu\u00e1lny \/ poloautomatick\u00fd \/ automatick\u00fd  podstavec stroja je roz\u0161\u00edren\u00fd, vybaven\u00fd 8 kolieskami, pre lep\u0161iu stabilitu je u 4 koliesok mo\u017enos\u0165 aret\u00e1cie.  \u013eahk\u00e1 \u00fadr\u017eba a \u010distenie  Volite\u013en\u00e9 pr\u00edslu\u0161enstvo:   rezacia stanica  Pr\u00edkon:\u00a0 \u00a02\u00a0kW Rozmery (d x \u0161 x v):\u00a0 \u00a04560 x 1035\u00a0x 1460 mm Hmotnos\u0165: \u00a0 480 kg &nbsp;  Viac inform\u00e1ci\u00ed o tomto rozva\u013eovacom stroji n\u00e1jdete v prilo\u017eenom let\u00e1ku TU &nbsp;   [...]Read More...\" \/>\n<meta property=\"og:url\" content=\"https:\/\/omega-bakery.com\/sk\/produkt\/z-matik-sf-6520-a\/\" \/>\n<meta property=\"og:site_name\" content=\"Omega Bakery\" \/>\n<meta property=\"article:modified_time\" content=\"2023-11-16T10:44:39+00:00\" \/>\n<meta property=\"og:image\" content=\"http:\/\/omega-bakery.com\/sk\/wp-content\/uploads\/2021\/04\/Z.Matik-SF-6520-A.png\" \/>\n\t<meta property=\"og:image:width\" content=\"533\" \/>\n\t<meta property=\"og:image:height\" content=\"700\" \/>\n<meta name=\"twitter:card\" content=\"summary_large_image\" \/>\n<script type=\"application\/ld+json\" class=\"yoast-schema-graph\">{\"@context\":\"https:\/\/schema.org\",\"@graph\":[{\"@type\":\"WebSite\",\"@id\":\"https:\/\/omega-bakery.com\/sk\/#website\",\"url\":\"https:\/\/omega-bakery.com\/sk\/\",\"name\":\"Omega Bakery\",\"description\":\"Dodavatel stroj\\u016f a za\\u0159\\u00edzen\\u00ed pro pek\\u00e1rny\",\"potentialAction\":[{\"@type\":\"SearchAction\",\"target\":{\"@type\":\"EntryPoint\",\"urlTemplate\":\"https:\/\/omega-bakery.com\/sk\/?s={search_term_string}\"},\"query-input\":\"required name=search_term_string\"}],\"inLanguage\":\"sk-SK\"},{\"@type\":\"ImageObject\",\"@id\":\"https:\/\/omega-bakery.com\/sk\/produkt\/z-matik-sf-6520-a\/#primaryimage\",\"inLanguage\":\"sk-SK\",\"url\":\"https:\/\/omega-bakery.com\/sk\/wp-content\/uploads\/2021\/04\/Z.Matik-SF-6520-A.png\",\"contentUrl\":\"https:\/\/omega-bakery.com\/sk\/wp-content\/uploads\/2021\/04\/Z.Matik-SF-6520-A.png\",\"width\":533,\"height\":700},{\"@type\":\"WebPage\",\"@id\":\"https:\/\/omega-bakery.com\/sk\/produkt\/z-matik-sf-6520-a\/#webpage\",\"url\":\"https:\/\/omega-bakery.com\/sk\/produkt\/z-matik-sf-6520-a\/\",\"name\":\"Z.Matik SF 6520 A - Omega Bakery\",\"isPartOf\":{\"@id\":\"https:\/\/omega-bakery.com\/sk\/#website\"},\"primaryImageOfPage\":{\"@id\":\"https:\/\/omega-bakery.com\/sk\/produkt\/z-matik-sf-6520-a\/#primaryimage\"},\"datePublished\":\"2021-04-23T14:50:47+00:00\",\"dateModified\":\"2023-11-16T10:44:39+00:00\",\"breadcrumb\":{\"@id\":\"https:\/\/omega-bakery.com\/sk\/produkt\/z-matik-sf-6520-a\/#breadcrumb\"},\"inLanguage\":\"sk-SK\",\"potentialAction\":[{\"@type\":\"ReadAction\",\"target\":[\"https:\/\/omega-bakery.com\/sk\/produkt\/z-matik-sf-6520-a\/\"]}]},{\"@type\":\"BreadcrumbList\",\"@id\":\"https:\/\/omega-bakery.com\/sk\/produkt\/z-matik-sf-6520-a\/#breadcrumb\",\"itemListElement\":[{\"@type\":\"ListItem\",\"position\":1,\"name\":\"Dom\\u016f\",\"item\":\"https:\/\/omega-bakery.com\/sk\/\"},{\"@type\":\"ListItem\",\"position\":2,\"name\":\"Stroje a zariadenia\",\"item\":\"https:\/\/omega-bakery.com\/sk\/stroje-a-zariadenia\/\"},{\"@type\":\"ListItem\",\"position\":3,\"name\":\"Stroje a linky na spracovanie cesta\",\"item\":\"https:\/\/omega-bakery.com\/sk\/stroje-a-zarizeni\/stroje-a-linky-na-spracovanie-cesta\/\"},{\"@type\":\"ListItem\",\"position\":4,\"name\":\"Rozva\\u013eovacie stroje\",\"item\":\"https:\/\/omega-bakery.com\/sk\/stroje-a-zarizeni\/stroje-a-linky-na-spracovanie-cesta\/rozvalovacie-stroje\/\"},{\"@type\":\"ListItem\",\"position\":5,\"name\":\"Z.Matik SF 6520 A\"}]}]}<\/script>\n<!-- \/ Yoast SEO plugin. -->","yoast_head_json":{"title":"Z.Matik SF 6520 A - Omega Bakery","robots":{"index":"index","follow":"follow","max-snippet":"max-snippet:-1","max-image-preview":"max-image-preview:large","max-video-preview":"max-video-preview:-1"},"canonical":"https:\/\/omega-bakery.com\/sk\/produkt\/z-matik-sf-6520-a\/","og_locale":"sk_SK","og_type":"article","og_title":"Z.Matik SF 6520 A - Omega Bakery","og_description":"Hlavn\u00e9 znaky:   automatick\u00fd, robustn\u00fd a jednoducho pou\u017eite\u013en\u00fd rozva\u013eovac\u00ed stroj pre po\u017eiadavky strednej a ve\u013ekej v\u00fdroby.  ovl\u00e1dac\u00ed 7\u201d farebn\u00fd dotykov\u00fd displej - jednoduch\u00e9 ovl\u00e1danie stroja  pr\u00e1ca v troch re\u017eimoch: manu\u00e1lny \/ poloautomatick\u00fd \/ automatick\u00fd  podstavec stroja je roz\u0161\u00edren\u00fd, vybaven\u00fd 8 kolieskami, pre lep\u0161iu stabilitu je u 4 koliesok mo\u017enos\u0165 aret\u00e1cie.  \u013eahk\u00e1 \u00fadr\u017eba a \u010distenie  Volite\u013en\u00e9 pr\u00edslu\u0161enstvo:   rezacia stanica  Pr\u00edkon:\u00a0 \u00a02\u00a0kW Rozmery (d x \u0161 x v):\u00a0 \u00a04560 x 1035\u00a0x 1460 mm Hmotnos\u0165: \u00a0 480 kg &nbsp;  Viac inform\u00e1ci\u00ed o tomto rozva\u013eovacom stroji n\u00e1jdete v prilo\u017eenom let\u00e1ku TU &nbsp;   [...]Read More...","og_url":"https:\/\/omega-bakery.com\/sk\/produkt\/z-matik-sf-6520-a\/","og_site_name":"Omega Bakery","article_modified_time":"2023-11-16T10:44:39+00:00","og_image":[{"width":533,"height":700,"url":"http:\/\/omega-bakery.com\/sk\/wp-content\/uploads\/2021\/04\/Z.Matik-SF-6520-A.png","path":"\/data\/web\/virtuals\/278194\/virtual\/www\/domains\/omega-bakery.com\/sk\/wp-content\/uploads\/2021\/04\/Z.Matik-SF-6520-A.png","size":"full","id":618,"alt":"","pixels":373100,"type":"image\/png"}],"twitter_card":"summary_large_image","schema":{"@context":"https:\/\/schema.org","@graph":[{"@type":"WebSite","@id":"https:\/\/omega-bakery.com\/sk\/#website","url":"https:\/\/omega-bakery.com\/sk\/","name":"Omega Bakery","description":"Dodavatel stroj\u016f a za\u0159\u00edzen\u00ed pro pek\u00e1rny","potentialAction":[{"@type":"SearchAction","target":{"@type":"EntryPoint","urlTemplate":"https:\/\/omega-bakery.com\/sk\/?s={search_term_string}"},"query-input":"required name=search_term_string"}],"inLanguage":"sk-SK"},{"@type":"ImageObject","@id":"https:\/\/omega-bakery.com\/sk\/produkt\/z-matik-sf-6520-a\/#primaryimage","inLanguage":"sk-SK","url":"https:\/\/omega-bakery.com\/sk\/wp-content\/uploads\/2021\/04\/Z.Matik-SF-6520-A.png","contentUrl":"https:\/\/omega-bakery.com\/sk\/wp-content\/uploads\/2021\/04\/Z.Matik-SF-6520-A.png","width":533,"height":700},{"@type":"WebPage","@id":"https:\/\/omega-bakery.com\/sk\/produkt\/z-matik-sf-6520-a\/#webpage","url":"https:\/\/omega-bakery.com\/sk\/produkt\/z-matik-sf-6520-a\/","name":"Z.Matik SF 6520 A - Omega Bakery","isPartOf":{"@id":"https:\/\/omega-bakery.com\/sk\/#website"},"primaryImageOfPage":{"@id":"https:\/\/omega-bakery.com\/sk\/produkt\/z-matik-sf-6520-a\/#primaryimage"},"datePublished":"2021-04-23T14:50:47+00:00","dateModified":"2023-11-16T10:44:39+00:00","breadcrumb":{"@id":"https:\/\/omega-bakery.com\/sk\/produkt\/z-matik-sf-6520-a\/#breadcrumb"},"inLanguage":"sk-SK","potentialAction":[{"@type":"ReadAction","target":["https:\/\/omega-bakery.com\/sk\/produkt\/z-matik-sf-6520-a\/"]}]},{"@type":"BreadcrumbList","@id":"https:\/\/omega-bakery.com\/sk\/produkt\/z-matik-sf-6520-a\/#breadcrumb","itemListElement":[{"@type":"ListItem","position":1,"name":"Dom\u016f","item":"https:\/\/omega-bakery.com\/sk\/"},{"@type":"ListItem","position":2,"name":"Stroje a zariadenia","item":"https:\/\/omega-bakery.com\/sk\/stroje-a-zariadenia\/"},{"@type":"ListItem","position":3,"name":"Stroje a linky na spracovanie cesta","item":"https:\/\/omega-bakery.com\/sk\/stroje-a-zarizeni\/stroje-a-linky-na-spracovanie-cesta\/"},{"@type":"ListItem","position":4,"name":"Rozva\u013eovacie stroje","item":"https:\/\/omega-bakery.com\/sk\/stroje-a-zarizeni\/stroje-a-linky-na-spracovanie-cesta\/rozvalovacie-stroje\/"},{"@type":"ListItem","position":5,"name":"Z.Matik SF 6520 A"}]}]}},"_links":{"self":[{"href":"https:\/\/omega-bakery.com\/sk\/wp-json\/wp\/v2\/product\/407"}],"collection":[{"href":"https:\/\/omega-bakery.com\/sk\/wp-json\/wp\/v2\/product"}],"about":[{"href":"https:\/\/omega-bakery.com\/sk\/wp-json\/wp\/v2\/types\/product"}],"wp:featuredmedia":[{"embeddable":true,"href":"https:\/\/omega-bakery.com\/sk\/wp-json\/wp\/v2\/media\/618"}],"wp:attachment":[{"href":"https:\/\/omega-bakery.com\/sk\/wp-json\/wp\/v2\/media?parent=407"}],"curies":[{"name":"wp","href":"https:\/\/api.w.org\/{rel}","templated":true}]}}