{"id":414,"date":"2021-04-23T16:53:38","date_gmt":"2021-04-23T14:53:38","guid":{"rendered":"http:\/\/omega-bakery.com\/sk\/?post_type=product&#038;p=414"},"modified":"2024-01-22T13:23:17","modified_gmt":"2024-01-22T11:23:17","slug":"artezen-conyca","status":"publish","type":"product","link":"https:\/\/omega-bakery.com\/sk\/produkt\/artezen-conyca\/","title":{"rendered":"Artezen Conyca"},"content":{"rendered":"","protected":false},"excerpt":{"rendered":"<p><strong>Hlavn\u00e9 znaky:<\/strong><\/p>\n<ul>\n<li>jednoduch\u00fd k\u00f3nick\u00fd vygu\u013eova\u010d Conyca pre men\u0161ie pek\u00e1rne<\/li>\n<li>tri typy pod\u013ea rozsahu hmotnosti<\/li>\n<li>pevn\u00e9 vygu\u013eovaie mantinely potefl\u00f3novan\u00e9<\/li>\n<li>potefl\u00f3novan\u00fd ku\u017ee\u013e<\/li>\n<li>elektronika vo vn\u00fatri stroja<\/li>\n<li>jednoduch\u00e1 \u00fadr\u017eba a \u010distenie<\/li>\n<\/ul>\n<div><strong>V\u00fdkon:\u00a0 \u00a0<\/strong>2500 ks \/ hod<\/div>\n<div><strong>Pr\u00edkon:<\/strong>\u00a0 \u00a00,75 kW<\/div>\n<div><strong>Rozmery (\u0161 x d x v):<\/strong> 850 x 1019 x 1422 mm<\/div>\n<div><strong>Hmotnos\u0165: <\/strong>\u00a0 245 kg<\/div>\n<p>&nbsp;<\/p>\n<p>Viac inform\u00e1ci\u00ed o tomto vygu\u013eovacom stroji n\u00e1jdete v prilo\u017eenom let\u00e1ku <a href=\"http:\/\/omega-bakery.com\/sk\/wp-content\/uploads\/2021\/04\/Artezen-vykulovac-Conyca-0823.pdf\" target=\"_blank\" rel=\"noopener\">TU<\/a> [&#8230;]<\/p>\n<p><a class=\"btn btn-secondary understrap-read-more-link\" href=\"https:\/\/omega-bakery.com\/sk\/produkt\/artezen-conyca\/\">Read More&#8230;<\/a><\/p>\n","protected":false},"featured_media":833,"template":"","meta":[],"yoast_head":"<!-- This site is optimized with the Yoast SEO plugin v17.1 - https:\/\/yoast.com\/wordpress\/plugins\/seo\/ -->\n<title>Artezen Conyca - Omega Bakery<\/title>\n<meta name=\"robots\" content=\"index, follow, max-snippet:-1, max-image-preview:large, max-video-preview:-1\" \/>\n<link rel=\"canonical\" href=\"https:\/\/omega-bakery.com\/sk\/produkt\/artezen-conyca\/\" \/>\n<meta property=\"og:locale\" content=\"sk_SK\" \/>\n<meta property=\"og:type\" content=\"article\" \/>\n<meta property=\"og:title\" content=\"Artezen Conyca - Omega Bakery\" \/>\n<meta property=\"og:description\" content=\"Hlavn\u00e9 znaky:   jednoduch\u00fd k\u00f3nick\u00fd vygu\u013eova\u010d Conyca pre men\u0161ie pek\u00e1rne  tri typy pod\u013ea rozsahu hmotnosti  pevn\u00e9 vygu\u013eovaie mantinely potefl\u00f3novan\u00e9  potefl\u00f3novan\u00fd ku\u017ee\u013e  elektronika vo vn\u00fatri stroja  jednoduch\u00e1 \u00fadr\u017eba a \u010distenie  V\u00fdkon:\u00a0 \u00a02500 ks \/ hod Pr\u00edkon:\u00a0 \u00a00,75 kW Rozmery (\u0161 x d x v): 850 x 1019 x 1422 mm Hmotnos\u0165: \u00a0 245 kg &nbsp;  Viac inform\u00e1ci\u00ed o tomto vygu\u013eovacom stroji n\u00e1jdete v prilo\u017eenom let\u00e1ku TU [...]Read More...\" \/>\n<meta property=\"og:url\" content=\"https:\/\/omega-bakery.com\/sk\/produkt\/artezen-conyca\/\" \/>\n<meta property=\"og:site_name\" content=\"Omega Bakery\" \/>\n<meta property=\"article:modified_time\" content=\"2024-01-22T11:23:17+00:00\" \/>\n<meta property=\"og:image\" content=\"http:\/\/omega-bakery.com\/sk\/wp-content\/uploads\/2021\/04\/Artezen-Conyca.png\" \/>\n\t<meta property=\"og:image:width\" content=\"533\" \/>\n\t<meta property=\"og:image:height\" content=\"700\" \/>\n<meta name=\"twitter:card\" content=\"summary_large_image\" \/>\n<script type=\"application\/ld+json\" class=\"yoast-schema-graph\">{\"@context\":\"https:\/\/schema.org\",\"@graph\":[{\"@type\":\"WebSite\",\"@id\":\"https:\/\/omega-bakery.com\/sk\/#website\",\"url\":\"https:\/\/omega-bakery.com\/sk\/\",\"name\":\"Omega Bakery\",\"description\":\"Dodavatel stroj\\u016f a za\\u0159\\u00edzen\\u00ed pro pek\\u00e1rny\",\"potentialAction\":[{\"@type\":\"SearchAction\",\"target\":{\"@type\":\"EntryPoint\",\"urlTemplate\":\"https:\/\/omega-bakery.com\/sk\/?s={search_term_string}\"},\"query-input\":\"required name=search_term_string\"}],\"inLanguage\":\"sk-SK\"},{\"@type\":\"ImageObject\",\"@id\":\"https:\/\/omega-bakery.com\/sk\/produkt\/artezen-conyca\/#primaryimage\",\"inLanguage\":\"sk-SK\",\"url\":\"https:\/\/omega-bakery.com\/sk\/wp-content\/uploads\/2021\/04\/Artezen-Conyca.png\",\"contentUrl\":\"https:\/\/omega-bakery.com\/sk\/wp-content\/uploads\/2021\/04\/Artezen-Conyca.png\",\"width\":533,\"height\":700},{\"@type\":\"WebPage\",\"@id\":\"https:\/\/omega-bakery.com\/sk\/produkt\/artezen-conyca\/#webpage\",\"url\":\"https:\/\/omega-bakery.com\/sk\/produkt\/artezen-conyca\/\",\"name\":\"Artezen Conyca - Omega Bakery\",\"isPartOf\":{\"@id\":\"https:\/\/omega-bakery.com\/sk\/#website\"},\"primaryImageOfPage\":{\"@id\":\"https:\/\/omega-bakery.com\/sk\/produkt\/artezen-conyca\/#primaryimage\"},\"datePublished\":\"2021-04-23T14:53:38+00:00\",\"dateModified\":\"2024-01-22T11:23:17+00:00\",\"breadcrumb\":{\"@id\":\"https:\/\/omega-bakery.com\/sk\/produkt\/artezen-conyca\/#breadcrumb\"},\"inLanguage\":\"sk-SK\",\"potentialAction\":[{\"@type\":\"ReadAction\",\"target\":[\"https:\/\/omega-bakery.com\/sk\/produkt\/artezen-conyca\/\"]}]},{\"@type\":\"BreadcrumbList\",\"@id\":\"https:\/\/omega-bakery.com\/sk\/produkt\/artezen-conyca\/#breadcrumb\",\"itemListElement\":[{\"@type\":\"ListItem\",\"position\":1,\"name\":\"Dom\\u016f\",\"item\":\"https:\/\/omega-bakery.com\/sk\/\"},{\"@type\":\"ListItem\",\"position\":2,\"name\":\"Stroje a zariadenia\",\"item\":\"https:\/\/omega-bakery.com\/sk\/stroje-a-zariadenia\/\"},{\"@type\":\"ListItem\",\"position\":3,\"name\":\"Stroje a linky na spracovanie cesta\",\"item\":\"https:\/\/omega-bakery.com\/sk\/stroje-a-zarizeni\/stroje-a-linky-na-spracovanie-cesta\/\"},{\"@type\":\"ListItem\",\"position\":4,\"name\":\"Vygu\\u013eova\\u010de a vyvalova\\u010de\",\"item\":\"https:\/\/omega-bakery.com\/sk\/stroje-a-zarizeni\/stroje-a-linky-na-spracovanie-cesta\/vygulovace-a-vyvalovace\/\"},{\"@type\":\"ListItem\",\"position\":5,\"name\":\"Artezen Conyca\"}]}]}<\/script>\n<!-- \/ Yoast SEO plugin. -->","yoast_head_json":{"title":"Artezen Conyca - Omega Bakery","robots":{"index":"index","follow":"follow","max-snippet":"max-snippet:-1","max-image-preview":"max-image-preview:large","max-video-preview":"max-video-preview:-1"},"canonical":"https:\/\/omega-bakery.com\/sk\/produkt\/artezen-conyca\/","og_locale":"sk_SK","og_type":"article","og_title":"Artezen Conyca - Omega Bakery","og_description":"Hlavn\u00e9 znaky:   jednoduch\u00fd k\u00f3nick\u00fd vygu\u013eova\u010d Conyca pre men\u0161ie pek\u00e1rne  tri typy pod\u013ea rozsahu hmotnosti  pevn\u00e9 vygu\u013eovaie mantinely potefl\u00f3novan\u00e9  potefl\u00f3novan\u00fd ku\u017ee\u013e  elektronika vo vn\u00fatri stroja  jednoduch\u00e1 \u00fadr\u017eba a \u010distenie  V\u00fdkon:\u00a0 \u00a02500 ks \/ hod Pr\u00edkon:\u00a0 \u00a00,75 kW Rozmery (\u0161 x d x v): 850 x 1019 x 1422 mm Hmotnos\u0165: \u00a0 245 kg &nbsp;  Viac inform\u00e1ci\u00ed o tomto vygu\u013eovacom stroji n\u00e1jdete v prilo\u017eenom let\u00e1ku TU [...]Read More...","og_url":"https:\/\/omega-bakery.com\/sk\/produkt\/artezen-conyca\/","og_site_name":"Omega Bakery","article_modified_time":"2024-01-22T11:23:17+00:00","og_image":[{"width":533,"height":700,"url":"http:\/\/omega-bakery.com\/sk\/wp-content\/uploads\/2021\/04\/Artezen-Conyca.png","path":"\/data\/web\/virtuals\/278194\/virtual\/www\/domains\/omega-bakery.com\/sk\/wp-content\/uploads\/2021\/04\/Artezen-Conyca.png","size":"full","id":833,"alt":"","pixels":373100,"type":"image\/png"}],"twitter_card":"summary_large_image","schema":{"@context":"https:\/\/schema.org","@graph":[{"@type":"WebSite","@id":"https:\/\/omega-bakery.com\/sk\/#website","url":"https:\/\/omega-bakery.com\/sk\/","name":"Omega Bakery","description":"Dodavatel stroj\u016f a za\u0159\u00edzen\u00ed pro pek\u00e1rny","potentialAction":[{"@type":"SearchAction","target":{"@type":"EntryPoint","urlTemplate":"https:\/\/omega-bakery.com\/sk\/?s={search_term_string}"},"query-input":"required name=search_term_string"}],"inLanguage":"sk-SK"},{"@type":"ImageObject","@id":"https:\/\/omega-bakery.com\/sk\/produkt\/artezen-conyca\/#primaryimage","inLanguage":"sk-SK","url":"https:\/\/omega-bakery.com\/sk\/wp-content\/uploads\/2021\/04\/Artezen-Conyca.png","contentUrl":"https:\/\/omega-bakery.com\/sk\/wp-content\/uploads\/2021\/04\/Artezen-Conyca.png","width":533,"height":700},{"@type":"WebPage","@id":"https:\/\/omega-bakery.com\/sk\/produkt\/artezen-conyca\/#webpage","url":"https:\/\/omega-bakery.com\/sk\/produkt\/artezen-conyca\/","name":"Artezen Conyca - Omega Bakery","isPartOf":{"@id":"https:\/\/omega-bakery.com\/sk\/#website"},"primaryImageOfPage":{"@id":"https:\/\/omega-bakery.com\/sk\/produkt\/artezen-conyca\/#primaryimage"},"datePublished":"2021-04-23T14:53:38+00:00","dateModified":"2024-01-22T11:23:17+00:00","breadcrumb":{"@id":"https:\/\/omega-bakery.com\/sk\/produkt\/artezen-conyca\/#breadcrumb"},"inLanguage":"sk-SK","potentialAction":[{"@type":"ReadAction","target":["https:\/\/omega-bakery.com\/sk\/produkt\/artezen-conyca\/"]}]},{"@type":"BreadcrumbList","@id":"https:\/\/omega-bakery.com\/sk\/produkt\/artezen-conyca\/#breadcrumb","itemListElement":[{"@type":"ListItem","position":1,"name":"Dom\u016f","item":"https:\/\/omega-bakery.com\/sk\/"},{"@type":"ListItem","position":2,"name":"Stroje a zariadenia","item":"https:\/\/omega-bakery.com\/sk\/stroje-a-zariadenia\/"},{"@type":"ListItem","position":3,"name":"Stroje a linky na spracovanie cesta","item":"https:\/\/omega-bakery.com\/sk\/stroje-a-zarizeni\/stroje-a-linky-na-spracovanie-cesta\/"},{"@type":"ListItem","position":4,"name":"Vygu\u013eova\u010de a vyvalova\u010de","item":"https:\/\/omega-bakery.com\/sk\/stroje-a-zarizeni\/stroje-a-linky-na-spracovanie-cesta\/vygulovace-a-vyvalovace\/"},{"@type":"ListItem","position":5,"name":"Artezen Conyca"}]}]}},"_links":{"self":[{"href":"https:\/\/omega-bakery.com\/sk\/wp-json\/wp\/v2\/product\/414"}],"collection":[{"href":"https:\/\/omega-bakery.com\/sk\/wp-json\/wp\/v2\/product"}],"about":[{"href":"https:\/\/omega-bakery.com\/sk\/wp-json\/wp\/v2\/types\/product"}],"wp:featuredmedia":[{"embeddable":true,"href":"https:\/\/omega-bakery.com\/sk\/wp-json\/wp\/v2\/media\/833"}],"wp:attachment":[{"href":"https:\/\/omega-bakery.com\/sk\/wp-json\/wp\/v2\/media?parent=414"}],"curies":[{"name":"wp","href":"https:\/\/api.w.org\/{rel}","templated":true}]}}