{"id":419,"date":"2021-04-23T16:54:34","date_gmt":"2021-04-23T14:54:34","guid":{"rendered":"http:\/\/omega-bakery.com\/sk\/?post_type=product&#038;p=419"},"modified":"2023-11-15T11:18:29","modified_gmt":"2023-11-15T09:18:29","slug":"osievacka-muky-panadami","status":"publish","type":"product","link":"https:\/\/omega-bakery.com\/sk\/produkt\/osievacka-muky-panadami\/","title":{"rendered":"Osieva\u010dka m\u00faky PanAdami"},"content":{"rendered":"","protected":false},"excerpt":{"rendered":"<p>Jednoduch\u00e1 osieva\u010dka m\u00faky do men\u0161\u00edch prev\u00e1dzok, kde sa pou\u017e\u00edva vrecovan\u00e1 m\u00faka.<\/p>\n<p>Preosiatie m\u00faku vy\u010dist\u00ed, z\u00e1rove\u0148 ju prevzdu\u0161n\u00ed a zlep\u0161\u00ed tak jej vlastnosti.<\/p>\n<p>V\u00fdkon\u00a0 50 kg \/ min<\/p>\n<p>&nbsp;<\/p>\n<p>Viac o osieva\u010dke n\u00e1jdete v prilo\u017eenom let\u00e1ku <a href=\"http:\/\/omega-bakery.com\/sk\/wp-content\/uploads\/2021\/04\/Prosevacka-mouky-PanAdami-0823.pdf\" target=\"_blank\" rel=\"noopener\">TU<\/a> [&#8230;]<\/p>\n<p><a class=\"btn btn-secondary understrap-read-more-link\" href=\"https:\/\/omega-bakery.com\/sk\/produkt\/osievacka-muky-panadami\/\">Read More&#8230;<\/a><\/p>\n","protected":false},"featured_media":927,"template":"","meta":[],"yoast_head":"<!-- This site is optimized with the Yoast SEO plugin v17.1 - https:\/\/yoast.com\/wordpress\/plugins\/seo\/ -->\n<title>Osieva\u010dka m\u00faky PanAdami - Omega Bakery<\/title>\n<meta name=\"robots\" content=\"index, follow, max-snippet:-1, max-image-preview:large, max-video-preview:-1\" \/>\n<link rel=\"canonical\" href=\"https:\/\/omega-bakery.com\/sk\/produkt\/osievacka-muky-panadami\/\" \/>\n<meta property=\"og:locale\" content=\"sk_SK\" \/>\n<meta property=\"og:type\" content=\"article\" \/>\n<meta property=\"og:title\" content=\"Osieva\u010dka m\u00faky PanAdami - Omega Bakery\" \/>\n<meta property=\"og:description\" content=\"Jednoduch\u00e1 osieva\u010dka m\u00faky do men\u0161\u00edch prev\u00e1dzok, kde sa pou\u017e\u00edva vrecovan\u00e1 m\u00faka.  Preosiatie m\u00faku vy\u010dist\u00ed, z\u00e1rove\u0148 ju prevzdu\u0161n\u00ed a zlep\u0161\u00ed tak jej vlastnosti.  V\u00fdkon\u00a0 50 kg \/ min  &nbsp;  Viac o osieva\u010dke n\u00e1jdete v prilo\u017eenom let\u00e1ku TU [...]Read More...\" \/>\n<meta property=\"og:url\" content=\"https:\/\/omega-bakery.com\/sk\/produkt\/osievacka-muky-panadami\/\" \/>\n<meta property=\"og:site_name\" content=\"Omega Bakery\" \/>\n<meta property=\"article:modified_time\" content=\"2023-11-15T09:18:29+00:00\" \/>\n<meta property=\"og:image\" content=\"http:\/\/omega-bakery.com\/sk\/wp-content\/uploads\/2021\/04\/Prose\u0301vac\u030cka-mouky-PanAdami.png\" \/>\n\t<meta property=\"og:image:width\" content=\"533\" \/>\n\t<meta property=\"og:image:height\" content=\"700\" \/>\n<meta name=\"twitter:card\" content=\"summary_large_image\" \/>\n<script type=\"application\/ld+json\" class=\"yoast-schema-graph\">{\"@context\":\"https:\/\/schema.org\",\"@graph\":[{\"@type\":\"WebSite\",\"@id\":\"https:\/\/omega-bakery.com\/sk\/#website\",\"url\":\"https:\/\/omega-bakery.com\/sk\/\",\"name\":\"Omega Bakery\",\"description\":\"Dodavatel stroj\\u016f a za\\u0159\\u00edzen\\u00ed pro pek\\u00e1rny\",\"potentialAction\":[{\"@type\":\"SearchAction\",\"target\":{\"@type\":\"EntryPoint\",\"urlTemplate\":\"https:\/\/omega-bakery.com\/sk\/?s={search_term_string}\"},\"query-input\":\"required name=search_term_string\"}],\"inLanguage\":\"sk-SK\"},{\"@type\":\"ImageObject\",\"@id\":\"https:\/\/omega-bakery.com\/sk\/produkt\/osievacka-muky-panadami\/#primaryimage\",\"inLanguage\":\"sk-SK\",\"url\":\"https:\/\/omega-bakery.com\/sk\/wp-content\/uploads\/2021\/04\/Prose\\u0301vac\\u030cka-mouky-PanAdami.png\",\"contentUrl\":\"https:\/\/omega-bakery.com\/sk\/wp-content\/uploads\/2021\/04\/Prose\\u0301vac\\u030cka-mouky-PanAdami.png\",\"width\":533,\"height\":700},{\"@type\":\"WebPage\",\"@id\":\"https:\/\/omega-bakery.com\/sk\/produkt\/osievacka-muky-panadami\/#webpage\",\"url\":\"https:\/\/omega-bakery.com\/sk\/produkt\/osievacka-muky-panadami\/\",\"name\":\"Osieva\\u010dka m\\u00faky PanAdami - Omega Bakery\",\"isPartOf\":{\"@id\":\"https:\/\/omega-bakery.com\/sk\/#website\"},\"primaryImageOfPage\":{\"@id\":\"https:\/\/omega-bakery.com\/sk\/produkt\/osievacka-muky-panadami\/#primaryimage\"},\"datePublished\":\"2021-04-23T14:54:34+00:00\",\"dateModified\":\"2023-11-15T09:18:29+00:00\",\"breadcrumb\":{\"@id\":\"https:\/\/omega-bakery.com\/sk\/produkt\/osievacka-muky-panadami\/#breadcrumb\"},\"inLanguage\":\"sk-SK\",\"potentialAction\":[{\"@type\":\"ReadAction\",\"target\":[\"https:\/\/omega-bakery.com\/sk\/produkt\/osievacka-muky-panadami\/\"]}]},{\"@type\":\"BreadcrumbList\",\"@id\":\"https:\/\/omega-bakery.com\/sk\/produkt\/osievacka-muky-panadami\/#breadcrumb\",\"itemListElement\":[{\"@type\":\"ListItem\",\"position\":1,\"name\":\"Dom\\u016f\",\"item\":\"https:\/\/omega-bakery.com\/sk\/\"},{\"@type\":\"ListItem\",\"position\":2,\"name\":\"Stroje a zariadenia\",\"item\":\"https:\/\/omega-bakery.com\/sk\/stroje-a-zariadenia\/\"},{\"@type\":\"ListItem\",\"position\":3,\"name\":\"M\\u00fa\\u010dne hospod\\u00e1rstvo\",\"item\":\"http:\/\/omega-bakery.com\/sk\/stroje-a-zarizeni\/mucne-hospodarstvo\/\"},{\"@type\":\"ListItem\",\"position\":4,\"name\":\"Osieva\\u010dka m\\u00faky PanAdami\"}]}]}<\/script>\n<!-- \/ Yoast SEO plugin. -->","yoast_head_json":{"title":"Osieva\u010dka m\u00faky PanAdami - Omega Bakery","robots":{"index":"index","follow":"follow","max-snippet":"max-snippet:-1","max-image-preview":"max-image-preview:large","max-video-preview":"max-video-preview:-1"},"canonical":"https:\/\/omega-bakery.com\/sk\/produkt\/osievacka-muky-panadami\/","og_locale":"sk_SK","og_type":"article","og_title":"Osieva\u010dka m\u00faky PanAdami - Omega Bakery","og_description":"Jednoduch\u00e1 osieva\u010dka m\u00faky do men\u0161\u00edch prev\u00e1dzok, kde sa pou\u017e\u00edva vrecovan\u00e1 m\u00faka.  Preosiatie m\u00faku vy\u010dist\u00ed, z\u00e1rove\u0148 ju prevzdu\u0161n\u00ed a zlep\u0161\u00ed tak jej vlastnosti.  V\u00fdkon\u00a0 50 kg \/ min  &nbsp;  Viac o osieva\u010dke n\u00e1jdete v prilo\u017eenom let\u00e1ku TU [...]Read More...","og_url":"https:\/\/omega-bakery.com\/sk\/produkt\/osievacka-muky-panadami\/","og_site_name":"Omega Bakery","article_modified_time":"2023-11-15T09:18:29+00:00","og_image":[{"width":533,"height":700,"url":"http:\/\/omega-bakery.com\/sk\/wp-content\/uploads\/2021\/04\/Prose\u0301vac\u030cka-mouky-PanAdami.png","path":"\/data\/web\/virtuals\/278194\/virtual\/www\/domains\/omega-bakery.com\/sk\/wp-content\/uploads\/2021\/04\/Prose\u0301vac\u030cka-mouky-PanAdami.png","size":"full","id":927,"alt":"","pixels":373100,"type":"image\/png"}],"twitter_card":"summary_large_image","schema":{"@context":"https:\/\/schema.org","@graph":[{"@type":"WebSite","@id":"https:\/\/omega-bakery.com\/sk\/#website","url":"https:\/\/omega-bakery.com\/sk\/","name":"Omega Bakery","description":"Dodavatel stroj\u016f a za\u0159\u00edzen\u00ed pro pek\u00e1rny","potentialAction":[{"@type":"SearchAction","target":{"@type":"EntryPoint","urlTemplate":"https:\/\/omega-bakery.com\/sk\/?s={search_term_string}"},"query-input":"required name=search_term_string"}],"inLanguage":"sk-SK"},{"@type":"ImageObject","@id":"https:\/\/omega-bakery.com\/sk\/produkt\/osievacka-muky-panadami\/#primaryimage","inLanguage":"sk-SK","url":"https:\/\/omega-bakery.com\/sk\/wp-content\/uploads\/2021\/04\/Prose\u0301vac\u030cka-mouky-PanAdami.png","contentUrl":"https:\/\/omega-bakery.com\/sk\/wp-content\/uploads\/2021\/04\/Prose\u0301vac\u030cka-mouky-PanAdami.png","width":533,"height":700},{"@type":"WebPage","@id":"https:\/\/omega-bakery.com\/sk\/produkt\/osievacka-muky-panadami\/#webpage","url":"https:\/\/omega-bakery.com\/sk\/produkt\/osievacka-muky-panadami\/","name":"Osieva\u010dka m\u00faky PanAdami - Omega Bakery","isPartOf":{"@id":"https:\/\/omega-bakery.com\/sk\/#website"},"primaryImageOfPage":{"@id":"https:\/\/omega-bakery.com\/sk\/produkt\/osievacka-muky-panadami\/#primaryimage"},"datePublished":"2021-04-23T14:54:34+00:00","dateModified":"2023-11-15T09:18:29+00:00","breadcrumb":{"@id":"https:\/\/omega-bakery.com\/sk\/produkt\/osievacka-muky-panadami\/#breadcrumb"},"inLanguage":"sk-SK","potentialAction":[{"@type":"ReadAction","target":["https:\/\/omega-bakery.com\/sk\/produkt\/osievacka-muky-panadami\/"]}]},{"@type":"BreadcrumbList","@id":"https:\/\/omega-bakery.com\/sk\/produkt\/osievacka-muky-panadami\/#breadcrumb","itemListElement":[{"@type":"ListItem","position":1,"name":"Dom\u016f","item":"https:\/\/omega-bakery.com\/sk\/"},{"@type":"ListItem","position":2,"name":"Stroje a zariadenia","item":"https:\/\/omega-bakery.com\/sk\/stroje-a-zariadenia\/"},{"@type":"ListItem","position":3,"name":"M\u00fa\u010dne hospod\u00e1rstvo","item":"http:\/\/omega-bakery.com\/sk\/stroje-a-zarizeni\/mucne-hospodarstvo\/"},{"@type":"ListItem","position":4,"name":"Osieva\u010dka m\u00faky PanAdami"}]}]}},"_links":{"self":[{"href":"https:\/\/omega-bakery.com\/sk\/wp-json\/wp\/v2\/product\/419"}],"collection":[{"href":"https:\/\/omega-bakery.com\/sk\/wp-json\/wp\/v2\/product"}],"about":[{"href":"https:\/\/omega-bakery.com\/sk\/wp-json\/wp\/v2\/types\/product"}],"wp:featuredmedia":[{"embeddable":true,"href":"https:\/\/omega-bakery.com\/sk\/wp-json\/wp\/v2\/media\/927"}],"wp:attachment":[{"href":"https:\/\/omega-bakery.com\/sk\/wp-json\/wp\/v2\/media?parent=419"}],"curies":[{"name":"wp","href":"https:\/\/api.w.org\/{rel}","templated":true}]}}