{"id":423,"date":"2021-04-23T16:55:28","date_gmt":"2021-04-23T14:55:28","guid":{"rendered":"http:\/\/omega-bakery.com\/sk\/?post_type=product&#038;p=423"},"modified":"2024-10-31T15:01:29","modified_gmt":"2024-10-31T13:01:29","slug":"mhs-premium","status":"publish","type":"product","link":"https:\/\/omega-bakery.com\/sk\/produkt\/mhs-premium\/","title":{"rendered":"MHS Premium"},"content":{"rendered":"","protected":false},"excerpt":{"rendered":"<p>V\u00fdkonn\u00e1 obslu\u017en\u00e1 kot\u00fa\u010dov\u00e1 kr\u00e1ja\u010dka do pek\u00e1rn\u00ed \u2013 160 pl\u00e1tk\u016f \/ min<\/p>\n<p><strong>Hlavn\u00e9 znaky:<\/strong><\/p>\n<ul>\n<li>3 nastaviteln\u00e9 predvolby tlou\u0161\u0165ky pl\u00e1tkov<\/li>\n<li>funkcia \u201ep\u016flen\u00ed\u201c chleba<\/li>\n<li>kvalitn\u00ed rez &#8211; kotu\u010dov\u00e9 ostrie<\/li>\n<li>bez nutnosti olejovania<\/li>\n<\/ul>\n<div>\n<div>\n<div><strong>Maxim\u00e1ln\u00e9 rozmery bochn\u00edka:\u00a0 \u00a0<\/strong>390 x 160 x 320 mm<\/div>\n<div><strong>Pr\u00edkon:<\/strong>\u00a0 \u00a01,2 kW \/ 230 V<\/div>\n<div><strong>Rozmery (\u0161 x d x v)<\/strong><strong>: \u00a0\u00a0<\/strong>800 x 710 x 1130 mm<\/div>\n<div><\/div>\n<\/div>\n<div>\n<p>Viacej informaci\u00ed o tomto obslu\u017enom stroji naleznete v prilo\u017eenom let\u00e1ku <a href=\"http:\/\/omega-bakery.com\/sk\/wp-content\/uploads\/2021\/04\/MHS-Premium-rezacka-chleba-kotoucova-obsluzna-0823.pdf\" target=\"_blank\" rel=\"noopener\">TU<\/a><\/p>\n<\/div>\n<\/div>\n<p> [&#8230;]<\/p>\n<p><a class=\"btn btn-secondary understrap-read-more-link\" href=\"https:\/\/omega-bakery.com\/sk\/produkt\/mhs-premium\/\">Read More&#8230;<\/a><\/p>\n","protected":false},"featured_media":964,"template":"","meta":[],"yoast_head":"<!-- This site is optimized with the Yoast SEO plugin v17.1 - https:\/\/yoast.com\/wordpress\/plugins\/seo\/ -->\n<title>MHS Premium - Omega Bakery<\/title>\n<meta name=\"robots\" content=\"index, follow, max-snippet:-1, max-image-preview:large, max-video-preview:-1\" \/>\n<link rel=\"canonical\" href=\"https:\/\/omega-bakery.com\/sk\/produkt\/mhs-premium\/\" \/>\n<meta property=\"og:locale\" content=\"sk_SK\" \/>\n<meta property=\"og:type\" content=\"article\" \/>\n<meta property=\"og:title\" content=\"MHS Premium - Omega Bakery\" \/>\n<meta property=\"og:description\" content=\"V\u00fdkonn\u00e1 obslu\u017en\u00e1 kot\u00fa\u010dov\u00e1 kr\u00e1ja\u010dka do pek\u00e1rn\u00ed \u2013 160 pl\u00e1tk\u016f \/ min  Hlavn\u00e9 znaky:   3 nastaviteln\u00e9 predvolby tlou\u0161\u0165ky pl\u00e1tkov  funkcia \u201ep\u016flen\u00ed\u201c chleba  kvalitn\u00ed rez - kotu\u010dov\u00e9 ostrie  bez nutnosti olejovania    Maxim\u00e1ln\u00e9 rozmery bochn\u00edka:\u00a0 \u00a0390 x 160 x 320 mm Pr\u00edkon:\u00a0 \u00a01,2 kW \/ 230 V Rozmery (\u0161 x d x v): \u00a0\u00a0800 x 710 x 1130 mm     Viacej informaci\u00ed o tomto obslu\u017enom stroji naleznete v prilo\u017eenom let\u00e1ku TU    [...]Read More...\" \/>\n<meta property=\"og:url\" content=\"https:\/\/omega-bakery.com\/sk\/produkt\/mhs-premium\/\" \/>\n<meta property=\"og:site_name\" content=\"Omega Bakery\" \/>\n<meta property=\"article:modified_time\" content=\"2024-10-31T13:01:29+00:00\" \/>\n<meta property=\"og:image\" content=\"http:\/\/omega-bakery.com\/sk\/wp-content\/uploads\/2021\/04\/MHS-Premium-Gross.png\" \/>\n\t<meta property=\"og:image:width\" content=\"533\" \/>\n\t<meta property=\"og:image:height\" content=\"700\" \/>\n<meta name=\"twitter:card\" content=\"summary_large_image\" \/>\n<script type=\"application\/ld+json\" class=\"yoast-schema-graph\">{\"@context\":\"https:\/\/schema.org\",\"@graph\":[{\"@type\":\"WebSite\",\"@id\":\"https:\/\/omega-bakery.com\/sk\/#website\",\"url\":\"https:\/\/omega-bakery.com\/sk\/\",\"name\":\"Omega Bakery\",\"description\":\"Dodavatel stroj\\u016f a za\\u0159\\u00edzen\\u00ed pro pek\\u00e1rny\",\"potentialAction\":[{\"@type\":\"SearchAction\",\"target\":{\"@type\":\"EntryPoint\",\"urlTemplate\":\"https:\/\/omega-bakery.com\/sk\/?s={search_term_string}\"},\"query-input\":\"required name=search_term_string\"}],\"inLanguage\":\"sk-SK\"},{\"@type\":\"ImageObject\",\"@id\":\"https:\/\/omega-bakery.com\/sk\/produkt\/mhs-premium\/#primaryimage\",\"inLanguage\":\"sk-SK\",\"url\":\"https:\/\/omega-bakery.com\/sk\/wp-content\/uploads\/2021\/04\/MHS-Premium-Gross.png\",\"contentUrl\":\"https:\/\/omega-bakery.com\/sk\/wp-content\/uploads\/2021\/04\/MHS-Premium-Gross.png\",\"width\":533,\"height\":700},{\"@type\":\"WebPage\",\"@id\":\"https:\/\/omega-bakery.com\/sk\/produkt\/mhs-premium\/#webpage\",\"url\":\"https:\/\/omega-bakery.com\/sk\/produkt\/mhs-premium\/\",\"name\":\"MHS Premium - Omega Bakery\",\"isPartOf\":{\"@id\":\"https:\/\/omega-bakery.com\/sk\/#website\"},\"primaryImageOfPage\":{\"@id\":\"https:\/\/omega-bakery.com\/sk\/produkt\/mhs-premium\/#primaryimage\"},\"datePublished\":\"2021-04-23T14:55:28+00:00\",\"dateModified\":\"2024-10-31T13:01:29+00:00\",\"breadcrumb\":{\"@id\":\"https:\/\/omega-bakery.com\/sk\/produkt\/mhs-premium\/#breadcrumb\"},\"inLanguage\":\"sk-SK\",\"potentialAction\":[{\"@type\":\"ReadAction\",\"target\":[\"https:\/\/omega-bakery.com\/sk\/produkt\/mhs-premium\/\"]}]},{\"@type\":\"BreadcrumbList\",\"@id\":\"https:\/\/omega-bakery.com\/sk\/produkt\/mhs-premium\/#breadcrumb\",\"itemListElement\":[{\"@type\":\"ListItem\",\"position\":1,\"name\":\"Dom\\u016f\",\"item\":\"https:\/\/omega-bakery.com\/sk\/\"},{\"@type\":\"ListItem\",\"position\":2,\"name\":\"Stroje a zariadenia\",\"item\":\"https:\/\/omega-bakery.com\/sk\/stroje-a-zariadenia\/\"},{\"@type\":\"ListItem\",\"position\":3,\"name\":\"Rezacie a baliace stroje\",\"item\":\"https:\/\/omega-bakery.com\/sk\/stroje-a-zarizeni\/rezacie-a-baliace-stroje\/\"},{\"@type\":\"ListItem\",\"position\":4,\"name\":\"Obslu\\u017en\\u00e9 reza\\u010dky\",\"item\":\"https:\/\/omega-bakery.com\/sk\/stroje-a-zarizeni\/rezacie-a-baliace-stroje\/obsluzne-rezacky\/\"},{\"@type\":\"ListItem\",\"position\":5,\"name\":\"MHS Premium\"}]}]}<\/script>\n<!-- \/ Yoast SEO plugin. -->","yoast_head_json":{"title":"MHS Premium - Omega Bakery","robots":{"index":"index","follow":"follow","max-snippet":"max-snippet:-1","max-image-preview":"max-image-preview:large","max-video-preview":"max-video-preview:-1"},"canonical":"https:\/\/omega-bakery.com\/sk\/produkt\/mhs-premium\/","og_locale":"sk_SK","og_type":"article","og_title":"MHS Premium - Omega Bakery","og_description":"V\u00fdkonn\u00e1 obslu\u017en\u00e1 kot\u00fa\u010dov\u00e1 kr\u00e1ja\u010dka do pek\u00e1rn\u00ed \u2013 160 pl\u00e1tk\u016f \/ min  Hlavn\u00e9 znaky:   3 nastaviteln\u00e9 predvolby tlou\u0161\u0165ky pl\u00e1tkov  funkcia \u201ep\u016flen\u00ed\u201c chleba  kvalitn\u00ed rez - kotu\u010dov\u00e9 ostrie  bez nutnosti olejovania    Maxim\u00e1ln\u00e9 rozmery bochn\u00edka:\u00a0 \u00a0390 x 160 x 320 mm Pr\u00edkon:\u00a0 \u00a01,2 kW \/ 230 V Rozmery (\u0161 x d x v): \u00a0\u00a0800 x 710 x 1130 mm     Viacej informaci\u00ed o tomto obslu\u017enom stroji naleznete v prilo\u017eenom let\u00e1ku TU    [...]Read More...","og_url":"https:\/\/omega-bakery.com\/sk\/produkt\/mhs-premium\/","og_site_name":"Omega Bakery","article_modified_time":"2024-10-31T13:01:29+00:00","og_image":[{"width":533,"height":700,"url":"http:\/\/omega-bakery.com\/sk\/wp-content\/uploads\/2021\/04\/MHS-Premium-Gross.png","path":"\/data\/web\/virtuals\/278194\/virtual\/www\/domains\/omega-bakery.com\/sk\/wp-content\/uploads\/2021\/04\/MHS-Premium-Gross.png","size":"full","id":964,"alt":"","pixels":373100,"type":"image\/png"}],"twitter_card":"summary_large_image","schema":{"@context":"https:\/\/schema.org","@graph":[{"@type":"WebSite","@id":"https:\/\/omega-bakery.com\/sk\/#website","url":"https:\/\/omega-bakery.com\/sk\/","name":"Omega Bakery","description":"Dodavatel stroj\u016f a za\u0159\u00edzen\u00ed pro pek\u00e1rny","potentialAction":[{"@type":"SearchAction","target":{"@type":"EntryPoint","urlTemplate":"https:\/\/omega-bakery.com\/sk\/?s={search_term_string}"},"query-input":"required name=search_term_string"}],"inLanguage":"sk-SK"},{"@type":"ImageObject","@id":"https:\/\/omega-bakery.com\/sk\/produkt\/mhs-premium\/#primaryimage","inLanguage":"sk-SK","url":"https:\/\/omega-bakery.com\/sk\/wp-content\/uploads\/2021\/04\/MHS-Premium-Gross.png","contentUrl":"https:\/\/omega-bakery.com\/sk\/wp-content\/uploads\/2021\/04\/MHS-Premium-Gross.png","width":533,"height":700},{"@type":"WebPage","@id":"https:\/\/omega-bakery.com\/sk\/produkt\/mhs-premium\/#webpage","url":"https:\/\/omega-bakery.com\/sk\/produkt\/mhs-premium\/","name":"MHS Premium - Omega Bakery","isPartOf":{"@id":"https:\/\/omega-bakery.com\/sk\/#website"},"primaryImageOfPage":{"@id":"https:\/\/omega-bakery.com\/sk\/produkt\/mhs-premium\/#primaryimage"},"datePublished":"2021-04-23T14:55:28+00:00","dateModified":"2024-10-31T13:01:29+00:00","breadcrumb":{"@id":"https:\/\/omega-bakery.com\/sk\/produkt\/mhs-premium\/#breadcrumb"},"inLanguage":"sk-SK","potentialAction":[{"@type":"ReadAction","target":["https:\/\/omega-bakery.com\/sk\/produkt\/mhs-premium\/"]}]},{"@type":"BreadcrumbList","@id":"https:\/\/omega-bakery.com\/sk\/produkt\/mhs-premium\/#breadcrumb","itemListElement":[{"@type":"ListItem","position":1,"name":"Dom\u016f","item":"https:\/\/omega-bakery.com\/sk\/"},{"@type":"ListItem","position":2,"name":"Stroje a zariadenia","item":"https:\/\/omega-bakery.com\/sk\/stroje-a-zariadenia\/"},{"@type":"ListItem","position":3,"name":"Rezacie a baliace stroje","item":"https:\/\/omega-bakery.com\/sk\/stroje-a-zarizeni\/rezacie-a-baliace-stroje\/"},{"@type":"ListItem","position":4,"name":"Obslu\u017en\u00e9 reza\u010dky","item":"https:\/\/omega-bakery.com\/sk\/stroje-a-zarizeni\/rezacie-a-baliace-stroje\/obsluzne-rezacky\/"},{"@type":"ListItem","position":5,"name":"MHS Premium"}]}]}},"_links":{"self":[{"href":"https:\/\/omega-bakery.com\/sk\/wp-json\/wp\/v2\/product\/423"}],"collection":[{"href":"https:\/\/omega-bakery.com\/sk\/wp-json\/wp\/v2\/product"}],"about":[{"href":"https:\/\/omega-bakery.com\/sk\/wp-json\/wp\/v2\/types\/product"}],"wp:featuredmedia":[{"embeddable":true,"href":"https:\/\/omega-bakery.com\/sk\/wp-json\/wp\/v2\/media\/964"}],"wp:attachment":[{"href":"https:\/\/omega-bakery.com\/sk\/wp-json\/wp\/v2\/media?parent=423"}],"curies":[{"name":"wp","href":"https:\/\/api.w.org\/{rel}","templated":true}]}}