{"id":429,"date":"2021-04-23T16:57:00","date_gmt":"2021-04-23T14:57:00","guid":{"rendered":"http:\/\/omega-bakery.com\/sk\/?post_type=product&#038;p=429"},"modified":"2024-10-31T14:14:46","modified_gmt":"2024-10-31T12:14:46","slug":"wachtel-atlas-plyn-elektro-olej","status":"publish","type":"product","link":"https:\/\/omega-bakery.com\/sk\/produkt\/wachtel-atlas-plyn-elektro-olej\/","title":{"rendered":"Wachtel Atlas plyn\/elektro\/olej"},"content":{"rendered":"","protected":false},"excerpt":{"rendered":"<p>Pec Wachtel ATLAS \u2013\u00a0 nov\u00e1 gener\u00e1cia rota\u010dn\u00fdch pec\u00ed s energeticky \u00fasporn\u00fdmi funkciami, ktor\u00e9 boli navrhnut\u00e9 v\u00fdhradne spolo\u010dnos\u0165ou WACHTEL. S revolu\u010dn\u00fdmi technick\u00fdmi vlastnos\u0165ami a najkvalitnej\u0161\u00edmi materi\u00e1lmi je to viac ako klasick\u00e1 v\u00fdrobn\u00e1 pec. Najvy\u0161\u0161ia kvalita pe\u010denia je dosiahnut\u00e1 taktie\u017e v\u010faka automatick\u00e9mu riadeniu tlaku v pe\u010dnej komore.<\/p>\n<p><strong>Hlavn\u00e9 znaky:<\/strong><\/p>\n<ul>\n<li class=\"rtejustify\"><strong>AUTOPILOT AIR PRESSURE\u00a0<\/strong>automatick\u00e9 udr\u017eovanie kon\u0161tantn\u00fdch tlakov\u00fdch podmienok v peci, nez\u00e1visle na vonkaj\u0161om po\u010das\u00ed.<\/li>\n<li class=\"rtejustify\"><strong>ECO MULTI STEAM\u00a0<\/strong>patentovan\u00fd syst\u00e9m rekuper\u00e1cie energie so zaparovan\u00edm. A\u017e o 20 % \u00faspornej\u0161\u00ed.<\/li>\n<li class=\"rtejustify\"><strong>IQ TOUCH\u00a0 \u00a0<\/strong>dotykov\u00e9 ovl\u00e1danie na princ\u00edpe chytr\u00fdch telef\u00f3nov. Prin\u00e1\u0161a \u013eahk\u00e9 ovl\u00e1danie a mo\u017enos\u0165 vzdialen\u00e9ho pr\u00edstupu pre spr\u00e1vu a kontrolu v\u00fdroby pomocou funkcie REMOTE.<\/li>\n<\/ul>\n<div><strong>Maxim\u00e1lny po\u010det poschod\u00ed voz\u00edka: \u00a0 <\/strong>20<\/div>\n<div><strong>Rozmery (\u0161 x d x v)<\/strong><strong>:<\/strong> \u00a0 z\u00e1visia od typu, vi\u010f. prilo\u017een\u00fd let\u00e1k<\/div>\n<p>&nbsp;<\/p>\n<div>\n<p>Viac inform\u00e1ci\u00ed o tejto rota\u010dnej peci n\u00e1jdete v prilo\u017eenom let\u00e1ku <a href=\"http:\/\/omega-bakery.com\/sk\/wp-content\/uploads\/2021\/04\/Wachtel-Atlas-0823.pdf\" target=\"_blank\" rel=\"noopener\">TU<\/a><\/p>\n<\/div>\n<p> [&#8230;]<\/p>\n<p><a class=\"btn btn-secondary understrap-read-more-link\" href=\"https:\/\/omega-bakery.com\/sk\/produkt\/wachtel-atlas-plyn-elektro-olej\/\">Read More&#8230;<\/a><\/p>\n","protected":false},"featured_media":713,"template":"","meta":[],"yoast_head":"<!-- This site is optimized with the Yoast SEO plugin v17.1 - https:\/\/yoast.com\/wordpress\/plugins\/seo\/ -->\n<title>Wachtel Atlas plyn\/elektro\/olej - Omega Bakery<\/title>\n<meta name=\"robots\" content=\"index, follow, max-snippet:-1, max-image-preview:large, max-video-preview:-1\" \/>\n<link rel=\"canonical\" href=\"https:\/\/omega-bakery.com\/sk\/produkt\/wachtel-atlas-plyn-elektro-olej\/\" \/>\n<meta property=\"og:locale\" content=\"sk_SK\" \/>\n<meta property=\"og:type\" content=\"article\" \/>\n<meta property=\"og:title\" content=\"Wachtel Atlas plyn\/elektro\/olej - Omega Bakery\" \/>\n<meta property=\"og:description\" content=\"Pec Wachtel ATLAS \u2013\u00a0 nov\u00e1 gener\u00e1cia rota\u010dn\u00fdch pec\u00ed s energeticky \u00fasporn\u00fdmi funkciami, ktor\u00e9 boli navrhnut\u00e9 v\u00fdhradne spolo\u010dnos\u0165ou WACHTEL. S revolu\u010dn\u00fdmi technick\u00fdmi vlastnos\u0165ami a najkvalitnej\u0161\u00edmi materi\u00e1lmi je to viac ako klasick\u00e1 v\u00fdrobn\u00e1 pec. Najvy\u0161\u0161ia kvalita pe\u010denia je dosiahnut\u00e1 taktie\u017e v\u010faka automatick\u00e9mu riadeniu tlaku v pe\u010dnej komore.  Hlavn\u00e9 znaky:   AUTOPILOT AIR PRESSURE\u00a0automatick\u00e9 udr\u017eovanie kon\u0161tantn\u00fdch tlakov\u00fdch podmienok v peci, nez\u00e1visle na vonkaj\u0161om po\u010das\u00ed.  ECO MULTI STEAM\u00a0patentovan\u00fd syst\u00e9m rekuper\u00e1cie energie so zaparovan\u00edm. A\u017e o 20 % \u00faspornej\u0161\u00ed.  IQ TOUCH\u00a0 \u00a0dotykov\u00e9 ovl\u00e1danie na princ\u00edpe chytr\u00fdch telef\u00f3nov. Prin\u00e1\u0161a \u013eahk\u00e9 ovl\u00e1danie a mo\u017enos\u0165 vzdialen\u00e9ho pr\u00edstupu pre spr\u00e1vu a kontrolu v\u00fdroby pomocou funkcie REMOTE.  Maxim\u00e1lny po\u010det poschod\u00ed voz\u00edka: \u00a0 20 Rozmery (\u0161 x d x v): \u00a0 z\u00e1visia od typu, vi\u010f. prilo\u017een\u00fd let\u00e1k &nbsp;   Viac inform\u00e1ci\u00ed o tejto rota\u010dnej peci n\u00e1jdete v prilo\u017eenom let\u00e1ku TU   [...]Read More...\" \/>\n<meta property=\"og:url\" content=\"https:\/\/omega-bakery.com\/sk\/produkt\/wachtel-atlas-plyn-elektro-olej\/\" \/>\n<meta property=\"og:site_name\" content=\"Omega Bakery\" \/>\n<meta property=\"article:modified_time\" content=\"2024-10-31T12:14:46+00:00\" \/>\n<meta property=\"og:image\" content=\"http:\/\/omega-bakery.com\/sk\/wp-content\/uploads\/2021\/04\/Wachtel-Atlas-plynelektroolej.png\" \/>\n\t<meta property=\"og:image:width\" content=\"533\" \/>\n\t<meta property=\"og:image:height\" content=\"700\" \/>\n<meta name=\"twitter:card\" content=\"summary_large_image\" \/>\n<script type=\"application\/ld+json\" class=\"yoast-schema-graph\">{\"@context\":\"https:\/\/schema.org\",\"@graph\":[{\"@type\":\"WebSite\",\"@id\":\"https:\/\/omega-bakery.com\/sk\/#website\",\"url\":\"https:\/\/omega-bakery.com\/sk\/\",\"name\":\"Omega Bakery\",\"description\":\"Dodavatel stroj\\u016f a za\\u0159\\u00edzen\\u00ed pro pek\\u00e1rny\",\"potentialAction\":[{\"@type\":\"SearchAction\",\"target\":{\"@type\":\"EntryPoint\",\"urlTemplate\":\"https:\/\/omega-bakery.com\/sk\/?s={search_term_string}\"},\"query-input\":\"required name=search_term_string\"}],\"inLanguage\":\"sk-SK\"},{\"@type\":\"ImageObject\",\"@id\":\"https:\/\/omega-bakery.com\/sk\/produkt\/wachtel-atlas-plyn-elektro-olej\/#primaryimage\",\"inLanguage\":\"sk-SK\",\"url\":\"https:\/\/omega-bakery.com\/sk\/wp-content\/uploads\/2021\/04\/Wachtel-Atlas-plynelektroolej.png\",\"contentUrl\":\"https:\/\/omega-bakery.com\/sk\/wp-content\/uploads\/2021\/04\/Wachtel-Atlas-plynelektroolej.png\",\"width\":533,\"height\":700},{\"@type\":\"WebPage\",\"@id\":\"https:\/\/omega-bakery.com\/sk\/produkt\/wachtel-atlas-plyn-elektro-olej\/#webpage\",\"url\":\"https:\/\/omega-bakery.com\/sk\/produkt\/wachtel-atlas-plyn-elektro-olej\/\",\"name\":\"Wachtel Atlas plyn\/elektro\/olej - Omega Bakery\",\"isPartOf\":{\"@id\":\"https:\/\/omega-bakery.com\/sk\/#website\"},\"primaryImageOfPage\":{\"@id\":\"https:\/\/omega-bakery.com\/sk\/produkt\/wachtel-atlas-plyn-elektro-olej\/#primaryimage\"},\"datePublished\":\"2021-04-23T14:57:00+00:00\",\"dateModified\":\"2024-10-31T12:14:46+00:00\",\"breadcrumb\":{\"@id\":\"https:\/\/omega-bakery.com\/sk\/produkt\/wachtel-atlas-plyn-elektro-olej\/#breadcrumb\"},\"inLanguage\":\"sk-SK\",\"potentialAction\":[{\"@type\":\"ReadAction\",\"target\":[\"https:\/\/omega-bakery.com\/sk\/produkt\/wachtel-atlas-plyn-elektro-olej\/\"]}]},{\"@type\":\"BreadcrumbList\",\"@id\":\"https:\/\/omega-bakery.com\/sk\/produkt\/wachtel-atlas-plyn-elektro-olej\/#breadcrumb\",\"itemListElement\":[{\"@type\":\"ListItem\",\"position\":1,\"name\":\"Dom\\u016f\",\"item\":\"https:\/\/omega-bakery.com\/sk\/\"},{\"@type\":\"ListItem\",\"position\":2,\"name\":\"Stroje a zariadenia\",\"item\":\"https:\/\/omega-bakery.com\/sk\/stroje-a-zariadenia\/\"},{\"@type\":\"ListItem\",\"position\":3,\"name\":\"Pece\",\"item\":\"https:\/\/omega-bakery.com\/sk\/stroje-a-zarizeni\/pece\/\"},{\"@type\":\"ListItem\",\"position\":4,\"name\":\"Pece rota\\u010dn\\u00e9\",\"item\":\"https:\/\/omega-bakery.com\/sk\/stroje-a-zarizeni\/pece\/pece-rotacne\/\"},{\"@type\":\"ListItem\",\"position\":5,\"name\":\"Wachtel Atlas plyn\/elektro\/olej\"}]}]}<\/script>\n<!-- \/ Yoast SEO plugin. -->","yoast_head_json":{"title":"Wachtel Atlas plyn\/elektro\/olej - Omega Bakery","robots":{"index":"index","follow":"follow","max-snippet":"max-snippet:-1","max-image-preview":"max-image-preview:large","max-video-preview":"max-video-preview:-1"},"canonical":"https:\/\/omega-bakery.com\/sk\/produkt\/wachtel-atlas-plyn-elektro-olej\/","og_locale":"sk_SK","og_type":"article","og_title":"Wachtel Atlas plyn\/elektro\/olej - Omega Bakery","og_description":"Pec Wachtel ATLAS \u2013\u00a0 nov\u00e1 gener\u00e1cia rota\u010dn\u00fdch pec\u00ed s energeticky \u00fasporn\u00fdmi funkciami, ktor\u00e9 boli navrhnut\u00e9 v\u00fdhradne spolo\u010dnos\u0165ou WACHTEL. S revolu\u010dn\u00fdmi technick\u00fdmi vlastnos\u0165ami a najkvalitnej\u0161\u00edmi materi\u00e1lmi je to viac ako klasick\u00e1 v\u00fdrobn\u00e1 pec. Najvy\u0161\u0161ia kvalita pe\u010denia je dosiahnut\u00e1 taktie\u017e v\u010faka automatick\u00e9mu riadeniu tlaku v pe\u010dnej komore.  Hlavn\u00e9 znaky:   AUTOPILOT AIR PRESSURE\u00a0automatick\u00e9 udr\u017eovanie kon\u0161tantn\u00fdch tlakov\u00fdch podmienok v peci, nez\u00e1visle na vonkaj\u0161om po\u010das\u00ed.  ECO MULTI STEAM\u00a0patentovan\u00fd syst\u00e9m rekuper\u00e1cie energie so zaparovan\u00edm. A\u017e o 20 % \u00faspornej\u0161\u00ed.  IQ TOUCH\u00a0 \u00a0dotykov\u00e9 ovl\u00e1danie na princ\u00edpe chytr\u00fdch telef\u00f3nov. Prin\u00e1\u0161a \u013eahk\u00e9 ovl\u00e1danie a mo\u017enos\u0165 vzdialen\u00e9ho pr\u00edstupu pre spr\u00e1vu a kontrolu v\u00fdroby pomocou funkcie REMOTE.  Maxim\u00e1lny po\u010det poschod\u00ed voz\u00edka: \u00a0 20 Rozmery (\u0161 x d x v): \u00a0 z\u00e1visia od typu, vi\u010f. prilo\u017een\u00fd let\u00e1k &nbsp;   Viac inform\u00e1ci\u00ed o tejto rota\u010dnej peci n\u00e1jdete v prilo\u017eenom let\u00e1ku TU   [...]Read More...","og_url":"https:\/\/omega-bakery.com\/sk\/produkt\/wachtel-atlas-plyn-elektro-olej\/","og_site_name":"Omega Bakery","article_modified_time":"2024-10-31T12:14:46+00:00","og_image":[{"width":533,"height":700,"url":"http:\/\/omega-bakery.com\/sk\/wp-content\/uploads\/2021\/04\/Wachtel-Atlas-plynelektroolej.png","path":"\/data\/web\/virtuals\/278194\/virtual\/www\/domains\/omega-bakery.com\/sk\/wp-content\/uploads\/2021\/04\/Wachtel-Atlas-plynelektroolej.png","size":"full","id":713,"alt":"","pixels":373100,"type":"image\/png"}],"twitter_card":"summary_large_image","schema":{"@context":"https:\/\/schema.org","@graph":[{"@type":"WebSite","@id":"https:\/\/omega-bakery.com\/sk\/#website","url":"https:\/\/omega-bakery.com\/sk\/","name":"Omega Bakery","description":"Dodavatel stroj\u016f a za\u0159\u00edzen\u00ed pro pek\u00e1rny","potentialAction":[{"@type":"SearchAction","target":{"@type":"EntryPoint","urlTemplate":"https:\/\/omega-bakery.com\/sk\/?s={search_term_string}"},"query-input":"required name=search_term_string"}],"inLanguage":"sk-SK"},{"@type":"ImageObject","@id":"https:\/\/omega-bakery.com\/sk\/produkt\/wachtel-atlas-plyn-elektro-olej\/#primaryimage","inLanguage":"sk-SK","url":"https:\/\/omega-bakery.com\/sk\/wp-content\/uploads\/2021\/04\/Wachtel-Atlas-plynelektroolej.png","contentUrl":"https:\/\/omega-bakery.com\/sk\/wp-content\/uploads\/2021\/04\/Wachtel-Atlas-plynelektroolej.png","width":533,"height":700},{"@type":"WebPage","@id":"https:\/\/omega-bakery.com\/sk\/produkt\/wachtel-atlas-plyn-elektro-olej\/#webpage","url":"https:\/\/omega-bakery.com\/sk\/produkt\/wachtel-atlas-plyn-elektro-olej\/","name":"Wachtel Atlas plyn\/elektro\/olej - Omega Bakery","isPartOf":{"@id":"https:\/\/omega-bakery.com\/sk\/#website"},"primaryImageOfPage":{"@id":"https:\/\/omega-bakery.com\/sk\/produkt\/wachtel-atlas-plyn-elektro-olej\/#primaryimage"},"datePublished":"2021-04-23T14:57:00+00:00","dateModified":"2024-10-31T12:14:46+00:00","breadcrumb":{"@id":"https:\/\/omega-bakery.com\/sk\/produkt\/wachtel-atlas-plyn-elektro-olej\/#breadcrumb"},"inLanguage":"sk-SK","potentialAction":[{"@type":"ReadAction","target":["https:\/\/omega-bakery.com\/sk\/produkt\/wachtel-atlas-plyn-elektro-olej\/"]}]},{"@type":"BreadcrumbList","@id":"https:\/\/omega-bakery.com\/sk\/produkt\/wachtel-atlas-plyn-elektro-olej\/#breadcrumb","itemListElement":[{"@type":"ListItem","position":1,"name":"Dom\u016f","item":"https:\/\/omega-bakery.com\/sk\/"},{"@type":"ListItem","position":2,"name":"Stroje a zariadenia","item":"https:\/\/omega-bakery.com\/sk\/stroje-a-zariadenia\/"},{"@type":"ListItem","position":3,"name":"Pece","item":"https:\/\/omega-bakery.com\/sk\/stroje-a-zarizeni\/pece\/"},{"@type":"ListItem","position":4,"name":"Pece rota\u010dn\u00e9","item":"https:\/\/omega-bakery.com\/sk\/stroje-a-zarizeni\/pece\/pece-rotacne\/"},{"@type":"ListItem","position":5,"name":"Wachtel Atlas plyn\/elektro\/olej"}]}]}},"_links":{"self":[{"href":"https:\/\/omega-bakery.com\/sk\/wp-json\/wp\/v2\/product\/429"}],"collection":[{"href":"https:\/\/omega-bakery.com\/sk\/wp-json\/wp\/v2\/product"}],"about":[{"href":"https:\/\/omega-bakery.com\/sk\/wp-json\/wp\/v2\/types\/product"}],"wp:featuredmedia":[{"embeddable":true,"href":"https:\/\/omega-bakery.com\/sk\/wp-json\/wp\/v2\/media\/713"}],"wp:attachment":[{"href":"https:\/\/omega-bakery.com\/sk\/wp-json\/wp\/v2\/media?parent=429"}],"curies":[{"name":"wp","href":"https:\/\/api.w.org\/{rel}","templated":true}]}}