{"id":430,"date":"2021-04-23T16:57:23","date_gmt":"2021-04-23T14:57:23","guid":{"rendered":"http:\/\/omega-bakery.com\/sk\/?post_type=product&#038;p=430"},"modified":"2024-10-31T13:41:30","modified_gmt":"2024-10-31T11:41:30","slug":"pec-na-drevo-habo","status":"publish","type":"product","link":"https:\/\/omega-bakery.com\/sk\/produkt\/pec-na-drevo-habo\/","title":{"rendered":"Pec na drevo Habo"},"content":{"rendered":"","protected":false},"excerpt":{"rendered":"<p>Pec s klasick\u00fdm vykurovan\u00edm drevom. Po vyhoren\u00ed dreva sa popol vyhrabe a m\u00f4\u017ee sa osadzova\u0165.<\/p>\n<p>Viac inform\u00e1ci\u00ed o tejto et\u00e1\u017eovej peci n\u00e1jdete v prilo\u017eenom let\u00e1ku <a href=\"http:\/\/omega-bakery.com\/sk\/wp-content\/uploads\/2021\/04\/Pec-na-drevo-HABO-0823.pdf\" target=\"_blank\" rel=\"noopener\">TU<\/a> [&#8230;]<\/p>\n<p><a class=\"btn btn-secondary understrap-read-more-link\" href=\"https:\/\/omega-bakery.com\/sk\/produkt\/pec-na-drevo-habo\/\">Read More&#8230;<\/a><\/p>\n","protected":false},"featured_media":1152,"template":"","meta":[],"yoast_head":"<!-- This site is optimized with the Yoast SEO plugin v17.1 - https:\/\/yoast.com\/wordpress\/plugins\/seo\/ -->\n<title>Pec na drevo Habo - Omega Bakery<\/title>\n<meta name=\"robots\" content=\"index, follow, max-snippet:-1, max-image-preview:large, max-video-preview:-1\" \/>\n<link rel=\"canonical\" href=\"https:\/\/omega-bakery.com\/sk\/produkt\/pec-na-drevo-habo\/\" \/>\n<meta property=\"og:locale\" content=\"sk_SK\" \/>\n<meta property=\"og:type\" content=\"article\" \/>\n<meta property=\"og:title\" content=\"Pec na drevo Habo - Omega Bakery\" \/>\n<meta property=\"og:description\" content=\"Pec s klasick\u00fdm vykurovan\u00edm drevom. Po vyhoren\u00ed dreva sa popol vyhrabe a m\u00f4\u017ee sa osadzova\u0165.  Viac inform\u00e1ci\u00ed o tejto et\u00e1\u017eovej peci n\u00e1jdete v prilo\u017eenom let\u00e1ku TU [...]Read More...\" \/>\n<meta property=\"og:url\" content=\"https:\/\/omega-bakery.com\/sk\/produkt\/pec-na-drevo-habo\/\" \/>\n<meta property=\"og:site_name\" content=\"Omega Bakery\" \/>\n<meta property=\"article:modified_time\" content=\"2024-10-31T11:41:30+00:00\" \/>\n<meta property=\"og:image\" content=\"http:\/\/omega-bakery.com\/sk\/wp-content\/uploads\/2021\/04\/Pec-na-dr\u030cevo-Habo-1.png\" \/>\n\t<meta property=\"og:image:width\" content=\"533\" \/>\n\t<meta property=\"og:image:height\" content=\"700\" \/>\n<meta name=\"twitter:card\" content=\"summary_large_image\" \/>\n<script type=\"application\/ld+json\" class=\"yoast-schema-graph\">{\"@context\":\"https:\/\/schema.org\",\"@graph\":[{\"@type\":\"WebSite\",\"@id\":\"https:\/\/omega-bakery.com\/sk\/#website\",\"url\":\"https:\/\/omega-bakery.com\/sk\/\",\"name\":\"Omega Bakery\",\"description\":\"Dodavatel stroj\\u016f a za\\u0159\\u00edzen\\u00ed pro pek\\u00e1rny\",\"potentialAction\":[{\"@type\":\"SearchAction\",\"target\":{\"@type\":\"EntryPoint\",\"urlTemplate\":\"https:\/\/omega-bakery.com\/sk\/?s={search_term_string}\"},\"query-input\":\"required name=search_term_string\"}],\"inLanguage\":\"sk-SK\"},{\"@type\":\"ImageObject\",\"@id\":\"https:\/\/omega-bakery.com\/sk\/produkt\/pec-na-drevo-habo\/#primaryimage\",\"inLanguage\":\"sk-SK\",\"url\":\"https:\/\/omega-bakery.com\/sk\/wp-content\/uploads\/2021\/04\/Pec-na-dr\\u030cevo-Habo-1.png\",\"contentUrl\":\"https:\/\/omega-bakery.com\/sk\/wp-content\/uploads\/2021\/04\/Pec-na-dr\\u030cevo-Habo-1.png\",\"width\":533,\"height\":700},{\"@type\":\"WebPage\",\"@id\":\"https:\/\/omega-bakery.com\/sk\/produkt\/pec-na-drevo-habo\/#webpage\",\"url\":\"https:\/\/omega-bakery.com\/sk\/produkt\/pec-na-drevo-habo\/\",\"name\":\"Pec na drevo Habo - Omega Bakery\",\"isPartOf\":{\"@id\":\"https:\/\/omega-bakery.com\/sk\/#website\"},\"primaryImageOfPage\":{\"@id\":\"https:\/\/omega-bakery.com\/sk\/produkt\/pec-na-drevo-habo\/#primaryimage\"},\"datePublished\":\"2021-04-23T14:57:23+00:00\",\"dateModified\":\"2024-10-31T11:41:30+00:00\",\"breadcrumb\":{\"@id\":\"https:\/\/omega-bakery.com\/sk\/produkt\/pec-na-drevo-habo\/#breadcrumb\"},\"inLanguage\":\"sk-SK\",\"potentialAction\":[{\"@type\":\"ReadAction\",\"target\":[\"https:\/\/omega-bakery.com\/sk\/produkt\/pec-na-drevo-habo\/\"]}]},{\"@type\":\"BreadcrumbList\",\"@id\":\"https:\/\/omega-bakery.com\/sk\/produkt\/pec-na-drevo-habo\/#breadcrumb\",\"itemListElement\":[{\"@type\":\"ListItem\",\"position\":1,\"name\":\"Dom\\u016f\",\"item\":\"https:\/\/omega-bakery.com\/sk\/\"},{\"@type\":\"ListItem\",\"position\":2,\"name\":\"Stroje a zariadenia\",\"item\":\"https:\/\/omega-bakery.com\/sk\/stroje-a-zariadenia\/\"},{\"@type\":\"ListItem\",\"position\":3,\"name\":\"Pece\",\"item\":\"https:\/\/omega-bakery.com\/sk\/stroje-a-zarizeni\/pece\/\"},{\"@type\":\"ListItem\",\"position\":4,\"name\":\"Pece et\\u00e1\\u017eov\\u00e9\",\"item\":\"https:\/\/omega-bakery.com\/sk\/stroje-a-zarizeni\/pece\/pece-etazove\/\"},{\"@type\":\"ListItem\",\"position\":5,\"name\":\"Pec na drevo Habo\"}]}]}<\/script>\n<!-- \/ Yoast SEO plugin. -->","yoast_head_json":{"title":"Pec na drevo Habo - Omega Bakery","robots":{"index":"index","follow":"follow","max-snippet":"max-snippet:-1","max-image-preview":"max-image-preview:large","max-video-preview":"max-video-preview:-1"},"canonical":"https:\/\/omega-bakery.com\/sk\/produkt\/pec-na-drevo-habo\/","og_locale":"sk_SK","og_type":"article","og_title":"Pec na drevo Habo - Omega Bakery","og_description":"Pec s klasick\u00fdm vykurovan\u00edm drevom. Po vyhoren\u00ed dreva sa popol vyhrabe a m\u00f4\u017ee sa osadzova\u0165.  Viac inform\u00e1ci\u00ed o tejto et\u00e1\u017eovej peci n\u00e1jdete v prilo\u017eenom let\u00e1ku TU [...]Read More...","og_url":"https:\/\/omega-bakery.com\/sk\/produkt\/pec-na-drevo-habo\/","og_site_name":"Omega Bakery","article_modified_time":"2024-10-31T11:41:30+00:00","og_image":[{"width":533,"height":700,"url":"http:\/\/omega-bakery.com\/sk\/wp-content\/uploads\/2021\/04\/Pec-na-dr\u030cevo-Habo-1.png","path":"\/data\/web\/virtuals\/278194\/virtual\/www\/domains\/omega-bakery.com\/sk\/wp-content\/uploads\/2021\/04\/Pec-na-dr\u030cevo-Habo-1.png","size":"full","id":1152,"alt":"","pixels":373100,"type":"image\/png"}],"twitter_card":"summary_large_image","schema":{"@context":"https:\/\/schema.org","@graph":[{"@type":"WebSite","@id":"https:\/\/omega-bakery.com\/sk\/#website","url":"https:\/\/omega-bakery.com\/sk\/","name":"Omega Bakery","description":"Dodavatel stroj\u016f a za\u0159\u00edzen\u00ed pro pek\u00e1rny","potentialAction":[{"@type":"SearchAction","target":{"@type":"EntryPoint","urlTemplate":"https:\/\/omega-bakery.com\/sk\/?s={search_term_string}"},"query-input":"required name=search_term_string"}],"inLanguage":"sk-SK"},{"@type":"ImageObject","@id":"https:\/\/omega-bakery.com\/sk\/produkt\/pec-na-drevo-habo\/#primaryimage","inLanguage":"sk-SK","url":"https:\/\/omega-bakery.com\/sk\/wp-content\/uploads\/2021\/04\/Pec-na-dr\u030cevo-Habo-1.png","contentUrl":"https:\/\/omega-bakery.com\/sk\/wp-content\/uploads\/2021\/04\/Pec-na-dr\u030cevo-Habo-1.png","width":533,"height":700},{"@type":"WebPage","@id":"https:\/\/omega-bakery.com\/sk\/produkt\/pec-na-drevo-habo\/#webpage","url":"https:\/\/omega-bakery.com\/sk\/produkt\/pec-na-drevo-habo\/","name":"Pec na drevo Habo - Omega Bakery","isPartOf":{"@id":"https:\/\/omega-bakery.com\/sk\/#website"},"primaryImageOfPage":{"@id":"https:\/\/omega-bakery.com\/sk\/produkt\/pec-na-drevo-habo\/#primaryimage"},"datePublished":"2021-04-23T14:57:23+00:00","dateModified":"2024-10-31T11:41:30+00:00","breadcrumb":{"@id":"https:\/\/omega-bakery.com\/sk\/produkt\/pec-na-drevo-habo\/#breadcrumb"},"inLanguage":"sk-SK","potentialAction":[{"@type":"ReadAction","target":["https:\/\/omega-bakery.com\/sk\/produkt\/pec-na-drevo-habo\/"]}]},{"@type":"BreadcrumbList","@id":"https:\/\/omega-bakery.com\/sk\/produkt\/pec-na-drevo-habo\/#breadcrumb","itemListElement":[{"@type":"ListItem","position":1,"name":"Dom\u016f","item":"https:\/\/omega-bakery.com\/sk\/"},{"@type":"ListItem","position":2,"name":"Stroje a zariadenia","item":"https:\/\/omega-bakery.com\/sk\/stroje-a-zariadenia\/"},{"@type":"ListItem","position":3,"name":"Pece","item":"https:\/\/omega-bakery.com\/sk\/stroje-a-zarizeni\/pece\/"},{"@type":"ListItem","position":4,"name":"Pece et\u00e1\u017eov\u00e9","item":"https:\/\/omega-bakery.com\/sk\/stroje-a-zarizeni\/pece\/pece-etazove\/"},{"@type":"ListItem","position":5,"name":"Pec na drevo Habo"}]}]}},"_links":{"self":[{"href":"https:\/\/omega-bakery.com\/sk\/wp-json\/wp\/v2\/product\/430"}],"collection":[{"href":"https:\/\/omega-bakery.com\/sk\/wp-json\/wp\/v2\/product"}],"about":[{"href":"https:\/\/omega-bakery.com\/sk\/wp-json\/wp\/v2\/types\/product"}],"wp:featuredmedia":[{"embeddable":true,"href":"https:\/\/omega-bakery.com\/sk\/wp-json\/wp\/v2\/media\/1152"}],"wp:attachment":[{"href":"https:\/\/omega-bakery.com\/sk\/wp-json\/wp\/v2\/media?parent=430"}],"curies":[{"name":"wp","href":"https:\/\/api.w.org\/{rel}","templated":true}]}}