{"id":431,"date":"2021-04-23T16:57:43","date_gmt":"2021-04-23T14:57:43","guid":{"rendered":"http:\/\/omega-bakery.com\/sk\/?post_type=product&#038;p=431"},"modified":"2021-07-06T15:01:55","modified_gmt":"2021-07-06T13:01:55","slug":"tecnomac-aquamac-500-a-1000","status":"publish","type":"product","link":"https:\/\/omega-bakery.com\/sk\/produkt\/tecnomac-aquamac-500-a-1000\/","title":{"rendered":"Tecnomac Aquamac 500 a 1000"},"content":{"rendered":"","protected":false},"excerpt":{"rendered":"<p>Pre pou\u017eitie v prev\u00e1dzkach s v\u00e4\u010d\u0161ou spotrebou chladenej vody. Chladiaci obvod je dostato\u010dne ve\u013ek\u00fd a je vybaven\u00fd v\u00fdkonn\u00fdm kondenz\u00e1torom, \u010do zaru\u010duje v\u00fdborn\u00fd v\u00fdkon i pri pomerne vysok\u00fdch teplot\u00e1ch v miestnosti.<\/p>\n<p>Viac inform\u00e1ci\u00ed o tomto zariaden\u00ed n\u00e1jdete v prilo\u017eenom let\u00e1ku <a href=\"http:\/\/omega-bakery.com\/sk\/wp-content\/uploads\/2021\/05\/chladic\u030c-vody-AquaMac-0321.pdf\" target=\"_blank\" rel=\"noopener\">TU<\/a> [&#8230;]<\/p>\n<p><a class=\"btn btn-secondary understrap-read-more-link\" href=\"https:\/\/omega-bakery.com\/sk\/produkt\/tecnomac-aquamac-500-a-1000\/\">Read More&#8230;<\/a><\/p>\n","protected":false},"featured_media":1011,"template":"","meta":[],"yoast_head":"<!-- This site is optimized with the Yoast SEO plugin v17.1 - https:\/\/yoast.com\/wordpress\/plugins\/seo\/ -->\n<title>Tecnomac Aquamac 500 a 1000 - Omega Bakery<\/title>\n<meta name=\"robots\" content=\"index, follow, max-snippet:-1, max-image-preview:large, max-video-preview:-1\" \/>\n<link rel=\"canonical\" href=\"https:\/\/omega-bakery.com\/sk\/produkt\/tecnomac-aquamac-500-a-1000\/\" \/>\n<meta property=\"og:locale\" content=\"sk_SK\" \/>\n<meta property=\"og:type\" content=\"article\" \/>\n<meta property=\"og:title\" content=\"Tecnomac Aquamac 500 a 1000 - Omega Bakery\" \/>\n<meta property=\"og:description\" content=\"Pre pou\u017eitie v prev\u00e1dzkach s v\u00e4\u010d\u0161ou spotrebou chladenej vody. Chladiaci obvod je dostato\u010dne ve\u013ek\u00fd a je vybaven\u00fd v\u00fdkonn\u00fdm kondenz\u00e1torom, \u010do zaru\u010duje v\u00fdborn\u00fd v\u00fdkon i pri pomerne vysok\u00fdch teplot\u00e1ch v miestnosti.  Viac inform\u00e1ci\u00ed o tomto zariaden\u00ed n\u00e1jdete v prilo\u017eenom let\u00e1ku TU [...]Read More...\" \/>\n<meta property=\"og:url\" content=\"https:\/\/omega-bakery.com\/sk\/produkt\/tecnomac-aquamac-500-a-1000\/\" \/>\n<meta property=\"og:site_name\" content=\"Omega Bakery\" \/>\n<meta property=\"article:modified_time\" content=\"2021-07-06T13:01:55+00:00\" \/>\n<meta property=\"og:image\" content=\"http:\/\/omega-bakery.com\/sk\/wp-content\/uploads\/2021\/04\/Tecnomac-Aquamac-500-a-1000.png\" \/>\n\t<meta property=\"og:image:width\" content=\"533\" \/>\n\t<meta property=\"og:image:height\" content=\"700\" \/>\n<meta name=\"twitter:card\" content=\"summary_large_image\" \/>\n<script type=\"application\/ld+json\" class=\"yoast-schema-graph\">{\"@context\":\"https:\/\/schema.org\",\"@graph\":[{\"@type\":\"WebSite\",\"@id\":\"https:\/\/omega-bakery.com\/sk\/#website\",\"url\":\"https:\/\/omega-bakery.com\/sk\/\",\"name\":\"Omega Bakery\",\"description\":\"Dodavatel stroj\\u016f a za\\u0159\\u00edzen\\u00ed pro pek\\u00e1rny\",\"potentialAction\":[{\"@type\":\"SearchAction\",\"target\":{\"@type\":\"EntryPoint\",\"urlTemplate\":\"https:\/\/omega-bakery.com\/sk\/?s={search_term_string}\"},\"query-input\":\"required name=search_term_string\"}],\"inLanguage\":\"sk-SK\"},{\"@type\":\"ImageObject\",\"@id\":\"https:\/\/omega-bakery.com\/sk\/produkt\/tecnomac-aquamac-500-a-1000\/#primaryimage\",\"inLanguage\":\"sk-SK\",\"url\":\"https:\/\/omega-bakery.com\/sk\/wp-content\/uploads\/2021\/04\/Tecnomac-Aquamac-500-a-1000.png\",\"contentUrl\":\"https:\/\/omega-bakery.com\/sk\/wp-content\/uploads\/2021\/04\/Tecnomac-Aquamac-500-a-1000.png\",\"width\":533,\"height\":700},{\"@type\":\"WebPage\",\"@id\":\"https:\/\/omega-bakery.com\/sk\/produkt\/tecnomac-aquamac-500-a-1000\/#webpage\",\"url\":\"https:\/\/omega-bakery.com\/sk\/produkt\/tecnomac-aquamac-500-a-1000\/\",\"name\":\"Tecnomac Aquamac 500 a 1000 - Omega Bakery\",\"isPartOf\":{\"@id\":\"https:\/\/omega-bakery.com\/sk\/#website\"},\"primaryImageOfPage\":{\"@id\":\"https:\/\/omega-bakery.com\/sk\/produkt\/tecnomac-aquamac-500-a-1000\/#primaryimage\"},\"datePublished\":\"2021-04-23T14:57:43+00:00\",\"dateModified\":\"2021-07-06T13:01:55+00:00\",\"breadcrumb\":{\"@id\":\"https:\/\/omega-bakery.com\/sk\/produkt\/tecnomac-aquamac-500-a-1000\/#breadcrumb\"},\"inLanguage\":\"sk-SK\",\"potentialAction\":[{\"@type\":\"ReadAction\",\"target\":[\"https:\/\/omega-bakery.com\/sk\/produkt\/tecnomac-aquamac-500-a-1000\/\"]}]},{\"@type\":\"BreadcrumbList\",\"@id\":\"https:\/\/omega-bakery.com\/sk\/produkt\/tecnomac-aquamac-500-a-1000\/#breadcrumb\",\"itemListElement\":[{\"@type\":\"ListItem\",\"position\":1,\"name\":\"Dom\\u016f\",\"item\":\"https:\/\/omega-bakery.com\/sk\/\"},{\"@type\":\"ListItem\",\"position\":2,\"name\":\"Stroje a zariadenia\",\"item\":\"https:\/\/omega-bakery.com\/sk\/stroje-a-zariadenia\/\"},{\"@type\":\"ListItem\",\"position\":3,\"name\":\"Ostatn\\u00e9 stroje\",\"item\":\"https:\/\/omega-bakery.com\/sk\/stroje-a-zarizeni\/ostatne-stroje\/\"},{\"@type\":\"ListItem\",\"position\":4,\"name\":\"D\\u00e1vkovanie a chladenie vody\",\"item\":\"https:\/\/omega-bakery.com\/sk\/stroje-a-zarizeni\/ostatne-stroje\/davkovanie-a-chladenie-vody\/\"},{\"@type\":\"ListItem\",\"position\":5,\"name\":\"Chladi\\u010de vody\",\"item\":\"https:\/\/omega-bakery.com\/sk\/stroje-a-zarizeni\/ostatne-stroje\/davkovanie-a-chladenie-vody\/chladice-vody\/\"},{\"@type\":\"ListItem\",\"position\":6,\"name\":\"Tecnomac Aquamac 500 a 1000\"}]}]}<\/script>\n<!-- \/ Yoast SEO plugin. -->","yoast_head_json":{"title":"Tecnomac Aquamac 500 a 1000 - Omega Bakery","robots":{"index":"index","follow":"follow","max-snippet":"max-snippet:-1","max-image-preview":"max-image-preview:large","max-video-preview":"max-video-preview:-1"},"canonical":"https:\/\/omega-bakery.com\/sk\/produkt\/tecnomac-aquamac-500-a-1000\/","og_locale":"sk_SK","og_type":"article","og_title":"Tecnomac Aquamac 500 a 1000 - Omega Bakery","og_description":"Pre pou\u017eitie v prev\u00e1dzkach s v\u00e4\u010d\u0161ou spotrebou chladenej vody. Chladiaci obvod je dostato\u010dne ve\u013ek\u00fd a je vybaven\u00fd v\u00fdkonn\u00fdm kondenz\u00e1torom, \u010do zaru\u010duje v\u00fdborn\u00fd v\u00fdkon i pri pomerne vysok\u00fdch teplot\u00e1ch v miestnosti.  Viac inform\u00e1ci\u00ed o tomto zariaden\u00ed n\u00e1jdete v prilo\u017eenom let\u00e1ku TU [...]Read More...","og_url":"https:\/\/omega-bakery.com\/sk\/produkt\/tecnomac-aquamac-500-a-1000\/","og_site_name":"Omega Bakery","article_modified_time":"2021-07-06T13:01:55+00:00","og_image":[{"width":533,"height":700,"url":"http:\/\/omega-bakery.com\/sk\/wp-content\/uploads\/2021\/04\/Tecnomac-Aquamac-500-a-1000.png","path":"\/data\/web\/virtuals\/278194\/virtual\/www\/domains\/omega-bakery.com\/sk\/wp-content\/uploads\/2021\/04\/Tecnomac-Aquamac-500-a-1000.png","size":"full","id":1011,"alt":"","pixels":373100,"type":"image\/png"}],"twitter_card":"summary_large_image","schema":{"@context":"https:\/\/schema.org","@graph":[{"@type":"WebSite","@id":"https:\/\/omega-bakery.com\/sk\/#website","url":"https:\/\/omega-bakery.com\/sk\/","name":"Omega Bakery","description":"Dodavatel stroj\u016f a za\u0159\u00edzen\u00ed pro pek\u00e1rny","potentialAction":[{"@type":"SearchAction","target":{"@type":"EntryPoint","urlTemplate":"https:\/\/omega-bakery.com\/sk\/?s={search_term_string}"},"query-input":"required name=search_term_string"}],"inLanguage":"sk-SK"},{"@type":"ImageObject","@id":"https:\/\/omega-bakery.com\/sk\/produkt\/tecnomac-aquamac-500-a-1000\/#primaryimage","inLanguage":"sk-SK","url":"https:\/\/omega-bakery.com\/sk\/wp-content\/uploads\/2021\/04\/Tecnomac-Aquamac-500-a-1000.png","contentUrl":"https:\/\/omega-bakery.com\/sk\/wp-content\/uploads\/2021\/04\/Tecnomac-Aquamac-500-a-1000.png","width":533,"height":700},{"@type":"WebPage","@id":"https:\/\/omega-bakery.com\/sk\/produkt\/tecnomac-aquamac-500-a-1000\/#webpage","url":"https:\/\/omega-bakery.com\/sk\/produkt\/tecnomac-aquamac-500-a-1000\/","name":"Tecnomac Aquamac 500 a 1000 - Omega Bakery","isPartOf":{"@id":"https:\/\/omega-bakery.com\/sk\/#website"},"primaryImageOfPage":{"@id":"https:\/\/omega-bakery.com\/sk\/produkt\/tecnomac-aquamac-500-a-1000\/#primaryimage"},"datePublished":"2021-04-23T14:57:43+00:00","dateModified":"2021-07-06T13:01:55+00:00","breadcrumb":{"@id":"https:\/\/omega-bakery.com\/sk\/produkt\/tecnomac-aquamac-500-a-1000\/#breadcrumb"},"inLanguage":"sk-SK","potentialAction":[{"@type":"ReadAction","target":["https:\/\/omega-bakery.com\/sk\/produkt\/tecnomac-aquamac-500-a-1000\/"]}]},{"@type":"BreadcrumbList","@id":"https:\/\/omega-bakery.com\/sk\/produkt\/tecnomac-aquamac-500-a-1000\/#breadcrumb","itemListElement":[{"@type":"ListItem","position":1,"name":"Dom\u016f","item":"https:\/\/omega-bakery.com\/sk\/"},{"@type":"ListItem","position":2,"name":"Stroje a zariadenia","item":"https:\/\/omega-bakery.com\/sk\/stroje-a-zariadenia\/"},{"@type":"ListItem","position":3,"name":"Ostatn\u00e9 stroje","item":"https:\/\/omega-bakery.com\/sk\/stroje-a-zarizeni\/ostatne-stroje\/"},{"@type":"ListItem","position":4,"name":"D\u00e1vkovanie a chladenie vody","item":"https:\/\/omega-bakery.com\/sk\/stroje-a-zarizeni\/ostatne-stroje\/davkovanie-a-chladenie-vody\/"},{"@type":"ListItem","position":5,"name":"Chladi\u010de vody","item":"https:\/\/omega-bakery.com\/sk\/stroje-a-zarizeni\/ostatne-stroje\/davkovanie-a-chladenie-vody\/chladice-vody\/"},{"@type":"ListItem","position":6,"name":"Tecnomac Aquamac 500 a 1000"}]}]}},"_links":{"self":[{"href":"https:\/\/omega-bakery.com\/sk\/wp-json\/wp\/v2\/product\/431"}],"collection":[{"href":"https:\/\/omega-bakery.com\/sk\/wp-json\/wp\/v2\/product"}],"about":[{"href":"https:\/\/omega-bakery.com\/sk\/wp-json\/wp\/v2\/types\/product"}],"wp:featuredmedia":[{"embeddable":true,"href":"https:\/\/omega-bakery.com\/sk\/wp-json\/wp\/v2\/media\/1011"}],"wp:attachment":[{"href":"https:\/\/omega-bakery.com\/sk\/wp-json\/wp\/v2\/media?parent=431"}],"curies":[{"name":"wp","href":"https:\/\/api.w.org\/{rel}","templated":true}]}}