{"id":436,"date":"2021-04-23T16:58:27","date_gmt":"2021-04-23T14:58:27","guid":{"rendered":"http:\/\/omega-bakery.com\/sk\/?post_type=product&#038;p=436"},"modified":"2021-07-06T14:57:47","modified_gmt":"2021-07-06T12:57:47","slug":"baktec-b4-a-b5-ceres-pro","status":"publish","type":"product","link":"https:\/\/omega-bakery.com\/sk\/produkt\/baktec-b4-a-b5-ceres-pro\/","title":{"rendered":"Baktec B4 a B5 Ceres Pro"},"content":{"rendered":"","protected":false},"excerpt":{"rendered":"<p>Zmie\u0161ava\u010de a d\u00e1vkova\u010de vody pre priemyseln\u00e9 vyu\u017eitie s v\u00fdkonom 40 &#8211; 80 L \/ min. Ve\u013emi presne dodr\u017euje nastaven\u00e9 mno\u017estvo a teplotu. Mo\u017enos\u0165 ich pripoji\u0165 k automatizovan\u00fdm syst\u00e9mom, procesn\u00e9mu po\u010d\u00edta\u010du alebo PLC.<\/p>\n<p>Viac inform\u00e1ci\u00ed o t\u00fdchto produktoch n\u00e1jdete v prilo\u017eenom let\u00e1ku <a href=\"http:\/\/omega-bakery.com\/sk\/wp-content\/uploads\/2021\/05\/Baktec-B-4-a-B5-Ceres-Pro-pru\u030amyslove\u0301-sme\u030cs\u030c.-a-da\u0301vk.-vody-0321.pdf\" target=\"_blank\" rel=\"noopener\">TU<\/a> [&#8230;]<\/p>\n<p><a class=\"btn btn-secondary understrap-read-more-link\" href=\"https:\/\/omega-bakery.com\/sk\/produkt\/baktec-b4-a-b5-ceres-pro\/\">Read More&#8230;<\/a><\/p>\n","protected":false},"featured_media":1005,"template":"","meta":[],"yoast_head":"<!-- This site is optimized with the Yoast SEO plugin v17.1 - https:\/\/yoast.com\/wordpress\/plugins\/seo\/ -->\n<title>Baktec B4 a B5 Ceres Pro - Omega Bakery<\/title>\n<meta name=\"robots\" content=\"index, follow, max-snippet:-1, max-image-preview:large, max-video-preview:-1\" \/>\n<link rel=\"canonical\" href=\"https:\/\/omega-bakery.com\/sk\/produkt\/baktec-b4-a-b5-ceres-pro\/\" \/>\n<meta property=\"og:locale\" content=\"sk_SK\" \/>\n<meta property=\"og:type\" content=\"article\" \/>\n<meta property=\"og:title\" content=\"Baktec B4 a B5 Ceres Pro - Omega Bakery\" \/>\n<meta property=\"og:description\" content=\"Zmie\u0161ava\u010de a d\u00e1vkova\u010de vody pre priemyseln\u00e9 vyu\u017eitie s v\u00fdkonom 40 - 80 L \/ min. Ve\u013emi presne dodr\u017euje nastaven\u00e9 mno\u017estvo a teplotu. Mo\u017enos\u0165 ich pripoji\u0165 k automatizovan\u00fdm syst\u00e9mom, procesn\u00e9mu po\u010d\u00edta\u010du alebo PLC.  Viac inform\u00e1ci\u00ed o t\u00fdchto produktoch n\u00e1jdete v prilo\u017eenom let\u00e1ku TU [...]Read More...\" \/>\n<meta property=\"og:url\" content=\"https:\/\/omega-bakery.com\/sk\/produkt\/baktec-b4-a-b5-ceres-pro\/\" \/>\n<meta property=\"og:site_name\" content=\"Omega Bakery\" \/>\n<meta property=\"article:modified_time\" content=\"2021-07-06T12:57:47+00:00\" \/>\n<meta property=\"og:image\" content=\"http:\/\/omega-bakery.com\/sk\/wp-content\/uploads\/2021\/04\/Baktec-B4-a-B5-ceres-pro-1.png\" \/>\n\t<meta property=\"og:image:width\" content=\"533\" \/>\n\t<meta property=\"og:image:height\" content=\"700\" \/>\n<meta name=\"twitter:card\" content=\"summary_large_image\" \/>\n<script type=\"application\/ld+json\" class=\"yoast-schema-graph\">{\"@context\":\"https:\/\/schema.org\",\"@graph\":[{\"@type\":\"WebSite\",\"@id\":\"https:\/\/omega-bakery.com\/sk\/#website\",\"url\":\"https:\/\/omega-bakery.com\/sk\/\",\"name\":\"Omega Bakery\",\"description\":\"Dodavatel stroj\\u016f a za\\u0159\\u00edzen\\u00ed pro pek\\u00e1rny\",\"potentialAction\":[{\"@type\":\"SearchAction\",\"target\":{\"@type\":\"EntryPoint\",\"urlTemplate\":\"https:\/\/omega-bakery.com\/sk\/?s={search_term_string}\"},\"query-input\":\"required name=search_term_string\"}],\"inLanguage\":\"sk-SK\"},{\"@type\":\"ImageObject\",\"@id\":\"https:\/\/omega-bakery.com\/sk\/produkt\/baktec-b4-a-b5-ceres-pro\/#primaryimage\",\"inLanguage\":\"sk-SK\",\"url\":\"https:\/\/omega-bakery.com\/sk\/wp-content\/uploads\/2021\/04\/Baktec-B4-a-B5-ceres-pro-1.png\",\"contentUrl\":\"https:\/\/omega-bakery.com\/sk\/wp-content\/uploads\/2021\/04\/Baktec-B4-a-B5-ceres-pro-1.png\",\"width\":533,\"height\":700},{\"@type\":\"WebPage\",\"@id\":\"https:\/\/omega-bakery.com\/sk\/produkt\/baktec-b4-a-b5-ceres-pro\/#webpage\",\"url\":\"https:\/\/omega-bakery.com\/sk\/produkt\/baktec-b4-a-b5-ceres-pro\/\",\"name\":\"Baktec B4 a B5 Ceres Pro - Omega Bakery\",\"isPartOf\":{\"@id\":\"https:\/\/omega-bakery.com\/sk\/#website\"},\"primaryImageOfPage\":{\"@id\":\"https:\/\/omega-bakery.com\/sk\/produkt\/baktec-b4-a-b5-ceres-pro\/#primaryimage\"},\"datePublished\":\"2021-04-23T14:58:27+00:00\",\"dateModified\":\"2021-07-06T12:57:47+00:00\",\"breadcrumb\":{\"@id\":\"https:\/\/omega-bakery.com\/sk\/produkt\/baktec-b4-a-b5-ceres-pro\/#breadcrumb\"},\"inLanguage\":\"sk-SK\",\"potentialAction\":[{\"@type\":\"ReadAction\",\"target\":[\"https:\/\/omega-bakery.com\/sk\/produkt\/baktec-b4-a-b5-ceres-pro\/\"]}]},{\"@type\":\"BreadcrumbList\",\"@id\":\"https:\/\/omega-bakery.com\/sk\/produkt\/baktec-b4-a-b5-ceres-pro\/#breadcrumb\",\"itemListElement\":[{\"@type\":\"ListItem\",\"position\":1,\"name\":\"Dom\\u016f\",\"item\":\"https:\/\/omega-bakery.com\/sk\/\"},{\"@type\":\"ListItem\",\"position\":2,\"name\":\"Stroje a zariadenia\",\"item\":\"https:\/\/omega-bakery.com\/sk\/stroje-a-zariadenia\/\"},{\"@type\":\"ListItem\",\"position\":3,\"name\":\"Ostatn\\u00e9 stroje\",\"item\":\"https:\/\/omega-bakery.com\/sk\/stroje-a-zarizeni\/ostatne-stroje\/\"},{\"@type\":\"ListItem\",\"position\":4,\"name\":\"D\\u00e1vkovanie a chladenie vody\",\"item\":\"https:\/\/omega-bakery.com\/sk\/stroje-a-zarizeni\/ostatne-stroje\/davkovanie-a-chladenie-vody\/\"},{\"@type\":\"ListItem\",\"position\":5,\"name\":\"Zmie\\u0161ava\\u010de a d\\u00e1vkova\\u010de vody\",\"item\":\"https:\/\/omega-bakery.com\/sk\/stroje-a-zarizeni\/ostatne-stroje\/davkovanie-a-chladenie-vody\/zmiesavace-a-davkovace-vody\/\"},{\"@type\":\"ListItem\",\"position\":6,\"name\":\"Baktec B4 a B5 Ceres Pro\"}]}]}<\/script>\n<!-- \/ Yoast SEO plugin. -->","yoast_head_json":{"title":"Baktec B4 a B5 Ceres Pro - Omega Bakery","robots":{"index":"index","follow":"follow","max-snippet":"max-snippet:-1","max-image-preview":"max-image-preview:large","max-video-preview":"max-video-preview:-1"},"canonical":"https:\/\/omega-bakery.com\/sk\/produkt\/baktec-b4-a-b5-ceres-pro\/","og_locale":"sk_SK","og_type":"article","og_title":"Baktec B4 a B5 Ceres Pro - Omega Bakery","og_description":"Zmie\u0161ava\u010de a d\u00e1vkova\u010de vody pre priemyseln\u00e9 vyu\u017eitie s v\u00fdkonom 40 - 80 L \/ min. Ve\u013emi presne dodr\u017euje nastaven\u00e9 mno\u017estvo a teplotu. Mo\u017enos\u0165 ich pripoji\u0165 k automatizovan\u00fdm syst\u00e9mom, procesn\u00e9mu po\u010d\u00edta\u010du alebo PLC.  Viac inform\u00e1ci\u00ed o t\u00fdchto produktoch n\u00e1jdete v prilo\u017eenom let\u00e1ku TU [...]Read More...","og_url":"https:\/\/omega-bakery.com\/sk\/produkt\/baktec-b4-a-b5-ceres-pro\/","og_site_name":"Omega Bakery","article_modified_time":"2021-07-06T12:57:47+00:00","og_image":[{"width":533,"height":700,"url":"http:\/\/omega-bakery.com\/sk\/wp-content\/uploads\/2021\/04\/Baktec-B4-a-B5-ceres-pro-1.png","path":"\/data\/web\/virtuals\/278194\/virtual\/www\/domains\/omega-bakery.com\/sk\/wp-content\/uploads\/2021\/04\/Baktec-B4-a-B5-ceres-pro-1.png","size":"full","id":1005,"alt":"","pixels":373100,"type":"image\/png"}],"twitter_card":"summary_large_image","schema":{"@context":"https:\/\/schema.org","@graph":[{"@type":"WebSite","@id":"https:\/\/omega-bakery.com\/sk\/#website","url":"https:\/\/omega-bakery.com\/sk\/","name":"Omega Bakery","description":"Dodavatel stroj\u016f a za\u0159\u00edzen\u00ed pro pek\u00e1rny","potentialAction":[{"@type":"SearchAction","target":{"@type":"EntryPoint","urlTemplate":"https:\/\/omega-bakery.com\/sk\/?s={search_term_string}"},"query-input":"required name=search_term_string"}],"inLanguage":"sk-SK"},{"@type":"ImageObject","@id":"https:\/\/omega-bakery.com\/sk\/produkt\/baktec-b4-a-b5-ceres-pro\/#primaryimage","inLanguage":"sk-SK","url":"https:\/\/omega-bakery.com\/sk\/wp-content\/uploads\/2021\/04\/Baktec-B4-a-B5-ceres-pro-1.png","contentUrl":"https:\/\/omega-bakery.com\/sk\/wp-content\/uploads\/2021\/04\/Baktec-B4-a-B5-ceres-pro-1.png","width":533,"height":700},{"@type":"WebPage","@id":"https:\/\/omega-bakery.com\/sk\/produkt\/baktec-b4-a-b5-ceres-pro\/#webpage","url":"https:\/\/omega-bakery.com\/sk\/produkt\/baktec-b4-a-b5-ceres-pro\/","name":"Baktec B4 a B5 Ceres Pro - Omega Bakery","isPartOf":{"@id":"https:\/\/omega-bakery.com\/sk\/#website"},"primaryImageOfPage":{"@id":"https:\/\/omega-bakery.com\/sk\/produkt\/baktec-b4-a-b5-ceres-pro\/#primaryimage"},"datePublished":"2021-04-23T14:58:27+00:00","dateModified":"2021-07-06T12:57:47+00:00","breadcrumb":{"@id":"https:\/\/omega-bakery.com\/sk\/produkt\/baktec-b4-a-b5-ceres-pro\/#breadcrumb"},"inLanguage":"sk-SK","potentialAction":[{"@type":"ReadAction","target":["https:\/\/omega-bakery.com\/sk\/produkt\/baktec-b4-a-b5-ceres-pro\/"]}]},{"@type":"BreadcrumbList","@id":"https:\/\/omega-bakery.com\/sk\/produkt\/baktec-b4-a-b5-ceres-pro\/#breadcrumb","itemListElement":[{"@type":"ListItem","position":1,"name":"Dom\u016f","item":"https:\/\/omega-bakery.com\/sk\/"},{"@type":"ListItem","position":2,"name":"Stroje a zariadenia","item":"https:\/\/omega-bakery.com\/sk\/stroje-a-zariadenia\/"},{"@type":"ListItem","position":3,"name":"Ostatn\u00e9 stroje","item":"https:\/\/omega-bakery.com\/sk\/stroje-a-zarizeni\/ostatne-stroje\/"},{"@type":"ListItem","position":4,"name":"D\u00e1vkovanie a chladenie vody","item":"https:\/\/omega-bakery.com\/sk\/stroje-a-zarizeni\/ostatne-stroje\/davkovanie-a-chladenie-vody\/"},{"@type":"ListItem","position":5,"name":"Zmie\u0161ava\u010de a d\u00e1vkova\u010de vody","item":"https:\/\/omega-bakery.com\/sk\/stroje-a-zarizeni\/ostatne-stroje\/davkovanie-a-chladenie-vody\/zmiesavace-a-davkovace-vody\/"},{"@type":"ListItem","position":6,"name":"Baktec B4 a B5 Ceres Pro"}]}]}},"_links":{"self":[{"href":"https:\/\/omega-bakery.com\/sk\/wp-json\/wp\/v2\/product\/436"}],"collection":[{"href":"https:\/\/omega-bakery.com\/sk\/wp-json\/wp\/v2\/product"}],"about":[{"href":"https:\/\/omega-bakery.com\/sk\/wp-json\/wp\/v2\/types\/product"}],"wp:featuredmedia":[{"embeddable":true,"href":"https:\/\/omega-bakery.com\/sk\/wp-json\/wp\/v2\/media\/1005"}],"wp:attachment":[{"href":"https:\/\/omega-bakery.com\/sk\/wp-json\/wp\/v2\/media?parent=436"}],"curies":[{"name":"wp","href":"https:\/\/api.w.org\/{rel}","templated":true}]}}