{"id":437,"date":"2021-04-23T16:58:56","date_gmt":"2021-04-23T14:58:56","guid":{"rendered":"http:\/\/omega-bakery.com\/sk\/?post_type=product&#038;p=437"},"modified":"2022-09-16T12:39:59","modified_gmt":"2022-09-16T10:39:59","slug":"bakon-bd-plnicky","status":"publish","type":"product","link":"https:\/\/omega-bakery.com\/sk\/produkt\/bakon-bd-plnicky\/","title":{"rendered":"Bakon BD plni\u010dky"},"content":{"rendered":"","protected":false},"excerpt":{"rendered":"<p>Piestov\u00e9 pneumatick\u00e9 plni\u010dky a d\u00e1vkova\u010de Bakon BD s\u00fa vyr\u00e1ban\u00e9 v nieko\u013ek\u00fdch prevedeniach s r\u00f4znymi n\u00e1dstavcami na plnenie.<\/p>\n<p><strong>Typ BD 3<\/strong> je mal\u00fd stolov\u00fd stroj \u2013 vi\u010f prv\u00fd obr\u00e1zok. \u0160tyri ve\u013ekosti piestov, celkov\u00fd rozsah 10 \u2013 550 ml. N\u00e1sypka 25 L, d\u00e1vkovacie telo s piestom a no\u017en\u00fd sp\u00ednac\u00ed ped\u00e1l.<\/p>\n<p><strong>Typ BD 5 <\/strong>na nerezovom podvozku, bez n\u00e1sypky, pre nas\u00e1vanie produktu priamo z kotl\u00edka &#8211; druh\u00fd obr\u00e1zok. Pneumatick\u00e9 v\u00fd\u0161kove nastavenie. Dva piesty s celkov\u00fdm rozsahom 8 \u2013 392 ml.<\/p>\n<p><strong>Typ BD 7<\/strong> \u00a0na v\u00fd\u0161kovo nastavite\u013enom podvozku, s n\u00e1sypkou 35 alebo 65 L. \u0160tyri ve\u013ekosti piestov s celkov\u00fdm rozsahom 10 \u2013 1100 ml. No\u017en\u00fd ovl\u00e1dac\u00ed ped\u00e1l, jednoduch\u00e9 nastavenie ve\u013ekosti d\u00e1vky &#8211; tret\u00ed obr\u00e1zok.<\/p>\n<p><strong>Typ BD 9 <\/strong>\u00a0&#8211; \u0161tvrt\u00fd obr\u00e1zok, je vybaven\u00fd farebnou dotykovou obrazovkou na jednoduch\u00e9 nastavenie a ukladanie receptov a parametrov, ako je pracovn\u00e1 v\u00fd\u0161ka, r\u00fdchlos\u0165 d\u00e1vkovanie, typ d\u00e1vkovacieho valce at\u010f. \u00a0N\u00e1sypka o objeme 35 alebo 65 litrov. \u00a0Rozsahy d\u00e1vkovania pod\u013ea vlo\u017een\u00e9ho piestu: 10-100, 36-180, 110-475, 220-1100 ml. R\u00fdchlos\u0165 d\u00e1vkovania je ve\u013emi presne nastavite\u013en\u00e1 pomocou dotykovej obrazovky. Elektricky nastavite\u013en\u00e1 d\u00e1vkovacia jednotka. [&#8230;]<\/p>\n<p><a class=\"btn btn-secondary understrap-read-more-link\" href=\"https:\/\/omega-bakery.com\/sk\/produkt\/bakon-bd-plnicky\/\">Read More&#8230;<\/a><\/p>\n","protected":false},"featured_media":1325,"template":"","meta":[],"yoast_head":"<!-- This site is optimized with the Yoast SEO plugin v17.1 - https:\/\/yoast.com\/wordpress\/plugins\/seo\/ -->\n<title>Bakon BD plni\u010dky - Omega Bakery<\/title>\n<meta name=\"robots\" content=\"index, follow, max-snippet:-1, max-image-preview:large, max-video-preview:-1\" \/>\n<link rel=\"canonical\" href=\"https:\/\/omega-bakery.com\/sk\/produkt\/bakon-bd-plnicky\/\" \/>\n<meta property=\"og:locale\" content=\"sk_SK\" \/>\n<meta property=\"og:type\" content=\"article\" \/>\n<meta property=\"og:title\" content=\"Bakon BD plni\u010dky - Omega Bakery\" \/>\n<meta property=\"og:description\" content=\"Piestov\u00e9 pneumatick\u00e9 plni\u010dky a d\u00e1vkova\u010de Bakon BD s\u00fa vyr\u00e1ban\u00e9 v nieko\u013ek\u00fdch prevedeniach s r\u00f4znymi n\u00e1dstavcami na plnenie.  Typ BD 3 je mal\u00fd stolov\u00fd stroj \u2013 vi\u010f prv\u00fd obr\u00e1zok. \u0160tyri ve\u013ekosti piestov, celkov\u00fd rozsah 10 \u2013 550 ml. N\u00e1sypka 25 L, d\u00e1vkovacie telo s piestom a no\u017en\u00fd sp\u00ednac\u00ed ped\u00e1l.  Typ BD 5 na nerezovom podvozku, bez n\u00e1sypky, pre nas\u00e1vanie produktu priamo z kotl\u00edka - druh\u00fd obr\u00e1zok. Pneumatick\u00e9 v\u00fd\u0161kove nastavenie. Dva piesty s celkov\u00fdm rozsahom 8 \u2013 392 ml.  Typ BD 7 \u00a0na v\u00fd\u0161kovo nastavite\u013enom podvozku, s n\u00e1sypkou 35 alebo 65 L. \u0160tyri ve\u013ekosti piestov s celkov\u00fdm rozsahom 10 \u2013 1100 ml. No\u017en\u00fd ovl\u00e1dac\u00ed ped\u00e1l, jednoduch\u00e9 nastavenie ve\u013ekosti d\u00e1vky - tret\u00ed obr\u00e1zok.  Typ BD 9 \u00a0- \u0161tvrt\u00fd obr\u00e1zok, je vybaven\u00fd farebnou dotykovou obrazovkou na jednoduch\u00e9 nastavenie a ukladanie receptov a parametrov, ako je pracovn\u00e1 v\u00fd\u0161ka, r\u00fdchlos\u0165 d\u00e1vkovanie, typ d\u00e1vkovacieho valce at\u010f. \u00a0N\u00e1sypka o objeme 35 alebo 65 litrov. \u00a0Rozsahy d\u00e1vkovania pod\u013ea vlo\u017een\u00e9ho piestu: 10-100, 36-180, 110-475, 220-1100 ml. R\u00fdchlos\u0165 d\u00e1vkovania je ve\u013emi presne nastavite\u013en\u00e1 pomocou dotykovej obrazovky. Elektricky nastavite\u013en\u00e1 d\u00e1vkovacia jednotka. [...]Read More...\" \/>\n<meta property=\"og:url\" content=\"https:\/\/omega-bakery.com\/sk\/produkt\/bakon-bd-plnicky\/\" \/>\n<meta property=\"og:site_name\" content=\"Omega Bakery\" \/>\n<meta property=\"article:modified_time\" content=\"2022-09-16T10:39:59+00:00\" \/>\n<meta property=\"og:image\" content=\"http:\/\/omega-bakery.com\/sk\/wp-content\/uploads\/2021\/06\/Bakon-BD-plnic\u030cka.png\" \/>\n\t<meta property=\"og:image:width\" content=\"533\" \/>\n\t<meta property=\"og:image:height\" content=\"700\" \/>\n<meta name=\"twitter:card\" content=\"summary_large_image\" \/>\n<script type=\"application\/ld+json\" class=\"yoast-schema-graph\">{\"@context\":\"https:\/\/schema.org\",\"@graph\":[{\"@type\":\"WebSite\",\"@id\":\"https:\/\/omega-bakery.com\/sk\/#website\",\"url\":\"https:\/\/omega-bakery.com\/sk\/\",\"name\":\"Omega Bakery\",\"description\":\"Dodavatel stroj\\u016f a za\\u0159\\u00edzen\\u00ed pro pek\\u00e1rny\",\"potentialAction\":[{\"@type\":\"SearchAction\",\"target\":{\"@type\":\"EntryPoint\",\"urlTemplate\":\"https:\/\/omega-bakery.com\/sk\/?s={search_term_string}\"},\"query-input\":\"required name=search_term_string\"}],\"inLanguage\":\"sk-SK\"},{\"@type\":\"ImageObject\",\"@id\":\"https:\/\/omega-bakery.com\/sk\/produkt\/bakon-bd-plnicky\/#primaryimage\",\"inLanguage\":\"sk-SK\",\"url\":\"https:\/\/omega-bakery.com\/sk\/wp-content\/uploads\/2021\/06\/Bakon-BD-plnic\\u030cka.png\",\"contentUrl\":\"https:\/\/omega-bakery.com\/sk\/wp-content\/uploads\/2021\/06\/Bakon-BD-plnic\\u030cka.png\",\"width\":533,\"height\":700},{\"@type\":\"WebPage\",\"@id\":\"https:\/\/omega-bakery.com\/sk\/produkt\/bakon-bd-plnicky\/#webpage\",\"url\":\"https:\/\/omega-bakery.com\/sk\/produkt\/bakon-bd-plnicky\/\",\"name\":\"Bakon BD plni\\u010dky - Omega Bakery\",\"isPartOf\":{\"@id\":\"https:\/\/omega-bakery.com\/sk\/#website\"},\"primaryImageOfPage\":{\"@id\":\"https:\/\/omega-bakery.com\/sk\/produkt\/bakon-bd-plnicky\/#primaryimage\"},\"datePublished\":\"2021-04-23T14:58:56+00:00\",\"dateModified\":\"2022-09-16T10:39:59+00:00\",\"breadcrumb\":{\"@id\":\"https:\/\/omega-bakery.com\/sk\/produkt\/bakon-bd-plnicky\/#breadcrumb\"},\"inLanguage\":\"sk-SK\",\"potentialAction\":[{\"@type\":\"ReadAction\",\"target\":[\"https:\/\/omega-bakery.com\/sk\/produkt\/bakon-bd-plnicky\/\"]}]},{\"@type\":\"BreadcrumbList\",\"@id\":\"https:\/\/omega-bakery.com\/sk\/produkt\/bakon-bd-plnicky\/#breadcrumb\",\"itemListElement\":[{\"@type\":\"ListItem\",\"position\":1,\"name\":\"Dom\\u016f\",\"item\":\"https:\/\/omega-bakery.com\/sk\/\"},{\"@type\":\"ListItem\",\"position\":2,\"name\":\"Stroje a zariadenia\",\"item\":\"https:\/\/omega-bakery.com\/sk\/stroje-a-zariadenia\/\"},{\"@type\":\"ListItem\",\"position\":3,\"name\":\"Ostatn\\u00e9 stroje\",\"item\":\"https:\/\/omega-bakery.com\/sk\/stroje-a-zarizeni\/ostatne-stroje\/\"},{\"@type\":\"ListItem\",\"position\":4,\"name\":\"Cukr\\u00e1rske stroje\",\"item\":\"https:\/\/omega-bakery.com\/sk\/stroje-a-zarizeni\/ostatne-stroje\/cukrarske-stroje\/\"},{\"@type\":\"ListItem\",\"position\":5,\"name\":\"Bakon BD plni\\u010dky\"}]}]}<\/script>\n<!-- \/ Yoast SEO plugin. -->","yoast_head_json":{"title":"Bakon BD plni\u010dky - Omega Bakery","robots":{"index":"index","follow":"follow","max-snippet":"max-snippet:-1","max-image-preview":"max-image-preview:large","max-video-preview":"max-video-preview:-1"},"canonical":"https:\/\/omega-bakery.com\/sk\/produkt\/bakon-bd-plnicky\/","og_locale":"sk_SK","og_type":"article","og_title":"Bakon BD plni\u010dky - Omega Bakery","og_description":"Piestov\u00e9 pneumatick\u00e9 plni\u010dky a d\u00e1vkova\u010de Bakon BD s\u00fa vyr\u00e1ban\u00e9 v nieko\u013ek\u00fdch prevedeniach s r\u00f4znymi n\u00e1dstavcami na plnenie.  Typ BD 3 je mal\u00fd stolov\u00fd stroj \u2013 vi\u010f prv\u00fd obr\u00e1zok. \u0160tyri ve\u013ekosti piestov, celkov\u00fd rozsah 10 \u2013 550 ml. N\u00e1sypka 25 L, d\u00e1vkovacie telo s piestom a no\u017en\u00fd sp\u00ednac\u00ed ped\u00e1l.  Typ BD 5 na nerezovom podvozku, bez n\u00e1sypky, pre nas\u00e1vanie produktu priamo z kotl\u00edka - druh\u00fd obr\u00e1zok. Pneumatick\u00e9 v\u00fd\u0161kove nastavenie. Dva piesty s celkov\u00fdm rozsahom 8 \u2013 392 ml.  Typ BD 7 \u00a0na v\u00fd\u0161kovo nastavite\u013enom podvozku, s n\u00e1sypkou 35 alebo 65 L. \u0160tyri ve\u013ekosti piestov s celkov\u00fdm rozsahom 10 \u2013 1100 ml. No\u017en\u00fd ovl\u00e1dac\u00ed ped\u00e1l, jednoduch\u00e9 nastavenie ve\u013ekosti d\u00e1vky - tret\u00ed obr\u00e1zok.  Typ BD 9 \u00a0- \u0161tvrt\u00fd obr\u00e1zok, je vybaven\u00fd farebnou dotykovou obrazovkou na jednoduch\u00e9 nastavenie a ukladanie receptov a parametrov, ako je pracovn\u00e1 v\u00fd\u0161ka, r\u00fdchlos\u0165 d\u00e1vkovanie, typ d\u00e1vkovacieho valce at\u010f. \u00a0N\u00e1sypka o objeme 35 alebo 65 litrov. \u00a0Rozsahy d\u00e1vkovania pod\u013ea vlo\u017een\u00e9ho piestu: 10-100, 36-180, 110-475, 220-1100 ml. R\u00fdchlos\u0165 d\u00e1vkovania je ve\u013emi presne nastavite\u013en\u00e1 pomocou dotykovej obrazovky. Elektricky nastavite\u013en\u00e1 d\u00e1vkovacia jednotka. [...]Read More...","og_url":"https:\/\/omega-bakery.com\/sk\/produkt\/bakon-bd-plnicky\/","og_site_name":"Omega Bakery","article_modified_time":"2022-09-16T10:39:59+00:00","og_image":[{"width":533,"height":700,"url":"http:\/\/omega-bakery.com\/sk\/wp-content\/uploads\/2021\/06\/Bakon-BD-plnic\u030cka.png","path":"\/data\/web\/virtuals\/278194\/virtual\/www\/domains\/omega-bakery.com\/sk\/wp-content\/uploads\/2021\/06\/Bakon-BD-plnic\u030cka.png","size":"full","id":1325,"alt":"","pixels":373100,"type":"image\/png"}],"twitter_card":"summary_large_image","schema":{"@context":"https:\/\/schema.org","@graph":[{"@type":"WebSite","@id":"https:\/\/omega-bakery.com\/sk\/#website","url":"https:\/\/omega-bakery.com\/sk\/","name":"Omega Bakery","description":"Dodavatel stroj\u016f a za\u0159\u00edzen\u00ed pro pek\u00e1rny","potentialAction":[{"@type":"SearchAction","target":{"@type":"EntryPoint","urlTemplate":"https:\/\/omega-bakery.com\/sk\/?s={search_term_string}"},"query-input":"required name=search_term_string"}],"inLanguage":"sk-SK"},{"@type":"ImageObject","@id":"https:\/\/omega-bakery.com\/sk\/produkt\/bakon-bd-plnicky\/#primaryimage","inLanguage":"sk-SK","url":"https:\/\/omega-bakery.com\/sk\/wp-content\/uploads\/2021\/06\/Bakon-BD-plnic\u030cka.png","contentUrl":"https:\/\/omega-bakery.com\/sk\/wp-content\/uploads\/2021\/06\/Bakon-BD-plnic\u030cka.png","width":533,"height":700},{"@type":"WebPage","@id":"https:\/\/omega-bakery.com\/sk\/produkt\/bakon-bd-plnicky\/#webpage","url":"https:\/\/omega-bakery.com\/sk\/produkt\/bakon-bd-plnicky\/","name":"Bakon BD plni\u010dky - Omega Bakery","isPartOf":{"@id":"https:\/\/omega-bakery.com\/sk\/#website"},"primaryImageOfPage":{"@id":"https:\/\/omega-bakery.com\/sk\/produkt\/bakon-bd-plnicky\/#primaryimage"},"datePublished":"2021-04-23T14:58:56+00:00","dateModified":"2022-09-16T10:39:59+00:00","breadcrumb":{"@id":"https:\/\/omega-bakery.com\/sk\/produkt\/bakon-bd-plnicky\/#breadcrumb"},"inLanguage":"sk-SK","potentialAction":[{"@type":"ReadAction","target":["https:\/\/omega-bakery.com\/sk\/produkt\/bakon-bd-plnicky\/"]}]},{"@type":"BreadcrumbList","@id":"https:\/\/omega-bakery.com\/sk\/produkt\/bakon-bd-plnicky\/#breadcrumb","itemListElement":[{"@type":"ListItem","position":1,"name":"Dom\u016f","item":"https:\/\/omega-bakery.com\/sk\/"},{"@type":"ListItem","position":2,"name":"Stroje a zariadenia","item":"https:\/\/omega-bakery.com\/sk\/stroje-a-zariadenia\/"},{"@type":"ListItem","position":3,"name":"Ostatn\u00e9 stroje","item":"https:\/\/omega-bakery.com\/sk\/stroje-a-zarizeni\/ostatne-stroje\/"},{"@type":"ListItem","position":4,"name":"Cukr\u00e1rske stroje","item":"https:\/\/omega-bakery.com\/sk\/stroje-a-zarizeni\/ostatne-stroje\/cukrarske-stroje\/"},{"@type":"ListItem","position":5,"name":"Bakon BD plni\u010dky"}]}]}},"_links":{"self":[{"href":"https:\/\/omega-bakery.com\/sk\/wp-json\/wp\/v2\/product\/437"}],"collection":[{"href":"https:\/\/omega-bakery.com\/sk\/wp-json\/wp\/v2\/product"}],"about":[{"href":"https:\/\/omega-bakery.com\/sk\/wp-json\/wp\/v2\/types\/product"}],"wp:featuredmedia":[{"embeddable":true,"href":"https:\/\/omega-bakery.com\/sk\/wp-json\/wp\/v2\/media\/1325"}],"wp:attachment":[{"href":"https:\/\/omega-bakery.com\/sk\/wp-json\/wp\/v2\/media?parent=437"}],"curies":[{"name":"wp","href":"https:\/\/api.w.org\/{rel}","templated":true}]}}