{"id":438,"date":"2021-04-23T16:59:09","date_gmt":"2021-04-23T14:59:09","guid":{"rendered":"http:\/\/omega-bakery.com\/sk\/?post_type=product&#038;p=438"},"modified":"2022-09-16T12:59:14","modified_gmt":"2022-09-16T10:59:14","slug":"bakon-discsprayer-postrek-vyrobkov-vajecnou-melanzou","status":"publish","type":"product","link":"https:\/\/omega-bakery.com\/sk\/produkt\/bakon-discsprayer-postrek-vyrobkov-vajecnou-melanzou\/","title":{"rendered":"Bakon Discsprayer &#8211; postrek v\u00fdrobkov vaje\u010dnou melan\u017eou"},"content":{"rendered":"","protected":false},"excerpt":{"rendered":"<p>\u010cerpadlo dopravuje vaje\u010dn\u00fa melan\u017e a \u010fal\u0161ie studen\u00e9 alebo hor\u00face tekutiny k vysokor\u00fdchlostn\u00fdm rotuj\u00facim diskom, ktor\u00e9 vykon\u00e1vaj\u00fa aplik\u00e1ciu na v\u00fdrobky. V\u00fdrobky id\u00fa pod disky po gumi\u010dkovom alebo dr\u00f4tenom dopravn\u00edku, \u010do umo\u017e\u0148uje stekaniu prebyto\u010dnej tekutiny sp\u00e4\u0165 do n\u00e1dr\u017ee. Tento stroj sa vyr\u00e1ba pod\u013ea priania z\u00e1kazn\u00edka s dvoma a\u017e desiatimi postrekovac\u00edmi diskami a t\u00fdm aj s r\u00f4znou pracovnou \u0161\u00edrkou. [&#8230;]<\/p>\n<p><a class=\"btn btn-secondary understrap-read-more-link\" href=\"https:\/\/omega-bakery.com\/sk\/produkt\/bakon-discsprayer-postrek-vyrobkov-vajecnou-melanzou\/\">Read More&#8230;<\/a><\/p>\n","protected":false},"featured_media":1331,"template":"","meta":[],"yoast_head":"<!-- This site is optimized with the Yoast SEO plugin v17.1 - https:\/\/yoast.com\/wordpress\/plugins\/seo\/ -->\n<title>Bakon Discsprayer - postrek v\u00fdrobkov vaje\u010dnou melan\u017eou - Omega Bakery<\/title>\n<meta name=\"robots\" content=\"index, follow, max-snippet:-1, max-image-preview:large, max-video-preview:-1\" \/>\n<link rel=\"canonical\" href=\"https:\/\/omega-bakery.com\/sk\/produkt\/bakon-discsprayer-postrek-vyrobkov-vajecnou-melanzou\/\" \/>\n<meta property=\"og:locale\" content=\"sk_SK\" \/>\n<meta property=\"og:type\" content=\"article\" \/>\n<meta property=\"og:title\" content=\"Bakon Discsprayer - postrek v\u00fdrobkov vaje\u010dnou melan\u017eou - Omega Bakery\" \/>\n<meta property=\"og:description\" content=\"\u010cerpadlo dopravuje vaje\u010dn\u00fa melan\u017e a \u010fal\u0161ie studen\u00e9 alebo hor\u00face tekutiny k vysokor\u00fdchlostn\u00fdm rotuj\u00facim diskom, ktor\u00e9 vykon\u00e1vaj\u00fa aplik\u00e1ciu na v\u00fdrobky. V\u00fdrobky id\u00fa pod disky po gumi\u010dkovom alebo dr\u00f4tenom dopravn\u00edku, \u010do umo\u017e\u0148uje stekaniu prebyto\u010dnej tekutiny sp\u00e4\u0165 do n\u00e1dr\u017ee. Tento stroj sa vyr\u00e1ba pod\u013ea priania z\u00e1kazn\u00edka s dvoma a\u017e desiatimi postrekovac\u00edmi diskami a t\u00fdm aj s r\u00f4znou pracovnou \u0161\u00edrkou. [...]Read More...\" \/>\n<meta property=\"og:url\" content=\"https:\/\/omega-bakery.com\/sk\/produkt\/bakon-discsprayer-postrek-vyrobkov-vajecnou-melanzou\/\" \/>\n<meta property=\"og:site_name\" content=\"Omega Bakery\" \/>\n<meta property=\"article:modified_time\" content=\"2022-09-16T10:59:14+00:00\" \/>\n<meta property=\"og:image\" content=\"http:\/\/omega-bakery.com\/sk\/wp-content\/uploads\/2021\/06\/Bakon-Discsprayer.png\" \/>\n\t<meta property=\"og:image:width\" content=\"533\" \/>\n\t<meta property=\"og:image:height\" content=\"700\" \/>\n<meta name=\"twitter:card\" content=\"summary_large_image\" \/>\n<script type=\"application\/ld+json\" class=\"yoast-schema-graph\">{\"@context\":\"https:\/\/schema.org\",\"@graph\":[{\"@type\":\"WebSite\",\"@id\":\"https:\/\/omega-bakery.com\/sk\/#website\",\"url\":\"https:\/\/omega-bakery.com\/sk\/\",\"name\":\"Omega Bakery\",\"description\":\"Dodavatel stroj\\u016f a za\\u0159\\u00edzen\\u00ed pro pek\\u00e1rny\",\"potentialAction\":[{\"@type\":\"SearchAction\",\"target\":{\"@type\":\"EntryPoint\",\"urlTemplate\":\"https:\/\/omega-bakery.com\/sk\/?s={search_term_string}\"},\"query-input\":\"required name=search_term_string\"}],\"inLanguage\":\"sk-SK\"},{\"@type\":\"ImageObject\",\"@id\":\"https:\/\/omega-bakery.com\/sk\/produkt\/bakon-discsprayer-postrek-vyrobkov-vajecnou-melanzou\/#primaryimage\",\"inLanguage\":\"sk-SK\",\"url\":\"https:\/\/omega-bakery.com\/sk\/wp-content\/uploads\/2021\/06\/Bakon-Discsprayer.png\",\"contentUrl\":\"https:\/\/omega-bakery.com\/sk\/wp-content\/uploads\/2021\/06\/Bakon-Discsprayer.png\",\"width\":533,\"height\":700},{\"@type\":\"WebPage\",\"@id\":\"https:\/\/omega-bakery.com\/sk\/produkt\/bakon-discsprayer-postrek-vyrobkov-vajecnou-melanzou\/#webpage\",\"url\":\"https:\/\/omega-bakery.com\/sk\/produkt\/bakon-discsprayer-postrek-vyrobkov-vajecnou-melanzou\/\",\"name\":\"Bakon Discsprayer - postrek v\\u00fdrobkov vaje\\u010dnou melan\\u017eou - Omega Bakery\",\"isPartOf\":{\"@id\":\"https:\/\/omega-bakery.com\/sk\/#website\"},\"primaryImageOfPage\":{\"@id\":\"https:\/\/omega-bakery.com\/sk\/produkt\/bakon-discsprayer-postrek-vyrobkov-vajecnou-melanzou\/#primaryimage\"},\"datePublished\":\"2021-04-23T14:59:09+00:00\",\"dateModified\":\"2022-09-16T10:59:14+00:00\",\"breadcrumb\":{\"@id\":\"https:\/\/omega-bakery.com\/sk\/produkt\/bakon-discsprayer-postrek-vyrobkov-vajecnou-melanzou\/#breadcrumb\"},\"inLanguage\":\"sk-SK\",\"potentialAction\":[{\"@type\":\"ReadAction\",\"target\":[\"https:\/\/omega-bakery.com\/sk\/produkt\/bakon-discsprayer-postrek-vyrobkov-vajecnou-melanzou\/\"]}]},{\"@type\":\"BreadcrumbList\",\"@id\":\"https:\/\/omega-bakery.com\/sk\/produkt\/bakon-discsprayer-postrek-vyrobkov-vajecnou-melanzou\/#breadcrumb\",\"itemListElement\":[{\"@type\":\"ListItem\",\"position\":1,\"name\":\"Dom\\u016f\",\"item\":\"https:\/\/omega-bakery.com\/sk\/\"},{\"@type\":\"ListItem\",\"position\":2,\"name\":\"Stroje a zariadenia\",\"item\":\"https:\/\/omega-bakery.com\/sk\/stroje-a-zariadenia\/\"},{\"@type\":\"ListItem\",\"position\":3,\"name\":\"Ostatn\\u00e9 stroje\",\"item\":\"https:\/\/omega-bakery.com\/sk\/stroje-a-zarizeni\/ostatne-stroje\/\"},{\"@type\":\"ListItem\",\"position\":4,\"name\":\"Cukr\\u00e1rske stroje\",\"item\":\"https:\/\/omega-bakery.com\/sk\/stroje-a-zarizeni\/ostatne-stroje\/cukrarske-stroje\/\"},{\"@type\":\"ListItem\",\"position\":5,\"name\":\"Bakon Discsprayer &#8211; postrek v\\u00fdrobkov vaje\\u010dnou melan\\u017eou\"}]}]}<\/script>\n<!-- \/ Yoast SEO plugin. -->","yoast_head_json":{"title":"Bakon Discsprayer - postrek v\u00fdrobkov vaje\u010dnou melan\u017eou - Omega Bakery","robots":{"index":"index","follow":"follow","max-snippet":"max-snippet:-1","max-image-preview":"max-image-preview:large","max-video-preview":"max-video-preview:-1"},"canonical":"https:\/\/omega-bakery.com\/sk\/produkt\/bakon-discsprayer-postrek-vyrobkov-vajecnou-melanzou\/","og_locale":"sk_SK","og_type":"article","og_title":"Bakon Discsprayer - postrek v\u00fdrobkov vaje\u010dnou melan\u017eou - Omega Bakery","og_description":"\u010cerpadlo dopravuje vaje\u010dn\u00fa melan\u017e a \u010fal\u0161ie studen\u00e9 alebo hor\u00face tekutiny k vysokor\u00fdchlostn\u00fdm rotuj\u00facim diskom, ktor\u00e9 vykon\u00e1vaj\u00fa aplik\u00e1ciu na v\u00fdrobky. V\u00fdrobky id\u00fa pod disky po gumi\u010dkovom alebo dr\u00f4tenom dopravn\u00edku, \u010do umo\u017e\u0148uje stekaniu prebyto\u010dnej tekutiny sp\u00e4\u0165 do n\u00e1dr\u017ee. Tento stroj sa vyr\u00e1ba pod\u013ea priania z\u00e1kazn\u00edka s dvoma a\u017e desiatimi postrekovac\u00edmi diskami a t\u00fdm aj s r\u00f4znou pracovnou \u0161\u00edrkou. [...]Read More...","og_url":"https:\/\/omega-bakery.com\/sk\/produkt\/bakon-discsprayer-postrek-vyrobkov-vajecnou-melanzou\/","og_site_name":"Omega Bakery","article_modified_time":"2022-09-16T10:59:14+00:00","og_image":[{"width":533,"height":700,"url":"http:\/\/omega-bakery.com\/sk\/wp-content\/uploads\/2021\/06\/Bakon-Discsprayer.png","path":"\/data\/web\/virtuals\/278194\/virtual\/www\/domains\/omega-bakery.com\/sk\/wp-content\/uploads\/2021\/06\/Bakon-Discsprayer.png","size":"full","id":1331,"alt":"","pixels":373100,"type":"image\/png"}],"twitter_card":"summary_large_image","schema":{"@context":"https:\/\/schema.org","@graph":[{"@type":"WebSite","@id":"https:\/\/omega-bakery.com\/sk\/#website","url":"https:\/\/omega-bakery.com\/sk\/","name":"Omega Bakery","description":"Dodavatel stroj\u016f a za\u0159\u00edzen\u00ed pro pek\u00e1rny","potentialAction":[{"@type":"SearchAction","target":{"@type":"EntryPoint","urlTemplate":"https:\/\/omega-bakery.com\/sk\/?s={search_term_string}"},"query-input":"required name=search_term_string"}],"inLanguage":"sk-SK"},{"@type":"ImageObject","@id":"https:\/\/omega-bakery.com\/sk\/produkt\/bakon-discsprayer-postrek-vyrobkov-vajecnou-melanzou\/#primaryimage","inLanguage":"sk-SK","url":"https:\/\/omega-bakery.com\/sk\/wp-content\/uploads\/2021\/06\/Bakon-Discsprayer.png","contentUrl":"https:\/\/omega-bakery.com\/sk\/wp-content\/uploads\/2021\/06\/Bakon-Discsprayer.png","width":533,"height":700},{"@type":"WebPage","@id":"https:\/\/omega-bakery.com\/sk\/produkt\/bakon-discsprayer-postrek-vyrobkov-vajecnou-melanzou\/#webpage","url":"https:\/\/omega-bakery.com\/sk\/produkt\/bakon-discsprayer-postrek-vyrobkov-vajecnou-melanzou\/","name":"Bakon Discsprayer - postrek v\u00fdrobkov vaje\u010dnou melan\u017eou - Omega Bakery","isPartOf":{"@id":"https:\/\/omega-bakery.com\/sk\/#website"},"primaryImageOfPage":{"@id":"https:\/\/omega-bakery.com\/sk\/produkt\/bakon-discsprayer-postrek-vyrobkov-vajecnou-melanzou\/#primaryimage"},"datePublished":"2021-04-23T14:59:09+00:00","dateModified":"2022-09-16T10:59:14+00:00","breadcrumb":{"@id":"https:\/\/omega-bakery.com\/sk\/produkt\/bakon-discsprayer-postrek-vyrobkov-vajecnou-melanzou\/#breadcrumb"},"inLanguage":"sk-SK","potentialAction":[{"@type":"ReadAction","target":["https:\/\/omega-bakery.com\/sk\/produkt\/bakon-discsprayer-postrek-vyrobkov-vajecnou-melanzou\/"]}]},{"@type":"BreadcrumbList","@id":"https:\/\/omega-bakery.com\/sk\/produkt\/bakon-discsprayer-postrek-vyrobkov-vajecnou-melanzou\/#breadcrumb","itemListElement":[{"@type":"ListItem","position":1,"name":"Dom\u016f","item":"https:\/\/omega-bakery.com\/sk\/"},{"@type":"ListItem","position":2,"name":"Stroje a zariadenia","item":"https:\/\/omega-bakery.com\/sk\/stroje-a-zariadenia\/"},{"@type":"ListItem","position":3,"name":"Ostatn\u00e9 stroje","item":"https:\/\/omega-bakery.com\/sk\/stroje-a-zarizeni\/ostatne-stroje\/"},{"@type":"ListItem","position":4,"name":"Cukr\u00e1rske stroje","item":"https:\/\/omega-bakery.com\/sk\/stroje-a-zarizeni\/ostatne-stroje\/cukrarske-stroje\/"},{"@type":"ListItem","position":5,"name":"Bakon Discsprayer &#8211; postrek v\u00fdrobkov vaje\u010dnou melan\u017eou"}]}]}},"_links":{"self":[{"href":"https:\/\/omega-bakery.com\/sk\/wp-json\/wp\/v2\/product\/438"}],"collection":[{"href":"https:\/\/omega-bakery.com\/sk\/wp-json\/wp\/v2\/product"}],"about":[{"href":"https:\/\/omega-bakery.com\/sk\/wp-json\/wp\/v2\/types\/product"}],"wp:featuredmedia":[{"embeddable":true,"href":"https:\/\/omega-bakery.com\/sk\/wp-json\/wp\/v2\/media\/1331"}],"wp:attachment":[{"href":"https:\/\/omega-bakery.com\/sk\/wp-json\/wp\/v2\/media?parent=438"}],"curies":[{"name":"wp","href":"https:\/\/api.w.org\/{rel}","templated":true}]}}