{"id":439,"date":"2021-04-23T16:59:24","date_gmt":"2021-04-23T14:59:24","guid":{"rendered":"http:\/\/omega-bakery.com\/sk\/?post_type=product&#038;p=439"},"modified":"2022-09-16T13:36:26","modified_gmt":"2022-09-16T11:36:26","slug":"bakon-nano-ultrasonicka-krajacka","status":"publish","type":"product","link":"https:\/\/omega-bakery.com\/sk\/produkt\/bakon-nano-ultrasonicka-krajacka\/","title":{"rendered":"Bakon Nano (ultrasonick\u00e1 kr\u00e1ja\u010dka)"},"content":{"rendered":"","protected":false},"excerpt":{"rendered":"<p>NANO ULTRASONIC SICER je navrhnut\u00fd a vyroben\u00fd pre hotely, cateringov\u00e9 firmy, mal\u00e9 a stredn\u00e9 cukr\u00e1rne at\u010f. a je ve\u013emi vhodn\u00fd pre rezanie tort a kol\u00e1\u010dov pravouhl\u00fdch a okr\u00fahlych (nie vy\u0161\u0161\u00edch ako 60 mm) v r\u00f4znej ve\u013ekosti a tvary (od \u201ejedn\u00e9ho s\u00fasta\u201c a\u017e po porcie ve\u013ekosti rodiny).<\/p>\n<p><a href=\"https:\/\/www.youtube.com\/watch?v=sUtkaQsQWxY\" target=\"_blank\" rel=\"noopener\">VIDEO<\/a> [&#8230;]<\/p>\n<p><a class=\"btn btn-secondary understrap-read-more-link\" href=\"https:\/\/omega-bakery.com\/sk\/produkt\/bakon-nano-ultrasonicka-krajacka\/\">Read More&#8230;<\/a><\/p>\n","protected":false},"featured_media":1330,"template":"","meta":[],"yoast_head":"<!-- This site is optimized with the Yoast SEO plugin v17.1 - https:\/\/yoast.com\/wordpress\/plugins\/seo\/ -->\n<title>Bakon Nano (ultrasonick\u00e1 kr\u00e1ja\u010dka) - Omega Bakery<\/title>\n<meta name=\"robots\" content=\"index, follow, max-snippet:-1, max-image-preview:large, max-video-preview:-1\" \/>\n<link rel=\"canonical\" href=\"https:\/\/omega-bakery.com\/sk\/produkt\/bakon-nano-ultrasonicka-krajacka\/\" \/>\n<meta property=\"og:locale\" content=\"sk_SK\" \/>\n<meta property=\"og:type\" content=\"article\" \/>\n<meta property=\"og:title\" content=\"Bakon Nano (ultrasonick\u00e1 kr\u00e1ja\u010dka) - Omega Bakery\" \/>\n<meta property=\"og:description\" content=\"NANO ULTRASONIC SICER je navrhnut\u00fd a vyroben\u00fd pre hotely, cateringov\u00e9 firmy, mal\u00e9 a stredn\u00e9 cukr\u00e1rne at\u010f. a je ve\u013emi vhodn\u00fd pre rezanie tort a kol\u00e1\u010dov pravouhl\u00fdch a okr\u00fahlych (nie vy\u0161\u0161\u00edch ako 60 mm) v r\u00f4znej ve\u013ekosti a tvary (od \u201ejedn\u00e9ho s\u00fasta\u201c a\u017e po porcie ve\u013ekosti rodiny).  VIDEO [...]Read More...\" \/>\n<meta property=\"og:url\" content=\"https:\/\/omega-bakery.com\/sk\/produkt\/bakon-nano-ultrasonicka-krajacka\/\" \/>\n<meta property=\"og:site_name\" content=\"Omega Bakery\" \/>\n<meta property=\"article:modified_time\" content=\"2022-09-16T11:36:26+00:00\" \/>\n<meta property=\"og:image\" content=\"http:\/\/omega-bakery.com\/sk\/wp-content\/uploads\/2021\/06\/Bakon-Nano-Ultrasonic_cutting_machine.png\" \/>\n\t<meta property=\"og:image:width\" content=\"533\" \/>\n\t<meta property=\"og:image:height\" content=\"700\" \/>\n<meta name=\"twitter:card\" content=\"summary_large_image\" \/>\n<script type=\"application\/ld+json\" class=\"yoast-schema-graph\">{\"@context\":\"https:\/\/schema.org\",\"@graph\":[{\"@type\":\"WebSite\",\"@id\":\"https:\/\/omega-bakery.com\/sk\/#website\",\"url\":\"https:\/\/omega-bakery.com\/sk\/\",\"name\":\"Omega Bakery\",\"description\":\"Dodavatel stroj\\u016f a za\\u0159\\u00edzen\\u00ed pro pek\\u00e1rny\",\"potentialAction\":[{\"@type\":\"SearchAction\",\"target\":{\"@type\":\"EntryPoint\",\"urlTemplate\":\"https:\/\/omega-bakery.com\/sk\/?s={search_term_string}\"},\"query-input\":\"required name=search_term_string\"}],\"inLanguage\":\"sk-SK\"},{\"@type\":\"ImageObject\",\"@id\":\"https:\/\/omega-bakery.com\/sk\/produkt\/bakon-nano-ultrasonicka-krajacka\/#primaryimage\",\"inLanguage\":\"sk-SK\",\"url\":\"https:\/\/omega-bakery.com\/sk\/wp-content\/uploads\/2021\/06\/Bakon-Nano-Ultrasonic_cutting_machine.png\",\"contentUrl\":\"https:\/\/omega-bakery.com\/sk\/wp-content\/uploads\/2021\/06\/Bakon-Nano-Ultrasonic_cutting_machine.png\",\"width\":533,\"height\":700},{\"@type\":\"WebPage\",\"@id\":\"https:\/\/omega-bakery.com\/sk\/produkt\/bakon-nano-ultrasonicka-krajacka\/#webpage\",\"url\":\"https:\/\/omega-bakery.com\/sk\/produkt\/bakon-nano-ultrasonicka-krajacka\/\",\"name\":\"Bakon Nano (ultrasonick\\u00e1 kr\\u00e1ja\\u010dka) - Omega Bakery\",\"isPartOf\":{\"@id\":\"https:\/\/omega-bakery.com\/sk\/#website\"},\"primaryImageOfPage\":{\"@id\":\"https:\/\/omega-bakery.com\/sk\/produkt\/bakon-nano-ultrasonicka-krajacka\/#primaryimage\"},\"datePublished\":\"2021-04-23T14:59:24+00:00\",\"dateModified\":\"2022-09-16T11:36:26+00:00\",\"breadcrumb\":{\"@id\":\"https:\/\/omega-bakery.com\/sk\/produkt\/bakon-nano-ultrasonicka-krajacka\/#breadcrumb\"},\"inLanguage\":\"sk-SK\",\"potentialAction\":[{\"@type\":\"ReadAction\",\"target\":[\"https:\/\/omega-bakery.com\/sk\/produkt\/bakon-nano-ultrasonicka-krajacka\/\"]}]},{\"@type\":\"BreadcrumbList\",\"@id\":\"https:\/\/omega-bakery.com\/sk\/produkt\/bakon-nano-ultrasonicka-krajacka\/#breadcrumb\",\"itemListElement\":[{\"@type\":\"ListItem\",\"position\":1,\"name\":\"Dom\\u016f\",\"item\":\"https:\/\/omega-bakery.com\/sk\/\"},{\"@type\":\"ListItem\",\"position\":2,\"name\":\"Stroje a zariadenia\",\"item\":\"https:\/\/omega-bakery.com\/sk\/stroje-a-zariadenia\/\"},{\"@type\":\"ListItem\",\"position\":3,\"name\":\"Ostatn\\u00e9 stroje\",\"item\":\"https:\/\/omega-bakery.com\/sk\/stroje-a-zarizeni\/ostatne-stroje\/\"},{\"@type\":\"ListItem\",\"position\":4,\"name\":\"Cukr\\u00e1rske stroje\",\"item\":\"https:\/\/omega-bakery.com\/sk\/stroje-a-zarizeni\/ostatne-stroje\/cukrarske-stroje\/\"},{\"@type\":\"ListItem\",\"position\":5,\"name\":\"Bakon Nano (ultrasonick\\u00e1 kr\\u00e1ja\\u010dka)\"}]}]}<\/script>\n<!-- \/ Yoast SEO plugin. -->","yoast_head_json":{"title":"Bakon Nano (ultrasonick\u00e1 kr\u00e1ja\u010dka) - Omega Bakery","robots":{"index":"index","follow":"follow","max-snippet":"max-snippet:-1","max-image-preview":"max-image-preview:large","max-video-preview":"max-video-preview:-1"},"canonical":"https:\/\/omega-bakery.com\/sk\/produkt\/bakon-nano-ultrasonicka-krajacka\/","og_locale":"sk_SK","og_type":"article","og_title":"Bakon Nano (ultrasonick\u00e1 kr\u00e1ja\u010dka) - Omega Bakery","og_description":"NANO ULTRASONIC SICER je navrhnut\u00fd a vyroben\u00fd pre hotely, cateringov\u00e9 firmy, mal\u00e9 a stredn\u00e9 cukr\u00e1rne at\u010f. a je ve\u013emi vhodn\u00fd pre rezanie tort a kol\u00e1\u010dov pravouhl\u00fdch a okr\u00fahlych (nie vy\u0161\u0161\u00edch ako 60 mm) v r\u00f4znej ve\u013ekosti a tvary (od \u201ejedn\u00e9ho s\u00fasta\u201c a\u017e po porcie ve\u013ekosti rodiny).  VIDEO [...]Read More...","og_url":"https:\/\/omega-bakery.com\/sk\/produkt\/bakon-nano-ultrasonicka-krajacka\/","og_site_name":"Omega Bakery","article_modified_time":"2022-09-16T11:36:26+00:00","og_image":[{"width":533,"height":700,"url":"http:\/\/omega-bakery.com\/sk\/wp-content\/uploads\/2021\/06\/Bakon-Nano-Ultrasonic_cutting_machine.png","path":"\/data\/web\/virtuals\/278194\/virtual\/www\/domains\/omega-bakery.com\/sk\/wp-content\/uploads\/2021\/06\/Bakon-Nano-Ultrasonic_cutting_machine.png","size":"full","id":1330,"alt":"","pixels":373100,"type":"image\/png"}],"twitter_card":"summary_large_image","schema":{"@context":"https:\/\/schema.org","@graph":[{"@type":"WebSite","@id":"https:\/\/omega-bakery.com\/sk\/#website","url":"https:\/\/omega-bakery.com\/sk\/","name":"Omega Bakery","description":"Dodavatel stroj\u016f a za\u0159\u00edzen\u00ed pro pek\u00e1rny","potentialAction":[{"@type":"SearchAction","target":{"@type":"EntryPoint","urlTemplate":"https:\/\/omega-bakery.com\/sk\/?s={search_term_string}"},"query-input":"required name=search_term_string"}],"inLanguage":"sk-SK"},{"@type":"ImageObject","@id":"https:\/\/omega-bakery.com\/sk\/produkt\/bakon-nano-ultrasonicka-krajacka\/#primaryimage","inLanguage":"sk-SK","url":"https:\/\/omega-bakery.com\/sk\/wp-content\/uploads\/2021\/06\/Bakon-Nano-Ultrasonic_cutting_machine.png","contentUrl":"https:\/\/omega-bakery.com\/sk\/wp-content\/uploads\/2021\/06\/Bakon-Nano-Ultrasonic_cutting_machine.png","width":533,"height":700},{"@type":"WebPage","@id":"https:\/\/omega-bakery.com\/sk\/produkt\/bakon-nano-ultrasonicka-krajacka\/#webpage","url":"https:\/\/omega-bakery.com\/sk\/produkt\/bakon-nano-ultrasonicka-krajacka\/","name":"Bakon Nano (ultrasonick\u00e1 kr\u00e1ja\u010dka) - Omega Bakery","isPartOf":{"@id":"https:\/\/omega-bakery.com\/sk\/#website"},"primaryImageOfPage":{"@id":"https:\/\/omega-bakery.com\/sk\/produkt\/bakon-nano-ultrasonicka-krajacka\/#primaryimage"},"datePublished":"2021-04-23T14:59:24+00:00","dateModified":"2022-09-16T11:36:26+00:00","breadcrumb":{"@id":"https:\/\/omega-bakery.com\/sk\/produkt\/bakon-nano-ultrasonicka-krajacka\/#breadcrumb"},"inLanguage":"sk-SK","potentialAction":[{"@type":"ReadAction","target":["https:\/\/omega-bakery.com\/sk\/produkt\/bakon-nano-ultrasonicka-krajacka\/"]}]},{"@type":"BreadcrumbList","@id":"https:\/\/omega-bakery.com\/sk\/produkt\/bakon-nano-ultrasonicka-krajacka\/#breadcrumb","itemListElement":[{"@type":"ListItem","position":1,"name":"Dom\u016f","item":"https:\/\/omega-bakery.com\/sk\/"},{"@type":"ListItem","position":2,"name":"Stroje a zariadenia","item":"https:\/\/omega-bakery.com\/sk\/stroje-a-zariadenia\/"},{"@type":"ListItem","position":3,"name":"Ostatn\u00e9 stroje","item":"https:\/\/omega-bakery.com\/sk\/stroje-a-zarizeni\/ostatne-stroje\/"},{"@type":"ListItem","position":4,"name":"Cukr\u00e1rske stroje","item":"https:\/\/omega-bakery.com\/sk\/stroje-a-zarizeni\/ostatne-stroje\/cukrarske-stroje\/"},{"@type":"ListItem","position":5,"name":"Bakon Nano (ultrasonick\u00e1 kr\u00e1ja\u010dka)"}]}]}},"_links":{"self":[{"href":"https:\/\/omega-bakery.com\/sk\/wp-json\/wp\/v2\/product\/439"}],"collection":[{"href":"https:\/\/omega-bakery.com\/sk\/wp-json\/wp\/v2\/product"}],"about":[{"href":"https:\/\/omega-bakery.com\/sk\/wp-json\/wp\/v2\/types\/product"}],"wp:featuredmedia":[{"embeddable":true,"href":"https:\/\/omega-bakery.com\/sk\/wp-json\/wp\/v2\/media\/1330"}],"wp:attachment":[{"href":"https:\/\/omega-bakery.com\/sk\/wp-json\/wp\/v2\/media?parent=439"}],"curies":[{"name":"wp","href":"https:\/\/api.w.org\/{rel}","templated":true}]}}