{"id":441,"date":"2021-04-23T16:59:39","date_gmt":"2021-04-23T14:59:39","guid":{"rendered":"http:\/\/omega-bakery.com\/sk\/?post_type=product&#038;p=441"},"modified":"2021-08-05T13:05:25","modified_gmt":"2021-08-05T11:05:25","slug":"bakon-compact-ultrasonicka-krajacka","status":"publish","type":"product","link":"https:\/\/omega-bakery.com\/sk\/produkt\/bakon-compact-ultrasonicka-krajacka\/","title":{"rendered":"Bakon Compact (ultrasonick\u00e1 kr\u00e1ja\u010dka)"},"content":{"rendered":"","protected":false},"excerpt":{"rendered":"<p>Ultrazvukov\u00fd rezac\u00ed stroj BAKON COMPACT ULTRASONIC SLICER je r\u00fdchly a presn\u00fd, vynikaj\u00faci rezac\u00ed v\u00fdkon. Je vybaven\u00e1 ultrazvukov\u00fdm syst\u00e9mom s vysoko kvalitn\u00fdmi titanov\u00fdmi \u010depe\u013eami.<\/p>\n<p>Pokro\u010dil\u00fd software a farebn\u00e1 dotykov\u00e1 obrazovka s ikonami v\u00e1m umo\u017en\u00ed jednoducho nastavi\u0165 alebo zmeni\u0165 v\u0161etky parametre a vzory rezania a kr\u00e1jania obd\u013a\u017enikov i okr\u00fahlych produktov. Vykrajuje i v\u00fdrobky z pek\u00e1\u010dov, podnosov a kart\u00f3nov. Kr\u00e1ja presne v\u0161etky druhy produktov.<\/p>\n<p>O \u010distenie a dezinfekciu sa star\u00e1 nov\u00e1 volite\u013en\u00e1 \u010distiaca jednotka s UV-C svetlom. To znamen\u00e1 bezpe\u010dn\u00e9 a automatick\u00e9 \u010distenie no\u017eov bez preru\u0161enia procesu kr\u00e1jania.<\/p>\n<p>Vysoko kvalitn\u00fd bezpe\u010dnostn\u00fd syst\u00e9m zabra\u0148uje pr\u00edstupu do oblasti rezu behom prev\u00e1dzky.<\/p>\n<p>Na produkty na plechu 600 x 800 mm, alebo okr\u00fahlom o priemere 380 mm.<\/p>\n<p>Rozmery stroja: \u0161 x hl x v: 1750 x 1230 x 1900 mm [&#8230;]<\/p>\n<p><a class=\"btn btn-secondary understrap-read-more-link\" href=\"https:\/\/omega-bakery.com\/sk\/produkt\/bakon-compact-ultrasonicka-krajacka\/\">Read More&#8230;<\/a><\/p>\n","protected":false},"featured_media":1329,"template":"","meta":[],"yoast_head":"<!-- This site is optimized with the Yoast SEO plugin v17.1 - https:\/\/yoast.com\/wordpress\/plugins\/seo\/ -->\n<title>Bakon Compact (ultrasonick\u00e1 kr\u00e1ja\u010dka) - Omega Bakery<\/title>\n<meta name=\"robots\" content=\"index, follow, max-snippet:-1, max-image-preview:large, max-video-preview:-1\" \/>\n<link rel=\"canonical\" href=\"https:\/\/omega-bakery.com\/sk\/produkt\/bakon-compact-ultrasonicka-krajacka\/\" \/>\n<meta property=\"og:locale\" content=\"sk_SK\" \/>\n<meta property=\"og:type\" content=\"article\" \/>\n<meta property=\"og:title\" content=\"Bakon Compact (ultrasonick\u00e1 kr\u00e1ja\u010dka) - Omega Bakery\" \/>\n<meta property=\"og:description\" content=\"Ultrazvukov\u00fd rezac\u00ed stroj BAKON COMPACT ULTRASONIC SLICER je r\u00fdchly a presn\u00fd, vynikaj\u00faci rezac\u00ed v\u00fdkon. Je vybaven\u00e1 ultrazvukov\u00fdm syst\u00e9mom s vysoko kvalitn\u00fdmi titanov\u00fdmi \u010depe\u013eami.  Pokro\u010dil\u00fd software a farebn\u00e1 dotykov\u00e1 obrazovka s ikonami v\u00e1m umo\u017en\u00ed jednoducho nastavi\u0165 alebo zmeni\u0165 v\u0161etky parametre a vzory rezania a kr\u00e1jania obd\u013a\u017enikov i okr\u00fahlych produktov. Vykrajuje i v\u00fdrobky z pek\u00e1\u010dov, podnosov a kart\u00f3nov. Kr\u00e1ja presne v\u0161etky druhy produktov.  O \u010distenie a dezinfekciu sa star\u00e1 nov\u00e1 volite\u013en\u00e1 \u010distiaca jednotka s UV-C svetlom. To znamen\u00e1 bezpe\u010dn\u00e9 a automatick\u00e9 \u010distenie no\u017eov bez preru\u0161enia procesu kr\u00e1jania.  Vysoko kvalitn\u00fd bezpe\u010dnostn\u00fd syst\u00e9m zabra\u0148uje pr\u00edstupu do oblasti rezu behom prev\u00e1dzky.  Na produkty na plechu 600 x 800 mm, alebo okr\u00fahlom o priemere 380 mm.  Rozmery stroja: \u0161 x hl x v: 1750 x 1230 x 1900 mm [...]Read More...\" \/>\n<meta property=\"og:url\" content=\"https:\/\/omega-bakery.com\/sk\/produkt\/bakon-compact-ultrasonicka-krajacka\/\" \/>\n<meta property=\"og:site_name\" content=\"Omega Bakery\" \/>\n<meta property=\"article:modified_time\" content=\"2021-08-05T11:05:25+00:00\" \/>\n<meta property=\"og:image\" content=\"http:\/\/omega-bakery.com\/sk\/wp-content\/uploads\/2021\/06\/Bakon-Compact.png\" \/>\n\t<meta property=\"og:image:width\" content=\"533\" \/>\n\t<meta property=\"og:image:height\" content=\"700\" \/>\n<meta name=\"twitter:card\" content=\"summary_large_image\" \/>\n<script type=\"application\/ld+json\" class=\"yoast-schema-graph\">{\"@context\":\"https:\/\/schema.org\",\"@graph\":[{\"@type\":\"WebSite\",\"@id\":\"https:\/\/omega-bakery.com\/sk\/#website\",\"url\":\"https:\/\/omega-bakery.com\/sk\/\",\"name\":\"Omega Bakery\",\"description\":\"Dodavatel stroj\\u016f a za\\u0159\\u00edzen\\u00ed pro pek\\u00e1rny\",\"potentialAction\":[{\"@type\":\"SearchAction\",\"target\":{\"@type\":\"EntryPoint\",\"urlTemplate\":\"https:\/\/omega-bakery.com\/sk\/?s={search_term_string}\"},\"query-input\":\"required name=search_term_string\"}],\"inLanguage\":\"sk-SK\"},{\"@type\":\"ImageObject\",\"@id\":\"https:\/\/omega-bakery.com\/sk\/produkt\/bakon-compact-ultrasonicka-krajacka\/#primaryimage\",\"inLanguage\":\"sk-SK\",\"url\":\"https:\/\/omega-bakery.com\/sk\/wp-content\/uploads\/2021\/06\/Bakon-Compact.png\",\"contentUrl\":\"https:\/\/omega-bakery.com\/sk\/wp-content\/uploads\/2021\/06\/Bakon-Compact.png\",\"width\":533,\"height\":700},{\"@type\":\"WebPage\",\"@id\":\"https:\/\/omega-bakery.com\/sk\/produkt\/bakon-compact-ultrasonicka-krajacka\/#webpage\",\"url\":\"https:\/\/omega-bakery.com\/sk\/produkt\/bakon-compact-ultrasonicka-krajacka\/\",\"name\":\"Bakon Compact (ultrasonick\\u00e1 kr\\u00e1ja\\u010dka) - Omega Bakery\",\"isPartOf\":{\"@id\":\"https:\/\/omega-bakery.com\/sk\/#website\"},\"primaryImageOfPage\":{\"@id\":\"https:\/\/omega-bakery.com\/sk\/produkt\/bakon-compact-ultrasonicka-krajacka\/#primaryimage\"},\"datePublished\":\"2021-04-23T14:59:39+00:00\",\"dateModified\":\"2021-08-05T11:05:25+00:00\",\"breadcrumb\":{\"@id\":\"https:\/\/omega-bakery.com\/sk\/produkt\/bakon-compact-ultrasonicka-krajacka\/#breadcrumb\"},\"inLanguage\":\"sk-SK\",\"potentialAction\":[{\"@type\":\"ReadAction\",\"target\":[\"https:\/\/omega-bakery.com\/sk\/produkt\/bakon-compact-ultrasonicka-krajacka\/\"]}]},{\"@type\":\"BreadcrumbList\",\"@id\":\"https:\/\/omega-bakery.com\/sk\/produkt\/bakon-compact-ultrasonicka-krajacka\/#breadcrumb\",\"itemListElement\":[{\"@type\":\"ListItem\",\"position\":1,\"name\":\"Dom\\u016f\",\"item\":\"https:\/\/omega-bakery.com\/sk\/\"},{\"@type\":\"ListItem\",\"position\":2,\"name\":\"Stroje a zariadenia\",\"item\":\"https:\/\/omega-bakery.com\/sk\/stroje-a-zariadenia\/\"},{\"@type\":\"ListItem\",\"position\":3,\"name\":\"Ostatn\\u00e9 stroje\",\"item\":\"https:\/\/omega-bakery.com\/sk\/stroje-a-zarizeni\/ostatne-stroje\/\"},{\"@type\":\"ListItem\",\"position\":4,\"name\":\"Cukr\\u00e1rske stroje\",\"item\":\"https:\/\/omega-bakery.com\/sk\/stroje-a-zarizeni\/ostatne-stroje\/cukrarske-stroje\/\"},{\"@type\":\"ListItem\",\"position\":5,\"name\":\"Bakon Compact (ultrasonick\\u00e1 kr\\u00e1ja\\u010dka)\"}]}]}<\/script>\n<!-- \/ Yoast SEO plugin. -->","yoast_head_json":{"title":"Bakon Compact (ultrasonick\u00e1 kr\u00e1ja\u010dka) - Omega Bakery","robots":{"index":"index","follow":"follow","max-snippet":"max-snippet:-1","max-image-preview":"max-image-preview:large","max-video-preview":"max-video-preview:-1"},"canonical":"https:\/\/omega-bakery.com\/sk\/produkt\/bakon-compact-ultrasonicka-krajacka\/","og_locale":"sk_SK","og_type":"article","og_title":"Bakon Compact (ultrasonick\u00e1 kr\u00e1ja\u010dka) - Omega Bakery","og_description":"Ultrazvukov\u00fd rezac\u00ed stroj BAKON COMPACT ULTRASONIC SLICER je r\u00fdchly a presn\u00fd, vynikaj\u00faci rezac\u00ed v\u00fdkon. Je vybaven\u00e1 ultrazvukov\u00fdm syst\u00e9mom s vysoko kvalitn\u00fdmi titanov\u00fdmi \u010depe\u013eami.  Pokro\u010dil\u00fd software a farebn\u00e1 dotykov\u00e1 obrazovka s ikonami v\u00e1m umo\u017en\u00ed jednoducho nastavi\u0165 alebo zmeni\u0165 v\u0161etky parametre a vzory rezania a kr\u00e1jania obd\u013a\u017enikov i okr\u00fahlych produktov. Vykrajuje i v\u00fdrobky z pek\u00e1\u010dov, podnosov a kart\u00f3nov. Kr\u00e1ja presne v\u0161etky druhy produktov.  O \u010distenie a dezinfekciu sa star\u00e1 nov\u00e1 volite\u013en\u00e1 \u010distiaca jednotka s UV-C svetlom. To znamen\u00e1 bezpe\u010dn\u00e9 a automatick\u00e9 \u010distenie no\u017eov bez preru\u0161enia procesu kr\u00e1jania.  Vysoko kvalitn\u00fd bezpe\u010dnostn\u00fd syst\u00e9m zabra\u0148uje pr\u00edstupu do oblasti rezu behom prev\u00e1dzky.  Na produkty na plechu 600 x 800 mm, alebo okr\u00fahlom o priemere 380 mm.  Rozmery stroja: \u0161 x hl x v: 1750 x 1230 x 1900 mm [...]Read More...","og_url":"https:\/\/omega-bakery.com\/sk\/produkt\/bakon-compact-ultrasonicka-krajacka\/","og_site_name":"Omega Bakery","article_modified_time":"2021-08-05T11:05:25+00:00","og_image":[{"width":533,"height":700,"url":"http:\/\/omega-bakery.com\/sk\/wp-content\/uploads\/2021\/06\/Bakon-Compact.png","path":"\/data\/web\/virtuals\/278194\/virtual\/www\/domains\/omega-bakery.com\/sk\/wp-content\/uploads\/2021\/06\/Bakon-Compact.png","size":"full","id":1329,"alt":"","pixels":373100,"type":"image\/png"}],"twitter_card":"summary_large_image","schema":{"@context":"https:\/\/schema.org","@graph":[{"@type":"WebSite","@id":"https:\/\/omega-bakery.com\/sk\/#website","url":"https:\/\/omega-bakery.com\/sk\/","name":"Omega Bakery","description":"Dodavatel stroj\u016f a za\u0159\u00edzen\u00ed pro pek\u00e1rny","potentialAction":[{"@type":"SearchAction","target":{"@type":"EntryPoint","urlTemplate":"https:\/\/omega-bakery.com\/sk\/?s={search_term_string}"},"query-input":"required name=search_term_string"}],"inLanguage":"sk-SK"},{"@type":"ImageObject","@id":"https:\/\/omega-bakery.com\/sk\/produkt\/bakon-compact-ultrasonicka-krajacka\/#primaryimage","inLanguage":"sk-SK","url":"https:\/\/omega-bakery.com\/sk\/wp-content\/uploads\/2021\/06\/Bakon-Compact.png","contentUrl":"https:\/\/omega-bakery.com\/sk\/wp-content\/uploads\/2021\/06\/Bakon-Compact.png","width":533,"height":700},{"@type":"WebPage","@id":"https:\/\/omega-bakery.com\/sk\/produkt\/bakon-compact-ultrasonicka-krajacka\/#webpage","url":"https:\/\/omega-bakery.com\/sk\/produkt\/bakon-compact-ultrasonicka-krajacka\/","name":"Bakon Compact (ultrasonick\u00e1 kr\u00e1ja\u010dka) - Omega Bakery","isPartOf":{"@id":"https:\/\/omega-bakery.com\/sk\/#website"},"primaryImageOfPage":{"@id":"https:\/\/omega-bakery.com\/sk\/produkt\/bakon-compact-ultrasonicka-krajacka\/#primaryimage"},"datePublished":"2021-04-23T14:59:39+00:00","dateModified":"2021-08-05T11:05:25+00:00","breadcrumb":{"@id":"https:\/\/omega-bakery.com\/sk\/produkt\/bakon-compact-ultrasonicka-krajacka\/#breadcrumb"},"inLanguage":"sk-SK","potentialAction":[{"@type":"ReadAction","target":["https:\/\/omega-bakery.com\/sk\/produkt\/bakon-compact-ultrasonicka-krajacka\/"]}]},{"@type":"BreadcrumbList","@id":"https:\/\/omega-bakery.com\/sk\/produkt\/bakon-compact-ultrasonicka-krajacka\/#breadcrumb","itemListElement":[{"@type":"ListItem","position":1,"name":"Dom\u016f","item":"https:\/\/omega-bakery.com\/sk\/"},{"@type":"ListItem","position":2,"name":"Stroje a zariadenia","item":"https:\/\/omega-bakery.com\/sk\/stroje-a-zariadenia\/"},{"@type":"ListItem","position":3,"name":"Ostatn\u00e9 stroje","item":"https:\/\/omega-bakery.com\/sk\/stroje-a-zarizeni\/ostatne-stroje\/"},{"@type":"ListItem","position":4,"name":"Cukr\u00e1rske stroje","item":"https:\/\/omega-bakery.com\/sk\/stroje-a-zarizeni\/ostatne-stroje\/cukrarske-stroje\/"},{"@type":"ListItem","position":5,"name":"Bakon Compact (ultrasonick\u00e1 kr\u00e1ja\u010dka)"}]}]}},"_links":{"self":[{"href":"https:\/\/omega-bakery.com\/sk\/wp-json\/wp\/v2\/product\/441"}],"collection":[{"href":"https:\/\/omega-bakery.com\/sk\/wp-json\/wp\/v2\/product"}],"about":[{"href":"https:\/\/omega-bakery.com\/sk\/wp-json\/wp\/v2\/types\/product"}],"wp:featuredmedia":[{"embeddable":true,"href":"https:\/\/omega-bakery.com\/sk\/wp-json\/wp\/v2\/media\/1329"}],"wp:attachment":[{"href":"https:\/\/omega-bakery.com\/sk\/wp-json\/wp\/v2\/media?parent=441"}],"curies":[{"name":"wp","href":"https:\/\/api.w.org\/{rel}","templated":true}]}}