{"id":448,"date":"2021-04-23T17:01:19","date_gmt":"2021-04-23T15:01:19","guid":{"rendered":"http:\/\/omega-bakery.com\/sk\/?post_type=product&#038;p=448"},"modified":"2022-09-16T11:26:17","modified_gmt":"2022-09-16T09:26:17","slug":"riehle-tauchboy-luhovacie-zariadenie","status":"publish","type":"product","link":"https:\/\/omega-bakery.com\/sk\/produkt\/riehle-tauchboy-luhovacie-zariadenie\/","title":{"rendered":"Riehle Tauchboy &#8211; luhovacie zariadenie"},"content":{"rendered":"","protected":false},"excerpt":{"rendered":"<p>Jednoduch\u00e9 zariadenie na luhovanie men\u0161ieho mno\u017estva pe\u010diva v mal\u00fdch prev\u00e1dzkach.<\/p>\n<p>Viac inform\u00e1ci\u00ed o tomto stroji n\u00e1jdete v prilo\u017eenom let\u00e1ku <a href=\"http:\/\/omega-bakery.com\/sk\/wp-content\/uploads\/2021\/05\/louhovaci\u0301-stroj-Riehle-Tauchboy-0321.pdf\" target=\"_blank\" rel=\"noopener\">TU<\/a><\/p>\n<p><a href=\"https:\/\/www.youtube.com\/watch?v=OdPFbnNRlsA\" target=\"_blank\" rel=\"noopener\">VIDEO<\/a> [&#8230;]<\/p>\n<p><a class=\"btn btn-secondary understrap-read-more-link\" href=\"https:\/\/omega-bakery.com\/sk\/produkt\/riehle-tauchboy-luhovacie-zariadenie\/\">Read More&#8230;<\/a><\/p>\n","protected":false},"featured_media":1067,"template":"","meta":[],"yoast_head":"<!-- This site is optimized with the Yoast SEO plugin v17.1 - https:\/\/yoast.com\/wordpress\/plugins\/seo\/ -->\n<title>Riehle Tauchboy - luhovacie zariadenie - Omega Bakery<\/title>\n<meta name=\"robots\" content=\"index, follow, max-snippet:-1, max-image-preview:large, max-video-preview:-1\" \/>\n<link rel=\"canonical\" href=\"https:\/\/omega-bakery.com\/sk\/produkt\/riehle-tauchboy-luhovacie-zariadenie\/\" \/>\n<meta property=\"og:locale\" content=\"sk_SK\" \/>\n<meta property=\"og:type\" content=\"article\" \/>\n<meta property=\"og:title\" content=\"Riehle Tauchboy - luhovacie zariadenie - Omega Bakery\" \/>\n<meta property=\"og:description\" content=\"Jednoduch\u00e9 zariadenie na luhovanie men\u0161ieho mno\u017estva pe\u010diva v mal\u00fdch prev\u00e1dzkach.  Viac inform\u00e1ci\u00ed o tomto stroji n\u00e1jdete v prilo\u017eenom let\u00e1ku TU  VIDEO [...]Read More...\" \/>\n<meta property=\"og:url\" content=\"https:\/\/omega-bakery.com\/sk\/produkt\/riehle-tauchboy-luhovacie-zariadenie\/\" \/>\n<meta property=\"og:site_name\" content=\"Omega Bakery\" \/>\n<meta property=\"article:modified_time\" content=\"2022-09-16T09:26:17+00:00\" \/>\n<meta property=\"og:image\" content=\"http:\/\/omega-bakery.com\/sk\/wp-content\/uploads\/2021\/04\/Riehle-Tauchboy-louhovac\u030cka.png\" \/>\n\t<meta property=\"og:image:width\" content=\"533\" \/>\n\t<meta property=\"og:image:height\" content=\"700\" \/>\n<meta name=\"twitter:card\" content=\"summary_large_image\" \/>\n<script type=\"application\/ld+json\" class=\"yoast-schema-graph\">{\"@context\":\"https:\/\/schema.org\",\"@graph\":[{\"@type\":\"WebSite\",\"@id\":\"https:\/\/omega-bakery.com\/sk\/#website\",\"url\":\"https:\/\/omega-bakery.com\/sk\/\",\"name\":\"Omega Bakery\",\"description\":\"Dodavatel stroj\\u016f a za\\u0159\\u00edzen\\u00ed pro pek\\u00e1rny\",\"potentialAction\":[{\"@type\":\"SearchAction\",\"target\":{\"@type\":\"EntryPoint\",\"urlTemplate\":\"https:\/\/omega-bakery.com\/sk\/?s={search_term_string}\"},\"query-input\":\"required name=search_term_string\"}],\"inLanguage\":\"sk-SK\"},{\"@type\":\"ImageObject\",\"@id\":\"https:\/\/omega-bakery.com\/sk\/produkt\/riehle-tauchboy-luhovacie-zariadenie\/#primaryimage\",\"inLanguage\":\"sk-SK\",\"url\":\"https:\/\/omega-bakery.com\/sk\/wp-content\/uploads\/2021\/04\/Riehle-Tauchboy-louhovac\\u030cka.png\",\"contentUrl\":\"https:\/\/omega-bakery.com\/sk\/wp-content\/uploads\/2021\/04\/Riehle-Tauchboy-louhovac\\u030cka.png\",\"width\":533,\"height\":700},{\"@type\":\"WebPage\",\"@id\":\"https:\/\/omega-bakery.com\/sk\/produkt\/riehle-tauchboy-luhovacie-zariadenie\/#webpage\",\"url\":\"https:\/\/omega-bakery.com\/sk\/produkt\/riehle-tauchboy-luhovacie-zariadenie\/\",\"name\":\"Riehle Tauchboy - luhovacie zariadenie - Omega Bakery\",\"isPartOf\":{\"@id\":\"https:\/\/omega-bakery.com\/sk\/#website\"},\"primaryImageOfPage\":{\"@id\":\"https:\/\/omega-bakery.com\/sk\/produkt\/riehle-tauchboy-luhovacie-zariadenie\/#primaryimage\"},\"datePublished\":\"2021-04-23T15:01:19+00:00\",\"dateModified\":\"2022-09-16T09:26:17+00:00\",\"breadcrumb\":{\"@id\":\"https:\/\/omega-bakery.com\/sk\/produkt\/riehle-tauchboy-luhovacie-zariadenie\/#breadcrumb\"},\"inLanguage\":\"sk-SK\",\"potentialAction\":[{\"@type\":\"ReadAction\",\"target\":[\"https:\/\/omega-bakery.com\/sk\/produkt\/riehle-tauchboy-luhovacie-zariadenie\/\"]}]},{\"@type\":\"BreadcrumbList\",\"@id\":\"https:\/\/omega-bakery.com\/sk\/produkt\/riehle-tauchboy-luhovacie-zariadenie\/#breadcrumb\",\"itemListElement\":[{\"@type\":\"ListItem\",\"position\":1,\"name\":\"Dom\\u016f\",\"item\":\"https:\/\/omega-bakery.com\/sk\/\"},{\"@type\":\"ListItem\",\"position\":2,\"name\":\"Stroje a zariadenia\",\"item\":\"https:\/\/omega-bakery.com\/sk\/stroje-a-zariadenia\/\"},{\"@type\":\"ListItem\",\"position\":3,\"name\":\"Ostatn\\u00e9 stroje\",\"item\":\"https:\/\/omega-bakery.com\/sk\/stroje-a-zarizeni\/ostatne-stroje\/\"},{\"@type\":\"ListItem\",\"position\":4,\"name\":\"Ostatn\\u00e9\",\"item\":\"https:\/\/omega-bakery.com\/sk\/stroje-a-zarizeni\/ostatne-stroje\/ostatne\/\"},{\"@type\":\"ListItem\",\"position\":5,\"name\":\"Riehle Tauchboy &#8211; luhovacie zariadenie\"}]}]}<\/script>\n<!-- \/ Yoast SEO plugin. -->","yoast_head_json":{"title":"Riehle Tauchboy - luhovacie zariadenie - Omega Bakery","robots":{"index":"index","follow":"follow","max-snippet":"max-snippet:-1","max-image-preview":"max-image-preview:large","max-video-preview":"max-video-preview:-1"},"canonical":"https:\/\/omega-bakery.com\/sk\/produkt\/riehle-tauchboy-luhovacie-zariadenie\/","og_locale":"sk_SK","og_type":"article","og_title":"Riehle Tauchboy - luhovacie zariadenie - Omega Bakery","og_description":"Jednoduch\u00e9 zariadenie na luhovanie men\u0161ieho mno\u017estva pe\u010diva v mal\u00fdch prev\u00e1dzkach.  Viac inform\u00e1ci\u00ed o tomto stroji n\u00e1jdete v prilo\u017eenom let\u00e1ku TU  VIDEO [...]Read More...","og_url":"https:\/\/omega-bakery.com\/sk\/produkt\/riehle-tauchboy-luhovacie-zariadenie\/","og_site_name":"Omega Bakery","article_modified_time":"2022-09-16T09:26:17+00:00","og_image":[{"width":533,"height":700,"url":"http:\/\/omega-bakery.com\/sk\/wp-content\/uploads\/2021\/04\/Riehle-Tauchboy-louhovac\u030cka.png","path":"\/data\/web\/virtuals\/278194\/virtual\/www\/domains\/omega-bakery.com\/sk\/wp-content\/uploads\/2021\/04\/Riehle-Tauchboy-louhovac\u030cka.png","size":"full","id":1067,"alt":"","pixels":373100,"type":"image\/png"}],"twitter_card":"summary_large_image","schema":{"@context":"https:\/\/schema.org","@graph":[{"@type":"WebSite","@id":"https:\/\/omega-bakery.com\/sk\/#website","url":"https:\/\/omega-bakery.com\/sk\/","name":"Omega Bakery","description":"Dodavatel stroj\u016f a za\u0159\u00edzen\u00ed pro pek\u00e1rny","potentialAction":[{"@type":"SearchAction","target":{"@type":"EntryPoint","urlTemplate":"https:\/\/omega-bakery.com\/sk\/?s={search_term_string}"},"query-input":"required name=search_term_string"}],"inLanguage":"sk-SK"},{"@type":"ImageObject","@id":"https:\/\/omega-bakery.com\/sk\/produkt\/riehle-tauchboy-luhovacie-zariadenie\/#primaryimage","inLanguage":"sk-SK","url":"https:\/\/omega-bakery.com\/sk\/wp-content\/uploads\/2021\/04\/Riehle-Tauchboy-louhovac\u030cka.png","contentUrl":"https:\/\/omega-bakery.com\/sk\/wp-content\/uploads\/2021\/04\/Riehle-Tauchboy-louhovac\u030cka.png","width":533,"height":700},{"@type":"WebPage","@id":"https:\/\/omega-bakery.com\/sk\/produkt\/riehle-tauchboy-luhovacie-zariadenie\/#webpage","url":"https:\/\/omega-bakery.com\/sk\/produkt\/riehle-tauchboy-luhovacie-zariadenie\/","name":"Riehle Tauchboy - luhovacie zariadenie - Omega Bakery","isPartOf":{"@id":"https:\/\/omega-bakery.com\/sk\/#website"},"primaryImageOfPage":{"@id":"https:\/\/omega-bakery.com\/sk\/produkt\/riehle-tauchboy-luhovacie-zariadenie\/#primaryimage"},"datePublished":"2021-04-23T15:01:19+00:00","dateModified":"2022-09-16T09:26:17+00:00","breadcrumb":{"@id":"https:\/\/omega-bakery.com\/sk\/produkt\/riehle-tauchboy-luhovacie-zariadenie\/#breadcrumb"},"inLanguage":"sk-SK","potentialAction":[{"@type":"ReadAction","target":["https:\/\/omega-bakery.com\/sk\/produkt\/riehle-tauchboy-luhovacie-zariadenie\/"]}]},{"@type":"BreadcrumbList","@id":"https:\/\/omega-bakery.com\/sk\/produkt\/riehle-tauchboy-luhovacie-zariadenie\/#breadcrumb","itemListElement":[{"@type":"ListItem","position":1,"name":"Dom\u016f","item":"https:\/\/omega-bakery.com\/sk\/"},{"@type":"ListItem","position":2,"name":"Stroje a zariadenia","item":"https:\/\/omega-bakery.com\/sk\/stroje-a-zariadenia\/"},{"@type":"ListItem","position":3,"name":"Ostatn\u00e9 stroje","item":"https:\/\/omega-bakery.com\/sk\/stroje-a-zarizeni\/ostatne-stroje\/"},{"@type":"ListItem","position":4,"name":"Ostatn\u00e9","item":"https:\/\/omega-bakery.com\/sk\/stroje-a-zarizeni\/ostatne-stroje\/ostatne\/"},{"@type":"ListItem","position":5,"name":"Riehle Tauchboy &#8211; luhovacie zariadenie"}]}]}},"_links":{"self":[{"href":"https:\/\/omega-bakery.com\/sk\/wp-json\/wp\/v2\/product\/448"}],"collection":[{"href":"https:\/\/omega-bakery.com\/sk\/wp-json\/wp\/v2\/product"}],"about":[{"href":"https:\/\/omega-bakery.com\/sk\/wp-json\/wp\/v2\/types\/product"}],"wp:featuredmedia":[{"embeddable":true,"href":"https:\/\/omega-bakery.com\/sk\/wp-json\/wp\/v2\/media\/1067"}],"wp:attachment":[{"href":"https:\/\/omega-bakery.com\/sk\/wp-json\/wp\/v2\/media?parent=448"}],"curies":[{"name":"wp","href":"https:\/\/api.w.org\/{rel}","templated":true}]}}