{"id":454,"date":"2021-04-23T17:03:19","date_gmt":"2021-04-23T15:03:19","guid":{"rendered":"http:\/\/omega-bakery.com\/sk\/?post_type=product&#038;p=454"},"modified":"2022-04-08T15:23:58","modified_gmt":"2022-04-08T13:23:58","slug":"jeros-9014-a-9015","status":"publish","type":"product","link":"https:\/\/omega-bakery.com\/sk\/produkt\/jeros-9014-a-9015\/","title":{"rendered":"Jeros 9014 a 9015"},"content":{"rendered":"","protected":false},"excerpt":{"rendered":"<p>\u010cisti\u010dka na plechy rovn\u00e9 alebo s dvoma okrajmi.<\/p>\n<p>Nov\u00e1 gener\u00e1cia \u010distiacich strojov JEROS rady 90xx poskytuje u\u017e\u00edvate\u013eovi v\u00fdznamn\u00e9 hygienick\u00e9 v\u00fdhody, preto\u017ee <strong>tieto stroje sa m\u00f4\u017eu<\/strong> <strong>\u010disti\u0165 vodou. <\/strong>Kon\u0161trukcia a nov\u00fd design redukuje taktie\u017e hluk. Kontinu\u00e1lne \u010distenie plechov kefami zai\u0161\u0165uje vysok\u00e9 hygienick\u00e9 \u0161tandardy a optim\u00e1lne \u010distenie ako pre dierkovan\u00e9 tak aj pln\u00e9 plechy.<\/p>\n<ul>\n<li>nov\u00fd hygienick\u00fd design stroja<\/li>\n<li><strong>mo\u017enos\u0165 \u010distenia stroja vodou<\/strong><\/li>\n<li>v\u00e4\u010d\u0161\u00ed priestor medzi jednotliv\u00fdmi valcami<\/li>\n<li>zn\u00ed\u017een\u00e1 hlu\u010dnos\u0165<\/li>\n<li>dvojit\u00e9 \u0161krabky na vstupe pre lep\u0161ie \u010distenie<\/li>\n<li><strong>olejovac\u00ed syst\u00e9m pri Jeros 9015<\/strong><\/li>\n<li>v\u0161etok materi\u00e1l &#8211; nerezov\u00e1 oce\u013e a syntetick\u00e9 materi\u00e1ly<\/li>\n<li>robustn\u00e1 kon\u0161trukcia, odol\u00e1va tlakom vznikaj\u00facim pri \u010disten\u00ed<\/li>\n<\/ul>\n<p>Viac na let\u00e1ku <a href=\"http:\/\/omega-bakery.com\/sk\/wp-content\/uploads\/2022\/04\/cisticka-plechu-Jeros-9014-a-9015-0321.pdf\" target=\"_blank\" rel=\"noopener\">TU<\/a> [&#8230;]<\/p>\n<p><a class=\"btn btn-secondary understrap-read-more-link\" href=\"https:\/\/omega-bakery.com\/sk\/produkt\/jeros-9014-a-9015\/\">Read More&#8230;<\/a><\/p>\n","protected":false},"featured_media":1134,"template":"","meta":[],"yoast_head":"<!-- This site is optimized with the Yoast SEO plugin v17.1 - https:\/\/yoast.com\/wordpress\/plugins\/seo\/ -->\n<title>Jeros 9014 a 9015 - Omega Bakery<\/title>\n<meta name=\"robots\" content=\"index, follow, max-snippet:-1, max-image-preview:large, max-video-preview:-1\" \/>\n<link rel=\"canonical\" href=\"https:\/\/omega-bakery.com\/sk\/produkt\/jeros-9014-a-9015\/\" \/>\n<meta property=\"og:locale\" content=\"sk_SK\" \/>\n<meta property=\"og:type\" content=\"article\" \/>\n<meta property=\"og:title\" content=\"Jeros 9014 a 9015 - Omega Bakery\" \/>\n<meta property=\"og:description\" content=\"\u010cisti\u010dka na plechy rovn\u00e9 alebo s dvoma okrajmi.  Nov\u00e1 gener\u00e1cia \u010distiacich strojov JEROS rady 90xx poskytuje u\u017e\u00edvate\u013eovi v\u00fdznamn\u00e9 hygienick\u00e9 v\u00fdhody, preto\u017ee tieto stroje sa m\u00f4\u017eu \u010disti\u0165 vodou. Kon\u0161trukcia a nov\u00fd design redukuje taktie\u017e hluk. Kontinu\u00e1lne \u010distenie plechov kefami zai\u0161\u0165uje vysok\u00e9 hygienick\u00e9 \u0161tandardy a optim\u00e1lne \u010distenie ako pre dierkovan\u00e9 tak aj pln\u00e9 plechy.   nov\u00fd hygienick\u00fd design stroja  mo\u017enos\u0165 \u010distenia stroja vodou  v\u00e4\u010d\u0161\u00ed priestor medzi jednotliv\u00fdmi valcami  zn\u00ed\u017een\u00e1 hlu\u010dnos\u0165  dvojit\u00e9 \u0161krabky na vstupe pre lep\u0161ie \u010distenie  olejovac\u00ed syst\u00e9m pri Jeros 9015  v\u0161etok materi\u00e1l - nerezov\u00e1 oce\u013e a syntetick\u00e9 materi\u00e1ly  robustn\u00e1 kon\u0161trukcia, odol\u00e1va tlakom vznikaj\u00facim pri \u010disten\u00ed  Viac na let\u00e1ku TU [...]Read More...\" \/>\n<meta property=\"og:url\" content=\"https:\/\/omega-bakery.com\/sk\/produkt\/jeros-9014-a-9015\/\" \/>\n<meta property=\"og:site_name\" content=\"Omega Bakery\" \/>\n<meta property=\"article:modified_time\" content=\"2022-04-08T13:23:58+00:00\" \/>\n<meta property=\"og:image\" content=\"http:\/\/omega-bakery.com\/sk\/wp-content\/uploads\/2021\/04\/Jeros-9011-a-9014-1.png\" \/>\n\t<meta property=\"og:image:width\" content=\"533\" \/>\n\t<meta property=\"og:image:height\" content=\"700\" \/>\n<meta name=\"twitter:card\" content=\"summary_large_image\" \/>\n<script type=\"application\/ld+json\" class=\"yoast-schema-graph\">{\"@context\":\"https:\/\/schema.org\",\"@graph\":[{\"@type\":\"WebSite\",\"@id\":\"https:\/\/omega-bakery.com\/sk\/#website\",\"url\":\"https:\/\/omega-bakery.com\/sk\/\",\"name\":\"Omega Bakery\",\"description\":\"Dodavatel stroj\\u016f a za\\u0159\\u00edzen\\u00ed pro pek\\u00e1rny\",\"potentialAction\":[{\"@type\":\"SearchAction\",\"target\":{\"@type\":\"EntryPoint\",\"urlTemplate\":\"https:\/\/omega-bakery.com\/sk\/?s={search_term_string}\"},\"query-input\":\"required name=search_term_string\"}],\"inLanguage\":\"sk-SK\"},{\"@type\":\"ImageObject\",\"@id\":\"https:\/\/omega-bakery.com\/sk\/produkt\/jeros-9014-a-9015\/#primaryimage\",\"inLanguage\":\"sk-SK\",\"url\":\"https:\/\/omega-bakery.com\/sk\/wp-content\/uploads\/2021\/04\/Jeros-9011-a-9014-1.png\",\"contentUrl\":\"https:\/\/omega-bakery.com\/sk\/wp-content\/uploads\/2021\/04\/Jeros-9011-a-9014-1.png\",\"width\":533,\"height\":700},{\"@type\":\"WebPage\",\"@id\":\"https:\/\/omega-bakery.com\/sk\/produkt\/jeros-9014-a-9015\/#webpage\",\"url\":\"https:\/\/omega-bakery.com\/sk\/produkt\/jeros-9014-a-9015\/\",\"name\":\"Jeros 9014 a 9015 - Omega Bakery\",\"isPartOf\":{\"@id\":\"https:\/\/omega-bakery.com\/sk\/#website\"},\"primaryImageOfPage\":{\"@id\":\"https:\/\/omega-bakery.com\/sk\/produkt\/jeros-9014-a-9015\/#primaryimage\"},\"datePublished\":\"2021-04-23T15:03:19+00:00\",\"dateModified\":\"2022-04-08T13:23:58+00:00\",\"breadcrumb\":{\"@id\":\"https:\/\/omega-bakery.com\/sk\/produkt\/jeros-9014-a-9015\/#breadcrumb\"},\"inLanguage\":\"sk-SK\",\"potentialAction\":[{\"@type\":\"ReadAction\",\"target\":[\"https:\/\/omega-bakery.com\/sk\/produkt\/jeros-9014-a-9015\/\"]}]},{\"@type\":\"BreadcrumbList\",\"@id\":\"https:\/\/omega-bakery.com\/sk\/produkt\/jeros-9014-a-9015\/#breadcrumb\",\"itemListElement\":[{\"@type\":\"ListItem\",\"position\":1,\"name\":\"Dom\\u016f\",\"item\":\"https:\/\/omega-bakery.com\/sk\/\"},{\"@type\":\"ListItem\",\"position\":2,\"name\":\"Stroje a zariadenia\",\"item\":\"https:\/\/omega-bakery.com\/sk\/stroje-a-zariadenia\/\"},{\"@type\":\"ListItem\",\"position\":3,\"name\":\"Um\\u00fdvacie stroje a \\u010disti\\u010dky\",\"item\":\"https:\/\/omega-bakery.com\/sk\/stroje-a-zarizeni\/umyvacie-stroje-a-cisticky\/\"},{\"@type\":\"ListItem\",\"position\":4,\"name\":\"\\u010cisti\\u010dky plechov\",\"item\":\"https:\/\/omega-bakery.com\/sk\/stroje-a-zarizeni\/umyvacie-stroje-a-cisticky\/cisticky-plechov\/\"},{\"@type\":\"ListItem\",\"position\":5,\"name\":\"Jeros 9014 a 9015\"}]}]}<\/script>\n<!-- \/ Yoast SEO plugin. -->","yoast_head_json":{"title":"Jeros 9014 a 9015 - Omega Bakery","robots":{"index":"index","follow":"follow","max-snippet":"max-snippet:-1","max-image-preview":"max-image-preview:large","max-video-preview":"max-video-preview:-1"},"canonical":"https:\/\/omega-bakery.com\/sk\/produkt\/jeros-9014-a-9015\/","og_locale":"sk_SK","og_type":"article","og_title":"Jeros 9014 a 9015 - Omega Bakery","og_description":"\u010cisti\u010dka na plechy rovn\u00e9 alebo s dvoma okrajmi.  Nov\u00e1 gener\u00e1cia \u010distiacich strojov JEROS rady 90xx poskytuje u\u017e\u00edvate\u013eovi v\u00fdznamn\u00e9 hygienick\u00e9 v\u00fdhody, preto\u017ee tieto stroje sa m\u00f4\u017eu \u010disti\u0165 vodou. Kon\u0161trukcia a nov\u00fd design redukuje taktie\u017e hluk. Kontinu\u00e1lne \u010distenie plechov kefami zai\u0161\u0165uje vysok\u00e9 hygienick\u00e9 \u0161tandardy a optim\u00e1lne \u010distenie ako pre dierkovan\u00e9 tak aj pln\u00e9 plechy.   nov\u00fd hygienick\u00fd design stroja  mo\u017enos\u0165 \u010distenia stroja vodou  v\u00e4\u010d\u0161\u00ed priestor medzi jednotliv\u00fdmi valcami  zn\u00ed\u017een\u00e1 hlu\u010dnos\u0165  dvojit\u00e9 \u0161krabky na vstupe pre lep\u0161ie \u010distenie  olejovac\u00ed syst\u00e9m pri Jeros 9015  v\u0161etok materi\u00e1l - nerezov\u00e1 oce\u013e a syntetick\u00e9 materi\u00e1ly  robustn\u00e1 kon\u0161trukcia, odol\u00e1va tlakom vznikaj\u00facim pri \u010disten\u00ed  Viac na let\u00e1ku TU [...]Read More...","og_url":"https:\/\/omega-bakery.com\/sk\/produkt\/jeros-9014-a-9015\/","og_site_name":"Omega Bakery","article_modified_time":"2022-04-08T13:23:58+00:00","og_image":[{"width":533,"height":700,"url":"http:\/\/omega-bakery.com\/sk\/wp-content\/uploads\/2021\/04\/Jeros-9011-a-9014-1.png","path":"\/data\/web\/virtuals\/278194\/virtual\/www\/domains\/omega-bakery.com\/sk\/wp-content\/uploads\/2021\/04\/Jeros-9011-a-9014-1.png","size":"full","id":1134,"alt":"","pixels":373100,"type":"image\/png"}],"twitter_card":"summary_large_image","schema":{"@context":"https:\/\/schema.org","@graph":[{"@type":"WebSite","@id":"https:\/\/omega-bakery.com\/sk\/#website","url":"https:\/\/omega-bakery.com\/sk\/","name":"Omega Bakery","description":"Dodavatel stroj\u016f a za\u0159\u00edzen\u00ed pro pek\u00e1rny","potentialAction":[{"@type":"SearchAction","target":{"@type":"EntryPoint","urlTemplate":"https:\/\/omega-bakery.com\/sk\/?s={search_term_string}"},"query-input":"required name=search_term_string"}],"inLanguage":"sk-SK"},{"@type":"ImageObject","@id":"https:\/\/omega-bakery.com\/sk\/produkt\/jeros-9014-a-9015\/#primaryimage","inLanguage":"sk-SK","url":"https:\/\/omega-bakery.com\/sk\/wp-content\/uploads\/2021\/04\/Jeros-9011-a-9014-1.png","contentUrl":"https:\/\/omega-bakery.com\/sk\/wp-content\/uploads\/2021\/04\/Jeros-9011-a-9014-1.png","width":533,"height":700},{"@type":"WebPage","@id":"https:\/\/omega-bakery.com\/sk\/produkt\/jeros-9014-a-9015\/#webpage","url":"https:\/\/omega-bakery.com\/sk\/produkt\/jeros-9014-a-9015\/","name":"Jeros 9014 a 9015 - Omega Bakery","isPartOf":{"@id":"https:\/\/omega-bakery.com\/sk\/#website"},"primaryImageOfPage":{"@id":"https:\/\/omega-bakery.com\/sk\/produkt\/jeros-9014-a-9015\/#primaryimage"},"datePublished":"2021-04-23T15:03:19+00:00","dateModified":"2022-04-08T13:23:58+00:00","breadcrumb":{"@id":"https:\/\/omega-bakery.com\/sk\/produkt\/jeros-9014-a-9015\/#breadcrumb"},"inLanguage":"sk-SK","potentialAction":[{"@type":"ReadAction","target":["https:\/\/omega-bakery.com\/sk\/produkt\/jeros-9014-a-9015\/"]}]},{"@type":"BreadcrumbList","@id":"https:\/\/omega-bakery.com\/sk\/produkt\/jeros-9014-a-9015\/#breadcrumb","itemListElement":[{"@type":"ListItem","position":1,"name":"Dom\u016f","item":"https:\/\/omega-bakery.com\/sk\/"},{"@type":"ListItem","position":2,"name":"Stroje a zariadenia","item":"https:\/\/omega-bakery.com\/sk\/stroje-a-zariadenia\/"},{"@type":"ListItem","position":3,"name":"Um\u00fdvacie stroje a \u010disti\u010dky","item":"https:\/\/omega-bakery.com\/sk\/stroje-a-zarizeni\/umyvacie-stroje-a-cisticky\/"},{"@type":"ListItem","position":4,"name":"\u010cisti\u010dky plechov","item":"https:\/\/omega-bakery.com\/sk\/stroje-a-zarizeni\/umyvacie-stroje-a-cisticky\/cisticky-plechov\/"},{"@type":"ListItem","position":5,"name":"Jeros 9014 a 9015"}]}]}},"_links":{"self":[{"href":"https:\/\/omega-bakery.com\/sk\/wp-json\/wp\/v2\/product\/454"}],"collection":[{"href":"https:\/\/omega-bakery.com\/sk\/wp-json\/wp\/v2\/product"}],"about":[{"href":"https:\/\/omega-bakery.com\/sk\/wp-json\/wp\/v2\/types\/product"}],"wp:featuredmedia":[{"embeddable":true,"href":"https:\/\/omega-bakery.com\/sk\/wp-json\/wp\/v2\/media\/1134"}],"wp:attachment":[{"href":"https:\/\/omega-bakery.com\/sk\/wp-json\/wp\/v2\/media?parent=454"}],"curies":[{"name":"wp","href":"https:\/\/api.w.org\/{rel}","templated":true}]}}