{"id":457,"date":"2021-04-23T17:04:05","date_gmt":"2021-04-23T15:04:05","guid":{"rendered":"http:\/\/omega-bakery.com\/sk\/?post_type=product&#038;p=457"},"modified":"2024-10-31T12:30:04","modified_gmt":"2024-10-31T10:30:04","slug":"kys-jednotka-sveba-dahlen-f-100","status":"publish","type":"product","link":"https:\/\/omega-bakery.com\/sk\/produkt\/kys-jednotka-sveba-dahlen-f-100\/","title":{"rendered":"Kys. jednotka Sveba Dahlen  F 100"},"content":{"rendered":"","protected":false},"excerpt":{"rendered":"<table border=\"0\" cellspacing=\"1\" cellpadding=\"1\">\n<tbody>\n<tr>\n<td>\n<div>\n<p class=\"rtejustify\">Samostatne stojaca jednotka na vyv\u00edjanie tepla a pary do priestoru kysiarne. Samostatn\u00e9 nastavovanie teploty a vlhkosti. V\u00fdkonos\u0165 10m<sup>3<\/sup>. Mo\u017enos\u0165, v pr\u00edpade v\u00e4\u010d\u0161ieho priestoru, spoji\u0165 a\u017e 4 jednotky pod jedno ovl\u00e1danie.<\/p>\n<p><strong>Hlavn\u00e9 znaky:<\/strong><\/p>\n<ul>\n<li>prevedenie z nerezovej oceli AISI 304,<\/li>\n<li>jednoduch\u00e9 a r\u00fdchle pripojenie na vodu a el. pr\u00fad<\/li>\n<\/ul>\n<\/div>\n<div>\n<p>Viac inform\u00e1ci\u00ed o tejto jednotke n\u00e1jdete v prilo\u017eenom let\u00e1ku <a href=\"http:\/\/omega-bakery.com\/sk\/wp-content\/uploads\/2021\/04\/kyn-jednotka-Sveba-F-100-0823.pdf\" target=\"_blank\" rel=\"noopener\">TU<\/a><\/p>\n<\/div>\n<\/td>\n<\/tr>\n<\/tbody>\n<\/table>\n<p> [&#8230;]<\/p>\n<p><a class=\"btn btn-secondary understrap-read-more-link\" href=\"https:\/\/omega-bakery.com\/sk\/produkt\/kys-jednotka-sveba-dahlen-f-100\/\">Read More&#8230;<\/a><\/p>\n","protected":false},"featured_media":691,"template":"","meta":[],"yoast_head":"<!-- This site is optimized with the Yoast SEO plugin v17.1 - https:\/\/yoast.com\/wordpress\/plugins\/seo\/ -->\n<title>Kys. jednotka Sveba Dahlen F 100 - Omega Bakery<\/title>\n<meta name=\"robots\" content=\"index, follow, max-snippet:-1, max-image-preview:large, max-video-preview:-1\" \/>\n<link rel=\"canonical\" href=\"https:\/\/omega-bakery.com\/sk\/produkt\/kys-jednotka-sveba-dahlen-f-100\/\" \/>\n<meta property=\"og:locale\" content=\"sk_SK\" \/>\n<meta property=\"og:type\" content=\"article\" \/>\n<meta property=\"og:title\" content=\"Kys. jednotka Sveba Dahlen F 100 - Omega Bakery\" \/>\n<meta property=\"og:description\" content=\"Samostatne stojaca jednotka na vyv\u00edjanie tepla a pary do priestoru kysiarne. Samostatn\u00e9 nastavovanie teploty a vlhkosti. V\u00fdkonos\u0165 10m3. Mo\u017enos\u0165, v pr\u00edpade v\u00e4\u010d\u0161ieho priestoru, spoji\u0165 a\u017e 4 jednotky pod jedno ovl\u00e1danie. Hlavn\u00e9 znaky:   prevedenie z nerezovej oceli AISI 304,  jednoduch\u00e9 a r\u00fdchle pripojenie na vodu a el. pr\u00fad     Viac inform\u00e1ci\u00ed o tejto jednotke n\u00e1jdete v prilo\u017eenom let\u00e1ku TU      [...]Read More...\" \/>\n<meta property=\"og:url\" content=\"https:\/\/omega-bakery.com\/sk\/produkt\/kys-jednotka-sveba-dahlen-f-100\/\" \/>\n<meta property=\"og:site_name\" content=\"Omega Bakery\" \/>\n<meta property=\"article:modified_time\" content=\"2024-10-31T10:30:04+00:00\" \/>\n<meta property=\"og:image\" content=\"http:\/\/omega-bakery.com\/sk\/wp-content\/uploads\/2021\/04\/Kyn.-jednotka-FCC-F-100.png\" \/>\n\t<meta property=\"og:image:width\" content=\"533\" \/>\n\t<meta property=\"og:image:height\" content=\"700\" \/>\n<meta name=\"twitter:card\" content=\"summary_large_image\" \/>\n<script type=\"application\/ld+json\" class=\"yoast-schema-graph\">{\"@context\":\"https:\/\/schema.org\",\"@graph\":[{\"@type\":\"WebSite\",\"@id\":\"https:\/\/omega-bakery.com\/sk\/#website\",\"url\":\"https:\/\/omega-bakery.com\/sk\/\",\"name\":\"Omega Bakery\",\"description\":\"Dodavatel stroj\\u016f a za\\u0159\\u00edzen\\u00ed pro pek\\u00e1rny\",\"potentialAction\":[{\"@type\":\"SearchAction\",\"target\":{\"@type\":\"EntryPoint\",\"urlTemplate\":\"https:\/\/omega-bakery.com\/sk\/?s={search_term_string}\"},\"query-input\":\"required name=search_term_string\"}],\"inLanguage\":\"sk-SK\"},{\"@type\":\"ImageObject\",\"@id\":\"https:\/\/omega-bakery.com\/sk\/produkt\/kys-jednotka-sveba-dahlen-f-100\/#primaryimage\",\"inLanguage\":\"sk-SK\",\"url\":\"https:\/\/omega-bakery.com\/sk\/wp-content\/uploads\/2021\/04\/Kyn.-jednotka-FCC-F-100.png\",\"contentUrl\":\"https:\/\/omega-bakery.com\/sk\/wp-content\/uploads\/2021\/04\/Kyn.-jednotka-FCC-F-100.png\",\"width\":533,\"height\":700},{\"@type\":\"WebPage\",\"@id\":\"https:\/\/omega-bakery.com\/sk\/produkt\/kys-jednotka-sveba-dahlen-f-100\/#webpage\",\"url\":\"https:\/\/omega-bakery.com\/sk\/produkt\/kys-jednotka-sveba-dahlen-f-100\/\",\"name\":\"Kys. jednotka Sveba Dahlen F 100 - Omega Bakery\",\"isPartOf\":{\"@id\":\"https:\/\/omega-bakery.com\/sk\/#website\"},\"primaryImageOfPage\":{\"@id\":\"https:\/\/omega-bakery.com\/sk\/produkt\/kys-jednotka-sveba-dahlen-f-100\/#primaryimage\"},\"datePublished\":\"2021-04-23T15:04:05+00:00\",\"dateModified\":\"2024-10-31T10:30:04+00:00\",\"breadcrumb\":{\"@id\":\"https:\/\/omega-bakery.com\/sk\/produkt\/kys-jednotka-sveba-dahlen-f-100\/#breadcrumb\"},\"inLanguage\":\"sk-SK\",\"potentialAction\":[{\"@type\":\"ReadAction\",\"target\":[\"https:\/\/omega-bakery.com\/sk\/produkt\/kys-jednotka-sveba-dahlen-f-100\/\"]}]},{\"@type\":\"BreadcrumbList\",\"@id\":\"https:\/\/omega-bakery.com\/sk\/produkt\/kys-jednotka-sveba-dahlen-f-100\/#breadcrumb\",\"itemListElement\":[{\"@type\":\"ListItem\",\"position\":1,\"name\":\"Dom\\u016f\",\"item\":\"https:\/\/omega-bakery.com\/sk\/\"},{\"@type\":\"ListItem\",\"position\":2,\"name\":\"Stroje a zariadenia\",\"item\":\"https:\/\/omega-bakery.com\/sk\/stroje-a-zariadenia\/\"},{\"@type\":\"ListItem\",\"position\":3,\"name\":\"Kysiarne, kombinovan\\u00e9 kysiarne a \\u0161okov\\u00e9 chladenie\",\"item\":\"https:\/\/omega-bakery.com\/sk\/stroje-a-zarizeni\/kysiarne-kombinovane-kysiarne-a-sokove-chladenie\/\"},{\"@type\":\"ListItem\",\"position\":4,\"name\":\"Kysiarne a kombinovan\\u00e9 kysiarne\",\"item\":\"https:\/\/omega-bakery.com\/sk\/stroje-a-zarizeni\/kysiarne-kombinovane-kysiarne-a-sokove-chladenie\/kysiarne-a-kombinovane-kysiarne\/\"},{\"@type\":\"ListItem\",\"position\":5,\"name\":\"Kys. jednotka Sveba Dahlen F 100\"}]}]}<\/script>\n<!-- \/ Yoast SEO plugin. -->","yoast_head_json":{"title":"Kys. jednotka Sveba Dahlen F 100 - Omega Bakery","robots":{"index":"index","follow":"follow","max-snippet":"max-snippet:-1","max-image-preview":"max-image-preview:large","max-video-preview":"max-video-preview:-1"},"canonical":"https:\/\/omega-bakery.com\/sk\/produkt\/kys-jednotka-sveba-dahlen-f-100\/","og_locale":"sk_SK","og_type":"article","og_title":"Kys. jednotka Sveba Dahlen F 100 - Omega Bakery","og_description":"Samostatne stojaca jednotka na vyv\u00edjanie tepla a pary do priestoru kysiarne. Samostatn\u00e9 nastavovanie teploty a vlhkosti. V\u00fdkonos\u0165 10m3. Mo\u017enos\u0165, v pr\u00edpade v\u00e4\u010d\u0161ieho priestoru, spoji\u0165 a\u017e 4 jednotky pod jedno ovl\u00e1danie. Hlavn\u00e9 znaky:   prevedenie z nerezovej oceli AISI 304,  jednoduch\u00e9 a r\u00fdchle pripojenie na vodu a el. pr\u00fad     Viac inform\u00e1ci\u00ed o tejto jednotke n\u00e1jdete v prilo\u017eenom let\u00e1ku TU      [...]Read More...","og_url":"https:\/\/omega-bakery.com\/sk\/produkt\/kys-jednotka-sveba-dahlen-f-100\/","og_site_name":"Omega Bakery","article_modified_time":"2024-10-31T10:30:04+00:00","og_image":[{"width":533,"height":700,"url":"http:\/\/omega-bakery.com\/sk\/wp-content\/uploads\/2021\/04\/Kyn.-jednotka-FCC-F-100.png","path":"\/data\/web\/virtuals\/278194\/virtual\/www\/domains\/omega-bakery.com\/sk\/wp-content\/uploads\/2021\/04\/Kyn.-jednotka-FCC-F-100.png","size":"full","id":691,"alt":"","pixels":373100,"type":"image\/png"}],"twitter_card":"summary_large_image","schema":{"@context":"https:\/\/schema.org","@graph":[{"@type":"WebSite","@id":"https:\/\/omega-bakery.com\/sk\/#website","url":"https:\/\/omega-bakery.com\/sk\/","name":"Omega Bakery","description":"Dodavatel stroj\u016f a za\u0159\u00edzen\u00ed pro pek\u00e1rny","potentialAction":[{"@type":"SearchAction","target":{"@type":"EntryPoint","urlTemplate":"https:\/\/omega-bakery.com\/sk\/?s={search_term_string}"},"query-input":"required name=search_term_string"}],"inLanguage":"sk-SK"},{"@type":"ImageObject","@id":"https:\/\/omega-bakery.com\/sk\/produkt\/kys-jednotka-sveba-dahlen-f-100\/#primaryimage","inLanguage":"sk-SK","url":"https:\/\/omega-bakery.com\/sk\/wp-content\/uploads\/2021\/04\/Kyn.-jednotka-FCC-F-100.png","contentUrl":"https:\/\/omega-bakery.com\/sk\/wp-content\/uploads\/2021\/04\/Kyn.-jednotka-FCC-F-100.png","width":533,"height":700},{"@type":"WebPage","@id":"https:\/\/omega-bakery.com\/sk\/produkt\/kys-jednotka-sveba-dahlen-f-100\/#webpage","url":"https:\/\/omega-bakery.com\/sk\/produkt\/kys-jednotka-sveba-dahlen-f-100\/","name":"Kys. jednotka Sveba Dahlen F 100 - Omega Bakery","isPartOf":{"@id":"https:\/\/omega-bakery.com\/sk\/#website"},"primaryImageOfPage":{"@id":"https:\/\/omega-bakery.com\/sk\/produkt\/kys-jednotka-sveba-dahlen-f-100\/#primaryimage"},"datePublished":"2021-04-23T15:04:05+00:00","dateModified":"2024-10-31T10:30:04+00:00","breadcrumb":{"@id":"https:\/\/omega-bakery.com\/sk\/produkt\/kys-jednotka-sveba-dahlen-f-100\/#breadcrumb"},"inLanguage":"sk-SK","potentialAction":[{"@type":"ReadAction","target":["https:\/\/omega-bakery.com\/sk\/produkt\/kys-jednotka-sveba-dahlen-f-100\/"]}]},{"@type":"BreadcrumbList","@id":"https:\/\/omega-bakery.com\/sk\/produkt\/kys-jednotka-sveba-dahlen-f-100\/#breadcrumb","itemListElement":[{"@type":"ListItem","position":1,"name":"Dom\u016f","item":"https:\/\/omega-bakery.com\/sk\/"},{"@type":"ListItem","position":2,"name":"Stroje a zariadenia","item":"https:\/\/omega-bakery.com\/sk\/stroje-a-zariadenia\/"},{"@type":"ListItem","position":3,"name":"Kysiarne, kombinovan\u00e9 kysiarne a \u0161okov\u00e9 chladenie","item":"https:\/\/omega-bakery.com\/sk\/stroje-a-zarizeni\/kysiarne-kombinovane-kysiarne-a-sokove-chladenie\/"},{"@type":"ListItem","position":4,"name":"Kysiarne a kombinovan\u00e9 kysiarne","item":"https:\/\/omega-bakery.com\/sk\/stroje-a-zarizeni\/kysiarne-kombinovane-kysiarne-a-sokove-chladenie\/kysiarne-a-kombinovane-kysiarne\/"},{"@type":"ListItem","position":5,"name":"Kys. jednotka Sveba Dahlen F 100"}]}]}},"_links":{"self":[{"href":"https:\/\/omega-bakery.com\/sk\/wp-json\/wp\/v2\/product\/457"}],"collection":[{"href":"https:\/\/omega-bakery.com\/sk\/wp-json\/wp\/v2\/product"}],"about":[{"href":"https:\/\/omega-bakery.com\/sk\/wp-json\/wp\/v2\/types\/product"}],"wp:featuredmedia":[{"embeddable":true,"href":"https:\/\/omega-bakery.com\/sk\/wp-json\/wp\/v2\/media\/691"}],"wp:attachment":[{"href":"https:\/\/omega-bakery.com\/sk\/wp-json\/wp\/v2\/media?parent=457"}],"curies":[{"name":"wp","href":"https:\/\/api.w.org\/{rel}","templated":true}]}}