{"id":460,"date":"2021-04-23T17:04:35","date_gmt":"2021-04-23T15:04:35","guid":{"rendered":"http:\/\/omega-bakery.com\/sk\/?post_type=product&#038;p=460"},"modified":"2026-01-22T14:32:09","modified_gmt":"2026-01-22T12:32:09","slug":"tecnomac-lc-touch-kombinovana-kysiaren-na-voziky","status":"publish","type":"product","link":"https:\/\/omega-bakery.com\/sk\/produkt\/tecnomac-lc-touch-kombinovana-kysiaren-na-voziky\/","title":{"rendered":"Tecnomac LC Touch kombinovan\u00e1 kysiare\u0148 na voz\u00edky"},"content":{"rendered":"","protected":false},"excerpt":{"rendered":"<p>STOP kysiare\u0148 na voz\u00edky s plechmi. Ve\u013ekostn\u00e9 prevedenia &#8211; \u0161\u00edrka 80, 100, 120, 160 alebo 200 cm. D\u013a\u017eka 160 a\u017e 320 cm. Nastavite\u013en\u00e1 teplota -10\u00b0C a\u017e +40\u00b0C.<\/p>\n<p>Tecnomac LC Touch je vybaven\u00fd inovovan\u00fdm dotykov\u00fdm panelom, ktor\u00fd umo\u017e\u0148uje presn\u00fa regul\u00e1ciu v\u00fdkonu ohrevu a chladenia za re\u0161pektovania v\u0161etk\u00fdch po\u017eiadaviek na vlhkos\u0165. Je tak zaisten\u00e1 ni\u017e\u0161ia spotreba energie, najm\u00e4 v porovnan\u00ed so \u0161tandardn\u00fdmi\u00a0 ovl\u00e1dac\u00edmi prvkami. Hr\u00fabka steny 80 mm je \u010fal\u0161ou d\u00f4le\u017eitou vlastnos\u0165ou tohto zariadenia, pokia\u013e ide o zn\u00ed\u017eenie \u00fanikov tepla pri zachovan\u00ed maxim\u00e1lnej \u00fa\u010dinnosti. V\u00fdsledkom v\u0161etk\u00e9ho vy\u0161\u0161ie uveden\u00e9ho je a\u017e o 40% ni\u017e\u0161ia spotreba energie ako u be\u017en\u00fdch rie\u0161en\u00ed vybaven\u00fdch \u0161tandardn\u00edmi ovl\u00e1dac\u00edmi prvkami.<\/p>\n<p>Viac o tomto zariaden\u00ed n\u00e1jdete v prilo\u017eenom let\u00e1ku <a href=\"http:\/\/omega-bakery.com\/sk\/wp-content\/uploads\/2021\/04\/Kombinovana-stop-kynarna-na-voziky-Tecnomac-LC-Touch-0823.pdf\" target=\"_blank\" rel=\"noopener\">TU<\/a> [&#8230;]<\/p>\n<p><a class=\"btn btn-secondary understrap-read-more-link\" href=\"https:\/\/omega-bakery.com\/sk\/produkt\/tecnomac-lc-touch-kombinovana-kysiaren-na-voziky\/\">Read More&#8230;<\/a><\/p>\n","protected":false},"featured_media":1250,"template":"","meta":[],"yoast_head":"<!-- This site is optimized with the Yoast SEO plugin v17.1 - https:\/\/yoast.com\/wordpress\/plugins\/seo\/ -->\n<title>Tecnomac LC Touch kombinovan\u00e1 kysiare\u0148 na voz\u00edky - Omega Bakery<\/title>\n<meta name=\"robots\" content=\"index, follow, max-snippet:-1, max-image-preview:large, max-video-preview:-1\" \/>\n<link rel=\"canonical\" href=\"https:\/\/omega-bakery.com\/sk\/produkt\/tecnomac-lc-touch-kombinovana-kysiaren-na-voziky\/\" \/>\n<meta property=\"og:locale\" content=\"sk_SK\" \/>\n<meta property=\"og:type\" content=\"article\" \/>\n<meta property=\"og:title\" content=\"Tecnomac LC Touch kombinovan\u00e1 kysiare\u0148 na voz\u00edky - Omega Bakery\" \/>\n<meta property=\"og:description\" content=\"STOP kysiare\u0148 na voz\u00edky s plechmi. Ve\u013ekostn\u00e9 prevedenia - \u0161\u00edrka 80, 100, 120, 160 alebo 200 cm. D\u013a\u017eka 160 a\u017e 320 cm. Nastavite\u013en\u00e1 teplota -10\u00b0C a\u017e +40\u00b0C.  Tecnomac LC Touch je vybaven\u00fd inovovan\u00fdm dotykov\u00fdm panelom, ktor\u00fd umo\u017e\u0148uje presn\u00fa regul\u00e1ciu v\u00fdkonu ohrevu a chladenia za re\u0161pektovania v\u0161etk\u00fdch po\u017eiadaviek na vlhkos\u0165. Je tak zaisten\u00e1 ni\u017e\u0161ia spotreba energie, najm\u00e4 v porovnan\u00ed so \u0161tandardn\u00fdmi\u00a0 ovl\u00e1dac\u00edmi prvkami. Hr\u00fabka steny 80 mm je \u010fal\u0161ou d\u00f4le\u017eitou vlastnos\u0165ou tohto zariadenia, pokia\u013e ide o zn\u00ed\u017eenie \u00fanikov tepla pri zachovan\u00ed maxim\u00e1lnej \u00fa\u010dinnosti. V\u00fdsledkom v\u0161etk\u00e9ho vy\u0161\u0161ie uveden\u00e9ho je a\u017e o 40% ni\u017e\u0161ia spotreba energie ako u be\u017en\u00fdch rie\u0161en\u00ed vybaven\u00fdch \u0161tandardn\u00edmi ovl\u00e1dac\u00edmi prvkami.  Viac o tomto zariaden\u00ed n\u00e1jdete v prilo\u017eenom let\u00e1ku TU [...]Read More...\" \/>\n<meta property=\"og:url\" content=\"https:\/\/omega-bakery.com\/sk\/produkt\/tecnomac-lc-touch-kombinovana-kysiaren-na-voziky\/\" \/>\n<meta property=\"og:site_name\" content=\"Omega Bakery\" \/>\n<meta property=\"article:modified_time\" content=\"2026-01-22T12:32:09+00:00\" \/>\n<meta property=\"og:image\" content=\"http:\/\/omega-bakery.com\/sk\/wp-content\/uploads\/2021\/04\/Tecnomac_LEV_control_LC_touch.png\" \/>\n\t<meta property=\"og:image:width\" content=\"533\" \/>\n\t<meta property=\"og:image:height\" content=\"700\" \/>\n<meta name=\"twitter:card\" content=\"summary_large_image\" \/>\n<script type=\"application\/ld+json\" class=\"yoast-schema-graph\">{\"@context\":\"https:\/\/schema.org\",\"@graph\":[{\"@type\":\"WebSite\",\"@id\":\"https:\/\/omega-bakery.com\/sk\/#website\",\"url\":\"https:\/\/omega-bakery.com\/sk\/\",\"name\":\"Omega Bakery\",\"description\":\"Dodavatel stroj\\u016f a za\\u0159\\u00edzen\\u00ed pro pek\\u00e1rny\",\"potentialAction\":[{\"@type\":\"SearchAction\",\"target\":{\"@type\":\"EntryPoint\",\"urlTemplate\":\"https:\/\/omega-bakery.com\/sk\/?s={search_term_string}\"},\"query-input\":\"required name=search_term_string\"}],\"inLanguage\":\"sk-SK\"},{\"@type\":\"ImageObject\",\"@id\":\"https:\/\/omega-bakery.com\/sk\/produkt\/tecnomac-lc-touch-kombinovana-kysiaren-na-voziky\/#primaryimage\",\"inLanguage\":\"sk-SK\",\"url\":\"https:\/\/omega-bakery.com\/sk\/wp-content\/uploads\/2021\/04\/Tecnomac_LEV_control_LC_touch.png\",\"contentUrl\":\"https:\/\/omega-bakery.com\/sk\/wp-content\/uploads\/2021\/04\/Tecnomac_LEV_control_LC_touch.png\",\"width\":533,\"height\":700},{\"@type\":\"WebPage\",\"@id\":\"https:\/\/omega-bakery.com\/sk\/produkt\/tecnomac-lc-touch-kombinovana-kysiaren-na-voziky\/#webpage\",\"url\":\"https:\/\/omega-bakery.com\/sk\/produkt\/tecnomac-lc-touch-kombinovana-kysiaren-na-voziky\/\",\"name\":\"Tecnomac LC Touch kombinovan\\u00e1 kysiare\\u0148 na voz\\u00edky - Omega Bakery\",\"isPartOf\":{\"@id\":\"https:\/\/omega-bakery.com\/sk\/#website\"},\"primaryImageOfPage\":{\"@id\":\"https:\/\/omega-bakery.com\/sk\/produkt\/tecnomac-lc-touch-kombinovana-kysiaren-na-voziky\/#primaryimage\"},\"datePublished\":\"2021-04-23T15:04:35+00:00\",\"dateModified\":\"2026-01-22T12:32:09+00:00\",\"breadcrumb\":{\"@id\":\"https:\/\/omega-bakery.com\/sk\/produkt\/tecnomac-lc-touch-kombinovana-kysiaren-na-voziky\/#breadcrumb\"},\"inLanguage\":\"sk-SK\",\"potentialAction\":[{\"@type\":\"ReadAction\",\"target\":[\"https:\/\/omega-bakery.com\/sk\/produkt\/tecnomac-lc-touch-kombinovana-kysiaren-na-voziky\/\"]}]},{\"@type\":\"BreadcrumbList\",\"@id\":\"https:\/\/omega-bakery.com\/sk\/produkt\/tecnomac-lc-touch-kombinovana-kysiaren-na-voziky\/#breadcrumb\",\"itemListElement\":[{\"@type\":\"ListItem\",\"position\":1,\"name\":\"Dom\\u016f\",\"item\":\"https:\/\/omega-bakery.com\/sk\/\"},{\"@type\":\"ListItem\",\"position\":2,\"name\":\"Stroje a zariadenia\",\"item\":\"https:\/\/omega-bakery.com\/sk\/stroje-a-zariadenia\/\"},{\"@type\":\"ListItem\",\"position\":3,\"name\":\"Kysiarne, kombinovan\\u00e9 kysiarne a \\u0161okov\\u00e9 chladenie\",\"item\":\"https:\/\/omega-bakery.com\/sk\/stroje-a-zarizeni\/kysiarne-kombinovane-kysiarne-a-sokove-chladenie\/\"},{\"@type\":\"ListItem\",\"position\":4,\"name\":\"Kysiarne a kombinovan\\u00e9 kysiarne\",\"item\":\"https:\/\/omega-bakery.com\/sk\/stroje-a-zarizeni\/kysiarne-kombinovane-kysiarne-a-sokove-chladenie\/kysiarne-a-kombinovane-kysiarne\/\"},{\"@type\":\"ListItem\",\"position\":5,\"name\":\"Tecnomac LC Touch kombinovan\\u00e1 kysiare\\u0148 na voz\\u00edky\"}]}]}<\/script>\n<!-- \/ Yoast SEO plugin. -->","yoast_head_json":{"title":"Tecnomac LC Touch kombinovan\u00e1 kysiare\u0148 na voz\u00edky - Omega Bakery","robots":{"index":"index","follow":"follow","max-snippet":"max-snippet:-1","max-image-preview":"max-image-preview:large","max-video-preview":"max-video-preview:-1"},"canonical":"https:\/\/omega-bakery.com\/sk\/produkt\/tecnomac-lc-touch-kombinovana-kysiaren-na-voziky\/","og_locale":"sk_SK","og_type":"article","og_title":"Tecnomac LC Touch kombinovan\u00e1 kysiare\u0148 na voz\u00edky - Omega Bakery","og_description":"STOP kysiare\u0148 na voz\u00edky s plechmi. Ve\u013ekostn\u00e9 prevedenia - \u0161\u00edrka 80, 100, 120, 160 alebo 200 cm. D\u013a\u017eka 160 a\u017e 320 cm. Nastavite\u013en\u00e1 teplota -10\u00b0C a\u017e +40\u00b0C.  Tecnomac LC Touch je vybaven\u00fd inovovan\u00fdm dotykov\u00fdm panelom, ktor\u00fd umo\u017e\u0148uje presn\u00fa regul\u00e1ciu v\u00fdkonu ohrevu a chladenia za re\u0161pektovania v\u0161etk\u00fdch po\u017eiadaviek na vlhkos\u0165. Je tak zaisten\u00e1 ni\u017e\u0161ia spotreba energie, najm\u00e4 v porovnan\u00ed so \u0161tandardn\u00fdmi\u00a0 ovl\u00e1dac\u00edmi prvkami. Hr\u00fabka steny 80 mm je \u010fal\u0161ou d\u00f4le\u017eitou vlastnos\u0165ou tohto zariadenia, pokia\u013e ide o zn\u00ed\u017eenie \u00fanikov tepla pri zachovan\u00ed maxim\u00e1lnej \u00fa\u010dinnosti. V\u00fdsledkom v\u0161etk\u00e9ho vy\u0161\u0161ie uveden\u00e9ho je a\u017e o 40% ni\u017e\u0161ia spotreba energie ako u be\u017en\u00fdch rie\u0161en\u00ed vybaven\u00fdch \u0161tandardn\u00edmi ovl\u00e1dac\u00edmi prvkami.  Viac o tomto zariaden\u00ed n\u00e1jdete v prilo\u017eenom let\u00e1ku TU [...]Read More...","og_url":"https:\/\/omega-bakery.com\/sk\/produkt\/tecnomac-lc-touch-kombinovana-kysiaren-na-voziky\/","og_site_name":"Omega Bakery","article_modified_time":"2026-01-22T12:32:09+00:00","og_image":[{"width":533,"height":700,"url":"http:\/\/omega-bakery.com\/sk\/wp-content\/uploads\/2021\/04\/Tecnomac_LEV_control_LC_touch.png","path":"\/data\/web\/virtuals\/278194\/virtual\/www\/domains\/omega-bakery.com\/sk\/wp-content\/uploads\/2021\/04\/Tecnomac_LEV_control_LC_touch.png","size":"full","id":1250,"alt":"","pixels":373100,"type":"image\/png"}],"twitter_card":"summary_large_image","schema":{"@context":"https:\/\/schema.org","@graph":[{"@type":"WebSite","@id":"https:\/\/omega-bakery.com\/sk\/#website","url":"https:\/\/omega-bakery.com\/sk\/","name":"Omega Bakery","description":"Dodavatel stroj\u016f a za\u0159\u00edzen\u00ed pro pek\u00e1rny","potentialAction":[{"@type":"SearchAction","target":{"@type":"EntryPoint","urlTemplate":"https:\/\/omega-bakery.com\/sk\/?s={search_term_string}"},"query-input":"required name=search_term_string"}],"inLanguage":"sk-SK"},{"@type":"ImageObject","@id":"https:\/\/omega-bakery.com\/sk\/produkt\/tecnomac-lc-touch-kombinovana-kysiaren-na-voziky\/#primaryimage","inLanguage":"sk-SK","url":"https:\/\/omega-bakery.com\/sk\/wp-content\/uploads\/2021\/04\/Tecnomac_LEV_control_LC_touch.png","contentUrl":"https:\/\/omega-bakery.com\/sk\/wp-content\/uploads\/2021\/04\/Tecnomac_LEV_control_LC_touch.png","width":533,"height":700},{"@type":"WebPage","@id":"https:\/\/omega-bakery.com\/sk\/produkt\/tecnomac-lc-touch-kombinovana-kysiaren-na-voziky\/#webpage","url":"https:\/\/omega-bakery.com\/sk\/produkt\/tecnomac-lc-touch-kombinovana-kysiaren-na-voziky\/","name":"Tecnomac LC Touch kombinovan\u00e1 kysiare\u0148 na voz\u00edky - Omega Bakery","isPartOf":{"@id":"https:\/\/omega-bakery.com\/sk\/#website"},"primaryImageOfPage":{"@id":"https:\/\/omega-bakery.com\/sk\/produkt\/tecnomac-lc-touch-kombinovana-kysiaren-na-voziky\/#primaryimage"},"datePublished":"2021-04-23T15:04:35+00:00","dateModified":"2026-01-22T12:32:09+00:00","breadcrumb":{"@id":"https:\/\/omega-bakery.com\/sk\/produkt\/tecnomac-lc-touch-kombinovana-kysiaren-na-voziky\/#breadcrumb"},"inLanguage":"sk-SK","potentialAction":[{"@type":"ReadAction","target":["https:\/\/omega-bakery.com\/sk\/produkt\/tecnomac-lc-touch-kombinovana-kysiaren-na-voziky\/"]}]},{"@type":"BreadcrumbList","@id":"https:\/\/omega-bakery.com\/sk\/produkt\/tecnomac-lc-touch-kombinovana-kysiaren-na-voziky\/#breadcrumb","itemListElement":[{"@type":"ListItem","position":1,"name":"Dom\u016f","item":"https:\/\/omega-bakery.com\/sk\/"},{"@type":"ListItem","position":2,"name":"Stroje a zariadenia","item":"https:\/\/omega-bakery.com\/sk\/stroje-a-zariadenia\/"},{"@type":"ListItem","position":3,"name":"Kysiarne, kombinovan\u00e9 kysiarne a \u0161okov\u00e9 chladenie","item":"https:\/\/omega-bakery.com\/sk\/stroje-a-zarizeni\/kysiarne-kombinovane-kysiarne-a-sokove-chladenie\/"},{"@type":"ListItem","position":4,"name":"Kysiarne a kombinovan\u00e9 kysiarne","item":"https:\/\/omega-bakery.com\/sk\/stroje-a-zarizeni\/kysiarne-kombinovane-kysiarne-a-sokove-chladenie\/kysiarne-a-kombinovane-kysiarne\/"},{"@type":"ListItem","position":5,"name":"Tecnomac LC Touch kombinovan\u00e1 kysiare\u0148 na voz\u00edky"}]}]}},"_links":{"self":[{"href":"https:\/\/omega-bakery.com\/sk\/wp-json\/wp\/v2\/product\/460"}],"collection":[{"href":"https:\/\/omega-bakery.com\/sk\/wp-json\/wp\/v2\/product"}],"about":[{"href":"https:\/\/omega-bakery.com\/sk\/wp-json\/wp\/v2\/types\/product"}],"wp:featuredmedia":[{"embeddable":true,"href":"https:\/\/omega-bakery.com\/sk\/wp-json\/wp\/v2\/media\/1250"}],"wp:attachment":[{"href":"https:\/\/omega-bakery.com\/sk\/wp-json\/wp\/v2\/media?parent=460"}],"curies":[{"name":"wp","href":"https:\/\/api.w.org\/{rel}","templated":true}]}}