{"id":463,"date":"2021-04-23T17:05:06","date_gmt":"2021-04-23T15:05:06","guid":{"rendered":"http:\/\/omega-bakery.com\/sk\/?post_type=product&#038;p=463"},"modified":"2024-10-31T12:33:55","modified_gmt":"2024-10-31T10:33:55","slug":"sveba-f-500-kombinovana-kysiaren-na-voziky","status":"publish","type":"product","link":"https:\/\/omega-bakery.com\/sk\/produkt\/sveba-f-500-kombinovana-kysiaren-na-voziky\/","title":{"rendered":"Sveba F 500 &#8211; kombinovan\u00e1 kysiare\u0148 na voz\u00edky"},"content":{"rendered":"","protected":false},"excerpt":{"rendered":"<p>Box\u00a0 z PUR panelov 80 mm v nieko\u013ek\u00fdch ve\u013ekostiach (1000 x 1000 mm a\u017e 1800 x 220 mm) v preveden\u00ed:<\/p>\n<ul>\n<li>kysiare\u0148<\/li>\n<li>STOP kysiare\u0148 s chladen\u00edm<\/li>\n<li>STOP kysiare\u0148 s mrazen\u00edm<\/li>\n<\/ul>\n<p>Jedno alebo dvojdverov\u00fd, ovl\u00e1dac\u00ed panel umiesten\u00fd na dver\u00e1ch pre jednoduch\u00fa obsluhu.<\/p>\n<p>Viac inform\u00e1ci\u00ed o tejto kysiarni n\u00e1jdete v prilo\u017eenom let\u00e1ku <a href=\"http:\/\/omega-bakery.com\/sk\/wp-content\/uploads\/2021\/04\/Sveba-Dahlen-F-500-0823.pdf\" target=\"_blank\" rel=\"noopener\">TU<\/a><\/p>\n<p>&nbsp; [&#8230;]<\/p>\n<p><a class=\"btn btn-secondary understrap-read-more-link\" href=\"https:\/\/omega-bakery.com\/sk\/produkt\/sveba-f-500-kombinovana-kysiaren-na-voziky\/\">Read More&#8230;<\/a><\/p>\n","protected":false},"featured_media":1249,"template":"","meta":[],"yoast_head":"<!-- This site is optimized with the Yoast SEO plugin v17.1 - https:\/\/yoast.com\/wordpress\/plugins\/seo\/ -->\n<title>Sveba F 500 - kombinovan\u00e1 kysiare\u0148 na voz\u00edky - Omega Bakery<\/title>\n<meta name=\"robots\" content=\"index, follow, max-snippet:-1, max-image-preview:large, max-video-preview:-1\" \/>\n<link rel=\"canonical\" href=\"https:\/\/omega-bakery.com\/sk\/produkt\/sveba-f-500-kombinovana-kysiaren-na-voziky\/\" \/>\n<meta property=\"og:locale\" content=\"sk_SK\" \/>\n<meta property=\"og:type\" content=\"article\" \/>\n<meta property=\"og:title\" content=\"Sveba F 500 - kombinovan\u00e1 kysiare\u0148 na voz\u00edky - Omega Bakery\" \/>\n<meta property=\"og:description\" content=\"Box\u00a0 z PUR panelov 80 mm v nieko\u013ek\u00fdch ve\u013ekostiach (1000 x 1000 mm a\u017e 1800 x 220 mm) v preveden\u00ed:   kysiare\u0148  STOP kysiare\u0148 s chladen\u00edm  STOP kysiare\u0148 s mrazen\u00edm  Jedno alebo dvojdverov\u00fd, ovl\u00e1dac\u00ed panel umiesten\u00fd na dver\u00e1ch pre jednoduch\u00fa obsluhu.  Viac inform\u00e1ci\u00ed o tejto kysiarni n\u00e1jdete v prilo\u017eenom let\u00e1ku TU  &nbsp; [...]Read More...\" \/>\n<meta property=\"og:url\" content=\"https:\/\/omega-bakery.com\/sk\/produkt\/sveba-f-500-kombinovana-kysiaren-na-voziky\/\" \/>\n<meta property=\"og:site_name\" content=\"Omega Bakery\" \/>\n<meta property=\"article:modified_time\" content=\"2024-10-31T10:33:55+00:00\" \/>\n<meta property=\"og:image\" content=\"http:\/\/omega-bakery.com\/sk\/wp-content\/uploads\/2021\/04\/Sveba_F500.png\" \/>\n\t<meta property=\"og:image:width\" content=\"533\" \/>\n\t<meta property=\"og:image:height\" content=\"700\" \/>\n<meta name=\"twitter:card\" content=\"summary_large_image\" \/>\n<script type=\"application\/ld+json\" class=\"yoast-schema-graph\">{\"@context\":\"https:\/\/schema.org\",\"@graph\":[{\"@type\":\"WebSite\",\"@id\":\"https:\/\/omega-bakery.com\/sk\/#website\",\"url\":\"https:\/\/omega-bakery.com\/sk\/\",\"name\":\"Omega Bakery\",\"description\":\"Dodavatel stroj\\u016f a za\\u0159\\u00edzen\\u00ed pro pek\\u00e1rny\",\"potentialAction\":[{\"@type\":\"SearchAction\",\"target\":{\"@type\":\"EntryPoint\",\"urlTemplate\":\"https:\/\/omega-bakery.com\/sk\/?s={search_term_string}\"},\"query-input\":\"required name=search_term_string\"}],\"inLanguage\":\"sk-SK\"},{\"@type\":\"ImageObject\",\"@id\":\"https:\/\/omega-bakery.com\/sk\/produkt\/sveba-f-500-kombinovana-kysiaren-na-voziky\/#primaryimage\",\"inLanguage\":\"sk-SK\",\"url\":\"https:\/\/omega-bakery.com\/sk\/wp-content\/uploads\/2021\/04\/Sveba_F500.png\",\"contentUrl\":\"https:\/\/omega-bakery.com\/sk\/wp-content\/uploads\/2021\/04\/Sveba_F500.png\",\"width\":533,\"height\":700},{\"@type\":\"WebPage\",\"@id\":\"https:\/\/omega-bakery.com\/sk\/produkt\/sveba-f-500-kombinovana-kysiaren-na-voziky\/#webpage\",\"url\":\"https:\/\/omega-bakery.com\/sk\/produkt\/sveba-f-500-kombinovana-kysiaren-na-voziky\/\",\"name\":\"Sveba F 500 - kombinovan\\u00e1 kysiare\\u0148 na voz\\u00edky - Omega Bakery\",\"isPartOf\":{\"@id\":\"https:\/\/omega-bakery.com\/sk\/#website\"},\"primaryImageOfPage\":{\"@id\":\"https:\/\/omega-bakery.com\/sk\/produkt\/sveba-f-500-kombinovana-kysiaren-na-voziky\/#primaryimage\"},\"datePublished\":\"2021-04-23T15:05:06+00:00\",\"dateModified\":\"2024-10-31T10:33:55+00:00\",\"breadcrumb\":{\"@id\":\"https:\/\/omega-bakery.com\/sk\/produkt\/sveba-f-500-kombinovana-kysiaren-na-voziky\/#breadcrumb\"},\"inLanguage\":\"sk-SK\",\"potentialAction\":[{\"@type\":\"ReadAction\",\"target\":[\"https:\/\/omega-bakery.com\/sk\/produkt\/sveba-f-500-kombinovana-kysiaren-na-voziky\/\"]}]},{\"@type\":\"BreadcrumbList\",\"@id\":\"https:\/\/omega-bakery.com\/sk\/produkt\/sveba-f-500-kombinovana-kysiaren-na-voziky\/#breadcrumb\",\"itemListElement\":[{\"@type\":\"ListItem\",\"position\":1,\"name\":\"Dom\\u016f\",\"item\":\"https:\/\/omega-bakery.com\/sk\/\"},{\"@type\":\"ListItem\",\"position\":2,\"name\":\"Stroje a zariadenia\",\"item\":\"https:\/\/omega-bakery.com\/sk\/stroje-a-zariadenia\/\"},{\"@type\":\"ListItem\",\"position\":3,\"name\":\"Kysiarne, kombinovan\\u00e9 kysiarne a \\u0161okov\\u00e9 chladenie\",\"item\":\"https:\/\/omega-bakery.com\/sk\/stroje-a-zarizeni\/kysiarne-kombinovane-kysiarne-a-sokove-chladenie\/\"},{\"@type\":\"ListItem\",\"position\":4,\"name\":\"Kysiarne a kombinovan\\u00e9 kysiarne\",\"item\":\"https:\/\/omega-bakery.com\/sk\/stroje-a-zarizeni\/kysiarne-kombinovane-kysiarne-a-sokove-chladenie\/kysiarne-a-kombinovane-kysiarne\/\"},{\"@type\":\"ListItem\",\"position\":5,\"name\":\"Sveba F 500 &#8211; kombinovan\\u00e1 kysiare\\u0148 na voz\\u00edky\"}]}]}<\/script>\n<!-- \/ Yoast SEO plugin. -->","yoast_head_json":{"title":"Sveba F 500 - kombinovan\u00e1 kysiare\u0148 na voz\u00edky - Omega Bakery","robots":{"index":"index","follow":"follow","max-snippet":"max-snippet:-1","max-image-preview":"max-image-preview:large","max-video-preview":"max-video-preview:-1"},"canonical":"https:\/\/omega-bakery.com\/sk\/produkt\/sveba-f-500-kombinovana-kysiaren-na-voziky\/","og_locale":"sk_SK","og_type":"article","og_title":"Sveba F 500 - kombinovan\u00e1 kysiare\u0148 na voz\u00edky - Omega Bakery","og_description":"Box\u00a0 z PUR panelov 80 mm v nieko\u013ek\u00fdch ve\u013ekostiach (1000 x 1000 mm a\u017e 1800 x 220 mm) v preveden\u00ed:   kysiare\u0148  STOP kysiare\u0148 s chladen\u00edm  STOP kysiare\u0148 s mrazen\u00edm  Jedno alebo dvojdverov\u00fd, ovl\u00e1dac\u00ed panel umiesten\u00fd na dver\u00e1ch pre jednoduch\u00fa obsluhu.  Viac inform\u00e1ci\u00ed o tejto kysiarni n\u00e1jdete v prilo\u017eenom let\u00e1ku TU  &nbsp; [...]Read More...","og_url":"https:\/\/omega-bakery.com\/sk\/produkt\/sveba-f-500-kombinovana-kysiaren-na-voziky\/","og_site_name":"Omega Bakery","article_modified_time":"2024-10-31T10:33:55+00:00","og_image":[{"width":533,"height":700,"url":"http:\/\/omega-bakery.com\/sk\/wp-content\/uploads\/2021\/04\/Sveba_F500.png","path":"\/data\/web\/virtuals\/278194\/virtual\/www\/domains\/omega-bakery.com\/sk\/wp-content\/uploads\/2021\/04\/Sveba_F500.png","size":"full","id":1249,"alt":"","pixels":373100,"type":"image\/png"}],"twitter_card":"summary_large_image","schema":{"@context":"https:\/\/schema.org","@graph":[{"@type":"WebSite","@id":"https:\/\/omega-bakery.com\/sk\/#website","url":"https:\/\/omega-bakery.com\/sk\/","name":"Omega Bakery","description":"Dodavatel stroj\u016f a za\u0159\u00edzen\u00ed pro pek\u00e1rny","potentialAction":[{"@type":"SearchAction","target":{"@type":"EntryPoint","urlTemplate":"https:\/\/omega-bakery.com\/sk\/?s={search_term_string}"},"query-input":"required name=search_term_string"}],"inLanguage":"sk-SK"},{"@type":"ImageObject","@id":"https:\/\/omega-bakery.com\/sk\/produkt\/sveba-f-500-kombinovana-kysiaren-na-voziky\/#primaryimage","inLanguage":"sk-SK","url":"https:\/\/omega-bakery.com\/sk\/wp-content\/uploads\/2021\/04\/Sveba_F500.png","contentUrl":"https:\/\/omega-bakery.com\/sk\/wp-content\/uploads\/2021\/04\/Sveba_F500.png","width":533,"height":700},{"@type":"WebPage","@id":"https:\/\/omega-bakery.com\/sk\/produkt\/sveba-f-500-kombinovana-kysiaren-na-voziky\/#webpage","url":"https:\/\/omega-bakery.com\/sk\/produkt\/sveba-f-500-kombinovana-kysiaren-na-voziky\/","name":"Sveba F 500 - kombinovan\u00e1 kysiare\u0148 na voz\u00edky - Omega Bakery","isPartOf":{"@id":"https:\/\/omega-bakery.com\/sk\/#website"},"primaryImageOfPage":{"@id":"https:\/\/omega-bakery.com\/sk\/produkt\/sveba-f-500-kombinovana-kysiaren-na-voziky\/#primaryimage"},"datePublished":"2021-04-23T15:05:06+00:00","dateModified":"2024-10-31T10:33:55+00:00","breadcrumb":{"@id":"https:\/\/omega-bakery.com\/sk\/produkt\/sveba-f-500-kombinovana-kysiaren-na-voziky\/#breadcrumb"},"inLanguage":"sk-SK","potentialAction":[{"@type":"ReadAction","target":["https:\/\/omega-bakery.com\/sk\/produkt\/sveba-f-500-kombinovana-kysiaren-na-voziky\/"]}]},{"@type":"BreadcrumbList","@id":"https:\/\/omega-bakery.com\/sk\/produkt\/sveba-f-500-kombinovana-kysiaren-na-voziky\/#breadcrumb","itemListElement":[{"@type":"ListItem","position":1,"name":"Dom\u016f","item":"https:\/\/omega-bakery.com\/sk\/"},{"@type":"ListItem","position":2,"name":"Stroje a zariadenia","item":"https:\/\/omega-bakery.com\/sk\/stroje-a-zariadenia\/"},{"@type":"ListItem","position":3,"name":"Kysiarne, kombinovan\u00e9 kysiarne a \u0161okov\u00e9 chladenie","item":"https:\/\/omega-bakery.com\/sk\/stroje-a-zarizeni\/kysiarne-kombinovane-kysiarne-a-sokove-chladenie\/"},{"@type":"ListItem","position":4,"name":"Kysiarne a kombinovan\u00e9 kysiarne","item":"https:\/\/omega-bakery.com\/sk\/stroje-a-zarizeni\/kysiarne-kombinovane-kysiarne-a-sokove-chladenie\/kysiarne-a-kombinovane-kysiarne\/"},{"@type":"ListItem","position":5,"name":"Sveba F 500 &#8211; kombinovan\u00e1 kysiare\u0148 na voz\u00edky"}]}]}},"_links":{"self":[{"href":"https:\/\/omega-bakery.com\/sk\/wp-json\/wp\/v2\/product\/463"}],"collection":[{"href":"https:\/\/omega-bakery.com\/sk\/wp-json\/wp\/v2\/product"}],"about":[{"href":"https:\/\/omega-bakery.com\/sk\/wp-json\/wp\/v2\/types\/product"}],"wp:featuredmedia":[{"embeddable":true,"href":"https:\/\/omega-bakery.com\/sk\/wp-json\/wp\/v2\/media\/1249"}],"wp:attachment":[{"href":"https:\/\/omega-bakery.com\/sk\/wp-json\/wp\/v2\/media?parent=463"}],"curies":[{"name":"wp","href":"https:\/\/api.w.org\/{rel}","templated":true}]}}