{"id":464,"date":"2021-04-23T17:05:18","date_gmt":"2021-04-23T15:05:18","guid":{"rendered":"http:\/\/omega-bakery.com\/sk\/?post_type=product&#038;p=464"},"modified":"2024-10-31T12:22:03","modified_gmt":"2024-10-31T10:22:03","slug":"atrepan-kysiarensky-box-na-plechy","status":"publish","type":"product","link":"https:\/\/omega-bakery.com\/sk\/produkt\/atrepan-kysiarensky-box-na-plechy\/","title":{"rendered":"Atrepan kysiarensk\u00fd box na plechy"},"content":{"rendered":"","protected":false},"excerpt":{"rendered":"<p>Jednoduch\u00fd, \u013eahko premiestnite\u013en\u00fd box (s mo\u017enos\u0165ou koliesok). Izola\u010dn\u00e9 panely 60 mm.<\/p>\n<p>Jednoduch\u00e9 ovl\u00e1danie panelom s nastaven\u00edm po\u017eadovan\u00fdch hodn\u00f4t vlhkosti a teploty.<\/p>\n<p>Cirkul\u00e1cia vzduchu vo vn\u00fatri pomocou ventil\u00e1tora.<\/p>\n<p>Z\u00e1\u0161upy na plechy 40 x 60 alebo 80 x 60 cm.<\/p>\n<p>Pripojenie 230 V \/ 400 V<\/p>\n<p><strong>Volite\u013ene ako STOP kysiare\u0148.<\/strong><\/p>\n<p>Viac inform\u00e1ci\u00ed o tejto kysiarni n\u00e1jdete v prilo\u017eenom let\u00e1ku <a href=\"http:\/\/omega-bakery.com\/sk\/wp-content\/uploads\/2021\/04\/Atrepan-kynarensky-box-na-plechy-0823.pdf\" target=\"_blank\" rel=\"noopener\">TU<\/a> [&#8230;]<\/p>\n<p><a class=\"btn btn-secondary understrap-read-more-link\" href=\"https:\/\/omega-bakery.com\/sk\/produkt\/atrepan-kysiarensky-box-na-plechy\/\">Read More&#8230;<\/a><\/p>\n","protected":false},"featured_media":1251,"template":"","meta":[],"yoast_head":"<!-- This site is optimized with the Yoast SEO plugin v17.1 - https:\/\/yoast.com\/wordpress\/plugins\/seo\/ -->\n<title>Atrepan kysiarensk\u00fd box na plechy - Omega Bakery<\/title>\n<meta name=\"robots\" content=\"index, follow, max-snippet:-1, max-image-preview:large, max-video-preview:-1\" \/>\n<link rel=\"canonical\" href=\"https:\/\/omega-bakery.com\/sk\/produkt\/atrepan-kysiarensky-box-na-plechy\/\" \/>\n<meta property=\"og:locale\" content=\"sk_SK\" \/>\n<meta property=\"og:type\" content=\"article\" \/>\n<meta property=\"og:title\" content=\"Atrepan kysiarensk\u00fd box na plechy - Omega Bakery\" \/>\n<meta property=\"og:description\" content=\"Jednoduch\u00fd, \u013eahko premiestnite\u013en\u00fd box (s mo\u017enos\u0165ou koliesok). Izola\u010dn\u00e9 panely 60 mm.  Jednoduch\u00e9 ovl\u00e1danie panelom s nastaven\u00edm po\u017eadovan\u00fdch hodn\u00f4t vlhkosti a teploty.  Cirkul\u00e1cia vzduchu vo vn\u00fatri pomocou ventil\u00e1tora.  Z\u00e1\u0161upy na plechy 40 x 60 alebo 80 x 60 cm.  Pripojenie 230 V \/ 400 V  Volite\u013ene ako STOP kysiare\u0148.  Viac inform\u00e1ci\u00ed o tejto kysiarni n\u00e1jdete v prilo\u017eenom let\u00e1ku TU [...]Read More...\" \/>\n<meta property=\"og:url\" content=\"https:\/\/omega-bakery.com\/sk\/produkt\/atrepan-kysiarensky-box-na-plechy\/\" \/>\n<meta property=\"og:site_name\" content=\"Omega Bakery\" \/>\n<meta property=\"article:modified_time\" content=\"2024-10-31T10:22:03+00:00\" \/>\n<meta property=\"og:image\" content=\"http:\/\/omega-bakery.com\/sk\/wp-content\/uploads\/2021\/04\/artepan_kyn_box.png\" \/>\n\t<meta property=\"og:image:width\" content=\"533\" \/>\n\t<meta property=\"og:image:height\" content=\"700\" \/>\n<meta name=\"twitter:card\" content=\"summary_large_image\" \/>\n<script type=\"application\/ld+json\" class=\"yoast-schema-graph\">{\"@context\":\"https:\/\/schema.org\",\"@graph\":[{\"@type\":\"WebSite\",\"@id\":\"https:\/\/omega-bakery.com\/sk\/#website\",\"url\":\"https:\/\/omega-bakery.com\/sk\/\",\"name\":\"Omega Bakery\",\"description\":\"Dodavatel stroj\\u016f a za\\u0159\\u00edzen\\u00ed pro pek\\u00e1rny\",\"potentialAction\":[{\"@type\":\"SearchAction\",\"target\":{\"@type\":\"EntryPoint\",\"urlTemplate\":\"https:\/\/omega-bakery.com\/sk\/?s={search_term_string}\"},\"query-input\":\"required name=search_term_string\"}],\"inLanguage\":\"sk-SK\"},{\"@type\":\"ImageObject\",\"@id\":\"https:\/\/omega-bakery.com\/sk\/produkt\/atrepan-kysiarensky-box-na-plechy\/#primaryimage\",\"inLanguage\":\"sk-SK\",\"url\":\"https:\/\/omega-bakery.com\/sk\/wp-content\/uploads\/2021\/04\/artepan_kyn_box.png\",\"contentUrl\":\"https:\/\/omega-bakery.com\/sk\/wp-content\/uploads\/2021\/04\/artepan_kyn_box.png\",\"width\":533,\"height\":700},{\"@type\":\"WebPage\",\"@id\":\"https:\/\/omega-bakery.com\/sk\/produkt\/atrepan-kysiarensky-box-na-plechy\/#webpage\",\"url\":\"https:\/\/omega-bakery.com\/sk\/produkt\/atrepan-kysiarensky-box-na-plechy\/\",\"name\":\"Atrepan kysiarensk\\u00fd box na plechy - Omega Bakery\",\"isPartOf\":{\"@id\":\"https:\/\/omega-bakery.com\/sk\/#website\"},\"primaryImageOfPage\":{\"@id\":\"https:\/\/omega-bakery.com\/sk\/produkt\/atrepan-kysiarensky-box-na-plechy\/#primaryimage\"},\"datePublished\":\"2021-04-23T15:05:18+00:00\",\"dateModified\":\"2024-10-31T10:22:03+00:00\",\"breadcrumb\":{\"@id\":\"https:\/\/omega-bakery.com\/sk\/produkt\/atrepan-kysiarensky-box-na-plechy\/#breadcrumb\"},\"inLanguage\":\"sk-SK\",\"potentialAction\":[{\"@type\":\"ReadAction\",\"target\":[\"https:\/\/omega-bakery.com\/sk\/produkt\/atrepan-kysiarensky-box-na-plechy\/\"]}]},{\"@type\":\"BreadcrumbList\",\"@id\":\"https:\/\/omega-bakery.com\/sk\/produkt\/atrepan-kysiarensky-box-na-plechy\/#breadcrumb\",\"itemListElement\":[{\"@type\":\"ListItem\",\"position\":1,\"name\":\"Dom\\u016f\",\"item\":\"https:\/\/omega-bakery.com\/sk\/\"},{\"@type\":\"ListItem\",\"position\":2,\"name\":\"Stroje a zariadenia\",\"item\":\"https:\/\/omega-bakery.com\/sk\/stroje-a-zariadenia\/\"},{\"@type\":\"ListItem\",\"position\":3,\"name\":\"Kysiarne, kombinovan\\u00e9 kysiarne a \\u0161okov\\u00e9 chladenie\",\"item\":\"https:\/\/omega-bakery.com\/sk\/stroje-a-zarizeni\/kysiarne-kombinovane-kysiarne-a-sokove-chladenie\/\"},{\"@type\":\"ListItem\",\"position\":4,\"name\":\"Kysiarne a kombinovan\\u00e9 kysiarne\",\"item\":\"https:\/\/omega-bakery.com\/sk\/stroje-a-zarizeni\/kysiarne-kombinovane-kysiarne-a-sokove-chladenie\/kysiarne-a-kombinovane-kysiarne\/\"},{\"@type\":\"ListItem\",\"position\":5,\"name\":\"Atrepan kysiarensk\\u00fd box na plechy\"}]}]}<\/script>\n<!-- \/ Yoast SEO plugin. -->","yoast_head_json":{"title":"Atrepan kysiarensk\u00fd box na plechy - Omega Bakery","robots":{"index":"index","follow":"follow","max-snippet":"max-snippet:-1","max-image-preview":"max-image-preview:large","max-video-preview":"max-video-preview:-1"},"canonical":"https:\/\/omega-bakery.com\/sk\/produkt\/atrepan-kysiarensky-box-na-plechy\/","og_locale":"sk_SK","og_type":"article","og_title":"Atrepan kysiarensk\u00fd box na plechy - Omega Bakery","og_description":"Jednoduch\u00fd, \u013eahko premiestnite\u013en\u00fd box (s mo\u017enos\u0165ou koliesok). Izola\u010dn\u00e9 panely 60 mm.  Jednoduch\u00e9 ovl\u00e1danie panelom s nastaven\u00edm po\u017eadovan\u00fdch hodn\u00f4t vlhkosti a teploty.  Cirkul\u00e1cia vzduchu vo vn\u00fatri pomocou ventil\u00e1tora.  Z\u00e1\u0161upy na plechy 40 x 60 alebo 80 x 60 cm.  Pripojenie 230 V \/ 400 V  Volite\u013ene ako STOP kysiare\u0148.  Viac inform\u00e1ci\u00ed o tejto kysiarni n\u00e1jdete v prilo\u017eenom let\u00e1ku TU [...]Read More...","og_url":"https:\/\/omega-bakery.com\/sk\/produkt\/atrepan-kysiarensky-box-na-plechy\/","og_site_name":"Omega Bakery","article_modified_time":"2024-10-31T10:22:03+00:00","og_image":[{"width":533,"height":700,"url":"http:\/\/omega-bakery.com\/sk\/wp-content\/uploads\/2021\/04\/artepan_kyn_box.png","path":"\/data\/web\/virtuals\/278194\/virtual\/www\/domains\/omega-bakery.com\/sk\/wp-content\/uploads\/2021\/04\/artepan_kyn_box.png","size":"full","id":1251,"alt":"","pixels":373100,"type":"image\/png"}],"twitter_card":"summary_large_image","schema":{"@context":"https:\/\/schema.org","@graph":[{"@type":"WebSite","@id":"https:\/\/omega-bakery.com\/sk\/#website","url":"https:\/\/omega-bakery.com\/sk\/","name":"Omega Bakery","description":"Dodavatel stroj\u016f a za\u0159\u00edzen\u00ed pro pek\u00e1rny","potentialAction":[{"@type":"SearchAction","target":{"@type":"EntryPoint","urlTemplate":"https:\/\/omega-bakery.com\/sk\/?s={search_term_string}"},"query-input":"required name=search_term_string"}],"inLanguage":"sk-SK"},{"@type":"ImageObject","@id":"https:\/\/omega-bakery.com\/sk\/produkt\/atrepan-kysiarensky-box-na-plechy\/#primaryimage","inLanguage":"sk-SK","url":"https:\/\/omega-bakery.com\/sk\/wp-content\/uploads\/2021\/04\/artepan_kyn_box.png","contentUrl":"https:\/\/omega-bakery.com\/sk\/wp-content\/uploads\/2021\/04\/artepan_kyn_box.png","width":533,"height":700},{"@type":"WebPage","@id":"https:\/\/omega-bakery.com\/sk\/produkt\/atrepan-kysiarensky-box-na-plechy\/#webpage","url":"https:\/\/omega-bakery.com\/sk\/produkt\/atrepan-kysiarensky-box-na-plechy\/","name":"Atrepan kysiarensk\u00fd box na plechy - Omega Bakery","isPartOf":{"@id":"https:\/\/omega-bakery.com\/sk\/#website"},"primaryImageOfPage":{"@id":"https:\/\/omega-bakery.com\/sk\/produkt\/atrepan-kysiarensky-box-na-plechy\/#primaryimage"},"datePublished":"2021-04-23T15:05:18+00:00","dateModified":"2024-10-31T10:22:03+00:00","breadcrumb":{"@id":"https:\/\/omega-bakery.com\/sk\/produkt\/atrepan-kysiarensky-box-na-plechy\/#breadcrumb"},"inLanguage":"sk-SK","potentialAction":[{"@type":"ReadAction","target":["https:\/\/omega-bakery.com\/sk\/produkt\/atrepan-kysiarensky-box-na-plechy\/"]}]},{"@type":"BreadcrumbList","@id":"https:\/\/omega-bakery.com\/sk\/produkt\/atrepan-kysiarensky-box-na-plechy\/#breadcrumb","itemListElement":[{"@type":"ListItem","position":1,"name":"Dom\u016f","item":"https:\/\/omega-bakery.com\/sk\/"},{"@type":"ListItem","position":2,"name":"Stroje a zariadenia","item":"https:\/\/omega-bakery.com\/sk\/stroje-a-zariadenia\/"},{"@type":"ListItem","position":3,"name":"Kysiarne, kombinovan\u00e9 kysiarne a \u0161okov\u00e9 chladenie","item":"https:\/\/omega-bakery.com\/sk\/stroje-a-zarizeni\/kysiarne-kombinovane-kysiarne-a-sokove-chladenie\/"},{"@type":"ListItem","position":4,"name":"Kysiarne a kombinovan\u00e9 kysiarne","item":"https:\/\/omega-bakery.com\/sk\/stroje-a-zarizeni\/kysiarne-kombinovane-kysiarne-a-sokove-chladenie\/kysiarne-a-kombinovane-kysiarne\/"},{"@type":"ListItem","position":5,"name":"Atrepan kysiarensk\u00fd box na plechy"}]}]}},"_links":{"self":[{"href":"https:\/\/omega-bakery.com\/sk\/wp-json\/wp\/v2\/product\/464"}],"collection":[{"href":"https:\/\/omega-bakery.com\/sk\/wp-json\/wp\/v2\/product"}],"about":[{"href":"https:\/\/omega-bakery.com\/sk\/wp-json\/wp\/v2\/types\/product"}],"wp:featuredmedia":[{"embeddable":true,"href":"https:\/\/omega-bakery.com\/sk\/wp-json\/wp\/v2\/media\/1251"}],"wp:attachment":[{"href":"https:\/\/omega-bakery.com\/sk\/wp-json\/wp\/v2\/media?parent=464"}],"curies":[{"name":"wp","href":"https:\/\/api.w.org\/{rel}","templated":true}]}}