{"id":465,"date":"2021-04-23T17:05:33","date_gmt":"2021-04-23T15:05:33","guid":{"rendered":"http:\/\/omega-bakery.com\/sk\/?post_type=product&#038;p=465"},"modified":"2024-10-10T14:55:11","modified_gmt":"2024-10-10T12:55:11","slug":"tecnomac-easy-chill-mt-sokovy-zchlazovac-pro-voziky","status":"publish","type":"product","link":"https:\/\/omega-bakery.com\/sk\/produkt\/tecnomac-easy-chill-mt-sokovy-zchlazovac-pro-voziky\/","title":{"rendered":"Tecnomac Easy Chill MT, \u0161okov\u00fd zchlazova\u010d pro voz\u00edky"},"content":{"rendered":"","protected":false},"excerpt":{"rendered":"<p>V\u00fdkonn\u00e9 \u0161okov\u00e9 zchlazova\u010de s kapacitou 2 \u2013 8 voz\u00edk\u016f s\u00a0plechy velikosti 600 x 800 mm<\/p>\n<ul>\n<li>rychl\u00e9 \u0161okov\u00e9 zchlazov\u00e1n\u00ed<\/li>\n<li>\u0161okov\u00e9 mra\u017een\u00ed<\/li>\n<li>jednoduch\u00e9 ovl\u00e1d\u00e1n\u00ed<\/li>\n<li>vpichov\u00e1 teplotn\u00ed sonda<\/li>\n<li>ve v\u00edce velikostech<\/li>\n<li>v\u00fdkonn\u00e9 kompresory<\/li>\n<\/ul>\n<p>Viac inform\u00e1ci\u00ed o tomto produkte n\u00e1jdete v prilo\u017eenom let\u00e1ku <a href=\"http:\/\/omega-bakery.com\/sk\/wp-content\/uploads\/2021\/04\/Soker-Tecnomac-MT-0823.pdf\" target=\"_blank\" rel=\"noopener\">TU<\/a> [&#8230;]<\/p>\n<p><a class=\"btn btn-secondary understrap-read-more-link\" href=\"https:\/\/omega-bakery.com\/sk\/produkt\/tecnomac-easy-chill-mt-sokovy-zchlazovac-pro-voziky\/\">Read More&#8230;<\/a><\/p>\n","protected":false},"featured_media":2004,"template":"","meta":[],"yoast_head":"<!-- This site is optimized with the Yoast SEO plugin v17.1 - https:\/\/yoast.com\/wordpress\/plugins\/seo\/ -->\n<title>Tecnomac Easy Chill MT, \u0161okov\u00fd zchlazova\u010d pro voz\u00edky - Omega Bakery<\/title>\n<meta name=\"robots\" content=\"index, follow, max-snippet:-1, max-image-preview:large, max-video-preview:-1\" \/>\n<link rel=\"canonical\" href=\"https:\/\/omega-bakery.com\/sk\/produkt\/tecnomac-easy-chill-mt-sokovy-zchlazovac-pro-voziky\/\" \/>\n<meta property=\"og:locale\" content=\"sk_SK\" \/>\n<meta property=\"og:type\" content=\"article\" \/>\n<meta property=\"og:title\" content=\"Tecnomac Easy Chill MT, \u0161okov\u00fd zchlazova\u010d pro voz\u00edky - Omega Bakery\" \/>\n<meta property=\"og:description\" content=\"V\u00fdkonn\u00e9 \u0161okov\u00e9 zchlazova\u010de s kapacitou 2 \u2013 8 voz\u00edk\u016f s\u00a0plechy velikosti 600 x 800 mm   rychl\u00e9 \u0161okov\u00e9 zchlazov\u00e1n\u00ed  \u0161okov\u00e9 mra\u017een\u00ed  jednoduch\u00e9 ovl\u00e1d\u00e1n\u00ed  vpichov\u00e1 teplotn\u00ed sonda  ve v\u00edce velikostech  v\u00fdkonn\u00e9 kompresory  Viac inform\u00e1ci\u00ed o tomto produkte n\u00e1jdete v prilo\u017eenom let\u00e1ku TU [...]Read More...\" \/>\n<meta property=\"og:url\" content=\"https:\/\/omega-bakery.com\/sk\/produkt\/tecnomac-easy-chill-mt-sokovy-zchlazovac-pro-voziky\/\" \/>\n<meta property=\"og:site_name\" content=\"Omega Bakery\" \/>\n<meta property=\"article:modified_time\" content=\"2024-10-10T12:55:11+00:00\" \/>\n<meta property=\"og:image\" content=\"http:\/\/omega-bakery.com\/sk\/wp-content\/uploads\/2022\/07\/easy-chill-MT-1.png\" \/>\n\t<meta property=\"og:image:width\" content=\"1141\" \/>\n\t<meta property=\"og:image:height\" content=\"841\" \/>\n<meta name=\"twitter:card\" content=\"summary_large_image\" \/>\n<script type=\"application\/ld+json\" class=\"yoast-schema-graph\">{\"@context\":\"https:\/\/schema.org\",\"@graph\":[{\"@type\":\"WebSite\",\"@id\":\"https:\/\/omega-bakery.com\/sk\/#website\",\"url\":\"https:\/\/omega-bakery.com\/sk\/\",\"name\":\"Omega Bakery\",\"description\":\"Dodavatel stroj\\u016f a za\\u0159\\u00edzen\\u00ed pro pek\\u00e1rny\",\"potentialAction\":[{\"@type\":\"SearchAction\",\"target\":{\"@type\":\"EntryPoint\",\"urlTemplate\":\"https:\/\/omega-bakery.com\/sk\/?s={search_term_string}\"},\"query-input\":\"required name=search_term_string\"}],\"inLanguage\":\"sk-SK\"},{\"@type\":\"ImageObject\",\"@id\":\"https:\/\/omega-bakery.com\/sk\/produkt\/tecnomac-easy-chill-mt-sokovy-zchlazovac-pro-voziky\/#primaryimage\",\"inLanguage\":\"sk-SK\",\"url\":\"https:\/\/omega-bakery.com\/sk\/wp-content\/uploads\/2022\/07\/easy-chill-MT-1.png\",\"contentUrl\":\"https:\/\/omega-bakery.com\/sk\/wp-content\/uploads\/2022\/07\/easy-chill-MT-1.png\",\"width\":1141,\"height\":841},{\"@type\":\"WebPage\",\"@id\":\"https:\/\/omega-bakery.com\/sk\/produkt\/tecnomac-easy-chill-mt-sokovy-zchlazovac-pro-voziky\/#webpage\",\"url\":\"https:\/\/omega-bakery.com\/sk\/produkt\/tecnomac-easy-chill-mt-sokovy-zchlazovac-pro-voziky\/\",\"name\":\"Tecnomac Easy Chill MT, \\u0161okov\\u00fd zchlazova\\u010d pro voz\\u00edky - Omega Bakery\",\"isPartOf\":{\"@id\":\"https:\/\/omega-bakery.com\/sk\/#website\"},\"primaryImageOfPage\":{\"@id\":\"https:\/\/omega-bakery.com\/sk\/produkt\/tecnomac-easy-chill-mt-sokovy-zchlazovac-pro-voziky\/#primaryimage\"},\"datePublished\":\"2021-04-23T15:05:33+00:00\",\"dateModified\":\"2024-10-10T12:55:11+00:00\",\"breadcrumb\":{\"@id\":\"https:\/\/omega-bakery.com\/sk\/produkt\/tecnomac-easy-chill-mt-sokovy-zchlazovac-pro-voziky\/#breadcrumb\"},\"inLanguage\":\"sk-SK\",\"potentialAction\":[{\"@type\":\"ReadAction\",\"target\":[\"https:\/\/omega-bakery.com\/sk\/produkt\/tecnomac-easy-chill-mt-sokovy-zchlazovac-pro-voziky\/\"]}]},{\"@type\":\"BreadcrumbList\",\"@id\":\"https:\/\/omega-bakery.com\/sk\/produkt\/tecnomac-easy-chill-mt-sokovy-zchlazovac-pro-voziky\/#breadcrumb\",\"itemListElement\":[{\"@type\":\"ListItem\",\"position\":1,\"name\":\"Dom\\u016f\",\"item\":\"https:\/\/omega-bakery.com\/sk\/\"},{\"@type\":\"ListItem\",\"position\":2,\"name\":\"Stroje a zariadenia\",\"item\":\"https:\/\/omega-bakery.com\/sk\/stroje-a-zariadenia\/\"},{\"@type\":\"ListItem\",\"position\":3,\"name\":\"Kysiarne, kombinovan\\u00e9 kysiarne a \\u0161okov\\u00e9 chladenie\",\"item\":\"https:\/\/omega-bakery.com\/sk\/stroje-a-zarizeni\/kysiarne-kombinovane-kysiarne-a-sokove-chladenie\/\"},{\"@type\":\"ListItem\",\"position\":4,\"name\":\"\\u0160okov\\u00e9 chladenie\",\"item\":\"https:\/\/omega-bakery.com\/sk\/stroje-a-zarizeni\/kysiarne-kombinovane-kysiarne-a-sokove-chladenie\/sokove-chladenie\/\"},{\"@type\":\"ListItem\",\"position\":5,\"name\":\"Tecnomac Easy Chill MT, \\u0161okov\\u00fd zchlazova\\u010d pro voz\\u00edky\"}]}]}<\/script>\n<!-- \/ Yoast SEO plugin. -->","yoast_head_json":{"title":"Tecnomac Easy Chill MT, \u0161okov\u00fd zchlazova\u010d pro voz\u00edky - Omega Bakery","robots":{"index":"index","follow":"follow","max-snippet":"max-snippet:-1","max-image-preview":"max-image-preview:large","max-video-preview":"max-video-preview:-1"},"canonical":"https:\/\/omega-bakery.com\/sk\/produkt\/tecnomac-easy-chill-mt-sokovy-zchlazovac-pro-voziky\/","og_locale":"sk_SK","og_type":"article","og_title":"Tecnomac Easy Chill MT, \u0161okov\u00fd zchlazova\u010d pro voz\u00edky - Omega Bakery","og_description":"V\u00fdkonn\u00e9 \u0161okov\u00e9 zchlazova\u010de s kapacitou 2 \u2013 8 voz\u00edk\u016f s\u00a0plechy velikosti 600 x 800 mm   rychl\u00e9 \u0161okov\u00e9 zchlazov\u00e1n\u00ed  \u0161okov\u00e9 mra\u017een\u00ed  jednoduch\u00e9 ovl\u00e1d\u00e1n\u00ed  vpichov\u00e1 teplotn\u00ed sonda  ve v\u00edce velikostech  v\u00fdkonn\u00e9 kompresory  Viac inform\u00e1ci\u00ed o tomto produkte n\u00e1jdete v prilo\u017eenom let\u00e1ku TU [...]Read More...","og_url":"https:\/\/omega-bakery.com\/sk\/produkt\/tecnomac-easy-chill-mt-sokovy-zchlazovac-pro-voziky\/","og_site_name":"Omega Bakery","article_modified_time":"2024-10-10T12:55:11+00:00","og_image":[{"width":1141,"height":841,"url":"http:\/\/omega-bakery.com\/sk\/wp-content\/uploads\/2022\/07\/easy-chill-MT-1.png","path":"\/data\/web\/virtuals\/278194\/virtual\/www\/domains\/omega-bakery.com\/sk\/wp-content\/uploads\/2022\/07\/easy-chill-MT-1.png","size":"full","id":2004,"alt":"","pixels":959581,"type":"image\/png"}],"twitter_card":"summary_large_image","schema":{"@context":"https:\/\/schema.org","@graph":[{"@type":"WebSite","@id":"https:\/\/omega-bakery.com\/sk\/#website","url":"https:\/\/omega-bakery.com\/sk\/","name":"Omega Bakery","description":"Dodavatel stroj\u016f a za\u0159\u00edzen\u00ed pro pek\u00e1rny","potentialAction":[{"@type":"SearchAction","target":{"@type":"EntryPoint","urlTemplate":"https:\/\/omega-bakery.com\/sk\/?s={search_term_string}"},"query-input":"required name=search_term_string"}],"inLanguage":"sk-SK"},{"@type":"ImageObject","@id":"https:\/\/omega-bakery.com\/sk\/produkt\/tecnomac-easy-chill-mt-sokovy-zchlazovac-pro-voziky\/#primaryimage","inLanguage":"sk-SK","url":"https:\/\/omega-bakery.com\/sk\/wp-content\/uploads\/2022\/07\/easy-chill-MT-1.png","contentUrl":"https:\/\/omega-bakery.com\/sk\/wp-content\/uploads\/2022\/07\/easy-chill-MT-1.png","width":1141,"height":841},{"@type":"WebPage","@id":"https:\/\/omega-bakery.com\/sk\/produkt\/tecnomac-easy-chill-mt-sokovy-zchlazovac-pro-voziky\/#webpage","url":"https:\/\/omega-bakery.com\/sk\/produkt\/tecnomac-easy-chill-mt-sokovy-zchlazovac-pro-voziky\/","name":"Tecnomac Easy Chill MT, \u0161okov\u00fd zchlazova\u010d pro voz\u00edky - Omega Bakery","isPartOf":{"@id":"https:\/\/omega-bakery.com\/sk\/#website"},"primaryImageOfPage":{"@id":"https:\/\/omega-bakery.com\/sk\/produkt\/tecnomac-easy-chill-mt-sokovy-zchlazovac-pro-voziky\/#primaryimage"},"datePublished":"2021-04-23T15:05:33+00:00","dateModified":"2024-10-10T12:55:11+00:00","breadcrumb":{"@id":"https:\/\/omega-bakery.com\/sk\/produkt\/tecnomac-easy-chill-mt-sokovy-zchlazovac-pro-voziky\/#breadcrumb"},"inLanguage":"sk-SK","potentialAction":[{"@type":"ReadAction","target":["https:\/\/omega-bakery.com\/sk\/produkt\/tecnomac-easy-chill-mt-sokovy-zchlazovac-pro-voziky\/"]}]},{"@type":"BreadcrumbList","@id":"https:\/\/omega-bakery.com\/sk\/produkt\/tecnomac-easy-chill-mt-sokovy-zchlazovac-pro-voziky\/#breadcrumb","itemListElement":[{"@type":"ListItem","position":1,"name":"Dom\u016f","item":"https:\/\/omega-bakery.com\/sk\/"},{"@type":"ListItem","position":2,"name":"Stroje a zariadenia","item":"https:\/\/omega-bakery.com\/sk\/stroje-a-zariadenia\/"},{"@type":"ListItem","position":3,"name":"Kysiarne, kombinovan\u00e9 kysiarne a \u0161okov\u00e9 chladenie","item":"https:\/\/omega-bakery.com\/sk\/stroje-a-zarizeni\/kysiarne-kombinovane-kysiarne-a-sokove-chladenie\/"},{"@type":"ListItem","position":4,"name":"\u0160okov\u00e9 chladenie","item":"https:\/\/omega-bakery.com\/sk\/stroje-a-zarizeni\/kysiarne-kombinovane-kysiarne-a-sokove-chladenie\/sokove-chladenie\/"},{"@type":"ListItem","position":5,"name":"Tecnomac Easy Chill MT, \u0161okov\u00fd zchlazova\u010d pro voz\u00edky"}]}]}},"_links":{"self":[{"href":"https:\/\/omega-bakery.com\/sk\/wp-json\/wp\/v2\/product\/465"}],"collection":[{"href":"https:\/\/omega-bakery.com\/sk\/wp-json\/wp\/v2\/product"}],"about":[{"href":"https:\/\/omega-bakery.com\/sk\/wp-json\/wp\/v2\/types\/product"}],"wp:featuredmedia":[{"embeddable":true,"href":"https:\/\/omega-bakery.com\/sk\/wp-json\/wp\/v2\/media\/2004"}],"wp:attachment":[{"href":"https:\/\/omega-bakery.com\/sk\/wp-json\/wp\/v2\/media?parent=465"}],"curies":[{"name":"wp","href":"https:\/\/api.w.org\/{rel}","templated":true}]}}