{"id":469,"date":"2021-04-23T17:06:33","date_gmt":"2021-04-23T15:06:33","guid":{"rendered":"http:\/\/omega-bakery.com\/sk\/?post_type=product&#038;p=469"},"modified":"2022-04-08T11:16:56","modified_gmt":"2022-04-08T09:16:56","slug":"osatky-plachetky-do-osatiek-platna-na-kysnutie-francuzskych-bagiet","status":"publish","type":"product","link":"https:\/\/omega-bakery.com\/sk\/produkt\/osatky-plachetky-do-osatiek-platna-na-kysnutie-francuzskych-bagiet\/","title":{"rendered":"O\u0161atky, plachetky do o\u0161atiek, pl\u00e1tna na kysnutie franc\u00fazskych bagiet"},"content":{"rendered":"","protected":false},"excerpt":{"rendered":"<p>Pedigov\u00e9 alebo plastov\u00e9 o\u0161atky ov\u00e1lne i okr\u00fahle v\u0161etk\u00fdch ve\u013ekost\u00ed.<\/p>\n<p>K o\u0161atk\u00e1m i plachetky.<\/p>\n<p>Pl\u00e1tna na kysnutie franc\u00fazskych bagiet.<\/p>\n<p>Viac inform\u00e1ci\u00ed z\u00edskate na centr\u00e1le Omegy u n\u00e1\u0161ho obchodn\u00e9ho z\u00e1stupcu<\/p>\n<p>V\u0161eobecn\u00e9 inform\u00e1cie o plachetk\u00e1ch <a href=\"http:\/\/omega-bakery.com\/sk\/wp-content\/uploads\/2021\/04\/osatky-a-plachetky-do-osatek-platna-pro-fr.-bagety-0321.pdf\" target=\"_blank\" rel=\"noopener\">TU<\/a> [&#8230;]<\/p>\n<p><a class=\"btn btn-secondary understrap-read-more-link\" href=\"https:\/\/omega-bakery.com\/sk\/produkt\/osatky-plachetky-do-osatiek-platna-na-kysnutie-francuzskych-bagiet\/\">Read More&#8230;<\/a><\/p>\n","protected":false},"featured_media":1179,"template":"","meta":[],"yoast_head":"<!-- This site is optimized with the Yoast SEO plugin v17.1 - https:\/\/yoast.com\/wordpress\/plugins\/seo\/ -->\n<title>O\u0161atky, plachetky do o\u0161atiek, pl\u00e1tna na kysnutie franc\u00fazskych bagiet - Omega Bakery<\/title>\n<meta name=\"robots\" content=\"index, follow, max-snippet:-1, max-image-preview:large, max-video-preview:-1\" \/>\n<link rel=\"canonical\" href=\"https:\/\/omega-bakery.com\/sk\/produkt\/osatky-plachetky-do-osatiek-platna-na-kysnutie-francuzskych-bagiet\/\" \/>\n<meta property=\"og:locale\" content=\"sk_SK\" \/>\n<meta property=\"og:type\" content=\"article\" \/>\n<meta property=\"og:title\" content=\"O\u0161atky, plachetky do o\u0161atiek, pl\u00e1tna na kysnutie franc\u00fazskych bagiet - Omega Bakery\" \/>\n<meta property=\"og:description\" content=\"Pedigov\u00e9 alebo plastov\u00e9 o\u0161atky ov\u00e1lne i okr\u00fahle v\u0161etk\u00fdch ve\u013ekost\u00ed.  K o\u0161atk\u00e1m i plachetky.  Pl\u00e1tna na kysnutie franc\u00fazskych bagiet.  Viac inform\u00e1ci\u00ed z\u00edskate na centr\u00e1le Omegy u n\u00e1\u0161ho obchodn\u00e9ho z\u00e1stupcu  V\u0161eobecn\u00e9 inform\u00e1cie o plachetk\u00e1ch TU [...]Read More...\" \/>\n<meta property=\"og:url\" content=\"https:\/\/omega-bakery.com\/sk\/produkt\/osatky-plachetky-do-osatiek-platna-na-kysnutie-francuzskych-bagiet\/\" \/>\n<meta property=\"og:site_name\" content=\"Omega Bakery\" \/>\n<meta property=\"article:modified_time\" content=\"2022-04-08T09:16:56+00:00\" \/>\n<meta property=\"og:image\" content=\"http:\/\/omega-bakery.com\/sk\/wp-content\/uploads\/2021\/04\/osatky-kompl.jpg\" \/>\n\t<meta property=\"og:image:width\" content=\"1000\" \/>\n\t<meta property=\"og:image:height\" content=\"750\" \/>\n<meta name=\"twitter:card\" content=\"summary_large_image\" \/>\n<script type=\"application\/ld+json\" class=\"yoast-schema-graph\">{\"@context\":\"https:\/\/schema.org\",\"@graph\":[{\"@type\":\"WebSite\",\"@id\":\"https:\/\/omega-bakery.com\/sk\/#website\",\"url\":\"https:\/\/omega-bakery.com\/sk\/\",\"name\":\"Omega Bakery\",\"description\":\"Dodavatel stroj\\u016f a za\\u0159\\u00edzen\\u00ed pro pek\\u00e1rny\",\"potentialAction\":[{\"@type\":\"SearchAction\",\"target\":{\"@type\":\"EntryPoint\",\"urlTemplate\":\"https:\/\/omega-bakery.com\/sk\/?s={search_term_string}\"},\"query-input\":\"required name=search_term_string\"}],\"inLanguage\":\"sk-SK\"},{\"@type\":\"ImageObject\",\"@id\":\"https:\/\/omega-bakery.com\/sk\/produkt\/osatky-plachetky-do-osatiek-platna-na-kysnutie-francuzskych-bagiet\/#primaryimage\",\"inLanguage\":\"sk-SK\",\"url\":\"https:\/\/omega-bakery.com\/sk\/wp-content\/uploads\/2021\/04\/osatky-kompl.jpg\",\"contentUrl\":\"https:\/\/omega-bakery.com\/sk\/wp-content\/uploads\/2021\/04\/osatky-kompl.jpg\",\"width\":1000,\"height\":750},{\"@type\":\"WebPage\",\"@id\":\"https:\/\/omega-bakery.com\/sk\/produkt\/osatky-plachetky-do-osatiek-platna-na-kysnutie-francuzskych-bagiet\/#webpage\",\"url\":\"https:\/\/omega-bakery.com\/sk\/produkt\/osatky-plachetky-do-osatiek-platna-na-kysnutie-francuzskych-bagiet\/\",\"name\":\"O\\u0161atky, plachetky do o\\u0161atiek, pl\\u00e1tna na kysnutie franc\\u00fazskych bagiet - Omega Bakery\",\"isPartOf\":{\"@id\":\"https:\/\/omega-bakery.com\/sk\/#website\"},\"primaryImageOfPage\":{\"@id\":\"https:\/\/omega-bakery.com\/sk\/produkt\/osatky-plachetky-do-osatiek-platna-na-kysnutie-francuzskych-bagiet\/#primaryimage\"},\"datePublished\":\"2021-04-23T15:06:33+00:00\",\"dateModified\":\"2022-04-08T09:16:56+00:00\",\"breadcrumb\":{\"@id\":\"https:\/\/omega-bakery.com\/sk\/produkt\/osatky-plachetky-do-osatiek-platna-na-kysnutie-francuzskych-bagiet\/#breadcrumb\"},\"inLanguage\":\"sk-SK\",\"potentialAction\":[{\"@type\":\"ReadAction\",\"target\":[\"https:\/\/omega-bakery.com\/sk\/produkt\/osatky-plachetky-do-osatiek-platna-na-kysnutie-francuzskych-bagiet\/\"]}]},{\"@type\":\"BreadcrumbList\",\"@id\":\"https:\/\/omega-bakery.com\/sk\/produkt\/osatky-plachetky-do-osatiek-platna-na-kysnutie-francuzskych-bagiet\/#breadcrumb\",\"itemListElement\":[{\"@type\":\"ListItem\",\"position\":1,\"name\":\"Dom\\u016f\",\"item\":\"https:\/\/omega-bakery.com\/sk\/\"},{\"@type\":\"ListItem\",\"position\":2,\"name\":\"Stroje a zariadenia\",\"item\":\"https:\/\/omega-bakery.com\/sk\/stroje-a-zariadenia\/\"},{\"@type\":\"ListItem\",\"position\":3,\"name\":\"Doplnky\",\"item\":\"http:\/\/omega-bakery.com\/sk\/stroje-a-zarizeni\/doplnky\/\"},{\"@type\":\"ListItem\",\"position\":4,\"name\":\"Klipovacie p\\u00e1sky, oleje, o\\u0161atky, plachetky, potahy na voz\\u00edky\",\"item\":\"https:\/\/omega-bakery.com\/sk\/stroje-a-zarizeni\/doplnky\/kllipovacie-pasky-oleje-osatky-plachetky-potahy-na-voziky\/\"},{\"@type\":\"ListItem\",\"position\":5,\"name\":\"O\\u0161atky, plachetky do o\\u0161atiek, pl\\u00e1tna na kysnutie franc\\u00fazskych bagiet\"}]}]}<\/script>\n<!-- \/ Yoast SEO plugin. -->","yoast_head_json":{"title":"O\u0161atky, plachetky do o\u0161atiek, pl\u00e1tna na kysnutie franc\u00fazskych bagiet - Omega Bakery","robots":{"index":"index","follow":"follow","max-snippet":"max-snippet:-1","max-image-preview":"max-image-preview:large","max-video-preview":"max-video-preview:-1"},"canonical":"https:\/\/omega-bakery.com\/sk\/produkt\/osatky-plachetky-do-osatiek-platna-na-kysnutie-francuzskych-bagiet\/","og_locale":"sk_SK","og_type":"article","og_title":"O\u0161atky, plachetky do o\u0161atiek, pl\u00e1tna na kysnutie franc\u00fazskych bagiet - Omega Bakery","og_description":"Pedigov\u00e9 alebo plastov\u00e9 o\u0161atky ov\u00e1lne i okr\u00fahle v\u0161etk\u00fdch ve\u013ekost\u00ed.  K o\u0161atk\u00e1m i plachetky.  Pl\u00e1tna na kysnutie franc\u00fazskych bagiet.  Viac inform\u00e1ci\u00ed z\u00edskate na centr\u00e1le Omegy u n\u00e1\u0161ho obchodn\u00e9ho z\u00e1stupcu  V\u0161eobecn\u00e9 inform\u00e1cie o plachetk\u00e1ch TU [...]Read More...","og_url":"https:\/\/omega-bakery.com\/sk\/produkt\/osatky-plachetky-do-osatiek-platna-na-kysnutie-francuzskych-bagiet\/","og_site_name":"Omega Bakery","article_modified_time":"2022-04-08T09:16:56+00:00","og_image":[{"width":1000,"height":750,"url":"http:\/\/omega-bakery.com\/sk\/wp-content\/uploads\/2021\/04\/osatky-kompl.jpg","path":"\/data\/web\/virtuals\/278194\/virtual\/www\/domains\/omega-bakery.com\/sk\/wp-content\/uploads\/2021\/04\/osatky-kompl.jpg","size":"full","id":1179,"alt":"","pixels":750000,"type":"image\/jpeg"}],"twitter_card":"summary_large_image","schema":{"@context":"https:\/\/schema.org","@graph":[{"@type":"WebSite","@id":"https:\/\/omega-bakery.com\/sk\/#website","url":"https:\/\/omega-bakery.com\/sk\/","name":"Omega Bakery","description":"Dodavatel stroj\u016f a za\u0159\u00edzen\u00ed pro pek\u00e1rny","potentialAction":[{"@type":"SearchAction","target":{"@type":"EntryPoint","urlTemplate":"https:\/\/omega-bakery.com\/sk\/?s={search_term_string}"},"query-input":"required name=search_term_string"}],"inLanguage":"sk-SK"},{"@type":"ImageObject","@id":"https:\/\/omega-bakery.com\/sk\/produkt\/osatky-plachetky-do-osatiek-platna-na-kysnutie-francuzskych-bagiet\/#primaryimage","inLanguage":"sk-SK","url":"https:\/\/omega-bakery.com\/sk\/wp-content\/uploads\/2021\/04\/osatky-kompl.jpg","contentUrl":"https:\/\/omega-bakery.com\/sk\/wp-content\/uploads\/2021\/04\/osatky-kompl.jpg","width":1000,"height":750},{"@type":"WebPage","@id":"https:\/\/omega-bakery.com\/sk\/produkt\/osatky-plachetky-do-osatiek-platna-na-kysnutie-francuzskych-bagiet\/#webpage","url":"https:\/\/omega-bakery.com\/sk\/produkt\/osatky-plachetky-do-osatiek-platna-na-kysnutie-francuzskych-bagiet\/","name":"O\u0161atky, plachetky do o\u0161atiek, pl\u00e1tna na kysnutie franc\u00fazskych bagiet - Omega Bakery","isPartOf":{"@id":"https:\/\/omega-bakery.com\/sk\/#website"},"primaryImageOfPage":{"@id":"https:\/\/omega-bakery.com\/sk\/produkt\/osatky-plachetky-do-osatiek-platna-na-kysnutie-francuzskych-bagiet\/#primaryimage"},"datePublished":"2021-04-23T15:06:33+00:00","dateModified":"2022-04-08T09:16:56+00:00","breadcrumb":{"@id":"https:\/\/omega-bakery.com\/sk\/produkt\/osatky-plachetky-do-osatiek-platna-na-kysnutie-francuzskych-bagiet\/#breadcrumb"},"inLanguage":"sk-SK","potentialAction":[{"@type":"ReadAction","target":["https:\/\/omega-bakery.com\/sk\/produkt\/osatky-plachetky-do-osatiek-platna-na-kysnutie-francuzskych-bagiet\/"]}]},{"@type":"BreadcrumbList","@id":"https:\/\/omega-bakery.com\/sk\/produkt\/osatky-plachetky-do-osatiek-platna-na-kysnutie-francuzskych-bagiet\/#breadcrumb","itemListElement":[{"@type":"ListItem","position":1,"name":"Dom\u016f","item":"https:\/\/omega-bakery.com\/sk\/"},{"@type":"ListItem","position":2,"name":"Stroje a zariadenia","item":"https:\/\/omega-bakery.com\/sk\/stroje-a-zariadenia\/"},{"@type":"ListItem","position":3,"name":"Doplnky","item":"http:\/\/omega-bakery.com\/sk\/stroje-a-zarizeni\/doplnky\/"},{"@type":"ListItem","position":4,"name":"Klipovacie p\u00e1sky, oleje, o\u0161atky, plachetky, potahy na voz\u00edky","item":"https:\/\/omega-bakery.com\/sk\/stroje-a-zarizeni\/doplnky\/kllipovacie-pasky-oleje-osatky-plachetky-potahy-na-voziky\/"},{"@type":"ListItem","position":5,"name":"O\u0161atky, plachetky do o\u0161atiek, pl\u00e1tna na kysnutie franc\u00fazskych bagiet"}]}]}},"_links":{"self":[{"href":"https:\/\/omega-bakery.com\/sk\/wp-json\/wp\/v2\/product\/469"}],"collection":[{"href":"https:\/\/omega-bakery.com\/sk\/wp-json\/wp\/v2\/product"}],"about":[{"href":"https:\/\/omega-bakery.com\/sk\/wp-json\/wp\/v2\/types\/product"}],"wp:featuredmedia":[{"embeddable":true,"href":"https:\/\/omega-bakery.com\/sk\/wp-json\/wp\/v2\/media\/1179"}],"wp:attachment":[{"href":"https:\/\/omega-bakery.com\/sk\/wp-json\/wp\/v2\/media?parent=469"}],"curies":[{"name":"wp","href":"https:\/\/api.w.org\/{rel}","templated":true}]}}