{"id":472,"date":"2021-04-23T17:06:51","date_gmt":"2021-04-23T15:06:51","guid":{"rendered":"http:\/\/omega-bakery.com\/sk\/?post_type=product&#038;p=472"},"modified":"2021-11-04T14:18:39","modified_gmt":"2021-11-04T12:18:39","slug":"oleje","status":"publish","type":"product","link":"https:\/\/omega-bakery.com\/sk\/produkt\/oleje\/","title":{"rendered":"Oleje"},"content":{"rendered":"","protected":false},"excerpt":{"rendered":"<p>Oleje od firiem Senna \u2013 balenie po 10 L,<\/p>\n<p>alebo D\u00fcbor \u2013 balenie po 15 L.<\/p>\n<p>Ur\u010den\u00e9 pod\u013ea druhu oleja na:<\/p>\n<ul>\n<li>mazanie pe\u010dn\u00fdch plechov<\/li>\n<li>mazanie piestov v deli\u010dk\u00e1ch cesta<\/li>\n<li>mazanie no\u017eov v reza\u010dk\u00e1ch chleba<\/li>\n<\/ul>\n<p>Viac inform\u00e1ci\u00ed na centr\u00e1le firmy Omega u obchodn\u00e9ho z\u00e1stupcu. [&#8230;]<\/p>\n<p><a class=\"btn btn-secondary understrap-read-more-link\" href=\"https:\/\/omega-bakery.com\/sk\/produkt\/oleje\/\">Read More&#8230;<\/a><\/p>\n","protected":false},"featured_media":1912,"template":"","meta":[],"yoast_head":"<!-- This site is optimized with the Yoast SEO plugin v17.1 - https:\/\/yoast.com\/wordpress\/plugins\/seo\/ -->\n<title>Oleje - Omega Bakery<\/title>\n<meta name=\"robots\" content=\"index, follow, max-snippet:-1, max-image-preview:large, max-video-preview:-1\" \/>\n<link rel=\"canonical\" href=\"https:\/\/omega-bakery.com\/sk\/produkt\/oleje\/\" \/>\n<meta property=\"og:locale\" content=\"sk_SK\" \/>\n<meta property=\"og:type\" content=\"article\" \/>\n<meta property=\"og:title\" content=\"Oleje - Omega Bakery\" \/>\n<meta property=\"og:description\" content=\"Oleje od firiem Senna \u2013 balenie po 10 L,  alebo D\u00fcbor \u2013 balenie po 15 L.  Ur\u010den\u00e9 pod\u013ea druhu oleja na:   mazanie pe\u010dn\u00fdch plechov  mazanie piestov v deli\u010dk\u00e1ch cesta  mazanie no\u017eov v reza\u010dk\u00e1ch chleba  Viac inform\u00e1ci\u00ed na centr\u00e1le firmy Omega u obchodn\u00e9ho z\u00e1stupcu. [...]Read More...\" \/>\n<meta property=\"og:url\" content=\"https:\/\/omega-bakery.com\/sk\/produkt\/oleje\/\" \/>\n<meta property=\"og:site_name\" content=\"Omega Bakery\" \/>\n<meta property=\"article:modified_time\" content=\"2021-11-04T12:18:39+00:00\" \/>\n<meta property=\"og:image\" content=\"http:\/\/omega-bakery.com\/sk\/wp-content\/uploads\/2021\/04\/Dubor-PR-100-c.jpg\" \/>\n\t<meta property=\"og:image:width\" content=\"471\" \/>\n\t<meta property=\"og:image:height\" content=\"700\" \/>\n<meta name=\"twitter:card\" content=\"summary_large_image\" \/>\n<script type=\"application\/ld+json\" class=\"yoast-schema-graph\">{\"@context\":\"https:\/\/schema.org\",\"@graph\":[{\"@type\":\"WebSite\",\"@id\":\"https:\/\/omega-bakery.com\/sk\/#website\",\"url\":\"https:\/\/omega-bakery.com\/sk\/\",\"name\":\"Omega Bakery\",\"description\":\"Dodavatel stroj\\u016f a za\\u0159\\u00edzen\\u00ed pro pek\\u00e1rny\",\"potentialAction\":[{\"@type\":\"SearchAction\",\"target\":{\"@type\":\"EntryPoint\",\"urlTemplate\":\"https:\/\/omega-bakery.com\/sk\/?s={search_term_string}\"},\"query-input\":\"required name=search_term_string\"}],\"inLanguage\":\"sk-SK\"},{\"@type\":\"ImageObject\",\"@id\":\"https:\/\/omega-bakery.com\/sk\/produkt\/oleje\/#primaryimage\",\"inLanguage\":\"sk-SK\",\"url\":\"https:\/\/omega-bakery.com\/sk\/wp-content\/uploads\/2021\/04\/Dubor-PR-100-c.jpg\",\"contentUrl\":\"https:\/\/omega-bakery.com\/sk\/wp-content\/uploads\/2021\/04\/Dubor-PR-100-c.jpg\",\"width\":471,\"height\":700},{\"@type\":\"WebPage\",\"@id\":\"https:\/\/omega-bakery.com\/sk\/produkt\/oleje\/#webpage\",\"url\":\"https:\/\/omega-bakery.com\/sk\/produkt\/oleje\/\",\"name\":\"Oleje - Omega Bakery\",\"isPartOf\":{\"@id\":\"https:\/\/omega-bakery.com\/sk\/#website\"},\"primaryImageOfPage\":{\"@id\":\"https:\/\/omega-bakery.com\/sk\/produkt\/oleje\/#primaryimage\"},\"datePublished\":\"2021-04-23T15:06:51+00:00\",\"dateModified\":\"2021-11-04T12:18:39+00:00\",\"breadcrumb\":{\"@id\":\"https:\/\/omega-bakery.com\/sk\/produkt\/oleje\/#breadcrumb\"},\"inLanguage\":\"sk-SK\",\"potentialAction\":[{\"@type\":\"ReadAction\",\"target\":[\"https:\/\/omega-bakery.com\/sk\/produkt\/oleje\/\"]}]},{\"@type\":\"BreadcrumbList\",\"@id\":\"https:\/\/omega-bakery.com\/sk\/produkt\/oleje\/#breadcrumb\",\"itemListElement\":[{\"@type\":\"ListItem\",\"position\":1,\"name\":\"Dom\\u016f\",\"item\":\"https:\/\/omega-bakery.com\/sk\/\"},{\"@type\":\"ListItem\",\"position\":2,\"name\":\"Stroje a zariadenia\",\"item\":\"https:\/\/omega-bakery.com\/sk\/stroje-a-zariadenia\/\"},{\"@type\":\"ListItem\",\"position\":3,\"name\":\"Doplnky\",\"item\":\"http:\/\/omega-bakery.com\/sk\/stroje-a-zarizeni\/doplnky\/\"},{\"@type\":\"ListItem\",\"position\":4,\"name\":\"Klipovacie p\\u00e1sky, oleje, o\\u0161atky, plachetky, potahy na voz\\u00edky\",\"item\":\"https:\/\/omega-bakery.com\/sk\/stroje-a-zarizeni\/doplnky\/kllipovacie-pasky-oleje-osatky-plachetky-potahy-na-voziky\/\"},{\"@type\":\"ListItem\",\"position\":5,\"name\":\"Oleje\"}]}]}<\/script>\n<!-- \/ Yoast SEO plugin. -->","yoast_head_json":{"title":"Oleje - Omega Bakery","robots":{"index":"index","follow":"follow","max-snippet":"max-snippet:-1","max-image-preview":"max-image-preview:large","max-video-preview":"max-video-preview:-1"},"canonical":"https:\/\/omega-bakery.com\/sk\/produkt\/oleje\/","og_locale":"sk_SK","og_type":"article","og_title":"Oleje - Omega Bakery","og_description":"Oleje od firiem Senna \u2013 balenie po 10 L,  alebo D\u00fcbor \u2013 balenie po 15 L.  Ur\u010den\u00e9 pod\u013ea druhu oleja na:   mazanie pe\u010dn\u00fdch plechov  mazanie piestov v deli\u010dk\u00e1ch cesta  mazanie no\u017eov v reza\u010dk\u00e1ch chleba  Viac inform\u00e1ci\u00ed na centr\u00e1le firmy Omega u obchodn\u00e9ho z\u00e1stupcu. [...]Read More...","og_url":"https:\/\/omega-bakery.com\/sk\/produkt\/oleje\/","og_site_name":"Omega Bakery","article_modified_time":"2021-11-04T12:18:39+00:00","og_image":[{"width":471,"height":700,"url":"http:\/\/omega-bakery.com\/sk\/wp-content\/uploads\/2021\/04\/Dubor-PR-100-c.jpg","path":"\/data\/web\/virtuals\/278194\/virtual\/www\/domains\/omega-bakery.com\/sk\/wp-content\/uploads\/2021\/04\/Dubor-PR-100-c.jpg","size":"full","id":1912,"alt":"","pixels":329700,"type":"image\/jpeg"}],"twitter_card":"summary_large_image","schema":{"@context":"https:\/\/schema.org","@graph":[{"@type":"WebSite","@id":"https:\/\/omega-bakery.com\/sk\/#website","url":"https:\/\/omega-bakery.com\/sk\/","name":"Omega Bakery","description":"Dodavatel stroj\u016f a za\u0159\u00edzen\u00ed pro pek\u00e1rny","potentialAction":[{"@type":"SearchAction","target":{"@type":"EntryPoint","urlTemplate":"https:\/\/omega-bakery.com\/sk\/?s={search_term_string}"},"query-input":"required name=search_term_string"}],"inLanguage":"sk-SK"},{"@type":"ImageObject","@id":"https:\/\/omega-bakery.com\/sk\/produkt\/oleje\/#primaryimage","inLanguage":"sk-SK","url":"https:\/\/omega-bakery.com\/sk\/wp-content\/uploads\/2021\/04\/Dubor-PR-100-c.jpg","contentUrl":"https:\/\/omega-bakery.com\/sk\/wp-content\/uploads\/2021\/04\/Dubor-PR-100-c.jpg","width":471,"height":700},{"@type":"WebPage","@id":"https:\/\/omega-bakery.com\/sk\/produkt\/oleje\/#webpage","url":"https:\/\/omega-bakery.com\/sk\/produkt\/oleje\/","name":"Oleje - Omega Bakery","isPartOf":{"@id":"https:\/\/omega-bakery.com\/sk\/#website"},"primaryImageOfPage":{"@id":"https:\/\/omega-bakery.com\/sk\/produkt\/oleje\/#primaryimage"},"datePublished":"2021-04-23T15:06:51+00:00","dateModified":"2021-11-04T12:18:39+00:00","breadcrumb":{"@id":"https:\/\/omega-bakery.com\/sk\/produkt\/oleje\/#breadcrumb"},"inLanguage":"sk-SK","potentialAction":[{"@type":"ReadAction","target":["https:\/\/omega-bakery.com\/sk\/produkt\/oleje\/"]}]},{"@type":"BreadcrumbList","@id":"https:\/\/omega-bakery.com\/sk\/produkt\/oleje\/#breadcrumb","itemListElement":[{"@type":"ListItem","position":1,"name":"Dom\u016f","item":"https:\/\/omega-bakery.com\/sk\/"},{"@type":"ListItem","position":2,"name":"Stroje a zariadenia","item":"https:\/\/omega-bakery.com\/sk\/stroje-a-zariadenia\/"},{"@type":"ListItem","position":3,"name":"Doplnky","item":"http:\/\/omega-bakery.com\/sk\/stroje-a-zarizeni\/doplnky\/"},{"@type":"ListItem","position":4,"name":"Klipovacie p\u00e1sky, oleje, o\u0161atky, plachetky, potahy na voz\u00edky","item":"https:\/\/omega-bakery.com\/sk\/stroje-a-zarizeni\/doplnky\/kllipovacie-pasky-oleje-osatky-plachetky-potahy-na-voziky\/"},{"@type":"ListItem","position":5,"name":"Oleje"}]}]}},"_links":{"self":[{"href":"https:\/\/omega-bakery.com\/sk\/wp-json\/wp\/v2\/product\/472"}],"collection":[{"href":"https:\/\/omega-bakery.com\/sk\/wp-json\/wp\/v2\/product"}],"about":[{"href":"https:\/\/omega-bakery.com\/sk\/wp-json\/wp\/v2\/types\/product"}],"wp:featuredmedia":[{"embeddable":true,"href":"https:\/\/omega-bakery.com\/sk\/wp-json\/wp\/v2\/media\/1912"}],"wp:attachment":[{"href":"https:\/\/omega-bakery.com\/sk\/wp-json\/wp\/v2\/media?parent=472"}],"curies":[{"name":"wp","href":"https:\/\/api.w.org\/{rel}","templated":true}]}}