{"id":978,"date":"2021-05-24T20:00:28","date_gmt":"2021-05-24T18:00:28","guid":{"rendered":"http:\/\/omega-bakery.com\/sk\/?post_type=product&#038;p=978"},"modified":"2024-10-31T14:24:19","modified_gmt":"2024-10-31T12:24:19","slug":"ipeka-vynasaci-dopravnik-a-otocny-odoberaci-stol","status":"publish","type":"product","link":"https:\/\/omega-bakery.com\/sk\/produkt\/ipeka-vynasaci-dopravnik-a-otocny-odoberaci-stol\/","title":{"rendered":"Ipeka vyn\u00e1\u0161ac\u00ed dopravn\u00edk a oto\u010dn\u00fd odoberac\u00ed st\u00f4l"},"content":{"rendered":"","protected":false},"excerpt":{"rendered":"<p>Vyn\u00e1\u0161ac\u00ed dopravn\u00edk a oto\u010dn\u00fd st\u00f4l pre jednoduch\u0161ie odoberanie zabalen\u00fdch v\u00fdrobkov od klipovac\u00edch strojov.<\/p>\n<p>Viac inform\u00e1ci\u00ed o t\u00fdchto produktoch n\u00e1jdete v prilo\u017eenom let\u00e1ku <a href=\"http:\/\/omega-bakery.com\/sk\/wp-content\/uploads\/2021\/05\/Ipeka-dopravnik-a-otoc.-stul-0823.pdf\" target=\"_blank\" rel=\"noopener\">TU<\/a> [&#8230;]<\/p>\n<p><a class=\"btn btn-secondary understrap-read-more-link\" href=\"https:\/\/omega-bakery.com\/sk\/produkt\/ipeka-vynasaci-dopravnik-a-otocny-odoberaci-stol\/\">Read More&#8230;<\/a><\/p>\n","protected":false},"featured_media":981,"template":"","meta":[],"yoast_head":"<!-- This site is optimized with the Yoast SEO plugin v17.1 - https:\/\/yoast.com\/wordpress\/plugins\/seo\/ -->\n<title>Ipeka vyn\u00e1\u0161ac\u00ed dopravn\u00edk a oto\u010dn\u00fd odoberac\u00ed st\u00f4l - Omega Bakery<\/title>\n<meta name=\"robots\" content=\"index, follow, max-snippet:-1, max-image-preview:large, max-video-preview:-1\" \/>\n<link rel=\"canonical\" href=\"https:\/\/omega-bakery.com\/sk\/produkt\/ipeka-vynasaci-dopravnik-a-otocny-odoberaci-stol\/\" \/>\n<meta property=\"og:locale\" content=\"sk_SK\" \/>\n<meta property=\"og:type\" content=\"article\" \/>\n<meta property=\"og:title\" content=\"Ipeka vyn\u00e1\u0161ac\u00ed dopravn\u00edk a oto\u010dn\u00fd odoberac\u00ed st\u00f4l - Omega Bakery\" \/>\n<meta property=\"og:description\" content=\"Vyn\u00e1\u0161ac\u00ed dopravn\u00edk a oto\u010dn\u00fd st\u00f4l pre jednoduch\u0161ie odoberanie zabalen\u00fdch v\u00fdrobkov od klipovac\u00edch strojov.  Viac inform\u00e1ci\u00ed o t\u00fdchto produktoch n\u00e1jdete v prilo\u017eenom let\u00e1ku TU [...]Read More...\" \/>\n<meta property=\"og:url\" content=\"https:\/\/omega-bakery.com\/sk\/produkt\/ipeka-vynasaci-dopravnik-a-otocny-odoberaci-stol\/\" \/>\n<meta property=\"og:site_name\" content=\"Omega Bakery\" \/>\n<meta property=\"article:modified_time\" content=\"2024-10-31T12:24:19+00:00\" \/>\n<meta property=\"og:image\" content=\"http:\/\/omega-bakery.com\/sk\/wp-content\/uploads\/2021\/05\/Ipeka-vyna\u0301s\u030ceci\u0301-dopravni\u0301k-a-otoc\u030cny\u0301-odebi\u0301raci\u0301-stu\u030al-1.png\" \/>\n\t<meta property=\"og:image:width\" content=\"533\" \/>\n\t<meta property=\"og:image:height\" content=\"700\" \/>\n<meta name=\"twitter:card\" content=\"summary_large_image\" \/>\n<script type=\"application\/ld+json\" class=\"yoast-schema-graph\">{\"@context\":\"https:\/\/schema.org\",\"@graph\":[{\"@type\":\"WebSite\",\"@id\":\"https:\/\/omega-bakery.com\/sk\/#website\",\"url\":\"https:\/\/omega-bakery.com\/sk\/\",\"name\":\"Omega Bakery\",\"description\":\"Dodavatel stroj\\u016f a za\\u0159\\u00edzen\\u00ed pro pek\\u00e1rny\",\"potentialAction\":[{\"@type\":\"SearchAction\",\"target\":{\"@type\":\"EntryPoint\",\"urlTemplate\":\"https:\/\/omega-bakery.com\/sk\/?s={search_term_string}\"},\"query-input\":\"required name=search_term_string\"}],\"inLanguage\":\"sk-SK\"},{\"@type\":\"ImageObject\",\"@id\":\"https:\/\/omega-bakery.com\/sk\/produkt\/ipeka-vynasaci-dopravnik-a-otocny-odoberaci-stol\/#primaryimage\",\"inLanguage\":\"sk-SK\",\"url\":\"https:\/\/omega-bakery.com\/sk\/wp-content\/uploads\/2021\/05\/Ipeka-vyna\\u0301s\\u030ceci\\u0301-dopravni\\u0301k-a-otoc\\u030cny\\u0301-odebi\\u0301raci\\u0301-stu\\u030al-1.png\",\"contentUrl\":\"https:\/\/omega-bakery.com\/sk\/wp-content\/uploads\/2021\/05\/Ipeka-vyna\\u0301s\\u030ceci\\u0301-dopravni\\u0301k-a-otoc\\u030cny\\u0301-odebi\\u0301raci\\u0301-stu\\u030al-1.png\",\"width\":533,\"height\":700},{\"@type\":\"WebPage\",\"@id\":\"https:\/\/omega-bakery.com\/sk\/produkt\/ipeka-vynasaci-dopravnik-a-otocny-odoberaci-stol\/#webpage\",\"url\":\"https:\/\/omega-bakery.com\/sk\/produkt\/ipeka-vynasaci-dopravnik-a-otocny-odoberaci-stol\/\",\"name\":\"Ipeka vyn\\u00e1\\u0161ac\\u00ed dopravn\\u00edk a oto\\u010dn\\u00fd odoberac\\u00ed st\\u00f4l - Omega Bakery\",\"isPartOf\":{\"@id\":\"https:\/\/omega-bakery.com\/sk\/#website\"},\"primaryImageOfPage\":{\"@id\":\"https:\/\/omega-bakery.com\/sk\/produkt\/ipeka-vynasaci-dopravnik-a-otocny-odoberaci-stol\/#primaryimage\"},\"datePublished\":\"2021-05-24T18:00:28+00:00\",\"dateModified\":\"2024-10-31T12:24:19+00:00\",\"breadcrumb\":{\"@id\":\"https:\/\/omega-bakery.com\/sk\/produkt\/ipeka-vynasaci-dopravnik-a-otocny-odoberaci-stol\/#breadcrumb\"},\"inLanguage\":\"sk-SK\",\"potentialAction\":[{\"@type\":\"ReadAction\",\"target\":[\"https:\/\/omega-bakery.com\/sk\/produkt\/ipeka-vynasaci-dopravnik-a-otocny-odoberaci-stol\/\"]}]},{\"@type\":\"BreadcrumbList\",\"@id\":\"https:\/\/omega-bakery.com\/sk\/produkt\/ipeka-vynasaci-dopravnik-a-otocny-odoberaci-stol\/#breadcrumb\",\"itemListElement\":[{\"@type\":\"ListItem\",\"position\":1,\"name\":\"Dom\\u016f\",\"item\":\"https:\/\/omega-bakery.com\/sk\/\"},{\"@type\":\"ListItem\",\"position\":2,\"name\":\"Stroje a zariadenia\",\"item\":\"https:\/\/omega-bakery.com\/sk\/stroje-a-zariadenia\/\"},{\"@type\":\"ListItem\",\"position\":3,\"name\":\"Rezacie a baliace stroje\",\"item\":\"https:\/\/omega-bakery.com\/sk\/stroje-a-zarizeni\/rezacie-a-baliace-stroje\/\"},{\"@type\":\"ListItem\",\"position\":4,\"name\":\"Baliace stroje\",\"item\":\"https:\/\/omega-bakery.com\/sk\/stroje-a-zarizeni\/rezacie-a-baliace-stroje\/baliace-stroje\/\"},{\"@type\":\"ListItem\",\"position\":5,\"name\":\"Ipeka vyn\\u00e1\\u0161ac\\u00ed dopravn\\u00edk a oto\\u010dn\\u00fd odoberac\\u00ed st\\u00f4l\"}]}]}<\/script>\n<!-- \/ Yoast SEO plugin. -->","yoast_head_json":{"title":"Ipeka vyn\u00e1\u0161ac\u00ed dopravn\u00edk a oto\u010dn\u00fd odoberac\u00ed st\u00f4l - Omega Bakery","robots":{"index":"index","follow":"follow","max-snippet":"max-snippet:-1","max-image-preview":"max-image-preview:large","max-video-preview":"max-video-preview:-1"},"canonical":"https:\/\/omega-bakery.com\/sk\/produkt\/ipeka-vynasaci-dopravnik-a-otocny-odoberaci-stol\/","og_locale":"sk_SK","og_type":"article","og_title":"Ipeka vyn\u00e1\u0161ac\u00ed dopravn\u00edk a oto\u010dn\u00fd odoberac\u00ed st\u00f4l - Omega Bakery","og_description":"Vyn\u00e1\u0161ac\u00ed dopravn\u00edk a oto\u010dn\u00fd st\u00f4l pre jednoduch\u0161ie odoberanie zabalen\u00fdch v\u00fdrobkov od klipovac\u00edch strojov.  Viac inform\u00e1ci\u00ed o t\u00fdchto produktoch n\u00e1jdete v prilo\u017eenom let\u00e1ku TU [...]Read More...","og_url":"https:\/\/omega-bakery.com\/sk\/produkt\/ipeka-vynasaci-dopravnik-a-otocny-odoberaci-stol\/","og_site_name":"Omega Bakery","article_modified_time":"2024-10-31T12:24:19+00:00","og_image":[{"width":533,"height":700,"url":"http:\/\/omega-bakery.com\/sk\/wp-content\/uploads\/2021\/05\/Ipeka-vyna\u0301s\u030ceci\u0301-dopravni\u0301k-a-otoc\u030cny\u0301-odebi\u0301raci\u0301-stu\u030al-1.png","path":"\/data\/web\/virtuals\/278194\/virtual\/www\/domains\/omega-bakery.com\/sk\/wp-content\/uploads\/2021\/05\/Ipeka-vyna\u0301s\u030ceci\u0301-dopravni\u0301k-a-otoc\u030cny\u0301-odebi\u0301raci\u0301-stu\u030al-1.png","size":"full","id":981,"alt":"","pixels":373100,"type":"image\/png"}],"twitter_card":"summary_large_image","schema":{"@context":"https:\/\/schema.org","@graph":[{"@type":"WebSite","@id":"https:\/\/omega-bakery.com\/sk\/#website","url":"https:\/\/omega-bakery.com\/sk\/","name":"Omega Bakery","description":"Dodavatel stroj\u016f a za\u0159\u00edzen\u00ed pro pek\u00e1rny","potentialAction":[{"@type":"SearchAction","target":{"@type":"EntryPoint","urlTemplate":"https:\/\/omega-bakery.com\/sk\/?s={search_term_string}"},"query-input":"required name=search_term_string"}],"inLanguage":"sk-SK"},{"@type":"ImageObject","@id":"https:\/\/omega-bakery.com\/sk\/produkt\/ipeka-vynasaci-dopravnik-a-otocny-odoberaci-stol\/#primaryimage","inLanguage":"sk-SK","url":"https:\/\/omega-bakery.com\/sk\/wp-content\/uploads\/2021\/05\/Ipeka-vyna\u0301s\u030ceci\u0301-dopravni\u0301k-a-otoc\u030cny\u0301-odebi\u0301raci\u0301-stu\u030al-1.png","contentUrl":"https:\/\/omega-bakery.com\/sk\/wp-content\/uploads\/2021\/05\/Ipeka-vyna\u0301s\u030ceci\u0301-dopravni\u0301k-a-otoc\u030cny\u0301-odebi\u0301raci\u0301-stu\u030al-1.png","width":533,"height":700},{"@type":"WebPage","@id":"https:\/\/omega-bakery.com\/sk\/produkt\/ipeka-vynasaci-dopravnik-a-otocny-odoberaci-stol\/#webpage","url":"https:\/\/omega-bakery.com\/sk\/produkt\/ipeka-vynasaci-dopravnik-a-otocny-odoberaci-stol\/","name":"Ipeka vyn\u00e1\u0161ac\u00ed dopravn\u00edk a oto\u010dn\u00fd odoberac\u00ed st\u00f4l - Omega Bakery","isPartOf":{"@id":"https:\/\/omega-bakery.com\/sk\/#website"},"primaryImageOfPage":{"@id":"https:\/\/omega-bakery.com\/sk\/produkt\/ipeka-vynasaci-dopravnik-a-otocny-odoberaci-stol\/#primaryimage"},"datePublished":"2021-05-24T18:00:28+00:00","dateModified":"2024-10-31T12:24:19+00:00","breadcrumb":{"@id":"https:\/\/omega-bakery.com\/sk\/produkt\/ipeka-vynasaci-dopravnik-a-otocny-odoberaci-stol\/#breadcrumb"},"inLanguage":"sk-SK","potentialAction":[{"@type":"ReadAction","target":["https:\/\/omega-bakery.com\/sk\/produkt\/ipeka-vynasaci-dopravnik-a-otocny-odoberaci-stol\/"]}]},{"@type":"BreadcrumbList","@id":"https:\/\/omega-bakery.com\/sk\/produkt\/ipeka-vynasaci-dopravnik-a-otocny-odoberaci-stol\/#breadcrumb","itemListElement":[{"@type":"ListItem","position":1,"name":"Dom\u016f","item":"https:\/\/omega-bakery.com\/sk\/"},{"@type":"ListItem","position":2,"name":"Stroje a zariadenia","item":"https:\/\/omega-bakery.com\/sk\/stroje-a-zariadenia\/"},{"@type":"ListItem","position":3,"name":"Rezacie a baliace stroje","item":"https:\/\/omega-bakery.com\/sk\/stroje-a-zarizeni\/rezacie-a-baliace-stroje\/"},{"@type":"ListItem","position":4,"name":"Baliace stroje","item":"https:\/\/omega-bakery.com\/sk\/stroje-a-zarizeni\/rezacie-a-baliace-stroje\/baliace-stroje\/"},{"@type":"ListItem","position":5,"name":"Ipeka vyn\u00e1\u0161ac\u00ed dopravn\u00edk a oto\u010dn\u00fd odoberac\u00ed st\u00f4l"}]}]}},"_links":{"self":[{"href":"https:\/\/omega-bakery.com\/sk\/wp-json\/wp\/v2\/product\/978"}],"collection":[{"href":"https:\/\/omega-bakery.com\/sk\/wp-json\/wp\/v2\/product"}],"about":[{"href":"https:\/\/omega-bakery.com\/sk\/wp-json\/wp\/v2\/types\/product"}],"wp:featuredmedia":[{"embeddable":true,"href":"https:\/\/omega-bakery.com\/sk\/wp-json\/wp\/v2\/media\/981"}],"wp:attachment":[{"href":"https:\/\/omega-bakery.com\/sk\/wp-json\/wp\/v2\/media?parent=978"}],"curies":[{"name":"wp","href":"https:\/\/api.w.org\/{rel}","templated":true}]}}