{"id":983,"date":"2021-05-24T20:11:41","date_gmt":"2021-05-24T18:11:41","guid":{"rendered":"http:\/\/omega-bakery.com\/sk\/?post_type=product&#038;p=983"},"modified":"2024-10-31T14:20:26","modified_gmt":"2024-10-31T12:20:26","slug":"ipeka-loafmaster-baliaci-a-klipovaci-stroj","status":"publish","type":"product","link":"https:\/\/omega-bakery.com\/sk\/produkt\/ipeka-loafmaster-baliaci-a-klipovaci-stroj\/","title":{"rendered":"Ipeka Loafmaster &#8211; baliaci a klipovac\u00ed stroj"},"content":{"rendered":"","protected":false},"excerpt":{"rendered":"<p>Stroj na plne automatick\u00e9 balenie predov\u0161etk\u00fdm formov\u00fdch chlebov, kr\u00e1jan\u00fdch alebo cel\u00fdch. Pri balen\u00ed remeseln\u00fdch chlebov je potrebn\u00e9 dodr\u017eova\u0165 rovnak\u00fa ve\u013ekos\u0165 bochn\u00edkov. Stroj zasunie produkt do s\u00e1\u010dku, odsaje vzduch a uzavrie s\u00e1\u010dok plastov\u00fdm klipom s dvojit\u00fdm dr\u00f4tikom.<\/p>\n<p>Viac inform\u00e1ci\u00ed o tomto baliacom stroji n\u00e1jdete v prilo\u017eenom let\u00e1ku <a href=\"http:\/\/omega-bakery.com\/sk\/wp-content\/uploads\/2021\/05\/Ipeka-Loafmaster-0823.pdf\" target=\"_blank\" rel=\"noopener\">TU<\/a> [&#8230;]<\/p>\n<p><a class=\"btn btn-secondary understrap-read-more-link\" href=\"https:\/\/omega-bakery.com\/sk\/produkt\/ipeka-loafmaster-baliaci-a-klipovaci-stroj\/\">Read More&#8230;<\/a><\/p>\n","protected":false},"featured_media":984,"template":"","meta":[],"yoast_head":"<!-- This site is optimized with the Yoast SEO plugin v17.1 - https:\/\/yoast.com\/wordpress\/plugins\/seo\/ -->\n<title>Ipeka Loafmaster - baliaci a klipovac\u00ed stroj - Omega Bakery<\/title>\n<meta name=\"robots\" content=\"index, follow, max-snippet:-1, max-image-preview:large, max-video-preview:-1\" \/>\n<link rel=\"canonical\" href=\"https:\/\/omega-bakery.com\/sk\/produkt\/ipeka-loafmaster-baliaci-a-klipovaci-stroj\/\" \/>\n<meta property=\"og:locale\" content=\"sk_SK\" \/>\n<meta property=\"og:type\" content=\"article\" \/>\n<meta property=\"og:title\" content=\"Ipeka Loafmaster - baliaci a klipovac\u00ed stroj - Omega Bakery\" \/>\n<meta property=\"og:description\" content=\"Stroj na plne automatick\u00e9 balenie predov\u0161etk\u00fdm formov\u00fdch chlebov, kr\u00e1jan\u00fdch alebo cel\u00fdch. Pri balen\u00ed remeseln\u00fdch chlebov je potrebn\u00e9 dodr\u017eova\u0165 rovnak\u00fa ve\u013ekos\u0165 bochn\u00edkov. Stroj zasunie produkt do s\u00e1\u010dku, odsaje vzduch a uzavrie s\u00e1\u010dok plastov\u00fdm klipom s dvojit\u00fdm dr\u00f4tikom.  Viac inform\u00e1ci\u00ed o tomto baliacom stroji n\u00e1jdete v prilo\u017eenom let\u00e1ku TU [...]Read More...\" \/>\n<meta property=\"og:url\" content=\"https:\/\/omega-bakery.com\/sk\/produkt\/ipeka-loafmaster-baliaci-a-klipovaci-stroj\/\" \/>\n<meta property=\"og:site_name\" content=\"Omega Bakery\" \/>\n<meta property=\"article:modified_time\" content=\"2024-10-31T12:20:26+00:00\" \/>\n<meta property=\"og:image\" content=\"http:\/\/omega-bakery.com\/sk\/wp-content\/uploads\/2021\/05\/Ipeka-Loafmaster.png\" \/>\n\t<meta property=\"og:image:width\" content=\"533\" \/>\n\t<meta property=\"og:image:height\" content=\"700\" \/>\n<meta name=\"twitter:card\" content=\"summary_large_image\" \/>\n<script type=\"application\/ld+json\" class=\"yoast-schema-graph\">{\"@context\":\"https:\/\/schema.org\",\"@graph\":[{\"@type\":\"WebSite\",\"@id\":\"https:\/\/omega-bakery.com\/sk\/#website\",\"url\":\"https:\/\/omega-bakery.com\/sk\/\",\"name\":\"Omega Bakery\",\"description\":\"Dodavatel stroj\\u016f a za\\u0159\\u00edzen\\u00ed pro pek\\u00e1rny\",\"potentialAction\":[{\"@type\":\"SearchAction\",\"target\":{\"@type\":\"EntryPoint\",\"urlTemplate\":\"https:\/\/omega-bakery.com\/sk\/?s={search_term_string}\"},\"query-input\":\"required name=search_term_string\"}],\"inLanguage\":\"sk-SK\"},{\"@type\":\"ImageObject\",\"@id\":\"https:\/\/omega-bakery.com\/sk\/produkt\/ipeka-loafmaster-baliaci-a-klipovaci-stroj\/#primaryimage\",\"inLanguage\":\"sk-SK\",\"url\":\"https:\/\/omega-bakery.com\/sk\/wp-content\/uploads\/2021\/05\/Ipeka-Loafmaster.png\",\"contentUrl\":\"https:\/\/omega-bakery.com\/sk\/wp-content\/uploads\/2021\/05\/Ipeka-Loafmaster.png\",\"width\":533,\"height\":700},{\"@type\":\"WebPage\",\"@id\":\"https:\/\/omega-bakery.com\/sk\/produkt\/ipeka-loafmaster-baliaci-a-klipovaci-stroj\/#webpage\",\"url\":\"https:\/\/omega-bakery.com\/sk\/produkt\/ipeka-loafmaster-baliaci-a-klipovaci-stroj\/\",\"name\":\"Ipeka Loafmaster - baliaci a klipovac\\u00ed stroj - Omega Bakery\",\"isPartOf\":{\"@id\":\"https:\/\/omega-bakery.com\/sk\/#website\"},\"primaryImageOfPage\":{\"@id\":\"https:\/\/omega-bakery.com\/sk\/produkt\/ipeka-loafmaster-baliaci-a-klipovaci-stroj\/#primaryimage\"},\"datePublished\":\"2021-05-24T18:11:41+00:00\",\"dateModified\":\"2024-10-31T12:20:26+00:00\",\"breadcrumb\":{\"@id\":\"https:\/\/omega-bakery.com\/sk\/produkt\/ipeka-loafmaster-baliaci-a-klipovaci-stroj\/#breadcrumb\"},\"inLanguage\":\"sk-SK\",\"potentialAction\":[{\"@type\":\"ReadAction\",\"target\":[\"https:\/\/omega-bakery.com\/sk\/produkt\/ipeka-loafmaster-baliaci-a-klipovaci-stroj\/\"]}]},{\"@type\":\"BreadcrumbList\",\"@id\":\"https:\/\/omega-bakery.com\/sk\/produkt\/ipeka-loafmaster-baliaci-a-klipovaci-stroj\/#breadcrumb\",\"itemListElement\":[{\"@type\":\"ListItem\",\"position\":1,\"name\":\"Dom\\u016f\",\"item\":\"https:\/\/omega-bakery.com\/sk\/\"},{\"@type\":\"ListItem\",\"position\":2,\"name\":\"Stroje a zariadenia\",\"item\":\"https:\/\/omega-bakery.com\/sk\/stroje-a-zariadenia\/\"},{\"@type\":\"ListItem\",\"position\":3,\"name\":\"Rezacie a baliace stroje\",\"item\":\"https:\/\/omega-bakery.com\/sk\/stroje-a-zarizeni\/rezacie-a-baliace-stroje\/\"},{\"@type\":\"ListItem\",\"position\":4,\"name\":\"Baliace stroje\",\"item\":\"https:\/\/omega-bakery.com\/sk\/stroje-a-zarizeni\/rezacie-a-baliace-stroje\/baliace-stroje\/\"},{\"@type\":\"ListItem\",\"position\":5,\"name\":\"Ipeka Loafmaster &#8211; baliaci a klipovac\\u00ed stroj\"}]}]}<\/script>\n<!-- \/ Yoast SEO plugin. -->","yoast_head_json":{"title":"Ipeka Loafmaster - baliaci a klipovac\u00ed stroj - Omega Bakery","robots":{"index":"index","follow":"follow","max-snippet":"max-snippet:-1","max-image-preview":"max-image-preview:large","max-video-preview":"max-video-preview:-1"},"canonical":"https:\/\/omega-bakery.com\/sk\/produkt\/ipeka-loafmaster-baliaci-a-klipovaci-stroj\/","og_locale":"sk_SK","og_type":"article","og_title":"Ipeka Loafmaster - baliaci a klipovac\u00ed stroj - Omega Bakery","og_description":"Stroj na plne automatick\u00e9 balenie predov\u0161etk\u00fdm formov\u00fdch chlebov, kr\u00e1jan\u00fdch alebo cel\u00fdch. Pri balen\u00ed remeseln\u00fdch chlebov je potrebn\u00e9 dodr\u017eova\u0165 rovnak\u00fa ve\u013ekos\u0165 bochn\u00edkov. Stroj zasunie produkt do s\u00e1\u010dku, odsaje vzduch a uzavrie s\u00e1\u010dok plastov\u00fdm klipom s dvojit\u00fdm dr\u00f4tikom.  Viac inform\u00e1ci\u00ed o tomto baliacom stroji n\u00e1jdete v prilo\u017eenom let\u00e1ku TU [...]Read More...","og_url":"https:\/\/omega-bakery.com\/sk\/produkt\/ipeka-loafmaster-baliaci-a-klipovaci-stroj\/","og_site_name":"Omega Bakery","article_modified_time":"2024-10-31T12:20:26+00:00","og_image":[{"width":533,"height":700,"url":"http:\/\/omega-bakery.com\/sk\/wp-content\/uploads\/2021\/05\/Ipeka-Loafmaster.png","path":"\/data\/web\/virtuals\/278194\/virtual\/www\/domains\/omega-bakery.com\/sk\/wp-content\/uploads\/2021\/05\/Ipeka-Loafmaster.png","size":"full","id":984,"alt":"","pixels":373100,"type":"image\/png"}],"twitter_card":"summary_large_image","schema":{"@context":"https:\/\/schema.org","@graph":[{"@type":"WebSite","@id":"https:\/\/omega-bakery.com\/sk\/#website","url":"https:\/\/omega-bakery.com\/sk\/","name":"Omega Bakery","description":"Dodavatel stroj\u016f a za\u0159\u00edzen\u00ed pro pek\u00e1rny","potentialAction":[{"@type":"SearchAction","target":{"@type":"EntryPoint","urlTemplate":"https:\/\/omega-bakery.com\/sk\/?s={search_term_string}"},"query-input":"required name=search_term_string"}],"inLanguage":"sk-SK"},{"@type":"ImageObject","@id":"https:\/\/omega-bakery.com\/sk\/produkt\/ipeka-loafmaster-baliaci-a-klipovaci-stroj\/#primaryimage","inLanguage":"sk-SK","url":"https:\/\/omega-bakery.com\/sk\/wp-content\/uploads\/2021\/05\/Ipeka-Loafmaster.png","contentUrl":"https:\/\/omega-bakery.com\/sk\/wp-content\/uploads\/2021\/05\/Ipeka-Loafmaster.png","width":533,"height":700},{"@type":"WebPage","@id":"https:\/\/omega-bakery.com\/sk\/produkt\/ipeka-loafmaster-baliaci-a-klipovaci-stroj\/#webpage","url":"https:\/\/omega-bakery.com\/sk\/produkt\/ipeka-loafmaster-baliaci-a-klipovaci-stroj\/","name":"Ipeka Loafmaster - baliaci a klipovac\u00ed stroj - Omega Bakery","isPartOf":{"@id":"https:\/\/omega-bakery.com\/sk\/#website"},"primaryImageOfPage":{"@id":"https:\/\/omega-bakery.com\/sk\/produkt\/ipeka-loafmaster-baliaci-a-klipovaci-stroj\/#primaryimage"},"datePublished":"2021-05-24T18:11:41+00:00","dateModified":"2024-10-31T12:20:26+00:00","breadcrumb":{"@id":"https:\/\/omega-bakery.com\/sk\/produkt\/ipeka-loafmaster-baliaci-a-klipovaci-stroj\/#breadcrumb"},"inLanguage":"sk-SK","potentialAction":[{"@type":"ReadAction","target":["https:\/\/omega-bakery.com\/sk\/produkt\/ipeka-loafmaster-baliaci-a-klipovaci-stroj\/"]}]},{"@type":"BreadcrumbList","@id":"https:\/\/omega-bakery.com\/sk\/produkt\/ipeka-loafmaster-baliaci-a-klipovaci-stroj\/#breadcrumb","itemListElement":[{"@type":"ListItem","position":1,"name":"Dom\u016f","item":"https:\/\/omega-bakery.com\/sk\/"},{"@type":"ListItem","position":2,"name":"Stroje a zariadenia","item":"https:\/\/omega-bakery.com\/sk\/stroje-a-zariadenia\/"},{"@type":"ListItem","position":3,"name":"Rezacie a baliace stroje","item":"https:\/\/omega-bakery.com\/sk\/stroje-a-zarizeni\/rezacie-a-baliace-stroje\/"},{"@type":"ListItem","position":4,"name":"Baliace stroje","item":"https:\/\/omega-bakery.com\/sk\/stroje-a-zarizeni\/rezacie-a-baliace-stroje\/baliace-stroje\/"},{"@type":"ListItem","position":5,"name":"Ipeka Loafmaster &#8211; baliaci a klipovac\u00ed stroj"}]}]}},"_links":{"self":[{"href":"https:\/\/omega-bakery.com\/sk\/wp-json\/wp\/v2\/product\/983"}],"collection":[{"href":"https:\/\/omega-bakery.com\/sk\/wp-json\/wp\/v2\/product"}],"about":[{"href":"https:\/\/omega-bakery.com\/sk\/wp-json\/wp\/v2\/types\/product"}],"wp:featuredmedia":[{"embeddable":true,"href":"https:\/\/omega-bakery.com\/sk\/wp-json\/wp\/v2\/media\/984"}],"wp:attachment":[{"href":"https:\/\/omega-bakery.com\/sk\/wp-json\/wp\/v2\/media?parent=983"}],"curies":[{"name":"wp","href":"https:\/\/api.w.org\/{rel}","templated":true}]}}