{"id":992,"date":"2021-05-24T20:30:18","date_gmt":"2021-05-24T18:30:18","guid":{"rendered":"http:\/\/omega-bakery.com\/sk\/?post_type=product&#038;p=992"},"modified":"2024-10-31T15:04:55","modified_gmt":"2024-10-31T13:04:55","slug":"mhs-professional","status":"publish","type":"product","link":"https:\/\/omega-bakery.com\/sk\/produkt\/mhs-professional\/","title":{"rendered":"MHS Professional"},"content":{"rendered":"","protected":false},"excerpt":{"rendered":"<p>vysokorychlostn\u00e1 kotou\u010dov\u00e1 reza\u010dka a\u017e 200 pl\u00e1tkov \/ min<\/p>\n<p>vstupn\u00e1 dl\u017eka pre produkt 750 mm !!<\/p>\n<p>velk\u00fd kotou\u010dov\u00fd n\u016f\u017e \u2013 420 mm<\/p>\n<p>&nbsp;<\/p>\n<p>V\u00edce informac\u00ed o tomto produktu z\u00edsk\u00e1te <a href=\"http:\/\/omega-bakery.com\/sk\/wp-content\/uploads\/2021\/05\/MHS-Professional-rezacka-chleba-kotoucova-obsluzna-0823.pdf\" target=\"_blank\" rel=\"noopener\">TU<\/a> [&#8230;]<\/p>\n<p><a class=\"btn btn-secondary understrap-read-more-link\" href=\"https:\/\/omega-bakery.com\/sk\/produkt\/mhs-professional\/\">Read More&#8230;<\/a><\/p>\n","protected":false},"featured_media":1327,"template":"","meta":[],"yoast_head":"<!-- This site is optimized with the Yoast SEO plugin v17.1 - https:\/\/yoast.com\/wordpress\/plugins\/seo\/ -->\n<title>MHS Professional - Omega Bakery<\/title>\n<meta name=\"robots\" content=\"index, follow, max-snippet:-1, max-image-preview:large, max-video-preview:-1\" \/>\n<link rel=\"canonical\" href=\"https:\/\/omega-bakery.com\/sk\/produkt\/mhs-professional\/\" \/>\n<meta property=\"og:locale\" content=\"sk_SK\" \/>\n<meta property=\"og:type\" content=\"article\" \/>\n<meta property=\"og:title\" content=\"MHS Professional - Omega Bakery\" \/>\n<meta property=\"og:description\" content=\"vysokorychlostn\u00e1 kotou\u010dov\u00e1 reza\u010dka a\u017e 200 pl\u00e1tkov \/ min  vstupn\u00e1 dl\u017eka pre produkt 750 mm !!  velk\u00fd kotou\u010dov\u00fd n\u016f\u017e \u2013 420 mm  &nbsp;  V\u00edce informac\u00ed o tomto produktu z\u00edsk\u00e1te TU [...]Read More...\" \/>\n<meta property=\"og:url\" content=\"https:\/\/omega-bakery.com\/sk\/produkt\/mhs-professional\/\" \/>\n<meta property=\"og:site_name\" content=\"Omega Bakery\" \/>\n<meta property=\"article:modified_time\" content=\"2024-10-31T13:04:55+00:00\" \/>\n<meta property=\"og:image\" content=\"http:\/\/omega-bakery.com\/sk\/wp-content\/uploads\/2021\/06\/mhs_professional_gross.png\" \/>\n\t<meta property=\"og:image:width\" content=\"533\" \/>\n\t<meta property=\"og:image:height\" content=\"700\" \/>\n<meta name=\"twitter:card\" content=\"summary_large_image\" \/>\n<script type=\"application\/ld+json\" class=\"yoast-schema-graph\">{\"@context\":\"https:\/\/schema.org\",\"@graph\":[{\"@type\":\"WebSite\",\"@id\":\"https:\/\/omega-bakery.com\/sk\/#website\",\"url\":\"https:\/\/omega-bakery.com\/sk\/\",\"name\":\"Omega Bakery\",\"description\":\"Dodavatel stroj\\u016f a za\\u0159\\u00edzen\\u00ed pro pek\\u00e1rny\",\"potentialAction\":[{\"@type\":\"SearchAction\",\"target\":{\"@type\":\"EntryPoint\",\"urlTemplate\":\"https:\/\/omega-bakery.com\/sk\/?s={search_term_string}\"},\"query-input\":\"required name=search_term_string\"}],\"inLanguage\":\"sk-SK\"},{\"@type\":\"ImageObject\",\"@id\":\"https:\/\/omega-bakery.com\/sk\/produkt\/mhs-professional\/#primaryimage\",\"inLanguage\":\"sk-SK\",\"url\":\"https:\/\/omega-bakery.com\/sk\/wp-content\/uploads\/2021\/06\/mhs_professional_gross.png\",\"contentUrl\":\"https:\/\/omega-bakery.com\/sk\/wp-content\/uploads\/2021\/06\/mhs_professional_gross.png\",\"width\":533,\"height\":700},{\"@type\":\"WebPage\",\"@id\":\"https:\/\/omega-bakery.com\/sk\/produkt\/mhs-professional\/#webpage\",\"url\":\"https:\/\/omega-bakery.com\/sk\/produkt\/mhs-professional\/\",\"name\":\"MHS Professional - Omega Bakery\",\"isPartOf\":{\"@id\":\"https:\/\/omega-bakery.com\/sk\/#website\"},\"primaryImageOfPage\":{\"@id\":\"https:\/\/omega-bakery.com\/sk\/produkt\/mhs-professional\/#primaryimage\"},\"datePublished\":\"2021-05-24T18:30:18+00:00\",\"dateModified\":\"2024-10-31T13:04:55+00:00\",\"breadcrumb\":{\"@id\":\"https:\/\/omega-bakery.com\/sk\/produkt\/mhs-professional\/#breadcrumb\"},\"inLanguage\":\"sk-SK\",\"potentialAction\":[{\"@type\":\"ReadAction\",\"target\":[\"https:\/\/omega-bakery.com\/sk\/produkt\/mhs-professional\/\"]}]},{\"@type\":\"BreadcrumbList\",\"@id\":\"https:\/\/omega-bakery.com\/sk\/produkt\/mhs-professional\/#breadcrumb\",\"itemListElement\":[{\"@type\":\"ListItem\",\"position\":1,\"name\":\"Dom\\u016f\",\"item\":\"https:\/\/omega-bakery.com\/sk\/\"},{\"@type\":\"ListItem\",\"position\":2,\"name\":\"Stroje a zariadenia\",\"item\":\"https:\/\/omega-bakery.com\/sk\/stroje-a-zariadenia\/\"},{\"@type\":\"ListItem\",\"position\":3,\"name\":\"Rezacie a baliace stroje\",\"item\":\"https:\/\/omega-bakery.com\/sk\/stroje-a-zarizeni\/rezacie-a-baliace-stroje\/\"},{\"@type\":\"ListItem\",\"position\":4,\"name\":\"Obslu\\u017en\\u00e9 reza\\u010dky\",\"item\":\"https:\/\/omega-bakery.com\/sk\/stroje-a-zarizeni\/rezacie-a-baliace-stroje\/obsluzne-rezacky\/\"},{\"@type\":\"ListItem\",\"position\":5,\"name\":\"MHS Professional\"}]}]}<\/script>\n<!-- \/ Yoast SEO plugin. -->","yoast_head_json":{"title":"MHS Professional - Omega Bakery","robots":{"index":"index","follow":"follow","max-snippet":"max-snippet:-1","max-image-preview":"max-image-preview:large","max-video-preview":"max-video-preview:-1"},"canonical":"https:\/\/omega-bakery.com\/sk\/produkt\/mhs-professional\/","og_locale":"sk_SK","og_type":"article","og_title":"MHS Professional - Omega Bakery","og_description":"vysokorychlostn\u00e1 kotou\u010dov\u00e1 reza\u010dka a\u017e 200 pl\u00e1tkov \/ min  vstupn\u00e1 dl\u017eka pre produkt 750 mm !!  velk\u00fd kotou\u010dov\u00fd n\u016f\u017e \u2013 420 mm  &nbsp;  V\u00edce informac\u00ed o tomto produktu z\u00edsk\u00e1te TU [...]Read More...","og_url":"https:\/\/omega-bakery.com\/sk\/produkt\/mhs-professional\/","og_site_name":"Omega Bakery","article_modified_time":"2024-10-31T13:04:55+00:00","og_image":[{"width":533,"height":700,"url":"http:\/\/omega-bakery.com\/sk\/wp-content\/uploads\/2021\/06\/mhs_professional_gross.png","path":"\/data\/web\/virtuals\/278194\/virtual\/www\/domains\/omega-bakery.com\/sk\/wp-content\/uploads\/2021\/06\/mhs_professional_gross.png","size":"full","id":1327,"alt":"","pixels":373100,"type":"image\/png"}],"twitter_card":"summary_large_image","schema":{"@context":"https:\/\/schema.org","@graph":[{"@type":"WebSite","@id":"https:\/\/omega-bakery.com\/sk\/#website","url":"https:\/\/omega-bakery.com\/sk\/","name":"Omega Bakery","description":"Dodavatel stroj\u016f a za\u0159\u00edzen\u00ed pro pek\u00e1rny","potentialAction":[{"@type":"SearchAction","target":{"@type":"EntryPoint","urlTemplate":"https:\/\/omega-bakery.com\/sk\/?s={search_term_string}"},"query-input":"required name=search_term_string"}],"inLanguage":"sk-SK"},{"@type":"ImageObject","@id":"https:\/\/omega-bakery.com\/sk\/produkt\/mhs-professional\/#primaryimage","inLanguage":"sk-SK","url":"https:\/\/omega-bakery.com\/sk\/wp-content\/uploads\/2021\/06\/mhs_professional_gross.png","contentUrl":"https:\/\/omega-bakery.com\/sk\/wp-content\/uploads\/2021\/06\/mhs_professional_gross.png","width":533,"height":700},{"@type":"WebPage","@id":"https:\/\/omega-bakery.com\/sk\/produkt\/mhs-professional\/#webpage","url":"https:\/\/omega-bakery.com\/sk\/produkt\/mhs-professional\/","name":"MHS Professional - Omega Bakery","isPartOf":{"@id":"https:\/\/omega-bakery.com\/sk\/#website"},"primaryImageOfPage":{"@id":"https:\/\/omega-bakery.com\/sk\/produkt\/mhs-professional\/#primaryimage"},"datePublished":"2021-05-24T18:30:18+00:00","dateModified":"2024-10-31T13:04:55+00:00","breadcrumb":{"@id":"https:\/\/omega-bakery.com\/sk\/produkt\/mhs-professional\/#breadcrumb"},"inLanguage":"sk-SK","potentialAction":[{"@type":"ReadAction","target":["https:\/\/omega-bakery.com\/sk\/produkt\/mhs-professional\/"]}]},{"@type":"BreadcrumbList","@id":"https:\/\/omega-bakery.com\/sk\/produkt\/mhs-professional\/#breadcrumb","itemListElement":[{"@type":"ListItem","position":1,"name":"Dom\u016f","item":"https:\/\/omega-bakery.com\/sk\/"},{"@type":"ListItem","position":2,"name":"Stroje a zariadenia","item":"https:\/\/omega-bakery.com\/sk\/stroje-a-zariadenia\/"},{"@type":"ListItem","position":3,"name":"Rezacie a baliace stroje","item":"https:\/\/omega-bakery.com\/sk\/stroje-a-zarizeni\/rezacie-a-baliace-stroje\/"},{"@type":"ListItem","position":4,"name":"Obslu\u017en\u00e9 reza\u010dky","item":"https:\/\/omega-bakery.com\/sk\/stroje-a-zarizeni\/rezacie-a-baliace-stroje\/obsluzne-rezacky\/"},{"@type":"ListItem","position":5,"name":"MHS Professional"}]}]}},"_links":{"self":[{"href":"https:\/\/omega-bakery.com\/sk\/wp-json\/wp\/v2\/product\/992"}],"collection":[{"href":"https:\/\/omega-bakery.com\/sk\/wp-json\/wp\/v2\/product"}],"about":[{"href":"https:\/\/omega-bakery.com\/sk\/wp-json\/wp\/v2\/types\/product"}],"wp:featuredmedia":[{"embeddable":true,"href":"https:\/\/omega-bakery.com\/sk\/wp-json\/wp\/v2\/media\/1327"}],"wp:attachment":[{"href":"https:\/\/omega-bakery.com\/sk\/wp-json\/wp\/v2\/media?parent=992"}],"curies":[{"name":"wp","href":"https:\/\/api.w.org\/{rel}","templated":true}]}}